{"id":82884,"date":"2016-12-07T16:46:29","date_gmt":"2016-12-07T21:46:29","guid":{"rendered":"https:\/\/depquebec.com\/%e8%bf%9e%e9%94%81%e9%9b%b6%e5%94%ae%e4%bc%81%e4%b8%9a%e7%ae%80%e4%bb%8b\/beaudry-cadrin-2\/"},"modified":"2019-05-02T16:34:25","modified_gmt":"2019-05-02T20:34:25","slug":"beaudry-cadrin","status":"publish","type":"page","link":"https:\/\/depquebec.com\/zh-hans\/%e8%bf%9e%e9%94%81%e9%9b%b6%e5%94%ae%e4%bc%81%e4%b8%9a%e7%ae%80%e4%bb%8b\/beaudry-cadrin\/","title":{"rendered":"Beaudry &#038; Cadrin"},"content":{"rendered":"<p><strong><a href=\"https:\/\/depquebec.com\/zh-hans\/%e8%bf%9e%e9%94%81%e9%9b%b6%e5%94%ae%e4%bc%81%e4%b8%9a%e7%ae%80%e4%bb%8b\/v001\/\" rel=\"attachment wp-att-1147\"><img decoding=\"async\" class=\"size-medium wp-image-1147 alignright\" src=\"https:\/\/depquebec.com\/wp-content\/uploads\/2016\/12\/v001-267x200.png\" alt=\"beaudry cadrin distributeur\" width=\"267\" height=\"200\" srcset=\"https:\/\/depquebec.com\/wp-content\/uploads\/2016\/12\/v001-267x200.png 267w, https:\/\/depquebec.com\/wp-content\/uploads\/2016\/12\/v001-600x450.png 600w, https:\/\/depquebec.com\/wp-content\/uploads\/2016\/12\/v001-768x576.png 768w, https:\/\/depquebec.com\/wp-content\/uploads\/2016\/12\/v001.png 800w\" sizes=\"(max-width: 267px) 100vw, 267px\" \/><\/a><\/strong><\/p>\n<figure id=\"attachment_1161\" aria-describedby=\"caption-attachment-1161\" style=\"width: 298px\" class=\"wp-caption alignright\"><a href=\"https:\/\/depquebec.com\/zh-hans\/%e8%bf%9e%e9%94%81%e9%9b%b6%e5%94%ae%e4%bc%81%e4%b8%9a%e7%ae%80%e4%bb%8b\/beaudry-cadrin\/entrepot-sans-plafond-2\/\" rel=\"attachment wp-att-1161\"><img decoding=\"async\" class=\"size-medium wp-image-1161\" src=\"https:\/\/depquebec.com\/wp-content\/uploads\/2016\/12\/entrepot-sans-plafond-298x200.jpg\" alt=\"\" width=\"298\" height=\"200\" srcset=\"https:\/\/depquebec.com\/wp-content\/uploads\/2016\/12\/entrepot-sans-plafond-298x200.jpg 298w, https:\/\/depquebec.com\/wp-content\/uploads\/2016\/12\/entrepot-sans-plafond-600x403.jpg 600w, https:\/\/depquebec.com\/wp-content\/uploads\/2016\/12\/entrepot-sans-plafond-768x516.jpg 768w, https:\/\/depquebec.com\/wp-content\/uploads\/2016\/12\/entrepot-sans-plafond.jpg 800w\" sizes=\"(max-width: 298px) 100vw, 298px\" \/><\/a><figcaption id=\"caption-attachment-1161\" class=\"wp-caption-text\">Entrepot de 110 000 pieds carr\u00e9s de B&amp;C dans l&#8217;est de Montr\u00e9al.<\/figcaption><\/figure>\n<p><a href=\"http:\/\/www.beaudrycadrin.com\/\" target=\"_blank\" rel=\"noopener noreferrer\"><strong>Beaudry &amp; Cadrin<\/strong><\/a> est un grossiste et distributeur alimentaire qui g\u00e8re plusieurs banni\u00e8res de d\u00e9panneurs. Entreprise qu\u00e9b\u00e9coise plus que centenaire,<strong>\u00a0<\/strong>elle\u00a0est n\u00e9e de l&#8217;union en f\u00e9vrier 2013 des distributeurs<strong> J.B. Cadrin Inc<\/strong>. (grossiste bien implant\u00e9 \u00e0 Qu\u00e9bec) et <strong>Jean-Paul Beaudry Lt\u00e9e<\/strong> (cr\u00e9ateur de la cha\u00eene <a href=\"https:\/\/depquebec.com\/zh-hans\/bannieres\/beau-soir\/\">Beau-soir<\/a> en 1977).<\/p>\n<p>L&#8217;histoire de ces deux entreprises familiales a \u00e9t\u00e9 marqu\u00e9e par plusieurs g\u00e9n\u00e9rations qui, \u00e0 leur tour, ont su se distinguer et rester \u00e0 l&#8217;aff\u00fbt des nouvelles technologies et tendances. Un an apr\u00e8s leur fusion, le duo a acquis l&#8217;ensemble des droits et ententes accessoires sur les marques de commerce des banni\u00e8res d\u00e9panneur du groupe <a href=\"http:\/\/www.colabor.com\/\" target=\"_blank\" rel=\"noopener noreferrer\"><strong>Colabor<\/strong> <\/a>soit &#8220;<strong>Point d&#8217;Aide&#8221;<\/strong>, &#8220;<strong>Visez Juste!&#8221;<\/strong>, &#8220;<strong>D\u00e9panneur Ultra&#8221;<\/strong>, &#8220;<strong>March\u00e9 \u00c9clair&#8221;<\/strong>\u00a0et &#8220;<strong>March\u00e9 \u00c9clair Plus<\/strong>&#8221; et &#8220;<strong>Groupe Affili\u00e9&#8221;<\/strong>, \u00a0qui totalisent aujourd&#8217;hui <strong>86 d\u00e9panneurs<\/strong> au dernier d\u00e9compte.<\/p>\n<h4>Profil du r\u00e9seau<\/h4>\n\n<table id=\"tablepress-15\" class=\"tablepress tablepress-id-15\">\n<thead>\n<tr class=\"row-1\">\n\t<th class=\"column-1\"><center>BANNI\u00c8RES<\/center><\/th><th class=\"column-2\"><center>TYPE<\/center><\/th><th class=\"column-3\"><center>TOTAL<\/center><\/th><th class=\"column-4\"><center>SANS ESSENCE<\/center><\/th><th class=\"column-5\"><center>AVEC ESSENCE<\/center><\/th><th class=\"column-6\"><center>MARQUES D'ESSENCE<\/center><\/th>\n<\/tr>\n<\/thead>\n<tbody class=\"row-striping row-hover\">\n<tr class=\"row-2\">\n\t<td class=\"column-1\"><strong><a href=\"https:\/\/depquebec.com\/bannieres\/beau-soir\/\">Beau-soir<\/a><\/strong><\/td><td class=\"column-2\">D\u00e9panneur <\/td><td class=\"column-3\"><center><strong>156<\/strong><\/center><\/td><td class=\"column-4\"><center>85<\/center><\/td><td class=\"column-5\"><center>71<\/center><\/td><td class=\"column-6\"><a href=\"https:\/\/depquebec.com\/marques-dessence\/petro-canada-2\/\">Petro-Canada<\/a> (24)<br \/>\n<a href=\"https:\/\/depquebec.com\/marques-dessence\/ultramar\/\">Ultramar<\/a> (7) <br \/>\n<a href=\"https:\/\/depquebec.com\/marques-dessence\/shell\/\">Shell<\/a> (7)<br \/>\nCrevier (6), Sonic (6), etc.<\/td>\n<\/tr>\n<tr class=\"row-3\">\n\t<td class=\"column-1\"><strong><a href=\"https:\/\/depquebec.com\/bannieres\/cinqbannieres\/\">Point d'Aide<\/a><\/strong><\/td><td class=\"column-2\">D\u00e9panneur <\/td><td class=\"column-3\"><center><strong>33<\/strong><\/center><\/td><td class=\"column-4\"><center>25<\/center><\/td><td class=\"column-5\"><center>8<\/center><\/td><td class=\"column-6\"><a href=\"https:\/\/depquebec.com\/marques-dessence\/petro-canada-2\/\">Petro-Canada<\/a> (2)<br \/>\n<a href=\"https:\/\/depquebec.com\/marques-dessence\/esso\/\">Esso<\/a> (2)<br \/>\n<a href=\"https:\/\/depquebec.com\/marques-dessence\/eko\/\">Eko<\/a> (1), <a href=\"https:\/\/depquebec.com\/marques-dessence\/petro-t-2\/\">P\u00e9tro-T<\/a> (1), etc.<\/td>\n<\/tr>\n<tr class=\"row-4\">\n\t<td class=\"column-1\"><strong><a href=\"https:\/\/depquebec.com\/bannieres\/cinqbannieres\/\">Sermax<\/a><\/strong><\/td><td class=\"column-2\">D\u00e9panneur <\/td><td class=\"column-3\"><center><strong>23<\/strong><\/center><\/td><td class=\"column-4\"><center>14<\/center><\/td><td class=\"column-5\"><center>9<\/center><\/td><td class=\"column-6\"><a href=\"https:\/\/depquebec.com\/marques-dessence\/shell\/\">Shell<\/a>(2)<br \/>\n<a href=\"https:\/\/depquebec.com\/marques-dessence\/sonic\/\">Sonic<\/a> (2), etc.<br \/>\n<\/td>\n<\/tr>\n<tr class=\"row-5\">\n\t<td class=\"column-1\"><strong><a href=\"https:\/\/depquebec.com\/bannieres\/cinqbannieres\/\">D\u00e9panneur Ultra<\/a><\/strong><\/td><td class=\"column-2\">D\u00e9panneur <\/td><td class=\"column-3\"><center><strong>15<\/strong><\/center><\/td><td class=\"column-4\"><center>9<\/center><\/td><td class=\"column-5\"><center>6<\/center><\/td><td class=\"column-6\">Vari\u00e9 (<a href=\"https:\/\/depquebec.com\/marques-dessence\/shell\/\">Shell<\/a>, <a href=\"https:\/\/depquebec.com\/marques-dessence\/esso\/\">Esso<\/a>, etc.)<\/td>\n<\/tr>\n<tr class=\"row-6\">\n\t<td class=\"column-1\"><strong><a href=\"https:\/\/depquebec.com\/bannieres\/cinqbannieres\/\">March\u00e9 \u00c9clair<\/a><\/strong><\/td><td class=\"column-2\">D\u00e9panneur <\/td><td class=\"column-3\"><center><strong>10<\/strong><\/center><\/td><td class=\"column-4\"><center>10<\/center><\/td><td class=\"column-5\"><center>0<\/center><\/td><td class=\"column-6\"><\/td>\n<\/tr>\n<tr class=\"row-7\">\n\t<td class=\"column-1\"><strong><a href=\"https:\/\/depquebec.com\/bannieres\/depanneura\/\">D\u00e9panneur A+<\/a><\/strong><\/td><td class=\"column-2\">D\u00e9panneur <\/td><td class=\"column-3\"><center><strong>9<\/strong><\/center><\/td><td class=\"column-4\"><center>2<\/center><\/td><td class=\"column-5\"><center>7<\/center><\/td><td class=\"column-6\"><a href=\"https:\/\/depquebec.com\/marques-dessence\/petro-canada-2\/\">Petro-Canada<\/a> (2), etc.<\/td>\n<\/tr>\n<tr class=\"row-8\">\n\t<td class=\"column-1\"><strong><a href=\"https:\/\/depquebec.com\/bannieres\/unisoir\/\">UniSoir<\/a><\/strong><\/td><td class=\"column-2\">D\u00e9panneur <\/td><td class=\"column-3\"><center><strong>6<\/strong><\/center><\/td><td class=\"column-4\"><center>5<\/center><\/td><td class=\"column-5\"><center>1<\/center><\/td><td class=\"column-6\"><a href=\"https:\/\/depquebec.com\/marques-dessence\/miraco\/\">Miraco<\/a><\/td>\n<\/tr>\n<tr class=\"row-9\">\n\t<td class=\"column-1\"><strong><a href=\"https:\/\/depquebec.com\/bannieres\/cinqbannieres\/\">Visez Juste!<\/a><\/strong><\/td><td class=\"column-2\">D\u00e9panneur <\/td><td class=\"column-3\"><center><strong>5<\/strong><\/center><\/td><td class=\"column-4\"><center>5<\/center><\/td><td class=\"column-5\"><center>0<\/center><\/td><td class=\"column-6\"><\/td>\n<\/tr>\n<tr class=\"row-10\">\n\t<td class=\"column-1\"><strong>Ind\u00e9pendants<\/strong><em><\/td><td class=\"column-2\"><\/td><td class=\"column-3\"><center><strong>58<\/strong><\/center><\/td><td class=\"column-4\"><center>44<\/center><\/td><td class=\"column-5\"><center>14<\/center><\/td><td class=\"column-6\"><\/td>\n<\/tr>\n<tr class=\"row-11\">\n\t<td class=\"column-1\"><strong>TOTAL<\/strong><\/td><td class=\"column-2\"><\/td><td class=\"column-3\"><center><strong>315<\/strong><\/center><\/td><td class=\"column-4\"><center><strong>199<\/strong><\/center><\/td><td class=\"column-5\"><center><strong>116<\/strong><\/center><\/td><td class=\"column-6\"><\/td>\n<\/tr>\n<\/tbody>\n<\/table>\n<!-- #tablepress-15 from cache -->\n<h4>Marques de commerce<\/h4>\n<div class=\"awp-flickr-gallery-container single-photostream-128791\">\t\t<p class=\"awp-flickr-post-title\"\n\t\t\tstyle=\"color:#000000; font-size: 16px ; text-align:left;\">\n\t\t\tBeaudry &#038; Cadrin\t\t<\/p>\n\t\t<div id=\"awp-flickr-album-128791\"\n\tclass=\"awp-flickr-gallery-container awp-flickr-album-128791\"\n    data-gallery-id=\"128791\">\n\t            <div class=\"img-responsive text-center single-flickr-item single-album-128791 col-md-3\">\n                                    <a href=\"https:\/\/live.staticflickr.com\/84\/31391943661_882335e8c7.jpg\" class=\"awl-hm-card-inner\" style=\"display: block;\"\n                        data-sub-html=\"Beau-Soir\"\n                        data-rel=\"lightcase-128791:myCollection:slideshow\">\n                \n                    <div class=\"awl-hm-overlay\">\n                        <div class=\"awl-hm-plus\"><\/div>\n                        <div class=\"awl-hm-content\">\n                            <h4 class=\"awl-hm-title\">Beau-Soir<\/h4>\n                            <span class=\"awl-hm-icon\">View Photo<\/span>\n                        <\/div>\n                    <\/div>\n\n                    <img decoding=\"async\" class=\"img-responsive img-thumbnail photo loading\" src=\"https:\/\/live.staticflickr.com\/84\/31391943661_882335e8c7_q.jpg\"\n                        alt=\"Beau-Soir\" width=\"100%\" height=\"auto\">\n\n                                    <\/a>\n                            <\/div>\n                        <div class=\"img-responsive text-center single-flickr-item single-album-128791 col-md-3\">\n                                    <div class=\"awl-hm-card-inner\">\n                \n                    <div class=\"awl-hm-overlay\">\n                        <div class=\"awl-hm-plus\"><\/div>\n                        <div class=\"awl-hm-content\">\n                            <h4 class=\"awl-hm-title\">Point d&#039;Aide<\/h4>\n                            <span class=\"awl-hm-icon\">View Photo<\/span>\n                        <\/div>\n                    <\/div>\n\n                    <img decoding=\"async\" class=\"img-responsive img-thumbnail photo loading\" src=\"https:\/\/live.staticflickr.com\/586\/31507247105_71542c3a55_q.jpg\"\n                        alt=\"Point d&#039;Aide\" width=\"100%\" height=\"auto\">\n\n                                    <\/div>\n                            <\/div>\n                        <div class=\"img-responsive text-center single-flickr-item single-album-128791 col-md-3\">\n                                    <div class=\"awl-hm-card-inner\">\n                \n                    <div class=\"awl-hm-overlay\">\n                        <div class=\"awl-hm-plus\"><\/div>\n                        <div class=\"awl-hm-content\">\n                            <h4 class=\"awl-hm-title\">Sermax<\/h4>\n                            <span class=\"awl-hm-icon\">View Photo<\/span>\n                        <\/div>\n                    <\/div>\n\n                    <img decoding=\"async\" class=\"img-responsive img-thumbnail photo loading\" src=\"https:\/\/live.staticflickr.com\/409\/30698259503_97658458cb_q.jpg\"\n                        alt=\"Sermax\" width=\"100%\" height=\"auto\">\n\n                                    <\/div>\n                            <\/div>\n                        <div class=\"img-responsive text-center single-flickr-item single-album-128791 col-md-3\">\n                                    <div class=\"awl-hm-card-inner\">\n                \n                    <div class=\"awl-hm-overlay\">\n                        <div class=\"awl-hm-plus\"><\/div>\n                        <div class=\"awl-hm-content\">\n                            <h4 class=\"awl-hm-title\">D\u00e9panneur Ultra<\/h4>\n                            <span class=\"awl-hm-icon\">View Photo<\/span>\n                        <\/div>\n                    <\/div>\n\n                    <img decoding=\"async\" class=\"img-responsive img-thumbnail photo loading\" src=\"https:\/\/live.staticflickr.com\/176\/30698259483_c013b9d844_q.jpg\"\n                        alt=\"D\u00e9panneur Ultra\" width=\"100%\" height=\"auto\">\n\n                                    <\/div>\n                            <\/div>\n                        <div class=\"img-responsive text-center single-flickr-item single-album-128791 col-md-3\">\n                                    <a href=\"https:\/\/live.staticflickr.com\/117\/30698259523_654a42a2f1.jpg\" class=\"awl-hm-card-inner\" style=\"display: block;\"\n                        data-sub-html=\"March\u00e9 \u00c9clair\"\n                        data-rel=\"lightcase-128791:myCollection:slideshow\">\n                \n                    <div class=\"awl-hm-overlay\">\n                        <div class=\"awl-hm-plus\"><\/div>\n                        <div class=\"awl-hm-content\">\n                            <h4 class=\"awl-hm-title\">March\u00e9 \u00c9clair<\/h4>\n                            <span class=\"awl-hm-icon\">View Photo<\/span>\n                        <\/div>\n                    <\/div>\n\n                    <img decoding=\"async\" class=\"img-responsive img-thumbnail photo loading\" src=\"https:\/\/live.staticflickr.com\/117\/30698259523_654a42a2f1_q.jpg\"\n                        alt=\"March\u00e9 \u00c9clair\" width=\"100%\" height=\"auto\">\n\n                                    <\/a>\n                            <\/div>\n                        <div class=\"img-responsive text-center single-flickr-item single-album-128791 col-md-3\">\n                                    <div class=\"awl-hm-card-inner\">\n                \n                    <div class=\"awl-hm-overlay\">\n                        <div class=\"awl-hm-plus\"><\/div>\n                        <div class=\"awl-hm-content\">\n                            <h4 class=\"awl-hm-title\">D\u00e9panneur A+<\/h4>\n                            <span class=\"awl-hm-icon\">View Photo<\/span>\n                        <\/div>\n                    <\/div>\n\n                    <img decoding=\"async\" class=\"img-responsive img-thumbnail photo loading\" src=\"https:\/\/live.staticflickr.com\/67\/30698259473_9530c4c0c8_q.jpg\"\n                        alt=\"D\u00e9panneur A+\" width=\"100%\" height=\"auto\">\n\n                                    <\/div>\n                            <\/div>\n                        <div class=\"img-responsive text-center single-flickr-item single-album-128791 col-md-3\">\n                                    <a href=\"https:\/\/live.staticflickr.com\/5566\/31391943701_871e62bf4e.jpg\" class=\"awl-hm-card-inner\" style=\"display: block;\"\n                        data-sub-html=\"UniSoir\"\n                        data-rel=\"lightcase-128791:myCollection:slideshow\">\n                \n                    <div class=\"awl-hm-overlay\">\n                        <div class=\"awl-hm-plus\"><\/div>\n                        <div class=\"awl-hm-content\">\n                            <h4 class=\"awl-hm-title\">UniSoir<\/h4>\n                            <span class=\"awl-hm-icon\">View Photo<\/span>\n                        <\/div>\n                    <\/div>\n\n                    <img decoding=\"async\" class=\"img-responsive img-thumbnail photo loading\" src=\"https:\/\/live.staticflickr.com\/5566\/31391943701_871e62bf4e_q.jpg\"\n                        alt=\"UniSoir\" width=\"100%\" height=\"auto\">\n\n                                    <\/a>\n                            <\/div>\n                        <div class=\"img-responsive text-center single-flickr-item single-album-128791 col-md-3\">\n                                    <div class=\"awl-hm-card-inner\">\n                \n                    <div class=\"awl-hm-overlay\">\n                        <div class=\"awl-hm-plus\"><\/div>\n                        <div class=\"awl-hm-content\">\n                            <h4 class=\"awl-hm-title\">Visez Juste!<\/h4>\n                            <span class=\"awl-hm-icon\">View Photo<\/span>\n                        <\/div>\n                    <\/div>\n\n                    <img decoding=\"async\" class=\"img-responsive img-thumbnail photo loading\" src=\"https:\/\/live.staticflickr.com\/382\/31136380070_3e105bc05b_q.jpg\"\n                        alt=\"Visez Juste!\" width=\"100%\" height=\"auto\">\n\n                                    <\/div>\n                            <\/div>\n            <\/div><\/div>\n<h4>Profil\u00a0de l&#8217;entreprise<\/h4>\n\n<table id=\"tablepress-19\" class=\"tablepress tablepress-id-19\">\n<thead>\n<tr class=\"row-1\">\n\t<th class=\"column-1\">Nom:<\/th><th class=\"column-2\">Beaudry &amp; Cadrin<\/th>\n<\/tr>\n<\/thead>\n<tbody class=\"row-striping row-hover\">\n<tr class=\"row-2\">\n\t<td class=\"column-1\"><a href=\"https:\/\/depquebec.com\/palmaresliste\/palmaressommaire\/\">Rang (cha\u00eenes):<\/a><\/td><td class=\"column-2\">6e sur 20<\/td>\n<\/tr>\n<tr class=\"row-3\">\n\t<td class=\"column-1\">Description:<\/td><td class=\"column-2\">Grossiste, distributeur et franchiseur<\/td>\n<\/tr>\n<tr class=\"row-4\">\n\t<td class=\"column-1\"># d\u00e9panneurs:<\/td><td class=\"column-2\">314<\/td>\n<\/tr>\n<tr class=\"row-5\">\n\t<td class=\"column-1\">Date de fondation:<\/td><td class=\"column-2\">1899 par J.-B. Cadrin Senior \u00e0 Saint-Anselme.<br \/>\n1917 pour la premi\u00e8re \u00e9picerie Beaudry \u00e0 Montr\u00e9al-Est.<\/td>\n<\/tr>\n<tr class=\"row-6\">\n\t<td class=\"column-1\">Nombre d'employ\u00e9s:<\/td><td class=\"column-2\">150<\/td>\n<\/tr>\n<tr class=\"row-7\">\n\t<td class=\"column-1\">Principal dirigeant:<\/td><td class=\"column-2\">Jacques Beaudry, pr\u00e9sident<br \/>\nFran\u00e7ois Beaudry, vice-pr\u00e9sident<br \/>\nJean-Philippe Beaudry, vice-pr\u00e9sident<br \/>\n<\/td>\n<\/tr>\n<tr class=\"row-8\">\n\t<td class=\"column-1\">Si\u00e8ge social:<\/td><td class=\"column-2\">Montr\u00e9al<\/td>\n<\/tr>\n<tr class=\"row-9\">\n\t<td class=\"column-1\">Installations:<\/td><td class=\"column-2\">Entrep\u00f4t de 110 000 pieds carr\u00e9s \u00e0 Montr\u00e9al-Est<\/td>\n<\/tr>\n<tr class=\"row-10\">\n\t<td class=\"column-1\">Site web:<\/td><td class=\"column-2\"><a href=\"http:\/\/www.beaudrycadrin.com\/\" target=\"_blank\">Beaudry-Cadrin<\/a><\/td>\n<\/tr>\n<tr class=\"row-11\">\n\t<td class=\"column-1\">Page Facebook<\/td><td class=\"column-2\"><a href=\"https:\/\/fr-ca.facebook.com\/people\/Beaudry-Cadrin\/100007380795891\" target=\"_blank\">Beaudry-Cadrin L\u00e9vis<\/a><\/td>\n<\/tr>\n<\/tbody>\n<\/table>\n<!-- #tablepress-19 from cache -->\n","protected":false},"excerpt":{"rendered":"<p>Beaudry &amp; Cadrin<\/p>\n","protected":false},"author":9,"featured_media":0,"parent":82653,"menu_order":2,"comment_status":"closed","ping_status":"closed","template":"","meta":{"footnotes":""},"class_list":["post-82884","page","type-page","status-publish","hentry"],"aioseo_notices":[],"jetpack_sharing_enabled":true,"_links":{"self":[{"href":"https:\/\/depquebec.com\/zh-hans\/wp-json\/wp\/v2\/pages\/82884","targetHints":{"allow":["GET"]}}],"collection":[{"href":"https:\/\/depquebec.com\/zh-hans\/wp-json\/wp\/v2\/pages"}],"about":[{"href":"https:\/\/depquebec.com\/zh-hans\/wp-json\/wp\/v2\/types\/page"}],"author":[{"embeddable":true,"href":"https:\/\/depquebec.com\/zh-hans\/wp-json\/wp\/v2\/users\/9"}],"replies":[{"embeddable":true,"href":"https:\/\/depquebec.com\/zh-hans\/wp-json\/wp\/v2\/comments?post=82884"}],"version-history":[{"count":0,"href":"https:\/\/depquebec.com\/zh-hans\/wp-json\/wp\/v2\/pages\/82884\/revisions"}],"up":[{"embeddable":true,"href":"https:\/\/depquebec.com\/zh-hans\/wp-json\/wp\/v2\/pages\/82653"}],"wp:attachment":[{"href":"https:\/\/depquebec.com\/zh-hans\/wp-json\/wp\/v2\/media?parent=82884"}],"curies":[{"name":"wp","href":"https:\/\/api.w.org\/{rel}","templated":true}]}}