{"id":82850,"date":"2016-12-15T09:35:06","date_gmt":"2016-12-15T14:35:06","guid":{"rendered":"https:\/\/depquebec.com\/palmares\/palmaresdetaillechaine\/"},"modified":"2017-04-06T09:07:54","modified_gmt":"2017-04-06T14:07:54","slug":"palmaresdetaillechaine","status":"publish","type":"page","link":"https:\/\/depquebec.com\/zh-hans\/palmares\/palmaresdetaillechaine\/","title":{"rendered":"\u6e20\u9053\u7684\u6a2a\u5e45\u5956\uff08\u6240\u6709\u79cd\u7c7b\uff09"},"content":{"rendered":"<p><span id=\"result_box\" class=\"short_text\" lang=\"zh-CN\" tabindex=\"-1\">\u8fd9\u91cc\u662f\u5927\u8fde\u9501\u7684\u98df\u54c1\u548c\u77f3\u6cb9\u5206\u914d\u6309\u603b\u95e8\u5e97\u7684\u65d7\u5e1c\uff0c\u4ed6\u4eec\u64cd\u4f5c\u6216\u8868\u4f9b\u5e94\u5728\u9b41\u5317\u514b\u3002\u70b9\u51fb\u4e00\u4e2a\u540d\u5b57\u6765\u8bbf\u95ee\u5176\u4fe1\u606f\u8868\u3002<\/span><\/p>\n\n<table id=\"tablepress-270\" class=\"tablepress tablepress-id-270 tbody-has-connected-cells\">\n<thead>\n<tr class=\"row-1\">\n\t<th class=\"column-1\"><center>\u79e9<\/center><\/th><th class=\"column-2\"><center>\u96f6\u552e\u8fde\u9501\u5e97<\/center><\/th><th class=\"column-3\"><center>\u65d7\u5e1c<\/center><\/th><th class=\"column-4\"><center>\u5546\u5e97\u6570\u91cf<\/center><\/th><th class=\"column-5\"><center>\u603b<\/center><\/th>\n<\/tr>\n<\/thead>\n<tbody class=\"row-striping row-hover\">\n<tr class=\"row-2\">\n\t<td rowspan=\"3\" class=\"column-1\"><center><strong>#2<\/strong><\/center><\/td><td rowspan=\"3\" class=\"column-2\"><center><a href=\"https:\/\/depquebec.com\/profils-de-detaillants\/alim-couche-tard\/\">Alimentation Couche-Tard<\/a><\/center><\/td><td class=\"column-3\"><center><a href=\"https:\/\/depquebec.com\/bannieres\/couche-tard\/\">Couche-Tard<\/a><\/center><\/td><td class=\"column-4\"><center>576<\/center><\/td><td rowspan=\"3\" class=\"column-5\"><center><strong>1079<\/strong><\/center><\/td>\n<\/tr>\n<tr class=\"row-3\">\n\t<td class=\"column-3\"><center><a href=\"https:\/\/depquebec.com\/bannieres\/7-jours\/\">7 Jours<\/a><\/center><\/td><td class=\"column-4\"><center>445<\/center><\/td>\n<\/tr>\n<tr class=\"row-4\">\n\t<td class=\"column-3\"><center><a href=\"https:\/\/depquebec.com\/bannieres\/provi-soir\/\">Provi-Soir<\/a><\/center><\/td><td class=\"column-4\"><center>58<\/center><\/td>\n<\/tr>\n<tr class=\"row-5\">\n\t<td rowspan=\"11\" class=\"column-1\"><center><strong>#1<\/strong><\/center><\/td><td rowspan=\"11\" class=\"column-2\"><center><a href=\"https:\/\/depquebec.com\/profils-de-detaillants\/metro\/\">Metro<\/a><\/center><\/td><td class=\"column-3\"><center><a href=\"https:\/\/depquebec.com\/bannieres\/gem\/\">GEM<\/a><\/center><\/td><td class=\"column-4\"><center>287<\/center><\/td><td rowspan=\"11\" class=\"column-5\"><center><strong>1 068<\/strong><\/center><\/td>\n<\/tr>\n<tr class=\"row-6\">\n\t<td class=\"column-3\"><center><a href=\"https:\/\/depquebec.com\/bannieres\/service-serviexpress\/\">Servi Express<\/a><\/center><\/td><td class=\"column-4\"><center>106<\/center><\/td>\n<\/tr>\n<tr class=\"row-7\">\n\t<td class=\"column-3\"><center><a href=\"https:\/\/depquebec.com\/bannieres\/metro\/\">Metro Plus<\/a><\/center><\/td><td class=\"column-4\"><center>101<\/center><\/td>\n<\/tr>\n<tr class=\"row-8\">\n\t<td class=\"column-3\"><center><a href=\"https:\/\/depquebec.com\/bannieres\/metro\/\">Metro<\/a><\/center><\/td><td class=\"column-4\"><center>98<\/center><\/td>\n<\/tr>\n<tr class=\"row-9\">\n\t<td class=\"column-3\"><center><a href=\"https:\/\/depquebec.com\/bannieres\/marcheami\/\">March\u00e9 Ami<\/a><\/center><\/td><td class=\"column-4\"><center>95<\/center><\/td>\n<\/tr>\n<tr class=\"row-10\">\n\t<td class=\"column-3\"><center><a href=\"https:\/\/depquebec.com\/bannieres\/superc\/\">Super C<\/a><\/center><\/td><td class=\"column-4\"><center>94<\/center><\/td>\n<\/tr>\n<tr class=\"row-11\">\n\t<td class=\"column-3\"><center><a href=\"https:\/\/depquebec.com\/bannieres\/marcherichelieu\/\">March\u00e9 Richelieu<\/a><\/center><\/td><td class=\"column-4\"><center>72<\/center><\/td>\n<\/tr>\n<tr class=\"row-12\">\n\t<td class=\"column-3\"><center><a href=\"https:\/\/depquebec.com\/bannieres\/marcheextra\/\">March\u00e9 Extra!<\/a><\/center><\/td><td class=\"column-4\"><center>51<\/center><\/td>\n<\/tr>\n<tr class=\"row-13\">\n\t<td class=\"column-3\"><center><a href=\"https:\/\/depquebec.com\/bannieres\/service-serviexpress\/\">Service<\/a><\/center><\/td><td class=\"column-4\"><center>29<\/center><\/td>\n<\/tr>\n<tr class=\"row-14\">\n\t<td class=\"column-3\"><center><a href=\"https:\/\/depquebec.com\/bannieres\/adonis\/\">Adonis<\/a><\/center><\/td><td class=\"column-4\"><center>7<\/center><\/td>\n<\/tr>\n<tr class=\"row-15\">\n\t<td class=\"column-3\"><center>Ind\u00e9pendants<\/center><\/td><td class=\"column-4\"><center>128<\/center><\/td>\n<\/tr>\n<tr class=\"row-16\">\n\t<td rowspan=\"13\" class=\"column-1\"><center><strong>#3<\/strong><\/center><\/td><td rowspan=\"13\" class=\"column-2\"><center><a href=\"https:\/\/depquebec.com\/profils-de-detaillants\/sobeys-quebec\/\">Sobeys Qu\u00e9bec<\/a><\/center><\/td><td class=\"column-3\"><center><a href=\"https:\/\/depquebec.com\/bannieres\/boni-soir\/\">Boni-Soir<\/a><\/center><\/td><td class=\"column-4\"><center>240<\/center><\/td><td rowspan=\"13\" class=\"column-5\"><center><strong>1 020<\/strong><\/center><br \/>\n<\/td>\n<\/tr>\n<tr class=\"row-17\">\n\t<td class=\"column-3\"><center><a href=\"https:\/\/depquebec.com\/bannieres\/iga-igaextra\/\">IGA<\/a><\/center><\/td><td class=\"column-4\"><center>156<\/center><\/td>\n<\/tr>\n<tr class=\"row-18\">\n\t<td class=\"column-3\"><center><a href=\"https:\/\/depquebec.com\/bannieres\/iga-igaextra\/\">IGA Extra<\/a><\/center><\/td><td class=\"column-4\"><center>106<\/center><\/td>\n<\/tr>\n<tr class=\"row-19\">\n\t<td class=\"column-3\"><center><a href=\"https:\/\/depquebec.com\/bannieres\/ledepanneur\/\">Le D\u00e9panneur<\/a><\/center><\/td><td class=\"column-4\"><center>95<\/center><\/td>\n<\/tr>\n<tr class=\"row-20\">\n\t<td class=\"column-3\"><center><a href=\"https:\/\/depquebec.com\/bannieres\/select\/\">Select<\/a><\/center><\/td><td class=\"column-4\"><center>95<\/center><\/td>\n<\/tr>\n<tr class=\"row-21\">\n\t<td class=\"column-3\"><center><a href=\"https:\/\/depquebec.com\/bannieres\/boni-soir\/\">Voisin<\/a><\/center><\/td><td class=\"column-4\"><center>95<\/center><\/td>\n<\/tr>\n<tr class=\"row-22\">\n\t<td class=\"column-3\"><center><a href=\"https:\/\/depquebec.com\/bannieres\/bonichoix\/\">March\u00e9 Bonichoix<\/a><\/center><\/td><td class=\"column-4\"><center>86<\/center><\/td>\n<\/tr>\n<tr class=\"row-23\">\n\t<td class=\"column-3\"><center><a href=\"https:\/\/depquebec.com\/bannieres\/marcheomni\/\">March\u00e9 Omni<\/a><\/center><\/td><td class=\"column-4\"><center>49<\/center><\/td>\n<\/tr>\n<tr class=\"row-24\">\n\t<td class=\"column-3\"><center><a href=\"https:\/\/depquebec.com\/bannieres\/tradition\/\">March\u00e9 Tradition<\/a><\/center><\/td><td class=\"column-4\"><center>43<\/center><\/td>\n<\/tr>\n<tr class=\"row-25\">\n\t<td class=\"column-3\"><center><a href=\"https:\/\/depquebec.com\/bannieres\/rachellebery\/\">Rachelle-B\u00e9ry \u00e9picerie sant\u00e9 <\/a><\/center><\/td><td class=\"column-4\"><center>13<\/center><\/td>\n<\/tr>\n<tr class=\"row-26\">\n\t<td class=\"column-3\"><center><a href=\"https:\/\/depquebec.com\/bannieres\/igaexpressmini\/\">IGA Express<\/a><\/center><\/td><td class=\"column-4\"><center>11<\/center><\/td>\n<\/tr>\n<tr class=\"row-27\">\n\t<td class=\"column-3\"><center><a href=\"https:\/\/depquebec.com\/bannieres\/igaexpressmini\/\">IGA Mini<\/a><\/center><\/td><td class=\"column-4\"><center>9<\/center><\/td>\n<\/tr>\n<tr class=\"row-28\">\n\t<td class=\"column-3\"><center>Ind\u00e9pendants<\/center><\/td><td class=\"column-4\"><center>22<\/center><\/td>\n<\/tr>\n<tr class=\"row-29\">\n\t<td rowspan=\"12\" class=\"column-1\"><center><strong>#4<\/strong><\/center><\/td><td rowspan=\"12\" class=\"column-2\"><center><a href=\"https:\/\/depquebec.com\/profils-de-detaillants\/loblaws\/\">Loblaw<\/a><\/center><\/td><td class=\"column-3\"><center><a href=\"https:\/\/depquebec.com\/bannieres\/maxi\/\">Maxi<\/a><\/center><\/td><td class=\"column-4\"><center>89<\/center><\/td><td rowspan=\"12\" class=\"column-5\"><center><strong>471<\/strong><\/center><\/td>\n<\/tr>\n<tr class=\"row-30\">\n\t<td class=\"column-3\"><center><a href=\"https:\/\/depquebec.com\/bannieres\/proprio\/\">Proprio<\/a><\/center><\/td><td class=\"column-4\"><center>86<\/center><\/td>\n<\/tr>\n<tr class=\"row-31\">\n\t<td class=\"column-3\"><center><a href=\"https:\/\/depquebec.com\/bannieres\/axep\/\">Axep<\/a><\/center><\/td><td class=\"column-4\"><center>79<\/center><\/td>\n<\/tr>\n<tr class=\"row-32\">\n\t<td class=\"column-3\"><center><a href=\"https:\/\/depquebec.com\/bannieres\/provigo\/\">Provigo<\/a><\/center><\/td><td class=\"column-4\"><center>75<\/center><\/td>\n<\/tr>\n<tr class=\"row-33\">\n\t<td class=\"column-3\"><center><a href=\"https:\/\/depquebec.com\/bannieres\/intermarche\/\">L'intermarch\u00e9<\/a><\/center><\/td><td class=\"column-4\"><center>61<\/center><\/td>\n<\/tr>\n<tr class=\"row-34\">\n\t<td class=\"column-3\"><center><a href=\"https:\/\/depquebec.com\/bannieres\/maxi\/\">Maxi &amp; Cie<\/a><\/center><\/td><td class=\"column-4\"><center>16<\/center><\/td>\n<\/tr>\n<tr class=\"row-35\">\n\t<td class=\"column-3\"><center><a href=\"https:\/\/depquebec.com\/bannieres\/provigo\/\">Provigo Le March\u00e9<\/a><\/center><\/td><td class=\"column-4\"><center>12<\/center><\/td>\n<\/tr>\n<tr class=\"row-36\">\n\t<td class=\"column-3\"><center>\u00c0 plein gaz<\/center><\/td><td class=\"column-4\"><center>12<\/center><\/td>\n<\/tr>\n<tr class=\"row-37\">\n\t<td class=\"column-3\"><center><a href=\"https:\/\/depquebec.com\/bannieres\/costco-2\/\">Presto - Club Provigo<\/a><\/center><\/td><td class=\"column-4\"><center>8<\/center><\/td>\n<\/tr>\n<tr class=\"row-38\">\n\t<td class=\"column-3\"><center>Freshmart<\/center><\/td><td class=\"column-4\"><center>4<\/center><\/td>\n<\/tr>\n<tr class=\"row-39\">\n\t<td class=\"column-3\"><center>Atout-prix<\/center><\/td><td class=\"column-4\"><center>4<\/center><\/td>\n<\/tr>\n<tr class=\"row-40\">\n\t<td class=\"column-3\"><center>Ind\u00e9pendants<\/center><\/td><td class=\"column-4\"><center>33<\/center><\/td>\n<\/tr>\n<tr class=\"row-41\">\n\t<td rowspan=\"3\" class=\"column-1\"><center><strong>#5<\/strong><\/center><\/td><td rowspan=\"3\" class=\"column-2\"><center><a href=\"https:\/\/depquebec.com\/profils-de-detaillants\/parkland-fuel-corporation\/\">Les P\u00e9troles Parkland<\/a><\/center><\/td><td class=\"column-3\"><center><a href=\"https:\/\/depquebec.com\/bannieres\/depanneurducoin\/\">D\u00e9panneur du Coin<\/a><\/center><\/td><td class=\"column-4\"><center>198<\/center><\/td><td rowspan=\"3\" class=\"column-5\"><center><strong>344<\/strong><\/center><\/td>\n<\/tr>\n<tr class=\"row-42\">\n\t<td class=\"column-3\"><center><a href=\"https:\/\/depquebec.com\/bannieres\/depan-express\/\">D\u00e9pan Express<\/a><\/center><\/td><td class=\"column-4\"><center>131<\/center><\/td>\n<\/tr>\n<tr class=\"row-43\">\n\t<td class=\"column-3\"><center><a href=\"https:\/\/depquebec.com\/bannieres\/marcheexpress\/\">March\u00e9 Express<\/a><\/center><\/td><td class=\"column-4\"><center>15<\/center><\/td>\n<\/tr>\n<tr class=\"row-44\">\n\t<td rowspan=\"9\" class=\"column-1\"><center><strong>#6<\/strong><\/center><\/td><td rowspan=\"9\" class=\"column-2\"><center><a href=\"https:\/\/depquebec.com\/profils-de-detaillants\/beaudry-cadrin-2\/\">Beaudry &amp; Cadrin<\/a><\/center><\/td><td class=\"column-3\"><center><a href=\"https:\/\/depquebec.com\/bannieres\/beau-soir\/\">Beau-soir<\/a><\/center><\/td><td class=\"column-4\"><center>155<\/center><\/td><td rowspan=\"9\" class=\"column-5\"><center><strong>314<\/strong><\/center><\/td>\n<\/tr>\n<tr class=\"row-45\">\n\t<td class=\"column-3\"><center><a href=\"https:\/\/depquebec.com\/bannieres\/cinqbannieres\/\">Point d'Aide<\/a><\/center><\/td><td class=\"column-4\"><center>33<\/center><\/td>\n<\/tr>\n<tr class=\"row-46\">\n\t<td class=\"column-3\"><center><a href=\"https:\/\/depquebec.com\/bannieres\/cinqbannieres\/\">Sermax<\/a><\/center><\/td><td class=\"column-4\"><center>23<\/center><\/td>\n<\/tr>\n<tr class=\"row-47\">\n\t<td class=\"column-3\"><center><a href=\"https:\/\/depquebec.com\/bannieres\/cinqbannieres\/\">D\u00e9panneur Ultra<\/a><\/center><\/td><td class=\"column-4\"><center>15<\/center><\/td>\n<\/tr>\n<tr class=\"row-48\">\n\t<td class=\"column-3\"><center><a href=\"https:\/\/depquebec.com\/bannieres\/cinqbannieres\/\">March\u00e9 \u00c9clair<\/a><\/center><\/td><td class=\"column-4\"><center>10<\/center><\/td>\n<\/tr>\n<tr class=\"row-49\">\n\t<td class=\"column-3\"><center><a href=\"https:\/\/depquebec.com\/bannieres\/depanneura-2\/\">D\u00e9panneur A+<\/a><\/center><\/td><td class=\"column-4\"><center>9<\/center><\/td>\n<\/tr>\n<tr class=\"row-50\">\n\t<td class=\"column-3\"><center><a href=\"https:\/\/depquebec.com\/bannieres\/unisoir\/\">UniSoir<\/a><\/center><\/td><td class=\"column-4\"><center>6<\/center><\/td>\n<\/tr>\n<tr class=\"row-51\">\n\t<td class=\"column-3\"><center><a href=\"https:\/\/depquebec.com\/bannieres\/cinqbannieres\/\">Visez Juste!<\/a><\/center><\/td><td class=\"column-4\"><center>5<\/center><\/td>\n<\/tr>\n<tr class=\"row-52\">\n\t<td class=\"column-3\"><center>Ind\u00e9pendants<\/center><\/td><td class=\"column-4\"><center>58<\/center><\/td>\n<\/tr>\n<tr class=\"row-53\">\n\t<td class=\"column-1\"><center><strong>#7<\/strong><\/center><\/td><td class=\"column-2\"><center><a href=\"https:\/\/depquebec.com\/profils-de-detaillants\/suncor-energy\/\">Suncor \u00c9nergie<\/a><\/center><\/td><td class=\"column-3\"><center><a href=\"https:\/\/depquebec.com\/bannieres\/superrelais\/\">Super Relais<\/a><\/center><\/td><td class=\"column-4\"><center>165<\/center><\/td><td class=\"column-5\"><center><strong>162<\/strong><\/center><\/td>\n<\/tr>\n<tr class=\"row-54\">\n\t<td rowspan=\"3\" class=\"column-1\"><center><strong>#8<\/strong><\/center><\/td><td rowspan=\"3\" class=\"column-2\"><center><a href=\"https:\/\/depquebec.com\/profils-de-detaillants\/harnois-groupe-petrolier\/\">Harnois Groupe P\u00e9trolier<\/a><\/center><\/td><td class=\"column-3\"><center><a href=\"https:\/\/depquebec.com\/bannieres\/lemagasin\/\">Le magasin<\/a><\/center><\/td><td class=\"column-4\"><center>42<\/center><\/td><td rowspan=\"3\" class=\"column-5\"><center><strong>87<\/strong><\/center><\/td>\n<\/tr>\n<tr class=\"row-55\">\n\t<td class=\"column-3\"><center><a href=\"https:\/\/depquebec.com\/bannieres\/marcheexpress\/\">March\u00e9 Express<\/a><\/center><\/td><td class=\"column-4\"><center>37<\/center><\/td>\n<\/tr>\n<tr class=\"row-56\">\n\t<td class=\"column-3\"><center>Ind\u00e9pendants<\/center><\/td><td class=\"column-4\"><center>8<\/center><\/td>\n<\/tr>\n<tr class=\"row-57\">\n\t<td rowspan=\"4\" class=\"column-1\"><center><strong>#9<\/strong><\/center><\/td><td rowspan=\"4\" class=\"column-2\"><center><a href=\"https:\/\/depquebec.com\/profils-de-detaillants\/filgo\/\">Groupe Filgo-Sonic<\/a><\/center><\/td><td class=\"column-3\"><center><a href=\"https:\/\/depquebec.com\/bannieres\/supersoir-2\/\">Super Soir<\/a><\/center><\/td><td class=\"column-4\"><center>58<\/center><\/td><td rowspan=\"4\" class=\"column-5\"><center><strong>85<\/strong><\/center><\/td>\n<\/tr>\n<tr class=\"row-58\">\n\t<td class=\"column-3\"><center><a href=\"https:\/\/depquebec.com\/bannieres\/sonichoix\/\">Sonichoix<\/a><\/center><\/td><td class=\"column-4\"><center>15<\/center><\/td>\n<\/tr>\n<tr class=\"row-59\">\n\t<td class=\"column-3\"><center>Super 7<\/center><\/td><td class=\"column-4\"><center>3<\/center><\/td>\n<\/tr>\n<tr class=\"row-60\">\n\t<td class=\"column-3\"><center>Ind\u00e9pendants<\/center><\/td><td class=\"column-4\"><center>9<\/center><\/td>\n<\/tr>\n<tr class=\"row-61\">\n\t<td class=\"column-1\"><center><strong>#10<\/strong><\/center><\/td><td class=\"column-2\"><center><a href=\"https:\/\/depquebec.com\/profils-de-detaillants\/groupe-saga\/\">Groupe Saga<\/a><\/center><\/td><td class=\"column-3\"><center><a href=\"https:\/\/depquebec.com\/bannieres\/supersagamie\/\">Super Sagamie<\/a> et al<\/center><\/td><td class=\"column-4\"><center>68<\/center><\/td><td class=\"column-5\"><center><strong>68<\/strong><\/center><\/td>\n<\/tr>\n<tr class=\"row-62\">\n\t<td class=\"column-1\"><center><strong>#11<\/strong><\/center><\/td><td class=\"column-2\"><center><a href=\"https:\/\/depquebec.com\/profils-de-detaillants\/f-dufresne\/\">F. Dufresne<\/a><\/center><\/td><td class=\"column-3\"><center><a href=\"https:\/\/depquebec.com\/bannieres\/depanneur-2\/\">*d\u00e9panneur*<\/a><\/center><\/td><td class=\"column-4\"><center>28<\/center><\/td><td class=\"column-5\"><center><strong>56<\/strong><\/center><\/td>\n<\/tr>\n<tr class=\"row-63\">\n\t<td rowspan=\"2\" class=\"column-1\"><center><strong>#11<\/strong><\/center><\/td><td rowspan=\"2\" class=\"column-2\"><center><a href=\"https:\/\/depquebec.com\/profils-de-detaillants\/canadian-tire\/\">Canadian Tire<\/a><\/center><\/td><td class=\"column-3\"><center><a href=\"https:\/\/depquebec.com\/marques-dessence\/essencecantire\/\">Essence +<\/a> de Canadian Tire <\/center><\/td><td class=\"column-4\"><center>56<\/center><\/td><td rowspan=\"2\" class=\"column-5\"><center><strong>56<\/strong><\/center><\/td>\n<\/tr>\n<tr class=\"row-64\">\n\t<td class=\"column-3\"><center><a href=\"https:\/\/depquebec.com\/bannieres\/depanneurcadeko\/\">D\u00e9panneur (Cadeko)<\/a><\/center><\/td><td class=\"column-4\"><center>28<\/center><\/td>\n<\/tr>\n<tr class=\"row-65\">\n\t<td class=\"column-1\"><center><strong>#13<\/strong><\/center><\/td><td class=\"column-2\"><center><a href=\"https:\/\/depquebec.com\/profils-de-detaillants\/wal-mart\/\">Walmart Canada<\/a><\/center><\/td><td class=\"column-3\"><center><a href=\"https:\/\/depquebec.com\/profils-de-detaillants\/wal-mart\/\">Supercentre<\/a><\/center><\/td><td class=\"column-4\"><center>53<\/center><\/td><td class=\"column-5\"><center><strong>53<\/strong><\/center><\/td>\n<\/tr>\n<tr class=\"row-66\">\n\t<td class=\"column-1\"><center><strong>#14<\/strong><\/center><\/td><td class=\"column-2\"><center><a href=\"https:\/\/depquebec.com\/profils-de-detaillants\/presse-commerce\/\">Corporation Presse Commerce<\/a><\/center><\/td><td class=\"column-3\"><center><a href=\"https:\/\/depquebec.com\/bannieres\/\">MULTIMAGS<\/a><\/center><\/td><td class=\"column-4\"><center>29<\/center><\/td><td class=\"column-5\"><center><strong>29<\/strong><\/center><\/td>\n<\/tr>\n<tr class=\"row-67\">\n\t<td class=\"column-1\"><center><strong>#15<\/strong><\/center><\/td><td class=\"column-2\"><center><a href=\"https:\/\/depquebec.com\/profils-de-detaillants\/costco\/\">Costco<\/a><\/center><\/td><td class=\"column-3\"><center><a href=\"https:\/\/depquebec.com\/profils-de-detaillants\/costco\/\">Costco<\/a><\/center><\/td><td class=\"column-4\"><center>21<\/center><\/td><td class=\"column-5\"><center><strong>21<\/strong><\/center><\/td>\n<\/tr>\n<tr class=\"row-68\">\n\t<td rowspan=\"2\" class=\"column-1\"><center><strong>#16<\/strong><\/center><\/td><td rowspan=\"2\" class=\"column-2\"><center><a href=\"https:\/\/depquebec.com\/profils-de-detaillants\/paquet-fils\/\">Paquet &amp; Fils Lt\u00e9e<\/a><\/center><\/td><td class=\"column-3\"><center><a href=\"https:\/\/depquebec.com\/bannieres\/icidepanneur\/\">ICI d\u00e9panneur<\/a><\/center><\/td><td class=\"column-4\"><center>7<\/center><\/td><td rowspan=\"2\" class=\"column-5\"><center><strong>19<\/strong><\/center><\/td>\n<\/tr>\n<tr class=\"row-69\">\n\t<td class=\"column-3\"><center>Ind\u00e9pendants<\/center><\/td><td class=\"column-4\"><center>12<\/center><\/td>\n<\/tr>\n<tr class=\"row-70\">\n\t<td class=\"column-1\"><center><strong>#17<\/strong><\/center><\/td><td class=\"column-2\"><center><a href=\"https:\/\/depquebec.com\/profils-de-detaillants\/maestro\/\">Maestro<\/a><\/center><\/td><td class=\"column-3\"><center><a href=\"https:\/\/depquebec.com\/profils-de-detaillants\/maestro\/\">Maestro<\/a><\/center><\/td><td class=\"column-4\"><center>18<\/center><\/td><td class=\"column-5\"><center><strong>18<\/strong><\/center><\/td>\n<\/tr>\n<tr class=\"row-71\">\n\t<td class=\"column-1\"><center><strong>#18<\/strong><\/center><\/td><td class=\"column-2\"><center><a href=\"https:\/\/depquebec.com\/profils-de-detaillants\/quickie-stores\/\">Quickie<\/a><\/center><\/td><td class=\"column-3\"><center><a href=\"https:\/\/depquebec.com\/bannieres\/quickie\/\">Quickie<\/a><\/center><\/td><td class=\"column-4\"><center>12<\/center><\/td><td class=\"column-5\"><center><strong>12<\/strong><\/center><\/td>\n<\/tr>\n<tr class=\"row-72\">\n\t<td class=\"column-1\"><center><strong>#19<\/strong><\/center><\/td><td class=\"column-2\"><center><a href=\"https:\/\/depquebec.com\/profils-de-detaillants\/super-save\/\">Super Save Group<\/a><\/center><\/td><td class=\"column-3\"><center>Arr\u00eat-Pause Super Gaz<\/center><\/td><td class=\"column-4\"><center>8<\/center><\/td><td class=\"column-5\"><center><strong>8<\/strong><\/center><\/td>\n<\/tr>\n<\/tbody>\n<\/table>\n<!-- #tablepress-270 from cache -->\n<p><span id=\"result_box\" class=\"short_text\" lang=\"zh-CN\" tabindex=\"-1\">\u66f4\u65b0\u65e5\u671f\uff1a2017\u5e74\u4e09\u6708<\/span><\/p>\n","protected":false},"excerpt":{"rendered":"<p>\u8fd9\u91cc\u662f\u5927\u8fde\u9501\u7684\u98df\u54c1\u548c\u77f3\u6cb9\u5206\u914d\u6309\u603b\u95e8\u5e97\u7684\u65d7<\/p>\n","protected":false},"author":9,"featured_media":0,"parent":82839,"menu_order":0,"comment_status":"closed","ping_status":"closed","template":"","meta":{"footnotes":""},"class_list":["post-82850","page","type-page","status-publish","hentry"],"aioseo_notices":[],"jetpack_sharing_enabled":true,"_links":{"self":[{"href":"https:\/\/depquebec.com\/zh-hans\/wp-json\/wp\/v2\/pages\/82850","targetHints":{"allow":["GET"]}}],"collection":[{"href":"https:\/\/depquebec.com\/zh-hans\/wp-json\/wp\/v2\/pages"}],"about":[{"href":"https:\/\/depquebec.com\/zh-hans\/wp-json\/wp\/v2\/types\/page"}],"author":[{"embeddable":true,"href":"https:\/\/depquebec.com\/zh-hans\/wp-json\/wp\/v2\/users\/9"}],"replies":[{"embeddable":true,"href":"https:\/\/depquebec.com\/zh-hans\/wp-json\/wp\/v2\/comments?post=82850"}],"version-history":[{"count":0,"href":"https:\/\/depquebec.com\/zh-hans\/wp-json\/wp\/v2\/pages\/82850\/revisions"}],"up":[{"embeddable":true,"href":"https:\/\/depquebec.com\/zh-hans\/wp-json\/wp\/v2\/pages\/82839"}],"wp:attachment":[{"href":"https:\/\/depquebec.com\/zh-hans\/wp-json\/wp\/v2\/media?parent=82850"}],"curies":[{"name":"wp","href":"https:\/\/api.w.org\/{rel}","templated":true}]}}