{"id":82812,"date":"2017-01-11T09:03:58","date_gmt":"2017-01-11T14:03:58","guid":{"rendered":"https:\/\/depquebec.com\/bannieres\/marcherichelieu\/"},"modified":"2017-06-07T12:41:00","modified_gmt":"2017-06-07T16:41:00","slug":"marcherichelieu","status":"publish","type":"page","link":"https:\/\/depquebec.com\/zh-hans\/marcherichelieu\/","title":{"rendered":"March\u00e9 Richelieu"},"content":{"rendered":"<p><strong><a href=\"http:\/\/www.marcherichelieu.ca\/fr\/circulaire.html\" rel=\"attachment wp-att-1601\"><img decoding=\"async\" class=\"alignright wp-image-1601 size-full\" src=\"https:\/\/depquebec.com\/wp-content\/uploads\/2017\/01\/o004.jpg\" width=\"400\" height=\"300\" \/><\/a><a href=\"http:\/\/www.marcherichelieu.ca\/fr\/circulaire.html\" target=\"_blank\">March\u00e9 Richelieu<\/a>\u00a0<\/strong>est l&#8217;une des trois banni\u00e8res d&#8217;\u00e9picerie de <strong><a href=\"https:\/\/depquebec.com\/zh-hans\/%e8%bf%9e%e9%94%81%e9%9b%b6%e5%94%ae%e4%bc%81%e4%b8%9a%e7%ae%80%e4%bb%8b\/metro\/\">Metro<\/a>\u00a0<\/strong>avec <a href=\"https:\/\/depquebec.com\/zh-hans\/bannieres\/marcheextra\/\"><strong>March\u00e9 Extra!<\/strong><\/a> et <a href=\"https:\/\/depquebec.com\/zh-hans\/bannieres\/marcheami\/\"><strong>March\u00e9 Ami<\/strong><\/a>.<\/p>\n<p>Selon <a href=\"https:\/\/depquebec.com\/zh-hans\/%e8%bf%9e%e9%94%81%e9%9b%b6%e5%94%ae%e4%bc%81%e4%b8%9a%e7%ae%80%e4%bb%8b\/metro\/\"><strong>Metro<\/strong><\/a>, ce concept\u00a0de 72 magasins au Qu\u00e9bec est ax\u00e9 sur la convivialit\u00e9, les produits frais tels que les fruits et l\u00e9gumes, les produits de boulangerie, les mets cuisin\u00e9s et les viandes de premi\u00e8re qualit\u00e9 pr\u00e9par\u00e9es par des bouchers exp\u00e9riment\u00e9s.<\/p>\n<p>Les propri\u00e9taires ind\u00e9pendants affili\u00e9s sont aliment\u00e9s en produits\u00a0par\u00a0l&#8217;entrep\u00f4t <strong>Distagro<\/strong> de <strong><a href=\"https:\/\/depquebec.com\/zh-hans\/%e8%bf%9e%e9%94%81%e9%9b%b6%e5%94%ae%e4%bc%81%e4%b8%9a%e7%ae%80%e4%bb%8b\/metro\/\">Metro<\/a>\u00a0<\/strong>\u00e0 St-Jean-Port-Joli, qui appartient toujours \u00e0 Metro (l&#8217;autre, l&#8217;entrep\u00f4t de <strong>Distagro<\/strong> de Boucherville, a \u00e9t\u00e9 vendu par <strong><a href=\"https:\/\/depquebec.com\/zh-hans\/%e8%bf%9e%e9%94%81%e9%9b%b6%e5%94%ae%e4%bc%81%e4%b8%9a%e7%ae%80%e4%bb%8b\/metro\/\">Metro<\/a>\u00a0<\/strong>en 2012 \u00e0 la compagnie am\u00e9ricaine <strong>Sysco <\/strong>&#8211;\u00a0source : <a href=\"http:\/\/ici.radio-canada.ca\/nouvelle\/583917\/metro-vente-distagro-sysco-canada\" target=\"_blank\">Radio-Canada<\/a>). Environ 80\u00a0% des \u00e9piceries <strong><a href=\"http:\/\/www.marcherichelieu.ca\/fr\/circulaire.html\" target=\"_blank\">March\u00e9 Richelieu<\/a><\/strong>\u00a0se trouvent en r\u00e9gion et somme toute tr\u00e8s peu sont situ\u00e9es \u00e0 Montr\u00e9al ou \u00e0 Qu\u00e9bec.<\/p>\n<h4>Entente de franchise<\/h4>\n<p>Les marchands qui optent pour cette banni\u00e8re demeurent ind\u00e9pendants mais b\u00e9n\u00e9ficient de plusieurs services et avantages. La banni\u00e8re est activement support\u00e9e sur le plan marketing : elle dispose d&#8217;un site internet, d&#8217;une circulaire hebdomadaire, de promotions, etc.<\/p>\n<div class=\"incTinyMce\">\n<h4>Profil de la banni\u00e8re<\/h4>\n<\/div>\n\n<table id=\"tablepress-75\" class=\"tablepress tablepress-id-75\">\n<thead>\n<tr class=\"row-1\">\n\t<th class=\"column-1\">Nom:<\/th><th class=\"column-2\">March\u00e9 Richelieu<\/th>\n<\/tr>\n<\/thead>\n<tbody class=\"row-striping row-hover\">\n<tr class=\"row-2\">\n\t<td class=\"column-1\"><a href=\"https:\/\/depquebec.com\/palmaresliste\/palmares-bannieres\/\">Rang (banni\u00e8res):<\/a><\/td><td class=\"column-2\">24e sur 63<\/td>\n<\/tr>\n<tr class=\"row-3\">\n\t<td class=\"column-1\"># surfaces:<\/td><td class=\"column-2\">72<\/td>\n<\/tr>\n<tr class=\"row-4\">\n\t<td class=\"column-1\">Franchiseur:<\/td><td class=\"column-2\"><a href=\"https:\/\/depquebec.com\/profils-de-detaillants\/metro\/\">Metro<\/a><\/td>\n<\/tr>\n<tr class=\"row-5\">\n\t<td class=\"column-1\">Description:<\/td><td class=\"column-2\">Banni\u00e8re de petites \u00e9piceries<\/td>\n<\/tr>\n<tr class=\"row-6\">\n\t<td class=\"column-1\">Type de franchise:<\/td><td class=\"column-2\"><a href=\"https:\/\/depquebec.com\/a-propos-dep\/nomenclature\/\">Type D) Magasin ind\u00e9pendant (banni\u00e9r\u00e9)<\/a><\/td>\n<\/tr>\n<tr class=\"row-7\">\n\t<td class=\"column-1\">Si\u00e8ge social:<\/td><td class=\"column-2\">Montr\u00e9al<\/td>\n<\/tr>\n<tr class=\"row-8\">\n\t<td class=\"column-1\">Site Internet:<\/td><td class=\"column-2\"><a href=\"http:\/\/www.marcherichelieu.ca\/fr\/index.html\" target=\"_blank\">March\u00e9 Richelieu<\/a><\/td>\n<\/tr>\n<\/tbody>\n<\/table>\n<!-- #tablepress-75 from cache -->\n","protected":false},"excerpt":{"rendered":"<p>March\u00e9 Richelieu\u00a0est<\/p>\n","protected":false},"author":9,"featured_media":0,"parent":0,"menu_order":60,"comment_status":"closed","ping_status":"closed","template":"","meta":{"footnotes":""},"class_list":["post-82812","page","type-page","status-publish","hentry"],"aioseo_notices":[],"jetpack_sharing_enabled":true,"_links":{"self":[{"href":"https:\/\/depquebec.com\/zh-hans\/wp-json\/wp\/v2\/pages\/82812","targetHints":{"allow":["GET"]}}],"collection":[{"href":"https:\/\/depquebec.com\/zh-hans\/wp-json\/wp\/v2\/pages"}],"about":[{"href":"https:\/\/depquebec.com\/zh-hans\/wp-json\/wp\/v2\/types\/page"}],"author":[{"embeddable":true,"href":"https:\/\/depquebec.com\/zh-hans\/wp-json\/wp\/v2\/users\/9"}],"replies":[{"embeddable":true,"href":"https:\/\/depquebec.com\/zh-hans\/wp-json\/wp\/v2\/comments?post=82812"}],"version-history":[{"count":0,"href":"https:\/\/depquebec.com\/zh-hans\/wp-json\/wp\/v2\/pages\/82812\/revisions"}],"wp:attachment":[{"href":"https:\/\/depquebec.com\/zh-hans\/wp-json\/wp\/v2\/media?parent=82812"}],"curies":[{"name":"wp","href":"https:\/\/api.w.org\/{rel}","templated":true}]}}