{"id":82755,"date":"2017-01-13T17:14:55","date_gmt":"2017-01-13T22:14:55","guid":{"rendered":"https:\/\/depquebec.com\/marques-dessence\/esso\/"},"modified":"2017-06-07T12:41:29","modified_gmt":"2017-06-07T16:41:29","slug":"esso","status":"publish","type":"page","link":"https:\/\/depquebec.com\/zh-hans\/marques-dessence\/esso\/","title":{"rendered":"Esso"},"content":{"rendered":"<p><strong><a href=\"https:\/\/www.esso.ca\/fr-CA\/\" target=\"_blank\" rel=\"attachment wp-att-1574\"><img decoding=\"async\" class=\"alignright wp-image-1574 size-full\" src=\"https:\/\/depquebec.com\/wp-content\/uploads\/2017\/01\/z006.jpg\" width=\"400\" height=\"300\" srcset=\"https:\/\/depquebec.com\/wp-content\/uploads\/2017\/01\/z006.jpg 800w, https:\/\/depquebec.com\/wp-content\/uploads\/2017\/01\/z006-600x450.jpg 600w\" sizes=\"(max-width: 400px) 100vw, 400px\" \/><\/a><\/strong>La marque d&#8217;essence <strong><a href=\"https:\/\/www.esso.ca\/fr-CA\/\" target=\"_blank\">Esso<\/a>\u00a0<\/strong>appartient \u00e0 la<strong> <a href=\"http:\/\/www.imperialoil.ca\/\">P\u00e9troli\u00e8re Imp\u00e9riale<\/a>\u00a0<\/strong>qui est bas\u00e9e \u00e0 Sarnia, en Ontario. L&#8217;entreprise qui \u00e9tait auparavant int\u00e9gr\u00e9e de mani\u00e8re verticale, de l&#8217;extraction \u00e0 la distribution du p\u00e9trole, se concentre d\u00e9sormais sur le volet en amont de la distribution et a d\u00e9laiss\u00e9 la vente au d\u00e9tail, une tendance g\u00e9n\u00e9rale chez la plupart des grandes soci\u00e9t\u00e9s p\u00e9troli\u00e8res.<\/p>\n<p><strong><a href=\"https:\/\/www.esso.ca\/fr-CA\/\" target=\"_blank\">Esso<\/a>\u00a0<\/strong>est une marque d&#8217;essence internationale associ\u00e9e \u00e0 la compagnie p\u00e9troli\u00e8re am\u00e9ricaine <strong><a href=\"http:\/\/corporate.exxonmobil.com\/\" target=\"_blank\">ExxonMobil<\/a><\/strong>. Le nom est d\u00e9riv\u00e9 des initiales de la Standard Oil\u00a0avant 1911, lorsqu&#8217;elle s&#8217;appelait <strong>Eastern States Standard Oil (ESSO)<\/strong>. En 1972, cette marque a \u00e9t\u00e9 en grande partie remplac\u00e9e aux \u00c9tats-Unis par la marque <strong>Exxon\u00a0<\/strong>apr\u00e8s avoir achet\u00e9 la <strong><a title=\"Humble Oil\" href=\"https:\/\/fr.wikipedia.org\/wiki\/Humble_Oil\" target=\"_blank\">Humble Oil<\/a><\/strong>, tandis que <strong><a href=\"https:\/\/www.esso.ca\/fr-CA\/\" target=\"_blank\">Esso<\/a>\u00a0<\/strong>est rest\u00e9 largement utilis\u00e9e ailleurs dans le monde.<\/p>\n<p><strong><a href=\"https:\/\/www.esso.ca\/fr-CA\/\" target=\"_blank\">Esso<\/a>\u00a0<\/strong>met aussi de l&#8217;avant un marque d&#8217;essence haut de gamme appel\u00e9e <strong>Synergy<\/strong>, con\u00e7ue afin de contribuer \u00e0 r\u00e9duire la consommation de carburant. Cette essence contient divers additifs tels que :<\/p>\n<div id=\"main_0_1columnarea_2_bo1Div\" class=\"component paragraph \">\n<ul>\n<li><strong>Agent solvant #1<\/strong>\u00a0: Permet aux ingr\u00e9dients additifs de rester m\u00e9lang\u00e9s pour conserver leur d\u00e9bit et de ne pas geler \u00e0 des temp\u00e9ratures tr\u00e8s basses.<\/li>\n<li><strong>Agent solvant #2<\/strong>\u00a0: Permet au d\u00e9tergent d\u2019\u00eatre lib\u00e9r\u00e9 sous sa forme la plus compacte afin d\u2019optimiser la taille de conditionnement.<\/li>\n<li><strong>Compos\u00e9 antiadh\u00e9sion<\/strong>\u00a0: Emp\u00eache les d\u00e9tergents du carburant de former une pellicule collante sur les soupapes d\u2019admission, ce qui en retour contribue \u00e0 pr\u00e9venir les probl\u00e8mes de d\u00e9marrage \u00e0 froid \u00e0 basse temp\u00e9rature.<\/li>\n<li><strong>Inhibiteur de corrosion<\/strong> : Contribue \u00e0 pr\u00e9venir la formation de rouille dans le syst\u00e8me de distribution de carburant et sur les \u00e9l\u00e9ments cl\u00e9s du moteur qui sont en contact avec le carburant, comme le r\u00e9servoir et les soupapes d\u2019admission.<\/li>\n<li><strong>D\u00e9s\u00e9mulsifiant<\/strong> : Emp\u00eache l\u2019eau de se disperser dans les additifs dans le syst\u00e8me de distribution. Permet d\u2019extraire l\u2019eau afin d\u2019\u00e9viter qu\u2019elle ne s\u2019accumule dans votre r\u00e9servoir.<\/li>\n<li><strong>D\u00e9tergent<\/strong> : Contribue \u00e0 offrir une excellente protection contre les d\u00e9p\u00f4ts sur les soupapes d\u2019admission des moteurs \u00e0 injection classique (injection dans le conduit d\u2019admission). Des pi\u00e8ces de moteurs plus propres peuvent contribuer \u00e0 am\u00e9liorer le rendement du carburant.<\/li>\n<li><strong>Traceurs mol\u00e9culaires<\/strong> : Nous permettent de d\u00e9terminer si la quantit\u00e9 d\u2019additifs ajout\u00e9e \u00e0 notre carburant est ad\u00e9quate.<\/li>\n<\/ul>\n<\/div>\n<p>La marque poss\u00e8de sa propre carte de fid\u00e9lisation (<a href=\"https:\/\/www.essoextra.com\/pages\/Home.aspx?lang=en-CA\" target=\"_blank\"><strong>Esso\u00a0Extra<\/strong><\/a>). Elle adh\u00e8re aussi au programme <strong><a href=\"https:\/\/www5.aeroplan.com\/mrch\/\" target=\"_blank\">Aeroplan<\/a><\/strong>.<\/p>\n<h4>Mode de franchisage<\/h4>\n<p>Le r\u00e9seau <strong><a href=\"https:\/\/www.esso.ca\/fr-CA\/\" target=\"_blank\">Esso<\/a>\u00a0<\/strong>est fait \u00e0 la fois de stations corporatives int\u00e9gr\u00e9es et g\u00e9r\u00e9es par le franchiseur, et \u00e0 la fois de franchises conclues avec des d\u00e9taillants ind\u00e9pendants ou des cha\u00eenes \u00e9tablies. La marque fait aussi appel \u00e0 des &#8220;grossistes sous marque&#8221;, soit des entreprises comme <a href=\"https:\/\/depquebec.com\/zh-hans\/marques-dessence\/harnois\/\"><strong>Harnois<\/strong> <\/a>par exemple pour sous-contracter et g\u00e9rer la marque aupr\u00e8s de tiers ind\u00e9pendants.<strong>\u00a0<\/strong><\/p>\n<div class=\"incTinyMce\">\n<h4>Profil de la\u00a0marque d&#8217;essence<\/h4>\n<\/div>\n\n<table id=\"tablepress-106\" class=\"tablepress tablepress-id-106\">\n<thead>\n<tr class=\"row-1\">\n\t<th class=\"column-1\">Nom:<\/th><th class=\"column-2\">Esso<\/th>\n<\/tr>\n<\/thead>\n<tbody class=\"row-striping row-hover\">\n<tr class=\"row-2\">\n\t<td class=\"column-1\"><a href=\"https:\/\/depquebec.com\/palmares-2\/palmares-des-marques-dessence\/\">Rang (marques d'essence):<\/a><\/td><td class=\"column-2\">4e sur 31<\/td>\n<\/tr>\n<tr class=\"row-3\">\n\t<td class=\"column-1\"># d'enseignes:<\/td><td class=\"column-2\">265<\/td>\n<\/tr>\n<tr class=\"row-4\">\n\t<td class=\"column-1\">Description:<\/td><td class=\"column-2\">Marque d'essence mondiale<\/td>\n<\/tr>\n<tr class=\"row-5\">\n\t<td class=\"column-1\">Franchiseur:<\/td><td class=\"column-2\"><a href=\"http:\/\/www.imperialoil.ca\/fr-ca\/\" target=\"_blank\">P\u00e9troli\u00e8re Imp\u00e9riale<\/a><\/td>\n<\/tr>\n<tr class=\"row-6\">\n\t<td class=\"column-1\">Type de franchise:<\/td><td class=\"column-2\"><a href=\"https:\/\/depquebec.com\/a-propos-depquebec\/nomenclature\/\">Type C) Magasin franchis\u00e9<\/a><\/td>\n<\/tr>\n<tr class=\"row-7\">\n\t<td class=\"column-1\">Site web:<\/td><td class=\"column-2\"><a href=\"https:\/\/www.esso.ca\/fr-CA\/\" target=\"_blank\">Esso<\/a><\/td>\n<\/tr>\n<tr class=\"row-8\">\n\t<td class=\"column-1\">Facebook:<\/td><td class=\"column-2\"><a href=\"https:\/\/www.facebook.com\/EssoCanada\/\" target=\"_blank\">Esso Canada sur Facebook<\/a><\/td>\n<\/tr>\n<\/tbody>\n<\/table>\n<!-- #tablepress-106 from cache -->\n","protected":false},"excerpt":{"rendered":"<p>La marque d&#8217;es<\/p>\n","protected":false},"author":9,"featured_media":0,"parent":120318,"menu_order":7,"comment_status":"closed","ping_status":"closed","template":"","meta":{"footnotes":""},"class_list":["post-82755","page","type-page","status-publish","hentry"],"aioseo_notices":[],"jetpack_sharing_enabled":true,"_links":{"self":[{"href":"https:\/\/depquebec.com\/zh-hans\/wp-json\/wp\/v2\/pages\/82755","targetHints":{"allow":["GET"]}}],"collection":[{"href":"https:\/\/depquebec.com\/zh-hans\/wp-json\/wp\/v2\/pages"}],"about":[{"href":"https:\/\/depquebec.com\/zh-hans\/wp-json\/wp\/v2\/types\/page"}],"author":[{"embeddable":true,"href":"https:\/\/depquebec.com\/zh-hans\/wp-json\/wp\/v2\/users\/9"}],"replies":[{"embeddable":true,"href":"https:\/\/depquebec.com\/zh-hans\/wp-json\/wp\/v2\/comments?post=82755"}],"version-history":[{"count":0,"href":"https:\/\/depquebec.com\/zh-hans\/wp-json\/wp\/v2\/pages\/82755\/revisions"}],"up":[{"embeddable":true,"href":"https:\/\/depquebec.com\/zh-hans\/wp-json\/wp\/v2\/pages\/120318"}],"wp:attachment":[{"href":"https:\/\/depquebec.com\/zh-hans\/wp-json\/wp\/v2\/media?parent=82755"}],"curies":[{"name":"wp","href":"https:\/\/api.w.org\/{rel}","templated":true}]}}