{"id":82753,"date":"2017-01-13T17:43:34","date_gmt":"2017-01-13T22:43:34","guid":{"rendered":"https:\/\/depquebec.com\/marques-dessence\/shell\/"},"modified":"2017-06-07T12:41:41","modified_gmt":"2017-06-07T16:41:41","slug":"shell","status":"publish","type":"page","link":"https:\/\/depquebec.com\/zh-hans\/marques-dessence\/shell\/","title":{"rendered":"Shell"},"content":{"rendered":"<p><a href=\"http:\/\/www.shell.ca\/fr_ca.html#vanity-aHR0cDovL3d3dy5zaGVsbC5jYS9mci5odG1s\" target=\"_blank\" rel=\"attachment wp-att-1575\"><img decoding=\"async\" class=\"alignright wp-image-1575 size-medium\" src=\"https:\/\/depquebec.com\/wp-content\/uploads\/2017\/01\/z013-400x300.jpg\" width=\"400\" height=\"300\" srcset=\"https:\/\/depquebec.com\/wp-content\/uploads\/2017\/01\/z013-400x300.jpg 400w, https:\/\/depquebec.com\/wp-content\/uploads\/2017\/01\/z013-600x450.jpg 600w, https:\/\/depquebec.com\/wp-content\/uploads\/2017\/01\/z013-768x576.jpg 768w, https:\/\/depquebec.com\/wp-content\/uploads\/2017\/01\/z013.jpg 800w\" sizes=\"(max-width: 400px) 100vw, 400px\" \/><\/a>La marque d&#8217;essence <strong><a href=\"http:\/\/www.shell.ca\/fr_ca\/motorists\/carburants-shell.html\" target=\"_blank\">Shell<\/a>\u00a0<\/strong>est la propri\u00e9t\u00e9 de<strong>\u00a0<a href=\"http:\/\/www.shell.ca\/fr_ca.html#vanity-aHR0cDovL3d3dy5zaGVsbC5jYS9mci5odG1s\" target=\"_blank\">Shell Canada<\/a>\u00a0<\/strong>qui est bas\u00e9e \u00e0 Calgary, en Alberta.<\/p>\n<p><b>La soci\u00e9t\u00e9 Shell<\/b> (\u00e9galement appel\u00e9e <b>Royal Dutch \/ Shell<\/b>) est une compagnie p\u00e9troli\u00e8re anglo-n\u00e9erlandaise, l&#8217;une des plus importantes soci\u00e9t\u00e9s multinationales. Comme dans les faits, il s&#8217;agit d\u2019un groupe de soci\u00e9t\u00e9s\u00a0qui sont d\u00e9tenues directement ou indirectement par la soci\u00e9t\u00e9-m\u00e8re <strong><i>Royal Dutch Petroleum<\/i><\/strong>, l\u2019expression \u00ab\u00a0groupe <strong><a href=\"http:\/\/www.shell.ca\/fr_ca\/motorists\/carburants-shell.html\" target=\"_blank\">Shell<\/a>\u00a0<\/strong>\u00bb\u00a0est couramment utilis\u00e9e en fran\u00e7ais pour d\u00e9signer l\u2019ensemble de l\u2019entreprise.<\/p>\n<p>Le nom <strong>Shell<\/strong> (\u00ab\u00a0coquillage\u00a0\u00bb en anglais) et le logo sont \u00e9troitement li\u00e9s aux origines de la compagnie <i>Shell Transport and Trading Company<\/i>, fond\u00e9e \u00e0 Londres en 1833 par le p\u00e8re de Marcus Samuel, \u00e0 l&#8217;origine une soci\u00e9t\u00e9 d&#8217;import-export baptis\u00e9e <i>M. Samuel &amp; Co.<\/i>\u00a0: elle importait en effet des antiquit\u00e9s, des bibelots dont des coquillages orientaux destin\u00e9s \u00e0 fabriquer de petites bo\u00eetes d\u00e9coratives, en vogue \u00e0 l&#8217;\u00e9poque victorienne.<\/p>\n<p><strong><a href=\"http:\/\/www.shell.ca\/fr_ca\/motorists\/carburants-shell.html\" target=\"_blank\">Shell<\/a>\u00a0<\/strong>met aussi de l&#8217;avant un marque d&#8217;essence haut de gamme appel\u00e9e <strong>V-Power NiTRO+<\/strong> qui, selon la soci\u00e9t\u00e9,<em> &#8220;repr\u00e9sente plus de 100\u00a0ans d&#8217;engagement pour la production de carburants de haute qualit\u00e9&#8221;<\/em>. Pour satisfaire les besoins en constante \u00e9volution des conducteurs et de leurs v\u00e9hicules, les scientifiques de <strong><a href=\"http:\/\/www.shell.ca\/fr_ca\/motorists\/carburants-shell.html\" target=\"_blank\">Shell<\/a>\u00a0<\/strong>ont men\u00e9 des essais novateurs en laboratoire, qui ont permis de d\u00e9montrer que l&#8217;ensemble d&#8217;additifs du supercarburant <strong>Shell V-Power NiTRO+<\/strong> agit instantan\u00e9ment en formant une barri\u00e8re protectrice contre l&#8217;encrassement, l&#8217;usure et la corrosion<strong>.<\/strong><\/p>\n<div id=\"main_0_1columnarea_2_bo1Div\" class=\"component paragraph \">\n<p>La marque adh\u00e8re au programme de fid\u00e9lisation <a href=\"https:\/\/www.airmiles.ca\/arrow\/Splash?splashId=22800188&amp;changeLocale=fr_FR\"><strong>Air Miles<\/strong><\/a>, vend des cartes-cadeaux <strong><a href=\"http:\/\/www.shell.ca\/fr_ca\/motorists\/carburants-shell.html\" target=\"_blank\">Shell<\/a>\u00a0<\/strong>et offre un carte <strong>MasterCard Shell<\/strong> offerte par <a href=\"https:\/\/www.bmo.com\/principal\/particuliers\"><strong>BMO<\/strong><\/a>.<\/p>\n<\/div>\n<h4>Mode de franchisage<\/h4>\n<p>Le r\u00e9seau de stations-service et d\u00e9panneur<a href=\"https:\/\/depquebec.com\/zh-hans\/bannieres\/select\/\"> <strong>Shell Select<\/strong><\/a> a \u00e9t\u00e9 vendu \u00e0 <strong><a href=\"https:\/\/depquebec.com\/profils-de-detaillants\/sobeys-quebec\/\">Sobeys<\/a>\u00a0<\/strong>en 2011. En ce qui a trait aux franchise d&#8217;essence, <strong><a href=\"http:\/\/www.shell.ca\/fr_ca\/motorists\/carburants-shell.html\" target=\"_blank\">Shell<\/a>\u00a0<\/strong>s&#8217;en remet \u00e0 <strong><a href=\"https:\/\/depquebec.com\/profils-de-detaillants\/sobeys-quebec\/\">Sobeys<\/a>\u00a0<\/strong>en tant que &#8220;grossiste de marque&#8221; de m\u00eame qu&#8217;\u00e0 d&#8217;autres groupes pour des territoires particulier comme le <a href=\"https:\/\/depquebec.com\/profils-de-detaillants\/filgo-2\/\"><strong>Groupe Filgo-Sonic<\/strong><\/a> pour la Beauce et Chaudi\u00e8re-Appalaches.<\/p>\n<div class=\"incTinyMce\">\n<h4>Profil de la\u00a0marque d&#8217;essence<\/h4>\n<\/div>\n\n<table id=\"tablepress-107\" class=\"tablepress tablepress-id-107\">\n<thead>\n<tr class=\"row-1\">\n\t<th class=\"column-1\">Nom:<\/th><th class=\"column-2\">Shell<\/th>\n<\/tr>\n<\/thead>\n<tbody class=\"row-striping row-hover\">\n<tr class=\"row-2\">\n\t<td class=\"column-1\"><a href=\"https:\/\/depquebec.com\/palmares-2\/palmares-des-marques-dessence\/\">Rang (marques d'essence):<\/a><\/td><td class=\"column-2\">3e de 19<\/td>\n<\/tr>\n<tr class=\"row-3\">\n\t<td class=\"column-1\"># d'enseignes:<\/td><td class=\"column-2\">284<\/td>\n<\/tr>\n<tr class=\"row-4\">\n\t<td class=\"column-1\">Description:<\/td><td class=\"column-2\">Marque d'essence mondiale<\/td>\n<\/tr>\n<tr class=\"row-5\">\n\t<td class=\"column-1\">Franchiseur:<\/td><td class=\"column-2\"><a href=\"http:\/\/www.shell.ca\/fr_ca.html#vanity-aHR0cDovL3d3dy5zaGVsbC5jYS9mci5odG1s\" target=\"_blank\">Shell Canada<\/a><\/td>\n<\/tr>\n<tr class=\"row-6\">\n\t<td class=\"column-1\">Type de franchise:<\/td><td class=\"column-2\"><a href=\"https:\/\/depquebec.com\/a-propos-depquebec\/nomenclature\/\">Type C) Magasin franchis\u00e9<\/a><\/td>\n<\/tr>\n<tr class=\"row-7\">\n\t<td class=\"column-1\">Site web:<\/td><td class=\"column-2\"><a href=\"http:\/\/www.shell.ca\/\" target=\"_blank\">Shell Canada<\/a><\/td>\n<\/tr>\n<tr class=\"row-8\">\n\t<td class=\"column-1\">Facebook:<\/td><td class=\"column-2\"><a href=\"https:\/\/fr-fr.facebook.com\/Shell\" target=\"_blank\">Shell sur Facebook<\/a><\/td>\n<\/tr>\n<\/tbody>\n<\/table>\n<!-- #tablepress-107 from cache -->\n","protected":false},"excerpt":{"rendered":"<p>La marque d&#8217;es<\/p>\n","protected":false},"author":9,"featured_media":0,"parent":120318,"menu_order":19,"comment_status":"closed","ping_status":"closed","template":"","meta":{"footnotes":""},"class_list":["post-82753","page","type-page","status-publish","hentry"],"aioseo_notices":[],"jetpack_sharing_enabled":true,"_links":{"self":[{"href":"https:\/\/depquebec.com\/zh-hans\/wp-json\/wp\/v2\/pages\/82753","targetHints":{"allow":["GET"]}}],"collection":[{"href":"https:\/\/depquebec.com\/zh-hans\/wp-json\/wp\/v2\/pages"}],"about":[{"href":"https:\/\/depquebec.com\/zh-hans\/wp-json\/wp\/v2\/types\/page"}],"author":[{"embeddable":true,"href":"https:\/\/depquebec.com\/zh-hans\/wp-json\/wp\/v2\/users\/9"}],"replies":[{"embeddable":true,"href":"https:\/\/depquebec.com\/zh-hans\/wp-json\/wp\/v2\/comments?post=82753"}],"version-history":[{"count":0,"href":"https:\/\/depquebec.com\/zh-hans\/wp-json\/wp\/v2\/pages\/82753\/revisions"}],"up":[{"embeddable":true,"href":"https:\/\/depquebec.com\/zh-hans\/wp-json\/wp\/v2\/pages\/120318"}],"wp:attachment":[{"href":"https:\/\/depquebec.com\/zh-hans\/wp-json\/wp\/v2\/media?parent=82753"}],"curies":[{"name":"wp","href":"https:\/\/api.w.org\/{rel}","templated":true}]}}