{"id":82752,"date":"2017-01-13T19:47:53","date_gmt":"2017-01-14T00:47:53","guid":{"rendered":"https:\/\/depquebec.com\/%e8%bf%9e%e9%94%81%e9%9b%b6%e5%94%ae%e4%bc%81%e4%b8%9a%e7%ae%80%e4%bb%8b\/filgo-2\/"},"modified":"2019-05-02T16:49:38","modified_gmt":"2019-05-02T20:49:38","slug":"filgo-2","status":"publish","type":"page","link":"https:\/\/depquebec.com\/zh-hans\/%e8%bf%9e%e9%94%81%e9%9b%b6%e5%94%ae%e4%bc%81%e4%b8%9a%e7%ae%80%e4%bb%8b\/filgo-2\/","title":{"rendered":"GROUPE FILGO-SONIC"},"content":{"rendered":"<figure id=\"attachment_1246\" aria-describedby=\"caption-attachment-1246\" style=\"width: 267px\" class=\"wp-caption alignleft\"><a href=\"http:\/\/www.filgo-sonic.com\/\" rel=\"attachment wp-att-1246\"><img decoding=\"async\" class=\"wp-image-1246 size-medium\" src=\"https:\/\/depquebec.com\/wp-content\/uploads\/2016\/12\/v008-1-267x200.png\" width=\"267\" height=\"200\" srcset=\"https:\/\/depquebec.com\/wp-content\/uploads\/2016\/12\/v008-1-267x200.png 267w, https:\/\/depquebec.com\/wp-content\/uploads\/2016\/12\/v008-1-600x450.png 600w, https:\/\/depquebec.com\/wp-content\/uploads\/2016\/12\/v008-1-768x576.png 768w, https:\/\/depquebec.com\/wp-content\/uploads\/2016\/12\/v008-1.png 800w\" sizes=\"(max-width: 267px) 100vw, 267px\" \/><\/a><figcaption id=\"caption-attachment-1246\" class=\"wp-caption-text\">D\u00e9cid\u00e9 en 2015 et parachev\u00e9 en 2016, l&#8217;union des deux cha\u00eenes promet de doper la croissance du groupe.<\/figcaption><\/figure>\n<p>Le <a href=\"http:\/\/www.filgo-sonic.com\/\" target=\"_blank\" rel=\"noopener noreferrer\"><strong>Groupe Filgo-Sonic<\/strong><\/a> est n\u00e9 de la fusion toute r\u00e9cente (2016) de <a href=\"http:\/\/www.sonic.coop\/\" target=\"_blank\" rel=\"noopener noreferrer\"><strong>\u00c9nergie Sonic<\/strong><\/a> de la <a href=\"http:\/\/web.lacoop.coop\/fr\/\" target=\"_blank\" rel=\"noopener noreferrer\"><strong>Coop F\u00e9d\u00e9r\u00e9e<\/strong><\/a> et de <a href=\"http:\/\/www.filgo.ca\/\" target=\"_blank\" rel=\"noopener noreferrer\"><strong>Filgo<\/strong><\/a>, un distributeur d&#8217;huile \u00e0 chauffage originaire de Beauce fond\u00e9 en 1956 sous le nom initial de Philippe Gosselin &amp; Ass. qui,\u00a0en 1983, d\u00e9cide de se diversifier en faisant l&#8217;acquisition de stations-service et en 1999, de lancer la banni\u00e8re Super Soir.<\/p>\n<figure id=\"attachment_1245\" aria-describedby=\"caption-attachment-1245\" style=\"width: 345px\" class=\"wp-caption alignright\"><a href=\"http:\/\/www.filgo.ca\/\" rel=\"attachment wp-att-1245\"><img decoding=\"async\" class=\"wp-image-1245\" src=\"https:\/\/depquebec.com\/wp-content\/uploads\/2016\/12\/granby-image-300x148.jpg\" alt=\"\" width=\"345\" height=\"170\" srcset=\"https:\/\/depquebec.com\/wp-content\/uploads\/2016\/12\/granby-image-300x148.jpg 300w, https:\/\/depquebec.com\/wp-content\/uploads\/2016\/12\/granby-image-600x295.jpg 600w, https:\/\/depquebec.com\/wp-content\/uploads\/2016\/12\/granby-image-768x378.jpg 768w, https:\/\/depquebec.com\/wp-content\/uploads\/2016\/12\/granby-image-1024x504.jpg 1024w, https:\/\/depquebec.com\/wp-content\/uploads\/2016\/12\/granby-image.jpg 1632w\" sizes=\"(max-width: 345px) 100vw, 345px\" \/><\/a><figcaption id=\"caption-attachment-1245\" class=\"wp-caption-text\"><strong>Filgo<\/strong> investissait jusqu&#8217;\u00e0 r\u00e9cemment dans l&#8217;ouverture de nouveaux d\u00e9panneurs Super Soir comme celui-ci \u00e0 Granby, en 2015.<\/figcaption><\/figure>\n<p>Fond\u00e9e en 1922, la <a href=\"http:\/\/web.lacoop.coop\/fr\/\"><strong>Coop F\u00e9d\u00e9r\u00e9e<\/strong><\/a>\u00a0est la plus importante entreprise agroalimentaire au Qu\u00e9bec et elle est la 24e plus importante coop\u00e9rative agroalimentaire au monde. Elle repr\u00e9sente plus de 90 000 membres regroup\u00e9s dans 72 coop\u00e9ratives r\u00e9parties dans plusieurs provinces canadiennes. Sa division <a href=\"http:\/\/www.sonic.coop\/\" target=\"_blank\" rel=\"noopener noreferrer\"><strong>\u00c9nergie Sonic<\/strong><\/a>\u00a0est responsable de l&#8217;exploitation de la marque d&#8217;essence Sonic et des d\u00e9panneurs <a href=\"https:\/\/depquebec.com\/zh-hans\/bannieres\/sonichoix\/\"><strong>Sonichoix<\/strong><\/a>.<\/p>\n<p>La combinaison des forces des deux entreprises sp\u00e9cialis\u00e9es dans la distribution de produits d\u2019\u00e9nergies et l\u2019envergure de leur empreinte en r\u00e9gion sont des actifs sur lesquels le <a href=\"http:\/\/www.filgo-sonic.com\/\" target=\"_blank\" rel=\"noopener noreferrer\"><strong>Groupe Filgo-Sonic<\/strong><\/a> pourra compter pour soutenir sa croissance. Le Groupe, qui distribue d\u00e9j\u00e0 1,6 milliard de litres de carburant par ann\u00e9e, compte 300 stations-service, 775 employ\u00e9s, 24 places d\u2019affaires et 166 agents distributeurs et livreurs. Son chiffre d\u2019affaires est de quelque 1,5 milliard de dollars.<\/p>\n<h4>Profil du r\u00e9seau au Qu\u00e9bec*<\/h4>\n\n<table id=\"tablepress-28\" class=\"tablepress tablepress-id-28\">\n<thead>\n<tr class=\"row-1\">\n\t<th class=\"column-1\"><center>BANNI\u00c8RE<\/center><\/th><th class=\"column-2\"><center>TYPE<\/center><\/th><th class=\"column-3\"><center>SANS ESSENCE<\/center><\/th><th class=\"column-4\"><center>AVEC ESSENCE<\/center><\/th><th class=\"column-5\"><center>TOTAL<\/center><\/th><th class=\"column-6\"><center>ESSENCE \/ D\u00c9PANNEUR<\/center><\/th>\n<\/tr>\n<\/thead>\n<tbody class=\"row-striping row-hover\">\n<tr class=\"row-2\">\n\t<td class=\"column-1\"><strong><a href=\"https:\/\/depquebec.com\/bannieres\/supersoir-2\/\">Super Soir<\/a><\/strong><\/td><td class=\"column-2\">D\u00e9panneur<\/td><td class=\"column-3\"><center>14<\/center><\/td><td class=\"column-4\"><center>44<\/center><\/td><td class=\"column-5\"><center><strong>58<\/strong><\/center><\/td><td class=\"column-6\"><a href=\"https:\/\/depquebec.com\/marques-dessence\/shell\/\">Shell<\/a> (27)<br \/>\n<a href=\"https:\/\/depquebec.com\/marques-dessence\/miraco\/\">Miraco<\/a> (6)<br \/>\n<a href=\"https:\/\/depquebec.com\/marques-dessence\/esso\/\">Esso<\/a> (1), Eko (1), etc.<br \/>\n<\/td>\n<\/tr>\n<tr class=\"row-3\">\n\t<td class=\"column-1\"><strong><a href=\"https:\/\/depquebec.com\/bannieres\/sonichoix\/\">Sonichoix<\/a><\/strong><\/td><td class=\"column-2\">D\u00e9panneur <\/td><td class=\"column-3\"><center>0<\/center><\/td><td class=\"column-4\"><center>15<\/center><\/td><td class=\"column-5\"><center><strong>15<\/strong><\/center><\/td><td class=\"column-6\"><a href=\"https:\/\/depquebec.com\/marques-dessence\/sonic\/\">Sonic<\/a> (15)<br \/>\n<\/td>\n<\/tr>\n<tr class=\"row-4\">\n\t<td class=\"column-1\"><strong><a href=\"https:\/\/depquebec.com\/marques-dessence\/sonic\/\">Sonic<\/a><\/strong><\/td><td class=\"column-2\">Marque d'essence<\/td><td class=\"column-3\"><\/td><td class=\"column-4\"><\/td><td class=\"column-5\"><center><strong>141<\/strong><\/center><\/td><td class=\"column-6\"><a href=\"https:\/\/depquebec.com\/bannieres\/gem\/\">GEM<\/a> (36)<br \/>\n<a href=\"https:\/\/depquebec.com\/bannieres\/sonichoix\/\">Sonichoix<\/a> (15)<br \/>\n<a href=\"https:\/\/depquebec.com\/bannieres\/boni-soir\/\">Boni-Soir<\/a> (11)<br \/>\n<a href=\"https:\/\/depquebec.com\/bannieres\/supersagamie\/\">Super Sagamie<\/a> (7)<br \/>\nInd\u00e9pendants (40), etc.<\/td>\n<\/tr>\n<tr class=\"row-5\">\n\t<td class=\"column-1\"><strong><a href=\"https:\/\/depquebec.com\/marques-dessence\/miraco\/\">Miraco<\/a><\/strong><\/td><td class=\"column-2\">Marque d'essence<\/td><td class=\"column-3\"><\/td><td class=\"column-4\"><\/td><td class=\"column-5\"><center><strong>9<\/strong><\/center><\/td><td class=\"column-6\"><a href=\"https:\/\/depquebec.com\/bannieres\/unisoir\/\">UniSoir<\/a> (1)<br \/>\n<a href=\"https:\/\/depquebec.com\/bannieres\/marcheami\/\">March\u00e9 Ami<\/a> (1)<\/td>\n<\/tr>\n<tr class=\"row-6\">\n\t<td class=\"column-1\"><strong>TOTAL<\/strong><\/td><td class=\"column-2\"><\/td><td class=\"column-3\"><strong><center>14<\/center><\/strong><\/td><td class=\"column-4\"><center><strong>59<\/strong><\/center><\/td><td class=\"column-5\"><center><strong>223<\/strong><\/center><\/td><td class=\"column-6\"><a href=\"https:\/\/depquebec.com\/marques-dessence\/sonic\/\">Sonic<\/a> (141)<br \/>\n<a href=\"https:\/\/depquebec.com\/marques-dessence\/shell\/\">Shell <\/a>(27)<br \/>\n<a href=\"https:\/\/depquebec.com\/marques-dessence\/miraco\/\">Miraco<\/a> (8)<br \/>\n<a href=\"https:\/\/depquebec.com\/marques-dessence\/esso\/\">Esso<\/a> (1), <a href=\"https:\/\/depquebec.com\/marques-dessence\/eko\/\">Eko<\/a> (1), etc.<\/td>\n<\/tr>\n<\/tbody>\n<\/table>\n\n<p>*Cette liste ne comprend pas les postes d&#8217;essence de garage et autres centres d&#8217;entretien automobile.<\/p>\n<p><strong>Marques de commerce<\/strong><\/p>\n<div class=\"awp-flickr-gallery-container single-photostream-128793\">\t\t<p class=\"awp-flickr-post-title\"\n\t\t\tstyle=\"color:#000000; font-size: 16px ; text-align:left;\">\n\t\t\tFilgo-Sonic\t\t<\/p>\n\t\t<div id=\"awp-flickr-album-128793\"\n\tclass=\"awp-flickr-gallery-container awp-flickr-album-128793\"\n    data-gallery-id=\"128793\">\n\t            <div class=\"img-responsive text-center single-flickr-item single-album-128793 col-md-3\">\n                                    <a href=\"https:\/\/live.staticflickr.com\/695\/30698259733_234a78fbfc.jpg\" class=\"awl-hm-card-inner\" style=\"display: block;\"\n                        data-sub-html=\"h001\"\n                        data-rel=\"lightcase-128793:myCollection:slideshow\">\n                \n                    <div class=\"awl-hm-overlay\">\n                        <div class=\"awl-hm-plus\"><\/div>\n                        <div class=\"awl-hm-content\">\n                            <h4 class=\"awl-hm-title\">h001<\/h4>\n                            <span class=\"awl-hm-icon\">View Photo<\/span>\n                        <\/div>\n                    <\/div>\n\n                    <img decoding=\"async\" class=\"img-responsive img-thumbnail photo loading\" src=\"https:\/\/live.staticflickr.com\/695\/30698259733_234a78fbfc_q.jpg\"\n                        alt=\"h001\" width=\"100%\" height=\"auto\">\n\n                                    <\/a>\n                            <\/div>\n                        <div class=\"img-responsive text-center single-flickr-item single-album-128793 col-md-3\">\n                                    <div class=\"awl-hm-card-inner\">\n                \n                    <div class=\"awl-hm-overlay\">\n                        <div class=\"awl-hm-plus\"><\/div>\n                        <div class=\"awl-hm-content\">\n                            <h4 class=\"awl-hm-title\">c001<\/h4>\n                            <span class=\"awl-hm-icon\">View Photo<\/span>\n                        <\/div>\n                    <\/div>\n\n                    <img decoding=\"async\" class=\"img-responsive img-thumbnail photo loading\" src=\"https:\/\/live.staticflickr.com\/396\/30698259623_8d8bdd3de1_q.jpg\"\n                        alt=\"c001\" width=\"100%\" height=\"auto\">\n\n                                    <\/div>\n                            <\/div>\n                        <div class=\"img-responsive text-center single-flickr-item single-album-128793 col-md-3\">\n                                    <a href=\"https:\/\/live.staticflickr.com\/353\/31361082852_6cda7a4f46.jpg\" class=\"awl-hm-card-inner\" style=\"display: block;\"\n                        data-sub-html=\"z015\"\n                        data-rel=\"lightcase-128793:myCollection:slideshow\">\n                \n                    <div class=\"awl-hm-overlay\">\n                        <div class=\"awl-hm-plus\"><\/div>\n                        <div class=\"awl-hm-content\">\n                            <h4 class=\"awl-hm-title\">z015<\/h4>\n                            <span class=\"awl-hm-icon\">View Photo<\/span>\n                        <\/div>\n                    <\/div>\n\n                    <img decoding=\"async\" class=\"img-responsive img-thumbnail photo loading\" src=\"https:\/\/live.staticflickr.com\/353\/31361082852_6cda7a4f46_q.jpg\"\n                        alt=\"z015\" width=\"100%\" height=\"auto\">\n\n                                    <\/a>\n                            <\/div>\n                        <div class=\"img-responsive text-center single-flickr-item single-album-128793 col-md-3\">\n                                    <div class=\"awl-hm-card-inner\">\n                \n                    <div class=\"awl-hm-overlay\">\n                        <div class=\"awl-hm-plus\"><\/div>\n                        <div class=\"awl-hm-content\">\n                            <h4 class=\"awl-hm-title\">z008b<\/h4>\n                            <span class=\"awl-hm-icon\">View Photo<\/span>\n                        <\/div>\n                    <\/div>\n\n                    <img decoding=\"async\" class=\"img-responsive img-thumbnail photo loading\" src=\"https:\/\/live.staticflickr.com\/261\/31361082432_4d5d5a5731_q.jpg\"\n                        alt=\"z008b\" width=\"100%\" height=\"auto\">\n\n                                    <\/div>\n                            <\/div>\n            <\/div><\/div>\n<h4>Profil de l&#8217;entreprise<\/h4>\n\n<table id=\"tablepress-27\" class=\"tablepress tablepress-id-27\">\n<thead>\n<tr class=\"row-1\">\n\t<th class=\"column-1\">Nom:<\/th><th class=\"column-2\">Groupe Filgo-Sonic<\/th>\n<\/tr>\n<\/thead>\n<tbody class=\"row-striping row-hover\">\n<tr class=\"row-2\">\n\t<td class=\"column-1\"><a href=\"https:\/\/depquebec.com\/palmaresliste\/palmaressommaire\/\">Rang (surfaces):<\/a><\/td><td class=\"column-2\">9e sur 20<\/td>\n<\/tr>\n<tr class=\"row-3\">\n\t<td class=\"column-1\">Description:<\/td><td class=\"column-2\">Distributeur de produits p\u00e9troliers, franchiseur et exploitant de r\u00e9seaux de d\u00e9panneur.<\/td>\n<\/tr>\n<tr class=\"row-4\">\n\t<td class=\"column-1\">Total surfaces:<\/td><td class=\"column-2\">85<\/td>\n<\/tr>\n<tr class=\"row-5\">\n\t<td class=\"column-1\">Nombre d'employ\u00e9s:<\/td><td class=\"column-2\">775<\/td>\n<\/tr>\n<tr class=\"row-6\">\n\t<td class=\"column-1\">Date de fondation:<\/td><td class=\"column-2\">1956 par Philippe Gosselin (FILGO)<br \/>\n1922 pour la Coop F\u00e9d\u00e9r\u00e9e suite \u00e0 l'adoption d'une loi \u00e0 cet effet<\/td>\n<\/tr>\n<tr class=\"row-7\">\n\t<td class=\"column-1\">Principal dirigeant:<\/td><td class=\"column-2\">Michel Lehoux, pr\u00e9sident<\/td>\n<\/tr>\n<tr class=\"row-8\">\n\t<td class=\"column-1\">Si\u00e8ge social:<\/td><td class=\"column-2\">Montr\u00e9al<\/td>\n<\/tr>\n<tr class=\"row-9\">\n\t<td class=\"column-1\">Site web:<\/td><td class=\"column-2\"><a href=\"http:\/\/www.filgo-sonic.com\/\" target=\"_blank\">Nouveau site du Groupe Filgo-Sonic<\/a><br \/>\n<a href=\"http:\/\/www.filgo.ca\" target=\"_blank\">Site Filgo<\/a> et <br \/>\n<a href=\"http:\/\/www.sonic.coop\/\" target=\"_blank\">Site \u00c9nergie Sonic<\/a><\/td>\n<\/tr>\n<\/tbody>\n<\/table>\n\n","protected":false},"excerpt":{"rendered":"<p>Le Groupe Filgo-Soni<\/p>\n","protected":false},"author":9,"featured_media":0,"parent":82653,"menu_order":7,"comment_status":"closed","ping_status":"closed","template":"","meta":{"footnotes":""},"class_list":["post-82752","page","type-page","status-publish","hentry"],"aioseo_notices":[],"jetpack_sharing_enabled":true,"_links":{"self":[{"href":"https:\/\/depquebec.com\/zh-hans\/wp-json\/wp\/v2\/pages\/82752","targetHints":{"allow":["GET"]}}],"collection":[{"href":"https:\/\/depquebec.com\/zh-hans\/wp-json\/wp\/v2\/pages"}],"about":[{"href":"https:\/\/depquebec.com\/zh-hans\/wp-json\/wp\/v2\/types\/page"}],"author":[{"embeddable":true,"href":"https:\/\/depquebec.com\/zh-hans\/wp-json\/wp\/v2\/users\/9"}],"replies":[{"embeddable":true,"href":"https:\/\/depquebec.com\/zh-hans\/wp-json\/wp\/v2\/comments?post=82752"}],"version-history":[{"count":0,"href":"https:\/\/depquebec.com\/zh-hans\/wp-json\/wp\/v2\/pages\/82752\/revisions"}],"up":[{"embeddable":true,"href":"https:\/\/depquebec.com\/zh-hans\/wp-json\/wp\/v2\/pages\/82653"}],"wp:attachment":[{"href":"https:\/\/depquebec.com\/zh-hans\/wp-json\/wp\/v2\/media?parent=82752"}],"curies":[{"name":"wp","href":"https:\/\/api.w.org\/{rel}","templated":true}]}}