{"id":82748,"date":"2017-01-17T16:25:04","date_gmt":"2017-01-17T21:25:04","guid":{"rendered":"https:\/\/depquebec.com\/%e8%bf%9e%e9%94%81%e9%9b%b6%e5%94%ae%e4%bc%81%e4%b8%9a%e7%ae%80%e4%bb%8b\/paquet-fils-2\/"},"modified":"2019-11-05T11:51:19","modified_gmt":"2019-11-05T16:51:19","slug":"paquet-fils-2","status":"publish","type":"page","link":"https:\/\/depquebec.com\/zh-hans\/%e8%bf%9e%e9%94%81%e9%9b%b6%e5%94%ae%e4%bc%81%e4%b8%9a%e7%ae%80%e4%bb%8b\/paquet-fils-2\/","title":{"rendered":"Paquet &#038; Fils"},"content":{"rendered":"<figure id=\"attachment_1199\" aria-describedby=\"caption-attachment-1199\" style=\"width: 160px\" class=\"wp-caption alignleft\"><a href=\"http:\/\/www.paquetetfilsltee.com\/fr\/\" rel=\"attachment wp-att-1199\"><img decoding=\"async\" class=\"wp-image-1199 size-full\" src=\"https:\/\/depquebec.com\/wp-content\/uploads\/2016\/12\/v013.png\" width=\"160\" height=\"120\" \/><\/a><figcaption id=\"caption-attachment-1199\" class=\"wp-caption-text\">R\u00e9seau dynamique de stations-service et d\u00e9panneurs en Beauce et dans les environs.<\/figcaption><\/figure>\n<p>Distributeur de produits et d&#8217;\u00e9quipements p\u00e9troliers pour la grande r\u00e9gion de Qu\u00e9bec, <a href=\"http:\/\/www.paquetetfilsltee.com\/fr\/\"><strong>Paquet et fils<\/strong><\/a> s\u2019est impos\u00e9 comme un sp\u00e9cialiste dans le domaine de la lubrification, des carburants commerciaux et de l\u2019huile \u00e0 chauffage.<\/p>\n<figure id=\"attachment_1276\" aria-describedby=\"caption-attachment-1276\" style=\"width: 331px\" class=\"wp-caption alignright\"><a href=\"http:\/\/www.paquetetfilsltee.com\/fr\/\" rel=\"attachment wp-att-1276\"><img decoding=\"async\" class=\"wp-image-1276\" src=\"https:\/\/depquebec.com\/wp-content\/uploads\/2016\/12\/paquet-266x200.jpg\" width=\"331\" height=\"249\" srcset=\"https:\/\/depquebec.com\/wp-content\/uploads\/2016\/12\/paquet-266x200.jpg 266w, https:\/\/depquebec.com\/wp-content\/uploads\/2016\/12\/paquet-600x452.jpg 600w, https:\/\/depquebec.com\/wp-content\/uploads\/2016\/12\/paquet-768x578.jpg 768w, https:\/\/depquebec.com\/wp-content\/uploads\/2016\/12\/paquet.jpg 800w\" sizes=\"(max-width: 331px) 100vw, 331px\" \/><\/a><figcaption id=\"caption-attachment-1276\" class=\"wp-caption-text\">Si\u00e8ge social de l&#8217;entreprise \u00e0 L\u00e9vis.<\/figcaption><\/figure>\n<p>Dans les ann\u00e9es 1980, l&#8217;entreprise a lanc\u00e9 un r\u00e9seau d&#8217;une quarantaine de stations-service avec sa propre essence de\u00a0marque <a href=\"https:\/\/depquebec.com\/zh-hans\/marques-dessence\/olco\/\"><strong>OLCO<\/strong><\/a>. En 2012, elle\u00a0rapatriait la gestion de son r\u00e9seau et son enti\u00e8re op\u00e9ration sous la nouvelle banni\u00e8re <a href=\"https:\/\/depquebec.com\/en\/gas-brand-profiles\/paquet\/\"><strong>Paquet<\/strong><\/a>. De plus,\u00a0l&#8217;entreprise lan\u00e7ait en 2011 un r\u00e9seau de d\u00e9panneurs sous la marque <a href=\"https:\/\/depquebec.com\/en\/banner-profiles\/ici-depanneur\/\"><strong>ICI<\/strong><\/a>.<\/p>\n<p>L&#8217;entreprise jouit ainsi d\u2019une niche bien int\u00e9gr\u00e9e de stations-service et d\u00e9panneurs dans les r\u00e9gions de Qu\u00e9bec, Chaudi\u00e8re-Appalaches et du Bas-Saint-Laurent.<\/p>\n<p>&nbsp;<\/p>\n<h4>Profil du r\u00e9seau<\/h4>\n\n<table id=\"tablepress-42\" class=\"tablepress tablepress-id-42\">\n<thead>\n<tr class=\"row-1\">\n\t<th class=\"column-1\"><center>BANNI\u00c8RES<\/center><\/th><th class=\"column-2\"><center>TYPE<\/center><\/th><th class=\"column-3\"><center>SANS ESSENCE<\/center><\/th><th class=\"column-4\"><center>AVEC ESSENCE<\/center><\/th><th class=\"column-5\"><center>TOTAL<\/center><\/th><th class=\"column-6\"><center>ESSENCE \/ D\u00c9PANNEUR<\/center><\/th>\n<\/tr>\n<\/thead>\n<tbody class=\"row-striping row-hover\">\n<tr class=\"row-2\">\n\t<td class=\"column-1\"><strong><a href=\"https:\/\/depquebec.com\/bannieres\/icidepanneur\/\">ICI d\u00e9panneur<\/a><\/strong><\/td><td class=\"column-2\">D\u00e9panneur<\/td><td class=\"column-3\"><center>0<\/center><\/td><td class=\"column-4\"><center>8<\/center><\/td><td class=\"column-5\"><center><strong>8<\/strong><\/center><\/td><td class=\"column-6\"><a href=\"https:\/\/depquebec.com\/marques-dessence\/paquet\/\">Paquet<\/a> (7)<br \/>\n<\/td>\n<\/tr>\n<tr class=\"row-3\">\n\t<td class=\"column-1\"><strong><a href=\"https:\/\/depquebec.com\/marques-dessence\/paquet\/\">Paquet<\/a><\/strong><\/td><td class=\"column-2\">Marque d'essence<\/td><td class=\"column-3\"><\/td><td class=\"column-4\"><\/td><td class=\"column-5\"><center><strong>25<\/strong><\/center><\/td><td class=\"column-6\">Ind\u00e9pendants (9),<br \/>\n<a href=\"https:\/\/depquebec.com\/bannieres\/gem\/\">GEM<\/a> (5), etc.<br \/>\n<\/td>\n<\/tr>\n<tr class=\"row-4\">\n\t<td class=\"column-1\"><strong><a href=\"https:\/\/depquebec.com\/marques-dessence\/olco\/\">Olco<\/a><\/strong><\/td><td class=\"column-2\">Marque d'essence<\/td><td class=\"column-3\"><\/td><td class=\"column-4\"><\/td><td class=\"column-5\"><center><strong>3<\/strong><\/center><\/td><td class=\"column-6\">Ind\u00e9pendants (3)<br \/>\n<\/td>\n<\/tr>\n<tr class=\"row-5\">\n\t<td class=\"column-1\"><strong>TOTAL<\/strong><\/td><td class=\"column-2\"><\/td><td class=\"column-3\"><center><strong>0<\/strong><\/center><\/td><td class=\"column-4\"><center><strong>8<\/strong><\/center><\/td><td class=\"column-5\"><center><strong>36<\/strong><\/center><\/td><td class=\"column-6\"><\/td>\n<\/tr>\n<\/tbody>\n<\/table>\n<!-- #tablepress-42 from cache -->\n<h4>Marques de commerce<\/h4>\n<div class=\"awp-flickr-gallery-container single-photostream-128794\">\t\t<p class=\"awp-flickr-post-title\"\n\t\t\tstyle=\"color:#000000; font-size: 16px ; text-align:left;\">\n\t\t\tPaquet &#038; Fils\t\t<\/p>\n\t\t<div id=\"awp-flickr-album-128794\"\n\tclass=\"awp-flickr-gallery-container awp-flickr-album-128794\"\n    data-gallery-id=\"128794\">\n\t            <div class=\"img-responsive text-center single-flickr-item single-album-128794 col-md-3\">\n                                    <div class=\"awl-hm-card-inner\">\n                \n                    <div class=\"awl-hm-overlay\">\n                        <div class=\"awl-hm-plus\"><\/div>\n                        <div class=\"awl-hm-content\">\n                            <h4 class=\"awl-hm-title\">p001<\/h4>\n                            <span class=\"awl-hm-icon\">View Photo<\/span>\n                        <\/div>\n                    <\/div>\n\n                    <img decoding=\"async\" class=\"img-responsive img-thumbnail photo loading\" src=\"https:\/\/live.staticflickr.com\/5604\/31136380510_d428e36272_q.jpg\"\n                        alt=\"p001\" width=\"100%\" height=\"auto\">\n\n                                    <\/div>\n                            <\/div>\n                        <div class=\"img-responsive text-center single-flickr-item single-album-128794 col-md-3\">\n                                    <div class=\"awl-hm-card-inner\">\n                \n                    <div class=\"awl-hm-overlay\">\n                        <div class=\"awl-hm-plus\"><\/div>\n                        <div class=\"awl-hm-content\">\n                            <h4 class=\"awl-hm-title\">z009<\/h4>\n                            <span class=\"awl-hm-icon\">View Photo<\/span>\n                        <\/div>\n                    <\/div>\n\n                    <img decoding=\"async\" class=\"img-responsive img-thumbnail photo loading\" src=\"https:\/\/live.staticflickr.com\/148\/31392131181_716d28dae3_q.jpg\"\n                        alt=\"z009\" width=\"100%\" height=\"auto\">\n\n                                    <\/div>\n                            <\/div>\n                        <div class=\"img-responsive text-center single-flickr-item single-album-128794 col-md-3\">\n                                    <a href=\"https:\/\/live.staticflickr.com\/429\/31003374413_5929fa32e3.jpg\" class=\"awl-hm-card-inner\" style=\"display: block;\"\n                        data-sub-html=\"olco 2\"\n                        data-rel=\"lightcase-128794:myCollection:slideshow\">\n                \n                    <div class=\"awl-hm-overlay\">\n                        <div class=\"awl-hm-plus\"><\/div>\n                        <div class=\"awl-hm-content\">\n                            <h4 class=\"awl-hm-title\">olco 2<\/h4>\n                            <span class=\"awl-hm-icon\">View Photo<\/span>\n                        <\/div>\n                    <\/div>\n\n                    <img decoding=\"async\" class=\"img-responsive img-thumbnail photo loading\" src=\"https:\/\/live.staticflickr.com\/429\/31003374413_5929fa32e3_q.jpg\"\n                        alt=\"olco 2\" width=\"100%\" height=\"auto\">\n\n                                    <\/a>\n                            <\/div>\n            <\/div><\/div>\n<h4>Profil de l&#8217;entreprise<\/h4>\n\n<table id=\"tablepress-39\" class=\"tablepress tablepress-id-39\">\n<thead>\n<tr class=\"row-1\">\n\t<th class=\"column-1\">Nom:<\/th><th class=\"column-2\">Paquet &amp; Fils<\/th>\n<\/tr>\n<\/thead>\n<tbody class=\"row-striping row-hover\">\n<tr class=\"row-2\">\n\t<td class=\"column-1\"><a href=\"https:\/\/depquebec.com\/palmaresliste\/palmaressommaire\/\">Rang (cha\u00eenes):<\/a><\/td><td class=\"column-2\">16e sur 20<\/td>\n<\/tr>\n<tr class=\"row-3\">\n\t<td class=\"column-1\">Total d\u00e9panneurs:<\/td><td class=\"column-2\">8<\/td>\n<\/tr>\n<tr class=\"row-4\">\n\t<td class=\"column-1\">Total d'enseignes essence:<\/td><td class=\"column-2\">28<\/td>\n<\/tr>\n<tr class=\"row-5\">\n\t<td class=\"column-1\">Description:<\/td><td class=\"column-2\">Distributeur de produits p\u00e9troliers, franchiseur et exploitant de d\u00e9panneurs.<\/td>\n<\/tr>\n<tr class=\"row-6\">\n\t<td class=\"column-1\">Date de fondation:<\/td><td class=\"column-2\">1902<\/td>\n<\/tr>\n<tr class=\"row-7\">\n\t<td class=\"column-1\">Nombre d'employ\u00e9s:<\/td><td class=\"column-2\">80<\/td>\n<\/tr>\n<tr class=\"row-8\">\n\t<td class=\"column-1\">Principal dirigeant:<\/td><td class=\"column-2\">Simon Paquet, associ\u00e9<\/td>\n<\/tr>\n<tr class=\"row-9\">\n\t<td class=\"column-1\">Si\u00e8ge social:<\/td><td class=\"column-2\">L\u00e9vis<\/td>\n<\/tr>\n<tr class=\"row-10\">\n\t<td class=\"column-1\">Site web:<\/td><td class=\"column-2\"><a href=\"http:\/\/www.paquetetfilsltee.com\/fr\/\" target=\"_blank\">Paquet &amp; Fils Lt\u00e9e<\/a><\/td>\n<\/tr>\n<\/tbody>\n<\/table>\n<!-- #tablepress-39 from cache -->\n","protected":false},"excerpt":{"rendered":"<p>Distributeur de prod<\/p>\n","protected":false},"author":9,"featured_media":0,"parent":82653,"menu_order":13,"comment_status":"closed","ping_status":"closed","template":"","meta":{"footnotes":""},"class_list":["post-82748","page","type-page","status-publish","hentry"],"aioseo_notices":[],"jetpack_sharing_enabled":true,"_links":{"self":[{"href":"https:\/\/depquebec.com\/zh-hans\/wp-json\/wp\/v2\/pages\/82748","targetHints":{"allow":["GET"]}}],"collection":[{"href":"https:\/\/depquebec.com\/zh-hans\/wp-json\/wp\/v2\/pages"}],"about":[{"href":"https:\/\/depquebec.com\/zh-hans\/wp-json\/wp\/v2\/types\/page"}],"author":[{"embeddable":true,"href":"https:\/\/depquebec.com\/zh-hans\/wp-json\/wp\/v2\/users\/9"}],"replies":[{"embeddable":true,"href":"https:\/\/depquebec.com\/zh-hans\/wp-json\/wp\/v2\/comments?post=82748"}],"version-history":[{"count":0,"href":"https:\/\/depquebec.com\/zh-hans\/wp-json\/wp\/v2\/pages\/82748\/revisions"}],"up":[{"embeddable":true,"href":"https:\/\/depquebec.com\/zh-hans\/wp-json\/wp\/v2\/pages\/82653"}],"wp:attachment":[{"href":"https:\/\/depquebec.com\/zh-hans\/wp-json\/wp\/v2\/media?parent=82748"}],"curies":[{"name":"wp","href":"https:\/\/api.w.org\/{rel}","templated":true}]}}