{"id":82739,"date":"2017-01-18T15:36:06","date_gmt":"2017-01-18T20:36:06","guid":{"rendered":"https:\/\/depquebec.com\/marques-dessence\/crevier-2\/"},"modified":"2017-06-07T12:40:41","modified_gmt":"2017-06-07T16:40:41","slug":"crevier","status":"publish","type":"page","link":"https:\/\/depquebec.com\/zh-hans\/bannieres\/crevier\/","title":{"rendered":"Crevier (banni\u00e8re)"},"content":{"rendered":"<p><a href=\"https:\/\/depquebec.com\/wp-content\/uploads\/2017\/04\/83085_cr001.jpg\"><img decoding=\"async\" class=\"size-medium wp-image-83086 alignright\" src=\"https:\/\/depquebec.com\/wp-content\/uploads\/2017\/04\/83085_cr001-400x300.jpg\" alt=\"\" width=\"400\" height=\"300\" srcset=\"https:\/\/depquebec.com\/wp-content\/uploads\/2017\/04\/83085_cr001-400x300.jpg 400w, https:\/\/depquebec.com\/wp-content\/uploads\/2017\/04\/83085_cr001-600x450.jpg 600w, https:\/\/depquebec.com\/wp-content\/uploads\/2017\/04\/83085_cr001-768x576.jpg 768w, https:\/\/depquebec.com\/wp-content\/uploads\/2017\/04\/83085_cr001.jpg 800w\" sizes=\"(max-width: 400px) 100vw, 400px\" \/><\/a>Le <a href=\"https:\/\/depquebec.com\/profils-de-detaillants\/groupe-crevier\/\"><strong>Groupe Crevier<\/strong><\/a> peut a mis de l&#8217;avant une marque d&#8217;essence (Crevier) qui est aussi \u00e0 l&#8217;occasion une marque de d\u00e9panneurs exploit\u00e9s par l&#8217;entreprise.<\/p>\n<p>On d\u00e9nombre ainsi quelques d\u00e9panneurs qui affiche la banni\u00e8re <strong>Crevier<\/strong>.<\/p>\n<h4>Mode de franchisage<\/h4>\n<p>Peu importe le type de station-service, le <a href=\"https:\/\/depquebec.com\/profils-de-detaillants\/groupe-crevier\/\"><strong>Groupe Crevier<\/strong><\/a>\u00a0offre une solution cl\u00e9 en main selon les\u00a0besoins des d\u00e9taillants :<\/p>\n<ul class=\"list-squared\">\n<li>R\u00e9seau de sites potentiels<\/li>\n<li>Choix de marques<\/li>\n<li>Plans architecturaux<\/li>\n<li>D\u00e9panneurs<\/li>\n<li>Restauration rapide<\/li>\n<li>Fournisseurs d\u2019alimentation<\/li>\n<\/ul>\n<h4 class=\"title-sub title-sub-smaller\">Profil\u00a0de la banni\u00e8re<\/h4>\n\n<table id=\"tablepress-56\" class=\"tablepress tablepress-id-56\">\n<thead>\n<tr class=\"row-1\">\n\t<th class=\"column-1\"><center>BANNI\u00c8RE<\/center><\/th><th class=\"column-2\"><center>TYPE<\/center><\/th><th class=\"column-3\"><center>TOTAL<\/center><\/th><th class=\"column-4\"><center>SANS ESSENCE<\/center><\/th><th class=\"column-5\"><center>AVEC ESSENCE<\/center><\/th><th class=\"column-6\"><center>D\u00c9PANNEUR<\/center><\/th>\n<\/tr>\n<\/thead>\n<tbody class=\"row-striping row-hover\">\n<tr class=\"row-2\">\n\t<td class=\"column-1\"><strong><a href=\"https:\/\/depquebec.com\/marques-dessence\/crevier-2\/\">Crevier<\/a><\/strong><\/td><td class=\"column-2\">D\u00e9panneur<\/td><td class=\"column-3\"><center><strong>4<\/strong><\/center><\/td><td class=\"column-4\"><center>0<\/center><\/td><td class=\"column-5\"><center>4<\/center><\/td><td class=\"column-6\"><a href=\"https:\/\/depquebec.com\/marques-dessence\/crevier-2\/\">Crevier<\/a><\/td>\n<\/tr>\n<tr class=\"row-3\">\n\t<td class=\"column-1\"><strong><a href=\"https:\/\/depquebec.com\/marques-dessence\/crevier-2\/\">Crevier<\/a><\/strong><\/td><td class=\"column-2\">Marque d'essence<\/td><td class=\"column-3\"><center><strong>76<\/strong><\/center><\/td><td class=\"column-4\"><center>0<\/center><\/td><td class=\"column-5\"><center>76<\/center><\/td><td class=\"column-6\"><a href=\"https:\/\/depquebec.com\/bannieres\/boni-soir\/\">Boni-Soir<\/a> (7)<br \/>\n<a href=\"https:\/\/depquebec.com\/bannieres\/service-serviexpress\/\">Servi Express<\/a> (6)<br \/>\n<a href=\"https:\/\/depquebec.com\/bannieres\/beau-soir\/\">Beau-soir<\/a> (6), etc.<br \/>\n<\/td>\n<\/tr>\n<tr class=\"row-4\">\n\t<td class=\"column-1\"><strong>TOTAL<\/strong><\/td><td class=\"column-2\"><\/td><td class=\"column-3\"><center><strong>80<\/strong><\/center><\/td><td class=\"column-4\"><center>0<\/center><\/td><td class=\"column-5\"><center>80<\/center><\/td><td class=\"column-6\"><\/td>\n<\/tr>\n<\/tbody>\n<\/table>\n<!-- #tablepress-56 from cache -->\n","protected":false},"excerpt":{"rendered":"<p>Le Groupe Crevier pe<\/p>\n","protected":false},"author":9,"featured_media":0,"parent":120316,"menu_order":5,"comment_status":"closed","ping_status":"closed","template":"","meta":{"footnotes":""},"class_list":["post-82739","page","type-page","status-publish","hentry"],"aioseo_notices":[],"jetpack_sharing_enabled":true,"_links":{"self":[{"href":"https:\/\/depquebec.com\/zh-hans\/wp-json\/wp\/v2\/pages\/82739","targetHints":{"allow":["GET"]}}],"collection":[{"href":"https:\/\/depquebec.com\/zh-hans\/wp-json\/wp\/v2\/pages"}],"about":[{"href":"https:\/\/depquebec.com\/zh-hans\/wp-json\/wp\/v2\/types\/page"}],"author":[{"embeddable":true,"href":"https:\/\/depquebec.com\/zh-hans\/wp-json\/wp\/v2\/users\/9"}],"replies":[{"embeddable":true,"href":"https:\/\/depquebec.com\/zh-hans\/wp-json\/wp\/v2\/comments?post=82739"}],"version-history":[{"count":0,"href":"https:\/\/depquebec.com\/zh-hans\/wp-json\/wp\/v2\/pages\/82739\/revisions"}],"up":[{"embeddable":true,"href":"https:\/\/depquebec.com\/zh-hans\/wp-json\/wp\/v2\/pages\/120316"}],"wp:attachment":[{"href":"https:\/\/depquebec.com\/zh-hans\/wp-json\/wp\/v2\/media?parent=82739"}],"curies":[{"name":"wp","href":"https:\/\/api.w.org\/{rel}","templated":true}]}}