{"id":82737,"date":"2017-01-18T16:05:25","date_gmt":"2017-01-18T21:05:25","guid":{"rendered":"https:\/\/depquebec.com\/marques-dessence\/olco\/"},"modified":"2017-06-07T12:41:35","modified_gmt":"2017-06-07T16:41:35","slug":"olco","status":"publish","type":"page","link":"https:\/\/depquebec.com\/zh-hans\/marques-dessence\/olco\/","title":{"rendered":"Olco"},"content":{"rendered":"<p><span class=\"TexteSpecial\"><a href=\"https:\/\/depquebec.com\/marques-dessence\/olco\/z008c\/\" rel=\"attachment wp-att-1639\"><img decoding=\"async\" class=\"size-medium wp-image-1639 alignright\" src=\"https:\/\/depquebec.com\/wp-content\/uploads\/2017\/01\/z008c-400x300.jpg\" alt=\"\" width=\"400\" height=\"300\" srcset=\"https:\/\/depquebec.com\/wp-content\/uploads\/2017\/01\/z008c-400x300.jpg 400w, https:\/\/depquebec.com\/wp-content\/uploads\/2017\/01\/z008c.jpg 600w\" sizes=\"(max-width: 400px) 100vw, 400px\" \/><\/a><\/span><span class=\"TexteSpecial\">La marque d&#8217;essence <strong>Olco\u00a0<\/strong><\/span><span class=\"TexteSpecial\">est\u00a0presque disparue au Qu\u00e9bec mais encore quelques stations-service l&#8217;arborent par d\u00e9faut<\/span><span class=\"TexteSpecial\">.<\/span><\/p>\n<p><strong>Olco<\/strong> \u00e9tait une marque auparavant g\u00e9r\u00e9e par le <strong>Groupe P\u00e9trolier Olco<\/strong> de Montr\u00e9al-Est avant qu&#8217;il ne soit vendu en 2006.<\/p>\n<p>Le r\u00e9seau, qui a d\u00e9j\u00e0 compt\u00e9 jusqu&#8217;\u00e0 pr\u00e8s de 200 stations-service (source : <a href=\"https:\/\/en.wikipedia.org\/wiki\/OLCO_Petroleum_Group\" target=\"_blank\">wikipedia<\/a>) s&#8217;est peu \u00e0 peu effrit\u00e9 dans la foul\u00e9e de la privatisation du Groupe en 2005 qui a cess\u00e9 d&#8217;\u00eatre transig\u00e9 en bourse. En 2012, <a href=\"https:\/\/depquebec.com\/zh-hans\/%e8%bf%9e%e9%94%81%e9%9b%b6%e5%94%ae%e4%bc%81%e4%b8%9a%e7%ae%80%e4%bb%8b\/paquet-fils-2\/\"><strong>Paquet &amp; Fils<\/strong> <\/a>annon\u00e7ait qu&#8217;il reprenait 27 stations-service dans la r\u00e9gion de la Beauce et de Chaudi\u00e8re-Appalaches (source : <a href=\"http:\/\/www.lavoixdusud.com\/actualites\/2012\/10\/2\/les-stations-olco-sous-la-banniere-paque-3089118.html\" target=\"_blank\">La Voix du Sud<\/a>\u00a0et <a href=\"http:\/\/ici.radio-canada.ca\/nouvelle\/580926\/fin-banniere-olco-rive-sud\" target=\"_blank\">Radio-Canada<\/a>). Ces stations ont pour la plupart \u00e9t\u00e9 rebaptis\u00e9es sous la marque <a href=\"https:\/\/depquebec.com\/zh-hans\/marques-dessence\/paquet\/\"><strong>Paquet<\/strong><\/a>.<\/p>\n<p>Le si\u00e8ge social d&#8217;Olco est aujourd&#8217;hui occup\u00e9 par la compagnie <a href=\"https:\/\/depquebec.com\/profils-de-detaillants\/parkland-fuel-corporation\/\"><strong>Parkland<\/strong><\/a>.<\/p>\n","protected":false},"excerpt":{"rendered":"<p>La marque d&#8217;es<\/p>\n","protected":false},"author":9,"featured_media":0,"parent":120318,"menu_order":14,"comment_status":"closed","ping_status":"closed","template":"","meta":{"footnotes":""},"class_list":["post-82737","page","type-page","status-publish","hentry"],"aioseo_notices":[],"jetpack_sharing_enabled":true,"_links":{"self":[{"href":"https:\/\/depquebec.com\/zh-hans\/wp-json\/wp\/v2\/pages\/82737","targetHints":{"allow":["GET"]}}],"collection":[{"href":"https:\/\/depquebec.com\/zh-hans\/wp-json\/wp\/v2\/pages"}],"about":[{"href":"https:\/\/depquebec.com\/zh-hans\/wp-json\/wp\/v2\/types\/page"}],"author":[{"embeddable":true,"href":"https:\/\/depquebec.com\/zh-hans\/wp-json\/wp\/v2\/users\/9"}],"replies":[{"embeddable":true,"href":"https:\/\/depquebec.com\/zh-hans\/wp-json\/wp\/v2\/comments?post=82737"}],"version-history":[{"count":0,"href":"https:\/\/depquebec.com\/zh-hans\/wp-json\/wp\/v2\/pages\/82737\/revisions"}],"up":[{"embeddable":true,"href":"https:\/\/depquebec.com\/zh-hans\/wp-json\/wp\/v2\/pages\/120318"}],"wp:attachment":[{"href":"https:\/\/depquebec.com\/zh-hans\/wp-json\/wp\/v2\/media?parent=82737"}],"curies":[{"name":"wp","href":"https:\/\/api.w.org\/{rel}","templated":true}]}}