{"id":82731,"date":"2017-01-18T20:41:52","date_gmt":"2017-01-19T01:41:52","guid":{"rendered":"https:\/\/depquebec.com\/marques-dessence\/sergaz\/"},"modified":"2017-06-07T12:41:40","modified_gmt":"2017-06-07T16:41:40","slug":"sergaz","status":"publish","type":"page","link":"https:\/\/depquebec.com\/zh-hans\/marques-dessence\/sergaz\/","title":{"rendered":"Sergaz"},"content":{"rendered":"<p><span class=\"TexteSpecial\"><img decoding=\"async\" class=\"alignright wp-image-1651\" src=\"https:\/\/depquebec.com\/wp-content\/uploads\/2017\/01\/z012.jpg\" width=\"344\" height=\"258\" \/><\/span>La marque <strong>Sergaz<\/strong> provient d&#8217;un ancien groupe p\u00e9trolier canadien cr\u00e9e en 1971 et acquis par <strong><a href=\"https:\/\/depquebec.com\/zh-hans\/marques-dessence\/ultramar\/\">Ultramar<\/a>\u00a0<\/strong>en 1994.<\/p>\n<p>Au cours des ann\u00e9es 70 et 80, <strong>Sergaz<\/strong> d\u00e9veloppera un important r\u00e9seau de franchis\u00e9s \u00e0 travers le Qu\u00e9bec. Lors de l&#8217;exercice financier de 1984, <strong>Sergaz<\/strong> r\u00e9alisera des ventes s&#8217;\u00e9levant \u00e0 110 millions de dollars.<\/p>\n<p>Cette banni\u00e8re a \u00e9t\u00e9 peu \u00e0 peu int\u00e9gr\u00e9e dans le r\u00e9seau actuel d&#8217;<a href=\"https:\/\/depquebec.com\/zh-hans\/marques-dessence\/ultramar\/\"><strong>Ultramar<\/strong><\/a> mais il en reste quelques uns, dont une station-service \u00e0 Frelighsburg, en Mont\u00e9r\u00e9gie. Selon la propri\u00e9taire, il ne serait pas impossible que la banni\u00e8re soit relanc\u00e9e \u00e9ventuellement. Toutefois, depuis la vente de <strong><a href=\"http:\/\/www.cstbrands.com\/en-us\/OurCompany\" target=\"_blank\">CST<\/a>\u00a0<\/strong>\u00e0 <a href=\"https:\/\/depquebec.com\/zh-hans\/%e8%bf%9e%e9%94%81%e9%9b%b6%e5%94%ae%e4%bc%81%e4%b8%9a%e7%ae%80%e4%bb%8b\/alim-couche-tard\/\"><strong>Couche-Tard<\/strong><\/a> et <a href=\"https:\/\/depquebec.com\/zh-hans\/%e8%bf%9e%e9%94%81%e9%9b%b6%e5%94%ae%e4%bc%81%e4%b8%9a%e7%ae%80%e4%bb%8b\/parkland-fuel-corporation\/\"><strong>Parkland<\/strong><\/a>, cette id\u00e9e a probablement \u00e9t\u00e9 abandonn\u00e9e.<\/p>\n","protected":false},"excerpt":{"rendered":"<p>La marque Sergaz pro<\/p>\n","protected":false},"author":9,"featured_media":0,"parent":120318,"menu_order":18,"comment_status":"closed","ping_status":"closed","template":"","meta":{"footnotes":""},"class_list":["post-82731","page","type-page","status-publish","hentry"],"aioseo_notices":[],"jetpack_sharing_enabled":true,"_links":{"self":[{"href":"https:\/\/depquebec.com\/zh-hans\/wp-json\/wp\/v2\/pages\/82731","targetHints":{"allow":["GET"]}}],"collection":[{"href":"https:\/\/depquebec.com\/zh-hans\/wp-json\/wp\/v2\/pages"}],"about":[{"href":"https:\/\/depquebec.com\/zh-hans\/wp-json\/wp\/v2\/types\/page"}],"author":[{"embeddable":true,"href":"https:\/\/depquebec.com\/zh-hans\/wp-json\/wp\/v2\/users\/9"}],"replies":[{"embeddable":true,"href":"https:\/\/depquebec.com\/zh-hans\/wp-json\/wp\/v2\/comments?post=82731"}],"version-history":[{"count":0,"href":"https:\/\/depquebec.com\/zh-hans\/wp-json\/wp\/v2\/pages\/82731\/revisions"}],"up":[{"embeddable":true,"href":"https:\/\/depquebec.com\/zh-hans\/wp-json\/wp\/v2\/pages\/120318"}],"wp:attachment":[{"href":"https:\/\/depquebec.com\/zh-hans\/wp-json\/wp\/v2\/media?parent=82731"}],"curies":[{"name":"wp","href":"https:\/\/api.w.org\/{rel}","templated":true}]}}