{"id":82726,"date":"2017-01-18T21:31:38","date_gmt":"2017-01-19T02:31:38","guid":{"rendered":"https:\/\/depquebec.com\/marques-dessence\/supergaz\/"},"modified":"2017-06-07T12:41:43","modified_gmt":"2017-06-07T16:41:43","slug":"supergaz","status":"publish","type":"page","link":"https:\/\/depquebec.com\/zh-hans\/marques-dessence\/supergaz\/","title":{"rendered":"Super Gaz"},"content":{"rendered":"<p><span class=\"TexteSpecial\"><br \/>\n<a href=\"http:\/\/supersave.ca\/\" target=\"_blank\" rel=\"attachment wp-att-1662\"><img decoding=\"async\" class=\"alignright wp-image-1662 size-medium\" src=\"https:\/\/depquebec.com\/wp-content\/uploads\/2017\/01\/z016-400x300.jpg\" width=\"400\" height=\"300\" srcset=\"https:\/\/depquebec.com\/wp-content\/uploads\/2017\/01\/z016-400x300.jpg 400w, https:\/\/depquebec.com\/wp-content\/uploads\/2017\/01\/z016-600x450.jpg 600w, https:\/\/depquebec.com\/wp-content\/uploads\/2017\/01\/z016-768x576.jpg 768w, https:\/\/depquebec.com\/wp-content\/uploads\/2017\/01\/z016.jpg 800w\" sizes=\"(max-width: 400px) 100vw, 400px\" \/><\/a>La marque <strong>Super Gaz\u00a0<\/strong>provient d&#8217;une compagnie diversifi\u00e9e de Colombie-Britannique <strong><a href=\"https:\/\/depquebec.com\/zh-hans\/%e8%bf%9e%e9%94%81%e9%9b%b6%e5%94%ae%e4%bc%81%e4%b8%9a%e7%ae%80%e4%bb%8b\/super-save\/\" target=\"_blank\">Super Save Group<\/a><\/strong>. \u00a0<\/span><\/p>\n<p>Cette compagnie offre divers services allant de la location de toilette portative \u00e0 la gestion des d\u00e9chets, en passant par des stations-service et ce, toujours sous l&#8217;embl\u00e8me d&#8217;une marque d&#8217;escompte.<\/p>\n<p>Il n&#8217;y a que quelques stations-service au Qu\u00e9bec et la compagnie en question poss\u00e8de un bureau \u00e0 Montr\u00e9al.<\/p>\n<h4>Profil de la banni\u00e8re<\/h4>\n\n<table id=\"tablepress-124\" class=\"tablepress tablepress-id-124\">\n<thead>\n<tr class=\"row-1\">\n\t<th class=\"column-1\">Nom:<\/th><th class=\"column-2\">Super Save Group<\/th>\n<\/tr>\n<\/thead>\n<tbody class=\"row-striping row-hover\">\n<tr class=\"row-2\">\n\t<td class=\"column-1\"><a href=\"https:\/\/depquebec.com\/palmares-2\/palmares-des-marques-dessence\/\">Rang (marques d'essence):<\/a><\/td><td class=\"column-2\">18e de 19<\/td>\n<\/tr>\n<tr class=\"row-3\">\n\t<td class=\"column-1\"># enseignes:<\/td><td class=\"column-2\">8<\/td>\n<\/tr>\n<tr class=\"row-4\">\n\t<td class=\"column-1\">Description:<\/td><td class=\"column-2\">Marque d'essence maison<\/td>\n<\/tr>\n<tr class=\"row-5\">\n\t<td class=\"column-1\">Franchiseur:<\/td><td class=\"column-2\"><a href=\"http:\/\/supersave.ca\/\" target=\"_blank\">Super Save Group<\/a><\/td>\n<\/tr>\n<tr class=\"row-6\">\n\t<td class=\"column-1\">Type de franchise:<\/td><td class=\"column-2\"><a href=\"https:\/\/depquebec.com\/a-propos-depquebec\/nomenclature\/\">C) Magasin ind\u00e9pendant affili\u00e9 (banni\u00e9r\u00e9)<\/a><\/td>\n<\/tr>\n<tr class=\"row-7\">\n\t<td class=\"column-1\">Site web:<\/td><td class=\"column-2\"><a href=\"http:\/\/supersave.ca\/gas-stations\/\" target=\"_blank\">Super Gaz<\/a><\/td>\n<\/tr>\n<\/tbody>\n<\/table>\n<!-- #tablepress-124 from cache -->\n<p>&nbsp;<\/p>\n","protected":false},"excerpt":{"rendered":"<p>La marque Super Gaz\u00a0<\/p>\n","protected":false},"author":9,"featured_media":0,"parent":120318,"menu_order":21,"comment_status":"closed","ping_status":"closed","template":"","meta":{"footnotes":""},"class_list":["post-82726","page","type-page","status-publish","hentry"],"aioseo_notices":[],"jetpack_sharing_enabled":true,"_links":{"self":[{"href":"https:\/\/depquebec.com\/zh-hans\/wp-json\/wp\/v2\/pages\/82726","targetHints":{"allow":["GET"]}}],"collection":[{"href":"https:\/\/depquebec.com\/zh-hans\/wp-json\/wp\/v2\/pages"}],"about":[{"href":"https:\/\/depquebec.com\/zh-hans\/wp-json\/wp\/v2\/types\/page"}],"author":[{"embeddable":true,"href":"https:\/\/depquebec.com\/zh-hans\/wp-json\/wp\/v2\/users\/9"}],"replies":[{"embeddable":true,"href":"https:\/\/depquebec.com\/zh-hans\/wp-json\/wp\/v2\/comments?post=82726"}],"version-history":[{"count":0,"href":"https:\/\/depquebec.com\/zh-hans\/wp-json\/wp\/v2\/pages\/82726\/revisions"}],"up":[{"embeddable":true,"href":"https:\/\/depquebec.com\/zh-hans\/wp-json\/wp\/v2\/pages\/120318"}],"wp:attachment":[{"href":"https:\/\/depquebec.com\/zh-hans\/wp-json\/wp\/v2\/media?parent=82726"}],"curies":[{"name":"wp","href":"https:\/\/api.w.org\/{rel}","templated":true}]}}