{"id":82725,"date":"2017-01-18T21:35:38","date_gmt":"2017-01-19T02:35:38","guid":{"rendered":"https:\/\/depquebec.com\/marques-dessence\/micro-marques-desssence\/"},"modified":"2017-06-07T12:41:33","modified_gmt":"2017-06-07T16:41:33","slug":"micro-marques-desssence","status":"publish","type":"page","link":"https:\/\/depquebec.com\/zh-hans\/marques-dessence\/micro-marques-desssence\/","title":{"rendered":"Micro-marques d&#8217;essence"},"content":{"rendered":"<p><span class=\"TexteSpecial\">Il existe des dizaines de micro-marques d&#8217;essence au Qu\u00e9bec qu&#8217;on ne peut trouver qu&#8217;\u00e0 quelques exemplaires. La plupart sont en r\u00e9gions \u00e9loign\u00e9es mais pas toutes.<\/span><\/p>\n<p>Certaines font appel au sentiment d&#8217;appartenance (ex: <strong>Gazonord, P\u00e9trole du Qu\u00e9bec<\/strong>) tandis que d&#8217;autres misent les avantages du produit (<strong>P\u00e9trole Xtr\u00eame<\/strong>) ou encore, son aspect abordable (<strong>Ekonogaz<\/strong>).<\/p>\n<p>Voici un album photo qui pr\u00e9sente un bon panorama de ces marques des plus sympathiques :<\/p>\n<p>[FAG id=1667]<\/p>\n","protected":false},"excerpt":{"rendered":"<p>Il existe des dizain<\/p>\n","protected":false},"author":9,"featured_media":0,"parent":120318,"menu_order":12,"comment_status":"closed","ping_status":"closed","template":"","meta":{"footnotes":""},"class_list":["post-82725","page","type-page","status-publish","hentry"],"aioseo_notices":[],"jetpack_sharing_enabled":true,"_links":{"self":[{"href":"https:\/\/depquebec.com\/zh-hans\/wp-json\/wp\/v2\/pages\/82725","targetHints":{"allow":["GET"]}}],"collection":[{"href":"https:\/\/depquebec.com\/zh-hans\/wp-json\/wp\/v2\/pages"}],"about":[{"href":"https:\/\/depquebec.com\/zh-hans\/wp-json\/wp\/v2\/types\/page"}],"author":[{"embeddable":true,"href":"https:\/\/depquebec.com\/zh-hans\/wp-json\/wp\/v2\/users\/9"}],"replies":[{"embeddable":true,"href":"https:\/\/depquebec.com\/zh-hans\/wp-json\/wp\/v2\/comments?post=82725"}],"version-history":[{"count":0,"href":"https:\/\/depquebec.com\/zh-hans\/wp-json\/wp\/v2\/pages\/82725\/revisions"}],"up":[{"embeddable":true,"href":"https:\/\/depquebec.com\/zh-hans\/wp-json\/wp\/v2\/pages\/120318"}],"wp:attachment":[{"href":"https:\/\/depquebec.com\/zh-hans\/wp-json\/wp\/v2\/media?parent=82725"}],"curies":[{"name":"wp","href":"https:\/\/api.w.org\/{rel}","templated":true}]}}