{"id":82719,"date":"2017-01-24T11:16:49","date_gmt":"2017-01-24T16:16:49","guid":{"rendered":"https:\/\/depquebec.com\/macewen\/"},"modified":"2017-06-07T12:41:32","modified_gmt":"2017-06-07T16:41:32","slug":"macewen","status":"publish","type":"page","link":"https:\/\/depquebec.com\/zh-hans\/marques-dessence\/macewen\/","title":{"rendered":"MacEwen"},"content":{"rendered":"<p><a href=\"http:\/\/www.macewen.ca\/retail-gasolinec-stores\" target=\"_blank\" rel=\"attachment wp-att-1676\"><img decoding=\"async\" class=\"alignright wp-image-1676 size-medium\" src=\"https:\/\/depquebec.com\/wp-content\/uploads\/2017\/01\/z008d-400x300.jpg\" width=\"400\" height=\"300\" srcset=\"https:\/\/depquebec.com\/wp-content\/uploads\/2017\/01\/z008d-400x300.jpg 400w, https:\/\/depquebec.com\/wp-content\/uploads\/2017\/01\/z008d-600x450.jpg 600w, https:\/\/depquebec.com\/wp-content\/uploads\/2017\/01\/z008d-768x576.jpg 768w, https:\/\/depquebec.com\/wp-content\/uploads\/2017\/01\/z008d.jpg 800w\" sizes=\"(max-width: 400px) 100vw, 400px\" \/><\/a><\/p>\n<p><a href=\"http:\/\/www.macewen.ca\/retail-gasolinec-stores\" target=\"_blank\"><strong>MacEwen<\/strong><\/a> est un distributeur p\u00e9trolier ind\u00e9pendant fond\u00e9 en 1976 \u00e0 Maxville, pr\u00e8s de Cornwall, en Ontario. L&#8217;entreprise dispose d&#8217;un r\u00e9seau de 46 d\u00e9panneurs qui arborent la banni\u00e8re <a href=\"http:\/\/www.macewen.ca\/retail-gasolinec-stores\"><strong>C-Store<\/strong><\/a> en Ontario en plus de distribuer l&#8217;enseigne d&#8217;essence <a href=\"http:\/\/www.macewen.ca\/retail-gasolinec-stores\" target=\"_blank\"><strong>MacEwen<\/strong><\/a>. Au Qu\u00e9bec, on ne compte que\u00a0trois\u00a0enseignes d&#8217;essence <strong><a href=\"http:\/\/www.macewen.ca\/retail-gasolinec-stores\" target=\"_blank\">MacEwen<\/a>\u00a0<\/strong>et aucun d\u00e9panneur <strong>C-Store<\/strong>.<\/p>\n<p>Les stations-service et d\u00e9panneurs sont g\u00e9r\u00e9s par des propri\u00e9taires ind\u00e9pendants. L&#8217;investissement total requis varie de 80 000 $ \u00e0 115 000 $ et comprend:<\/p>\n<ul>\n<li>Inventaire des magasins de proximit\u00e9 (propri\u00e9t\u00e9 de l&#8217;exploitant) ;<\/li>\n<li>Capital d&#8217;exploitation ;<\/li>\n<li>D\u00e9p\u00f4t de garantie.<\/li>\n<\/ul>\n<h4>Profil de la banni\u00e8re<\/h4>\n\n<table id=\"tablepress-126\" class=\"tablepress tablepress-id-126\">\n<thead>\n<tr class=\"row-1\">\n\t<th class=\"column-1\">Nom:<\/th><th class=\"column-2\">MacEwen<\/th>\n<\/tr>\n<\/thead>\n<tbody class=\"row-striping row-hover\">\n<tr class=\"row-2\">\n\t<td class=\"column-1\"><a href=\"https:\/\/depquebec.com\/palmares\/palmares-des-marques-dessence\/\">Rang (marques d'essence):<\/a><\/td><td class=\"column-2\">19e sur 19<\/td>\n<\/tr>\n<tr class=\"row-3\">\n\t<td class=\"column-1\"># enseignes:<\/td><td class=\"column-2\">3 <\/td>\n<\/tr>\n<tr class=\"row-4\">\n\t<td class=\"column-1\">Description:<\/td><td class=\"column-2\">Marque d'essence canadienne<\/td>\n<\/tr>\n<tr class=\"row-5\">\n\t<td class=\"column-1\">Franchiseur:<\/td><td class=\"column-2\"><a href=\"http:\/\/www.macewen.ca\/retail-gasolinec-stores\" target=\"_blank\">MacEwen Petroleum<\/a><\/td>\n<\/tr>\n<tr class=\"row-6\">\n\t<td class=\"column-1\">Type de franchise:<\/td><td class=\"column-2\"><a href=\"https:\/\/depquebec.com\/base\/catfranchise\/\" target=\"_blank\">C) Magasin ind\u00e9pendant affili\u00e9 (banni\u00e9r\u00e9)<\/a><\/td>\n<\/tr>\n<tr class=\"row-7\">\n\t<td class=\"column-1\">Si\u00e8ge social:<\/td><td class=\"column-2\">Maxville<\/td>\n<\/tr>\n<tr class=\"row-8\">\n\t<td class=\"column-1\">Site web:<\/td><td class=\"column-2\"><a href=\"http:\/\/www.macewen.ca\/home\" target=\"_blank\">MacEwen<\/a><\/td>\n<\/tr>\n<\/tbody>\n<\/table>\n<!-- #tablepress-126 from cache -->\n<p>&nbsp;<\/p>\n","protected":false},"excerpt":{"rendered":"<p>MacEwen est un distr<\/p>\n","protected":false},"author":9,"featured_media":0,"parent":120318,"menu_order":11,"comment_status":"closed","ping_status":"closed","template":"","meta":{"footnotes":""},"class_list":["post-82719","page","type-page","status-publish","hentry"],"aioseo_notices":[],"jetpack_sharing_enabled":true,"_links":{"self":[{"href":"https:\/\/depquebec.com\/zh-hans\/wp-json\/wp\/v2\/pages\/82719","targetHints":{"allow":["GET"]}}],"collection":[{"href":"https:\/\/depquebec.com\/zh-hans\/wp-json\/wp\/v2\/pages"}],"about":[{"href":"https:\/\/depquebec.com\/zh-hans\/wp-json\/wp\/v2\/types\/page"}],"author":[{"embeddable":true,"href":"https:\/\/depquebec.com\/zh-hans\/wp-json\/wp\/v2\/users\/9"}],"replies":[{"embeddable":true,"href":"https:\/\/depquebec.com\/zh-hans\/wp-json\/wp\/v2\/comments?post=82719"}],"version-history":[{"count":0,"href":"https:\/\/depquebec.com\/zh-hans\/wp-json\/wp\/v2\/pages\/82719\/revisions"}],"up":[{"embeddable":true,"href":"https:\/\/depquebec.com\/zh-hans\/wp-json\/wp\/v2\/pages\/120318"}],"wp:attachment":[{"href":"https:\/\/depquebec.com\/zh-hans\/wp-json\/wp\/v2\/media?parent=82719"}],"curies":[{"name":"wp","href":"https:\/\/api.w.org\/{rel}","templated":true}]}}