{"id":120374,"date":"2017-01-09T14:44:17","date_gmt":"2017-01-09T19:44:17","guid":{"rendered":"https:\/\/depquebec.com\/marques-dessence\/ultramar\/"},"modified":"2017-01-09T14:44:17","modified_gmt":"2017-01-09T19:44:17","slug":"ultramar","status":"publish","type":"page","link":"https:\/\/depquebec.com\/zh-hans\/marques-dessence\/ultramar\/","title":{"rendered":"Ultramar"},"content":{"rendered":"<p><a href=\"http:\/\/www.ultramarcst.ca\/fr\/quebec\/stations-service\/\" target=\"_blank\" rel=\"attachment wp-att-1581\"><img decoding=\"async\" class=\"alignright wp-image-1581 size-medium\" src=\"https:\/\/depquebec.com\/wp-content\/uploads\/2017\/01\/z017-1.jpg\" width=\"400\" height=\"300\" srcset=\"https:\/\/depquebec.com\/wp-content\/uploads\/2017\/01\/z017-1.jpg 800w, https:\/\/depquebec.com\/wp-content\/uploads\/2017\/01\/z017-1-600x450.jpg 600w, https:\/\/depquebec.com\/wp-content\/uploads\/2017\/01\/z017-1-400x300.jpg 400w, https:\/\/depquebec.com\/wp-content\/uploads\/2017\/01\/z017-1-768x576.jpg 768w\" sizes=\"(max-width: 400px) 100vw, 400px\" \/><\/a><\/p>\n<p><a href=\"http:\/\/www.ultramarcst.ca\/fr\/quebec\/stations-service\/\" target=\"_blank\"><strong>Ultramar <\/strong><\/a>est la marque d&#8217;essence la plus r\u00e9pandue au Qu\u00e9bec\u00a0et compte une riche d&#8217;histoire dans la Belle province.<\/p>\n<p>En 1961, la compagnie anglaise <a class=\"new\" title=\"Ultramar plc (page inexistante)\" href=\"https:\/\/fr.wikipedia.org\/w\/index.php?title=Ultramar_plc&amp;action=edit&amp;redlink=1\" target=\"_blank\">Ultramar plc<\/a> cr\u00e9e une soci\u00e9t\u00e9 nomm\u00e9e <i>Golden Eagle<\/i> d\u00e9di\u00e9e \u00e0 ses op\u00e9rations p\u00e9troli\u00e8re au Canada (recherche et exploitation de p\u00e9trole \u00e0 Terre-Neuve\u00a0dans un premier temps). Vingt ans plus tard, au d\u00e9but des ann\u00e9es 1980, la compagnie change de nom pour redevenir <i>Ultramar<\/i>, mais en conservant l&#8217;aigle dor\u00e9 du logo de la Golden Eagle comme logo de la nouvelle compagnie. En 1971, la soci\u00e9t\u00e9 a 10 ans et construit une raffinerie\u00a0\u00e0 Saint-Romuald (aujourd&#8217;hui partie de L\u00e9vis). Cette installation sera plusieurs fois agrandie et modernis\u00e9e par la suite. En 1979, Ultramar ach\u00e8te CFM (<a class=\"new\" title=\"Canadian Fuel Marketers (page inexistante)\" href=\"https:\/\/fr.wikipedia.org\/w\/index.php?title=Canadian_Fuel_Marketers&amp;action=edit&amp;redlink=1\" target=\"_blank\">Canadian Fuel Marketers<\/a>) ainsi que des r\u00e9seaux de stations-service \u00e0 d&#8217;autres soci\u00e9t\u00e9s\u00a0: <a class=\"new\" title=\"Canadian Fuel Marketers (page inexistante)\" href=\"https:\/\/fr.wikipedia.org\/w\/index.php?title=Canadian_Fuel_Marketers&amp;action=edit&amp;redlink=1\" target=\"_blank\">Canadian Fuel Marketers<\/a>, <a title=\"Gulf Oil\" href=\"https:\/\/fr.wikipedia.org\/wiki\/Gulf_Oil\" target=\"_blank\">Gulf<\/a>, <a title=\"Sergaz\" href=\"https:\/\/fr.wikipedia.org\/wiki\/Sergaz\" target=\"_blank\">Sergaz<\/a>, <a title=\"Sunoco\" href=\"https:\/\/fr.wikipedia.org\/wiki\/Sunoco\" target=\"_blank\">Sunoco<\/a> et <a title=\"Spur\" href=\"https:\/\/fr.wikipedia.org\/wiki\/Spur\" target=\"_blank\">Spur<\/a>. Elle acquiert en 1983 les actifs\u00a0de Gulf\u00a0pour l&#8217;Est du Canada.<\/p>\n<p>En 1989, la capacit\u00e9 de raffinage est port\u00e9e \u00e0 <span class=\"nowrap\">130\u00a0000\u00a0barils<\/span>, soit environ 20,7 millions de litres par jour. En 1994, <strong><a href=\"http:\/\/www.ultramarcst.ca\/fr\/quebec\/stations-service\/\" target=\"_blank\">Ultramar<\/a>\u00a0<\/strong>ach\u00e8te les stations <a title=\"Sergaz\" href=\"https:\/\/fr.wikipedia.org\/wiki\/Sergaz\" target=\"_blank\">Sergaz<\/a>. En 1995, elle lance le\u00a0r\u00e9seau <i>D\u00e9panneur Du Coin<\/i>, en achetant plusieurs stations <strong>Sunoco<\/strong> de la r\u00e9gion de Qu\u00e9bec. En 2001, la raffinerie de Saint-Romuald (L\u00e9vis) est renomm\u00e9e Raffinerie Jean-Gaulin<i>\u00a0de L\u00e9vis<\/i> en l&#8217;honneur de <a title=\"Jean Gaulin\" href=\"https:\/\/fr.wikipedia.org\/wiki\/Jean_Gaulin\">Jean Gaulin<\/a>. En 2002, la capacit\u00e9 en est port\u00e9e \u00e0 plus de <span class=\"nowrap\">215\u00a0000\u00a0barils<\/span>, soit environ 34 millions de litres par jour. Lors de son rachat par <a title=\"Valero\" href=\"https:\/\/fr.wikipedia.org\/wiki\/Valero\" target=\"_blank\">Valero<\/a>, cette raffinerie devient l&#8217;une des 14 raffineries du groupe Valero qui produit en tout en 2010 environ <span class=\"nowrap\">2\u00a0600\u00a0000\u00a0barils<\/span> par jour.<\/p>\n<p>En plus de permettre de faire le plein, le r\u00e9seau offre une vaste gamme de produits et de services pour d\u00e9panner et rendre la route plus agr\u00e9able\u00a0de mani\u00e8re simple, rapide et efficace.<\/p>\n<p>Le concept <a href=\"\/wordpress?page_id=1396\"><strong>D\u00e9pan Express<\/strong><\/a> repose sur une entente de partenariat avec les d\u00e9taillants <a href=\"http:\/\/www.ultramarcst.ca\/fr\/quebec\/stations-service\/\" target=\"_blank\"><strong>Ultramar<\/strong><\/a>\u00a0affili\u00e9s qui se traduit par des ventes additionnelles gr\u00e2ce aux outils mis \u00e0 leur disposition, tout en demeurant \u00ab ma\u00eetre chez eux \u00bb.<\/p>\n<p>Le r\u00e9seau g\u00e9r\u00e9 depuis plusieurs ann\u00e9es par <a href=\"http:\/\/www.cstbrands.com\/en-us\/OurCompany\" target=\"_blank\"><strong>CST<\/strong> <\/a>(une ancienne division de <a href=\"https:\/\/www.valero.com\/en-us\" target=\"_blank\"><strong>Valero Energie<\/strong><\/a>) vient d&#8217;\u00eatre vendu \u00e0<a href=\"https:\/\/depquebec.com\/profils-de-detaillants\/parkland-fuel-corporation\/\"><strong> Parkland Fuel Corporation<\/strong><\/a> par l&#8217;entremise de <a href=\"https:\/\/depquebec.com\/profils-de-detaillants\/couche-tard-2\/\"><strong>Couche-Tard<\/strong><\/a>.<\/p>\n<h4>Services offerts dans le cadre d&#8217;une entente <a href=\"http:\/\/www.ultramarcst.ca\/fr\/quebec\/stations-service\/\" target=\"_blank\">Ultramar<\/a><\/h4>\n<ul>\n<li>Une \u00e9quipe de vente pr\u00e9sente dans l&#8217;Est du Canada;<\/li>\n<li>Un soutien personnalis\u00e9 au cr\u00e9dit;<\/li>\n<li>Un syst\u00e8me de prix centralis\u00e9;<\/li>\n<li>Un service de distribution \u00e0 la fine pointe de la technologie;<\/li>\n<li>Des ententes strat\u00e9giques avec les fournisseurs;<\/li>\n<li>L&#8217;aide de conseillers en marchandisage;<\/li>\n<li>Des conseils en ing\u00e9nierie et en construction;<\/li>\n<li>Un service de marketing actif.<\/li>\n<\/ul>\n<div class=\"incTinyMce\">\n<h4>Profil de la\u00a0marque d&#8217;essence<\/h4>\n<\/div>\n\n<table id=\"tablepress-67\" class=\"tablepress tablepress-id-67\">\n<thead>\n<tr class=\"row-1\">\n\t<th class=\"column-1\">Nom:<\/th><th class=\"column-2\">Ultramar<\/th>\n<\/tr>\n<\/thead>\n<tbody class=\"row-striping row-hover\">\n<tr class=\"row-2\">\n\t<td class=\"column-1\"><a href=\"https:\/\/depquebec.com\/palmares\/palmares-des-marques-dessence\/\">Rang (marques d'essence):<\/a><\/td><td class=\"column-2\">1er de 19<\/td>\n<\/tr>\n<tr class=\"row-3\">\n\t<td class=\"column-1\"># d'enseignes:<\/td><td class=\"column-2\">424<\/td>\n<\/tr>\n<tr class=\"row-4\">\n\t<td class=\"column-1\">Description:<\/td><td class=\"column-2\">P\u00e9trole import\u00e9 et raffin\u00e9 par Valero \u00c9nergie \u00e0 L\u00e9vis et distribu\u00e9 dans diff\u00e9rents terminaux \u00e0 travers le Qu\u00e9bec.<\/td>\n<\/tr>\n<tr class=\"row-5\">\n\t<td class=\"column-1\">Franchiseur:<\/td><td class=\"column-2\"><a href=\"https:\/\/depquebec.com\/profils-de-detaillants\/parkland-fuel-corporation\/\">P\u00e9troles Parkland<\/a> (anciennement CST)<\/td>\n<\/tr>\n<tr class=\"row-6\">\n\t<td class=\"column-1\">Type de franchise:<\/td><td class=\"column-2\"><a href=\"https:\/\/depquebec.com\/a-propos-depquebec\/nomenclature\/\">Type C) Magasin franchis\u00e9<\/a><br \/>\n<a href=\"https:\/\/depquebec.com\/a-propos-depquebec\/nomenclature\/\">Type D) Magasin ind\u00e9pendant affili\u00e9 (banni\u00e9r\u00e9)<\/a><\/td>\n<\/tr>\n<tr class=\"row-7\">\n\t<td class=\"column-1\">Site web:<\/td><td class=\"column-2\"><a href=\"http:\/\/www.ultramarcst.ca\/fr\/quebec\/stations-service\/?setsection=quebec-service-stations&amp;top_menu_region=quebec\" target=\"_blank\">Stations-Service Ultramar<\/a><\/td>\n<\/tr>\n<\/tbody>\n<\/table>\n<!-- #tablepress-67 from cache -->\n","protected":false},"excerpt":{"rendered":"<p>Ultramar est la marq<\/p>\n","protected":false},"author":9,"featured_media":0,"parent":120318,"menu_order":23,"comment_status":"closed","ping_status":"closed","template":"","meta":{"footnotes":""},"class_list":["post-120374","page","type-page","status-publish","hentry"],"aioseo_notices":[],"jetpack_sharing_enabled":true,"_links":{"self":[{"href":"https:\/\/depquebec.com\/zh-hans\/wp-json\/wp\/v2\/pages\/120374","targetHints":{"allow":["GET"]}}],"collection":[{"href":"https:\/\/depquebec.com\/zh-hans\/wp-json\/wp\/v2\/pages"}],"about":[{"href":"https:\/\/depquebec.com\/zh-hans\/wp-json\/wp\/v2\/types\/page"}],"author":[{"embeddable":true,"href":"https:\/\/depquebec.com\/zh-hans\/wp-json\/wp\/v2\/users\/9"}],"replies":[{"embeddable":true,"href":"https:\/\/depquebec.com\/zh-hans\/wp-json\/wp\/v2\/comments?post=120374"}],"version-history":[{"count":0,"href":"https:\/\/depquebec.com\/zh-hans\/wp-json\/wp\/v2\/pages\/120374\/revisions"}],"up":[{"embeddable":true,"href":"https:\/\/depquebec.com\/zh-hans\/wp-json\/wp\/v2\/pages\/120318"}],"wp:attachment":[{"href":"https:\/\/depquebec.com\/zh-hans\/wp-json\/wp\/v2\/media?parent=120374"}],"curies":[{"name":"wp","href":"https:\/\/api.w.org\/{rel}","templated":true}]}}