{"id":120372,"date":"2016-12-08T13:29:46","date_gmt":"2016-12-08T18:29:46","guid":{"rendered":"https:\/\/depquebec.com\/marques-dessence\/sonic\/"},"modified":"2016-12-08T13:29:46","modified_gmt":"2016-12-08T18:29:46","slug":"sonic","status":"publish","type":"page","link":"https:\/\/depquebec.com\/zh-hans\/marques-dessence\/sonic\/","title":{"rendered":"Sonic"},"content":{"rendered":"<p><a href=\"\/wordpress?p=1580\" rel=\"attachment wp-att-1580\"><img decoding=\"async\" class=\"size-medium wp-image-1580 alignright\" src=\"https:\/\/depquebec.com\/wp-content\/uploads\/2016\/12\/z015.jpg\" alt=\"\" width=\"400\" height=\"300\" srcset=\"https:\/\/depquebec.com\/wp-content\/uploads\/2016\/12\/z015.jpg 800w, https:\/\/depquebec.com\/wp-content\/uploads\/2016\/12\/z015-600x450.jpg 600w, https:\/\/depquebec.com\/wp-content\/uploads\/2016\/12\/z015-400x300.jpg 400w, https:\/\/depquebec.com\/wp-content\/uploads\/2016\/12\/z015-768x576.jpg 768w\" sizes=\"(max-width: 400px) 100vw, 400px\" \/><\/a>La marque d&#8217;essence <strong><a href=\"http:\/\/www.sonic.coop\/fr\/produits\/essence\" target=\"_blank\">Sonic<\/a>\u00a0<\/strong>provient\u00a0de <a href=\"http:\/\/www.sonic.coop\/\" target=\"_blank\"><strong>Sonic<\/strong><\/a>, division de La <a href=\"http:\/\/web.lacoop.coop\/en\/\" target=\"_blank\"><strong>Coop F\u00e9d\u00e9r\u00e9e<\/strong><\/a>. \u00a0Fond\u00e9e en 1958, celle-ci distribue annuellement plus de 900 millions de litres de produits d\u2019\u00e9nergie (essences, propane, diesel, mazout, lubrifiants, DEF et biomasse foresti\u00e8re) et fournit de l&#8217;essence \u00e0 152 stations-service au Qu\u00e9bec.<\/p>\n<p>Elle op\u00e8re aussi 21 d\u00e9p\u00f4ts et sites libre-service pour camion. Elle offre des services de vente, d\u2019installation et entretien d\u2019\u00e9quipements de chauffage et d\u2019entreposage.<\/p>\n<p><a href=\"http:\/\/www.sonic.coop\/\"><strong>Sonic\u00a0<\/strong><\/a>offre des essences visant \u00e0\u00a0r\u00e9pondre\u00a0aux rigueurs des saisons et \u00e0 toutes les normes gouvernementales en vigueur.\u00a0L&#8217;essence <strong>r\u00e9guli\u00e8re<\/strong> peut contenir jusqu\u2019\u00e0 10% d\u2019\u00e9thanol respectant les crit\u00e8res des grands manufacturiers automobiles et assurant un nettoyage sup\u00e9rieur des injecteurs, permettant des performances am\u00e9lior\u00e9es. L&#8217;essence <strong>Super<\/strong> ne contient pas d\u2019\u00e9thanol, mais atteint un indice d\u2019octane de 91 ce qui est id\u00e9al pour les voitures sports, de luxes ainsi que pour les appareils avec de petits moteurs tels les scies, tondeuses et les moteurs 2 temps.<\/p>\n<p>Les stations-service <a href=\"http:\/\/www.sonic.coop\/\" target=\"_blank\"><strong>Sonic\u00a0<\/strong><\/a>offrent quatre types d&#8217;essence sans plomb :<\/p>\n<ul>\n<li>la r\u00e9guli\u00e8re, poss\u00e9dant un indice d&#8217;octane minimum de 87;<\/li>\n<li>la sans plomb plus, avec un indice d&#8217;octane de 89;<\/li>\n<li>la super, avec un indice d&#8217;octane de 91;<\/li>\n<li>l\u2019essence-\u00e9thanol, avec un indice d\u2019octane variant entre 88 et 89.<\/li>\n<\/ul>\n<h4>Mode de franchisage<\/h4>\n<p>L&#8217;essence <strong><a href=\"http:\/\/www.sonic.coop\/fr\/produits\/essence\" target=\"_blank\">Sonic<\/a>\u00a0<\/strong>est disponible en mode de banni\u00e8re bas\u00e9e sur une entente d&#8217;approvisionnement ou encore, de franchise avec tout un ensemble de programme de soutien marketing, administratif et autres.<\/p>\n<h4>Profil de la marque d&#8217;essence<\/h4>\n\n<table id=\"tablepress-108\" class=\"tablepress tablepress-id-108\">\n<thead>\n<tr class=\"row-1\">\n\t<th class=\"column-1\">Nom:<\/th><th class=\"column-2\">Sonic<\/th>\n<\/tr>\n<\/thead>\n<tbody class=\"row-striping row-hover\">\n<tr class=\"row-2\">\n\t<td class=\"column-1\"><a href=\"https:\/\/depquebec.com\/palmares-2\/palmares-des-marques-dessence\/\">Rang (marques d'essence):<\/a><\/td><td class=\"column-2\">5e de 19<\/td>\n<\/tr>\n<tr class=\"row-3\">\n\t<td class=\"column-1\"># d'enseignes:<\/td><td class=\"column-2\">141<\/td>\n<\/tr>\n<tr class=\"row-4\">\n\t<td class=\"column-1\">Description:<\/td><td class=\"column-2\">Marque d'essence qu\u00e9b\u00e9coise<\/td>\n<\/tr>\n<tr class=\"row-5\">\n\t<td class=\"column-1\">Franchiseur:<\/td><td class=\"column-2\"><a href=\"https:\/\/depquebec.com\/profils-de-detaillants\/filgo-2\/\">Groupe Filgo-Sonic<\/a><\/td>\n<\/tr>\n<tr class=\"row-6\">\n\t<td class=\"column-1\">Type de franchise:<\/td><td class=\"column-2\"><a href=\"https:\/\/depquebec.com\/a-propos-depquebec\/nomenclature\/\">Type A) Magasin corporatif <\/a><br \/>\n<a href=\"https:\/\/depquebec.com\/a-propos-depquebec\/nomenclature\/\">Type B) Magasin franchis\u00e9<\/a><br \/>\n<\/td>\n<\/tr>\n<tr class=\"row-7\">\n\t<td class=\"column-1\">Site web:<\/td><td class=\"column-2\"><a href=\"http:\/\/www.sonic.coop\/fr\/produits\/essence\" target=\"_blank\">Essence Sonic<\/a><\/td>\n<\/tr>\n<\/tbody>\n<\/table>\n<!-- #tablepress-108 from cache -->\n","protected":false},"excerpt":{"rendered":"<p>La marque d&#8217;es<\/p>\n","protected":false},"author":9,"featured_media":0,"parent":120318,"menu_order":20,"comment_status":"closed","ping_status":"closed","template":"","meta":{"footnotes":""},"class_list":["post-120372","page","type-page","status-publish","hentry"],"aioseo_notices":[],"jetpack_sharing_enabled":true,"_links":{"self":[{"href":"https:\/\/depquebec.com\/zh-hans\/wp-json\/wp\/v2\/pages\/120372","targetHints":{"allow":["GET"]}}],"collection":[{"href":"https:\/\/depquebec.com\/zh-hans\/wp-json\/wp\/v2\/pages"}],"about":[{"href":"https:\/\/depquebec.com\/zh-hans\/wp-json\/wp\/v2\/types\/page"}],"author":[{"embeddable":true,"href":"https:\/\/depquebec.com\/zh-hans\/wp-json\/wp\/v2\/users\/9"}],"replies":[{"embeddable":true,"href":"https:\/\/depquebec.com\/zh-hans\/wp-json\/wp\/v2\/comments?post=120372"}],"version-history":[{"count":0,"href":"https:\/\/depquebec.com\/zh-hans\/wp-json\/wp\/v2\/pages\/120372\/revisions"}],"up":[{"embeddable":true,"href":"https:\/\/depquebec.com\/zh-hans\/wp-json\/wp\/v2\/pages\/120318"}],"wp:attachment":[{"href":"https:\/\/depquebec.com\/zh-hans\/wp-json\/wp\/v2\/media?parent=120372"}],"curies":[{"name":"wp","href":"https:\/\/api.w.org\/{rel}","templated":true}]}}