{"id":120370,"date":"2016-12-08T13:31:15","date_gmt":"2016-12-08T18:31:15","guid":{"rendered":"https:\/\/depquebec.com\/marques-dessence\/paquet\/"},"modified":"2016-12-08T13:31:15","modified_gmt":"2016-12-08T18:31:15","slug":"paquet","status":"publish","type":"page","link":"https:\/\/depquebec.com\/zh-hans\/marques-dessence\/paquet\/","title":{"rendered":"Paquet"},"content":{"rendered":"<p><a href=\"http:\/\/www.paquetetfilsltee.com\/fr\/\" target=\"_blank\" rel=\"attachment wp-att-1577\"><img decoding=\"async\" class=\"alignright wp-image-1577 size-full\" src=\"https:\/\/depquebec.com\/wp-content\/uploads\/2016\/12\/z009.jpg\" width=\"400\" height=\"300\" \/><\/a>Depuis septembre 2012,\u00a0<a href=\"https:\/\/depquebec.com\/profils-de-detaillants\/paquet-fils-2\/\"><strong>Paquet et fils<\/strong><\/a> a proc\u00e9d\u00e9 au rapatriement de la gestion de son r\u00e9seau de stations-service. Sous la banni\u00e8re <a href=\"http:\/\/www.paquetetfilsltee.com\/fr\/\" target=\"_blank\"><strong>Paquet<\/strong><\/a>, l\u2019entreprise s&#8217;est rapidement hiss\u00e9e en tant que plus important r\u00e9seau de stations-services ind\u00e9pendant de la rive-sud de Qu\u00e9bec.<\/p>\n<p>Les avantages offert par le franchiseur \u00e0 ses d\u00e9taillants sont les suivants :<\/p>\n<ul>\n<li>entreprise familiale avec des valeurs sociales;<\/li>\n<li>vision \u00e0 long terme incluant le d\u00e9veloppement durable;<\/li>\n<li>administrateurs locaux;<\/li>\n<li>valeurs-cl\u00e9s ax\u00e9es sur la transparence, la proximit\u00e9, l\u2019int\u00e9grit\u00e9 et la qualit\u00e9;<\/li>\n<li>compr\u00e9hension optimis\u00e9e des besoins des d\u00e9taillants;<\/li>\n<li>service \u00e0 la client\u00e8le de qualit\u00e9 accrue et personnalis\u00e9;<\/li>\n<li>disponibilit\u00e9 clients \/ fournisseurs accentu\u00e9e;<\/li>\n<li>encadrement marketing ajust\u00e9 et coh\u00e9rent (publicit\u00e9, promotion&#8230;);<\/li>\n<li>programme de qualit\u00e9 certifi\u00e9e, etc.<\/li>\n<\/ul>\n<p>L&#8217;entreprise jouit ainsi d\u2019une niche bien int\u00e9gr\u00e9e de stations-service et d\u00e9panneurs dans les r\u00e9gions de Qu\u00e9bec, Chaudi\u00e8re-Appalaches et du Bas-Saint-Laurent.<\/p>\n<h3>Profil de la marque d&#8217;essence<\/h3>\n\n<table id=\"tablepress-112\" class=\"tablepress tablepress-id-112\">\n<thead>\n<tr class=\"row-1\">\n\t<th class=\"column-1\">Nom:<\/th><th class=\"column-2\">Paquet<\/th>\n<\/tr>\n<\/thead>\n<tbody class=\"row-striping row-hover\">\n<tr class=\"row-2\">\n\t<td class=\"column-1\"><a href=\"https:\/\/depquebec.com\/palmares-2\/palmares-des-marques-dessence\/\">Rang (marques d'essence):<\/a><\/td><td class=\"column-2\">13e de 31<\/td>\n<\/tr>\n<tr class=\"row-3\">\n\t<td class=\"column-1\"># enseignes:<\/td><td class=\"column-2\">25<\/td>\n<\/tr>\n<tr class=\"row-4\">\n\t<td class=\"column-1\">Description:<\/td><td class=\"column-2\">Marque d'essence qu\u00e9b\u00e9coise<\/td>\n<\/tr>\n<tr class=\"row-5\">\n\t<td class=\"column-1\">Franchiseur:<\/td><td class=\"column-2\"><a href=\"https:\/\/depquebec.com\/profils-de-detaillants\/paquet-fils-2\/\">Paquet &amp; Fils<\/a><\/td>\n<\/tr>\n<tr class=\"row-6\">\n\t<td class=\"column-1\">Type de franchise:<\/td><td class=\"column-2\"><a href=\"https:\/\/depquebec.com\/a-propos-depquebec\/nomenclature\/\">B) Magasin corporatif<\/a><br \/>\n<a href=\"https:\/\/depquebec.com\/a-propos-depquebec\/nomenclature\/\">C) Magasin affili\u00e9s (banni\u00e9r\u00e9s)<\/a><\/td>\n<\/tr>\n<tr class=\"row-7\">\n\t<td class=\"column-1\">Site web:<\/td><td class=\"column-2\"><a href=\"http:\/\/www.paquetetfilsltee.com\/fr\/stations\/reseau\/\" target=\"_blank\">Essence Paquet<\/a><\/td>\n<\/tr>\n<\/tbody>\n<\/table>\n<!-- #tablepress-112 from cache -->\n","protected":false},"excerpt":{"rendered":"<p>Depuis septembre 201<\/p>\n","protected":false},"author":9,"featured_media":0,"parent":120318,"menu_order":15,"comment_status":"closed","ping_status":"closed","template":"","meta":{"footnotes":""},"class_list":["post-120370","page","type-page","status-publish","hentry"],"aioseo_notices":[],"jetpack_sharing_enabled":true,"_links":{"self":[{"href":"https:\/\/depquebec.com\/zh-hans\/wp-json\/wp\/v2\/pages\/120370","targetHints":{"allow":["GET"]}}],"collection":[{"href":"https:\/\/depquebec.com\/zh-hans\/wp-json\/wp\/v2\/pages"}],"about":[{"href":"https:\/\/depquebec.com\/zh-hans\/wp-json\/wp\/v2\/types\/page"}],"author":[{"embeddable":true,"href":"https:\/\/depquebec.com\/zh-hans\/wp-json\/wp\/v2\/users\/9"}],"replies":[{"embeddable":true,"href":"https:\/\/depquebec.com\/zh-hans\/wp-json\/wp\/v2\/comments?post=120370"}],"version-history":[{"count":0,"href":"https:\/\/depquebec.com\/zh-hans\/wp-json\/wp\/v2\/pages\/120370\/revisions"}],"up":[{"embeddable":true,"href":"https:\/\/depquebec.com\/zh-hans\/wp-json\/wp\/v2\/pages\/120318"}],"wp:attachment":[{"href":"https:\/\/depquebec.com\/zh-hans\/wp-json\/wp\/v2\/media?parent=120370"}],"curies":[{"name":"wp","href":"https:\/\/api.w.org\/{rel}","templated":true}]}}