{"id":120368,"date":"2017-01-10T19:53:47","date_gmt":"2017-01-11T00:53:47","guid":{"rendered":"https:\/\/depquebec.com\/marques-dessence\/harnois\/"},"modified":"2017-01-10T19:53:47","modified_gmt":"2017-01-11T00:53:47","slug":"harnois","status":"publish","type":"page","link":"https:\/\/depquebec.com\/zh-hans\/marques-dessence\/harnois\/","title":{"rendered":"Harnois"},"content":{"rendered":"<p><strong><a href=\"https:\/\/depquebec.com\/profils-de-detaillants\/harnois-groupe-petrolier\/\" rel=\"attachment wp-att-1548\"><img decoding=\"async\" class=\"alignright wp-image-1548 size-full\" src=\"https:\/\/depquebec.com\/wp-content\/uploads\/2017\/01\/z007.jpg\" width=\"400\" height=\"300\" srcset=\"https:\/\/depquebec.com\/wp-content\/uploads\/2017\/01\/z007.jpg 400w, https:\/\/depquebec.com\/wp-content\/uploads\/2017\/01\/z007-267x200.jpg 267w\" sizes=\"(max-width: 400px) 100vw, 400px\" \/><\/a><\/strong>La marque d&#8217;essence <strong><a href=\"http:\/\/www.harnoisgroupepetrolier.com\/Harnois\/reseau.htm\" target=\"_blank\">Harnois<\/a>\u00a0<\/strong>a \u00e9t\u00e9 cr\u00e9\u00e9e par <a href=\"https:\/\/depquebec.com\/profils-de-detaillants\/harnois-groupe-petrolier\/\"><strong>Harnois Groupe P\u00e9trolier<\/strong><\/a>, une entreprise de Lanaudi\u00e8re. <strong><a href=\"http:\/\/www.harnoisgroupepetrolier.com\/Harnois\/reseau.htm\" target=\"_blank\">Harnois<\/a>\u00a0<\/strong>se retrouve donc avec trois marques d&#8217;essence : <strong><a href=\"http:\/\/www.harnoisgroupepetrolier.com\/Harnois\/reseau.htm\" target=\"_blank\">Harnois<\/a><\/strong>, <a href=\"https:\/\/depquebec.com\/zh-hans\/marques-dessence\/esso\/\"><strong>Esso<\/strong><\/a> (avec qui elle a une entente de distribution) et <a href=\"https:\/\/depquebec.com\/zh-hans\/marques-dessence\/petro-t-2\/\"><strong>P\u00e9tro-T<\/strong><\/a>.<\/p>\n<h4>Mode de franchisage<\/h4>\n<p>Pour les d\u00e9taillants d&#8217;essence int\u00e9ress\u00e9s \u00e0 se joindre au r\u00e9seau <strong><a href=\"http:\/\/www.harnoisgroupepetrolier.com\/Harnois\/reseau.htm\" target=\"_blank\">Harnois<\/a><\/strong>, ce dernier offre une panoplie de services :<\/p>\n<ul>\n<li>des conseils techniques pour am\u00e9nagement p\u00e9trolier;<\/li>\n<li>programmes de marketing efficaces;<\/li>\n<li>conseils judicieux en marchandisage;<\/li>\n<li>programmes de vente adapt\u00e9s \u00e0 chaque besoin.<\/li>\n<\/ul>\n<h4>Profil de la\u00a0marque d&#8217;essence<\/h4>\n\n<table id=\"tablepress-105\" class=\"tablepress tablepress-id-105\">\n<thead>\n<tr class=\"row-1\">\n\t<th class=\"column-1\">Nom:<\/th><th class=\"column-2\">Harnois<\/th>\n<\/tr>\n<\/thead>\n<tbody class=\"row-striping row-hover\">\n<tr class=\"row-2\">\n\t<td class=\"column-1\"><a href=\"https:\/\/depquebec.com\/palmares-2\/palmares-des-marques-dessence\/\">Rang (marques d'essence):<\/a><\/td><td class=\"column-2\">9e de 19<\/td>\n<\/tr>\n<tr class=\"row-3\">\n\t<td class=\"column-1\"># d'enseignes:<\/td><td class=\"column-2\">71<\/td>\n<\/tr>\n<tr class=\"row-4\">\n\t<td class=\"column-1\">Description:<\/td><td class=\"column-2\">Marque d'essence qu\u00e9b\u00e9coise.<\/td>\n<\/tr>\n<tr class=\"row-5\">\n\t<td class=\"column-1\">Franchiseur:<\/td><td class=\"column-2\"><a href=\"https:\/\/depquebec.com\/profils-de-detaillants\/harnois-groupe-petrolier\/\" target=\"_blank\">Harnois Groupe P\u00e9trolier<\/a><\/td>\n<\/tr>\n<tr class=\"row-6\">\n\t<td class=\"column-1\">Type de franchise:<\/td><td class=\"column-2\"><a href=\"https:\/\/depquebec.com\/a-propos-depquebec\/nomenclature\/\">Type C) Magasin franchis\u00e9<\/a><br \/>\n<\/td>\n<\/tr>\n<tr class=\"row-7\">\n\t<td class=\"column-1\">Site web:<\/td><td class=\"column-2\"><a href=\"http:\/\/www.harnoisgroupepetrolier.com\/Harnois\/reseau.htm\" target=\"_blank\">Essence Harnois<\/a><\/td>\n<\/tr>\n<\/tbody>\n<\/table>\n<!-- #tablepress-105 from cache -->\n","protected":false},"excerpt":{"rendered":"<p>La marque d&#8217;es<\/p>\n","protected":false},"author":9,"featured_media":0,"parent":120318,"menu_order":9,"comment_status":"closed","ping_status":"closed","template":"","meta":{"footnotes":""},"class_list":["post-120368","page","type-page","status-publish","hentry"],"aioseo_notices":[],"jetpack_sharing_enabled":true,"_links":{"self":[{"href":"https:\/\/depquebec.com\/zh-hans\/wp-json\/wp\/v2\/pages\/120368","targetHints":{"allow":["GET"]}}],"collection":[{"href":"https:\/\/depquebec.com\/zh-hans\/wp-json\/wp\/v2\/pages"}],"about":[{"href":"https:\/\/depquebec.com\/zh-hans\/wp-json\/wp\/v2\/types\/page"}],"author":[{"embeddable":true,"href":"https:\/\/depquebec.com\/zh-hans\/wp-json\/wp\/v2\/users\/9"}],"replies":[{"embeddable":true,"href":"https:\/\/depquebec.com\/zh-hans\/wp-json\/wp\/v2\/comments?post=120368"}],"version-history":[{"count":0,"href":"https:\/\/depquebec.com\/zh-hans\/wp-json\/wp\/v2\/pages\/120368\/revisions"}],"up":[{"embeddable":true,"href":"https:\/\/depquebec.com\/zh-hans\/wp-json\/wp\/v2\/pages\/120318"}],"wp:attachment":[{"href":"https:\/\/depquebec.com\/zh-hans\/wp-json\/wp\/v2\/media?parent=120368"}],"curies":[{"name":"wp","href":"https:\/\/api.w.org\/{rel}","templated":true}]}}