{"id":120349,"date":"2017-01-10T13:23:51","date_gmt":"2017-01-10T18:23:51","guid":{"rendered":"https:\/\/depquebec.com\/bannieres\/marcheextra\/"},"modified":"2017-01-10T13:23:51","modified_gmt":"2017-01-10T18:23:51","slug":"marcheextra","status":"publish","type":"page","link":"https:\/\/depquebec.com\/zh-hans\/bannieres\/marcheextra\/","title":{"rendered":"March\u00e9 Extra!"},"content":{"rendered":"<p><strong><a href=\"http:\/\/marcheextra.ca\/\" rel=\"attachment wp-att-1600\"><img decoding=\"async\" class=\"alignright wp-image-1600 size-medium\" src=\"https:\/\/depquebec.com\/wp-content\/uploads\/2017\/01\/o003.jpg\" width=\"400\" height=\"300\" srcset=\"https:\/\/depquebec.com\/wp-content\/uploads\/2017\/01\/o003.jpg 800w, https:\/\/depquebec.com\/wp-content\/uploads\/2017\/01\/o003-600x450.jpg 600w, https:\/\/depquebec.com\/wp-content\/uploads\/2017\/01\/o003-400x300.jpg 400w, https:\/\/depquebec.com\/wp-content\/uploads\/2017\/01\/o003-768x576.jpg 768w\" sizes=\"(max-width: 400px) 100vw, 400px\" \/><\/a><a href=\"http:\/\/marcheextra.ca\/\" target=\"_blank\">March\u00e9 Extra!<\/a>\u00a0<\/strong>est l&#8217;une des trois banni\u00e8res de d\u00e9panneurs de <a href=\"https:\/\/depquebec.com\/profils-chaines\/metro\/\"><strong>Metro<\/strong><\/a>.<\/p>\n<p>Selon <a href=\"https:\/\/depquebec.com\/profils-chaines\/metro\/\"><strong>Metro<\/strong><\/a>, ce concept de march\u00e9s de d\u00e9panneurs ind\u00e9pendants et flexible correspond aux besoins d&#8217;exploitation du marchand. Dans certains magasins, on peut retrouver des services de boulangerie, de charcuteries, de p\u00e2tisseries, de plats cuisin\u00e9s, de fruits et l\u00e9gumes et des produits surgel\u00e9s.<\/p>\n<p>Les propri\u00e9taires ind\u00e9pendants affili\u00e9s sont aliment\u00e9s en produits\u00a0par\u00a0l&#8217;entrep\u00f4t <strong>Distagro<\/strong> de <strong><a href=\"https:\/\/depquebec.com\/profils-chaines\/metro\/\">Metro<\/a>\u00a0<\/strong>\u00e0 St-Jean-Port-Joli, qui appartient toujours \u00e0 Metro (l&#8217;autre, l&#8217;entrep\u00f4t de <strong>Distagro<\/strong> de Boucherville, a \u00e9t\u00e9 vendu par <strong><a href=\"https:\/\/depquebec.com\/profils-chaines\/metro\/\">Metro<\/a>\u00a0<\/strong>en 2012 \u00e0 la compagnie am\u00e9ricaine <strong>Sysco<\/strong> et ce, quelques mois seulement apr\u00e8s que les employ\u00e9s de cet entrep\u00f4t aient choisis de se syndicaliser et de s&#8217;affilier \u00e0 la CSN). Source : <a href=\"http:\/\/ici.radio-canada.ca\/nouvelle\/583917\/metro-vente-distagro-sysco-canada\" target=\"_blank\">Radio-Canada<\/a>.<\/p>\n<h4>Entente de franchise<\/h4>\n<p>Malgr\u00e9 que Metro dise compter 104 <strong><a href=\"http:\/\/marcheextra.ca\/\" target=\"_blank\">March\u00e9 Extra!<\/a><\/strong>\u00a0au Qu\u00e9bec, seulement la moiti\u00e9 s&#8217;affiche comme tel. Comme pour les <a href=\"https:\/\/depquebec.com\/bannieres\/gem\/\"><strong>GEM<\/strong><\/a>, l&#8217;affichage de la banni\u00e8re ne semble donc pas une obligation sine qua non pour y adh\u00e9rer\u00a0malgr\u00e9 qu&#8217;ici, contrairement \u00e0 <a href=\"https:\/\/depquebec.com\/bannieres\/gem\/\"><strong>GEM<\/strong><\/a>, <strong><a href=\"https:\/\/depquebec.com\/profils-chaines\/metro\/\">Metro<\/a>\u00a0<\/strong>fait des efforts louables de marketing, <strong><a href=\"http:\/\/marcheextra.ca\/\" target=\"_blank\">March\u00e9 Extra!<\/a><\/strong>\u00a0ayant son propre site Internet, ses rabais longue dur\u00e9e de m\u00eame que sa circulaire.<\/p>\n<div class=\"incTinyMce\">\n<h4>Profil de la banni\u00e8re<\/h4>\n<\/div>\n\n<table id=\"tablepress-70\" class=\"tablepress tablepress-id-70\">\n<thead>\n<tr class=\"row-1\">\n\t<th class=\"column-1\">Nom:<\/th><th class=\"column-2\">March\u00e9 Extra!<\/th>\n<\/tr>\n<\/thead>\n<tbody class=\"row-striping row-hover\">\n<tr class=\"row-2\">\n\t<td class=\"column-1\"><a href=\"https:\/\/depquebec.com\/palmaresliste\/palmares-bannieres\/\">Rang (banni\u00e8res):<\/a><\/td><td class=\"column-2\">31e sur 63<\/td>\n<\/tr>\n<tr class=\"row-3\">\n\t<td class=\"column-1\"># surfaces:<\/td><td class=\"column-2\">51<\/td>\n<\/tr>\n<tr class=\"row-4\">\n\t<td class=\"column-1\">Description:<\/td><td class=\"column-2\">Banni\u00e8re de d\u00e9panneurs ruraux<\/td>\n<\/tr>\n<tr class=\"row-5\">\n\t<td class=\"column-1\">Franchiseur:<\/td><td class=\"column-2\"><a href=\"https:\/\/depquebec.com\/profils-de-detaillants\/metro\/\">Metro<\/a><\/td>\n<\/tr>\n<tr class=\"row-6\">\n\t<td class=\"column-1\">Type de franchise:<\/td><td class=\"column-2\"><a href=\"https:\/\/depquebec.com\/a-propos-dep\/nomenclature\/\">Type D) Magasin ind\u00e9pendant affili\u00e9 (banni\u00e9r\u00e9)<\/a><\/td>\n<\/tr>\n<tr class=\"row-7\">\n\t<td class=\"column-1\">Site Internet:<\/td><td class=\"column-2\"><a href=\"https:\/\/marcheextra.ca\/Accueil.php\" target=\"_blank\">March\u00e9 Extra!<\/a><\/td>\n<\/tr>\n<\/tbody>\n<\/table>\n<!-- #tablepress-70 from cache -->\n","protected":false},"excerpt":{"rendered":"<p>March\u00e9 Extra!\u00a0est l&#038;<\/p>\n","protected":false},"author":9,"featured_media":0,"parent":120316,"menu_order":23,"comment_status":"closed","ping_status":"closed","template":"","meta":{"footnotes":""},"class_list":["post-120349","page","type-page","status-publish","hentry"],"aioseo_notices":[],"jetpack_sharing_enabled":true,"_links":{"self":[{"href":"https:\/\/depquebec.com\/zh-hans\/wp-json\/wp\/v2\/pages\/120349","targetHints":{"allow":["GET"]}}],"collection":[{"href":"https:\/\/depquebec.com\/zh-hans\/wp-json\/wp\/v2\/pages"}],"about":[{"href":"https:\/\/depquebec.com\/zh-hans\/wp-json\/wp\/v2\/types\/page"}],"author":[{"embeddable":true,"href":"https:\/\/depquebec.com\/zh-hans\/wp-json\/wp\/v2\/users\/9"}],"replies":[{"embeddable":true,"href":"https:\/\/depquebec.com\/zh-hans\/wp-json\/wp\/v2\/comments?post=120349"}],"version-history":[{"count":0,"href":"https:\/\/depquebec.com\/zh-hans\/wp-json\/wp\/v2\/pages\/120349\/revisions"}],"up":[{"embeddable":true,"href":"https:\/\/depquebec.com\/zh-hans\/wp-json\/wp\/v2\/pages\/120316"}],"wp:attachment":[{"href":"https:\/\/depquebec.com\/zh-hans\/wp-json\/wp\/v2\/media?parent=120349"}],"curies":[{"name":"wp","href":"https:\/\/api.w.org\/{rel}","templated":true}]}}