{"id":120347,"date":"2017-01-10T14:29:18","date_gmt":"2017-01-10T19:29:18","guid":{"rendered":"https:\/\/depquebec.com\/bannieres\/marcheami\/"},"modified":"2017-01-10T14:29:18","modified_gmt":"2017-01-10T19:29:18","slug":"marcheami","status":"publish","type":"page","link":"https:\/\/depquebec.com\/zh-hans\/bannieres\/marcheami\/","title":{"rendered":"March\u00e9 Ami"},"content":{"rendered":"<div class=\"brand metro_plus\">\n<div class=\"grid_moit\">\n<p><a href=\"http:\/\/marcheami.ca\/\" rel=\"attachment wp-att-1596\"><img decoding=\"async\" class=\"alignright wp-image-1596 size-full\" src=\"https:\/\/depquebec.com\/wp-content\/uploads\/2017\/01\/o002.jpg\" width=\"400\" height=\"300\" \/><\/a>Exploit\u00e9e par le g\u00e9ant alimentaire\u00a0<a href=\"https:\/\/depquebec.com\/zh-hans\/%e8%bf%9e%e9%94%81%e9%9b%b6%e5%94%ae%e4%bc%81%e4%b8%9a%e7%ae%80%e4%bb%8b\/metro\/\"><strong>Metro<\/strong><\/a>, la banni\u00e8re <a href=\"http:\/\/marcheami.ca\/\" target=\"_blank\"><strong>March\u00e9\u00a0Ami<\/strong><\/a>\u00a0a d\u00e9but\u00e9 dans la r\u00e9gion de Qu\u00e9bec en 1962. Le nom provient de l&#8217;<strong>Association des Marchands Ind\u00e9pendants (AMI)<\/strong>. En plus des rayons d&#8217;\u00e9picerie, ces commerces de petite surface offrent des rayons de viandes, fruits et l\u00e9gumes, produits laitiers, surgel\u00e9s, boulangerie et mets cuisin\u00e9s.<\/p>\n<\/div>\n<\/div>\n<h4>Entente de franchise<\/h4>\n<p>Malgr\u00e9 que <strong><a href=\"https:\/\/depquebec.com\/zh-hans\/%e8%bf%9e%e9%94%81%e9%9b%b6%e5%94%ae%e4%bc%81%e4%b8%9a%e7%ae%80%e4%bb%8b\/metro\/\">Metro<\/a>\u00a0<\/strong>dise compter 187 <a href=\"http:\/\/marcheami.ca\/\" target=\"_blank\"><strong>March\u00e9\u00a0Ami<\/strong><\/a>\u00a0au Qu\u00e9bec, seulement 96 s&#8217;affichent comme tel. Comme pour les <a href=\"https:\/\/depquebec.com\/zh-hans\/bannieres\/gem\/\"><strong>GEM<\/strong><\/a>, l&#8217;affichage de la banni\u00e8re ne semble donc pas une obligation sine qua non pour y adh\u00e9rer\u00a0malgr\u00e9 qu&#8217;ici, contrairement \u00e0 <a href=\"https:\/\/depquebec.com\/zh-hans\/bannieres\/gem\/\"><strong>GEM<\/strong><\/a>, <a href=\"https:\/\/depquebec.com\/zh-hans\/%e8%bf%9e%e9%94%81%e9%9b%b6%e5%94%ae%e4%bc%81%e4%b8%9a%e7%ae%80%e4%bb%8b\/metro\/\"><strong>Metro<\/strong><\/a>\u00a0fait des efforts louables de marketing, <a href=\"http:\/\/marcheami.ca\/\" target=\"_blank\"><strong>March\u00e9\u00a0Ami<\/strong><\/a>\u00a0ayant son propre site Internet, ses rabais longue dur\u00e9e de m\u00eame que sa circulaire, qui sont d&#8217;ailleurs une copie conforme de ceux du <a href=\"\/?page_id=1404\"><strong>March\u00e9 Extra!<\/strong><\/a> Le m\u00eame marketing sert donc aux deux banni\u00e8res.<\/p>\n<div class=\"incTinyMce\">\n<h4>Profil de la banni\u00e8re<\/h4>\n<\/div>\n\n<table id=\"tablepress-71\" class=\"tablepress tablepress-id-71\">\n<thead>\n<tr class=\"row-1\">\n\t<th class=\"column-1\">Nom:<\/th><th class=\"column-2\">March\u00e9 Ami<\/th>\n<\/tr>\n<\/thead>\n<tbody class=\"row-striping row-hover\">\n<tr class=\"row-2\">\n\t<td class=\"column-1\"><a href=\"https:\/\/depquebec.com\/palmaresliste\/palmares-bannieres\/\">Rang (banni\u00e8res):<\/a><\/td><td class=\"column-2\">14e sur 63<\/td>\n<\/tr>\n<tr class=\"row-3\">\n\t<td class=\"column-1\"># surfaces:<\/td><td class=\"column-2\">95<\/td>\n<\/tr>\n<tr class=\"row-4\">\n\t<td class=\"column-1\">Franchiseur:<\/td><td class=\"column-2\"><a href=\"https:\/\/depquebec.com\/profils-de-detaillants\/metro\/\">Metro<\/a><\/td>\n<\/tr>\n<tr class=\"row-5\">\n\t<td class=\"column-1\">Description:<\/td><td class=\"column-2\">Banni\u00e8re de petites \u00e9piceries de quartier<\/td>\n<\/tr>\n<tr class=\"row-6\">\n\t<td class=\"column-1\">Type de franchise:<\/td><td class=\"column-2\"><a href=\"https:\/\/depquebec.com\/a-propos-dep\/nomenclature\/\">Type D) Magasin ind\u00e9pendant affili\u00e9 (banni\u00e9r\u00e9)<\/a><\/td>\n<\/tr>\n<tr class=\"row-7\">\n\t<td class=\"column-1\">Si\u00e8ge social:<\/td><td class=\"column-2\">Montr\u00e9al<\/td>\n<\/tr>\n<tr class=\"row-8\">\n\t<td class=\"column-1\">Site Internet:<\/td><td class=\"column-2\"><a href=\"http:\/\/marcheami.ca\/Accueil.php\" target=\"_blank\">March\u00e9 Ami<\/a><\/td>\n<\/tr>\n<\/tbody>\n<\/table>\n<!-- #tablepress-71 from cache -->\n","protected":false},"excerpt":{"rendered":"<p>Exploit\u00e9e par le g\u00e9a<\/p>\n","protected":false},"author":9,"featured_media":0,"parent":120316,"menu_order":19,"comment_status":"closed","ping_status":"closed","template":"","meta":{"footnotes":""},"class_list":["post-120347","page","type-page","status-publish","hentry"],"aioseo_notices":[],"jetpack_sharing_enabled":true,"_links":{"self":[{"href":"https:\/\/depquebec.com\/zh-hans\/wp-json\/wp\/v2\/pages\/120347","targetHints":{"allow":["GET"]}}],"collection":[{"href":"https:\/\/depquebec.com\/zh-hans\/wp-json\/wp\/v2\/pages"}],"about":[{"href":"https:\/\/depquebec.com\/zh-hans\/wp-json\/wp\/v2\/types\/page"}],"author":[{"embeddable":true,"href":"https:\/\/depquebec.com\/zh-hans\/wp-json\/wp\/v2\/users\/9"}],"replies":[{"embeddable":true,"href":"https:\/\/depquebec.com\/zh-hans\/wp-json\/wp\/v2\/comments?post=120347"}],"version-history":[{"count":0,"href":"https:\/\/depquebec.com\/zh-hans\/wp-json\/wp\/v2\/pages\/120347\/revisions"}],"up":[{"embeddable":true,"href":"https:\/\/depquebec.com\/zh-hans\/wp-json\/wp\/v2\/pages\/120316"}],"wp:attachment":[{"href":"https:\/\/depquebec.com\/zh-hans\/wp-json\/wp\/v2\/media?parent=120347"}],"curies":[{"name":"wp","href":"https:\/\/api.w.org\/{rel}","templated":true}]}}