{"id":120340,"date":"2017-01-10T10:52:43","date_gmt":"2017-01-10T15:52:43","guid":{"rendered":"https:\/\/depquebec.com\/bannieres\/gem\/"},"modified":"2017-01-10T10:52:43","modified_gmt":"2017-01-10T15:52:43","slug":"gem","status":"publish","type":"page","link":"https:\/\/depquebec.com\/zh-hans\/bannieres\/gem\/","title":{"rendered":"GEM"},"content":{"rendered":"<p class=\"intro\"><a href=\"https:\/\/depquebec.com\/zh-hans\/o001\/\" rel=\"attachment wp-att-1589\"><img decoding=\"async\" class=\"size-full wp-image-1589 alignright\" src=\"https:\/\/depquebec.com\/wp-content\/uploads\/2017\/01\/o001.jpg\" alt=\"\" width=\"400\" height=\"300\" \/><\/a><\/p>\n<p><strong>GEM<\/strong> est la plus grande banni\u00e8re de d\u00e9panneurs de <a href=\"https:\/\/depquebec.com\/profils-de-detaillants\/metro\/\"><strong>Metro<\/strong><\/a>, la plupart \u00e9tant situ\u00e9s en r\u00e9gion, dans l&#8217;est de la province.<\/p>\n<p>Selon <a href=\"https:\/\/depquebec.com\/profils-de-detaillants\/metro\/\"><strong>Metro<\/strong><\/a>, ce concept de march\u00e9s de d\u00e9panneurs ind\u00e9pendants et flexible correspond aux besoins d&#8217;exploitation du marchand. Dans certains magasins, on peut retrouver des services de boulangerie, de charcuteries, de p\u00e2tisseries, de plats cuisin\u00e9s, de fruits et l\u00e9gumes et des produits surgel\u00e9s.<\/p>\n<p>Les propri\u00e9taires ind\u00e9pendants affili\u00e9s sont aliment\u00e9s en produits\u00a0par\u00a0l&#8217;entrep\u00f4t Distagro de <strong><a href=\"https:\/\/depquebec.com\/profils-de-detaillants\/metro\/\">Metro<\/a>\u00a0<\/strong>\u00e0 St-Jean-Port-Joli, qui appartient toujours \u00e0 <strong><a href=\"https:\/\/depquebec.com\/profils-de-detaillants\/metro\/\">Metro<\/a>\u00a0<\/strong>(l&#8217;autre, l&#8217;entrep\u00f4t de Distagro de Boucherville, a \u00e9t\u00e9 vendu par <strong><a href=\"https:\/\/depquebec.com\/profils-de-detaillants\/metro\/\">Metro<\/a>\u00a0<\/strong>en 2012 \u00e0 la compagnie am\u00e9ricaine Sysco selon\u00a0<a href=\"http:\/\/ici.radio-canada.ca\/nouvelle\/583917\/metro-vente-distagro-sysco-canada\">Radio-Canada<\/a>).<\/p>\n<h4>Mode de\u00a0franchisage<\/h4>\n<p>Bien que la quantit\u00e9 de d\u00e9panneurs <strong>GEM<\/strong> au Qu\u00e9bec soit \u00e9lev\u00e9e (pr\u00e8s de 300), la plupart ne s&#8217;affichent pas <strong>GEM<\/strong>,\u00a0sans rien perdre de leurs droits et privil\u00e8ges en terme de promotions et rabais. En effet,\u00a0<strong>GEM<\/strong> n&#8217;exige pas que le propri\u00e9taire affili\u00e9 affiche sa banni\u00e8re et, cons\u00e9quemment, n&#8217;investit pas dans la notori\u00e9t\u00e9 de celle-ci. C&#8217;est ce qu&#8217;on appelle dans le jargon une &#8220;banni\u00e8re fant\u00f4me&#8221;. \u00a0Ainsi, il n&#8217;existe pas de site internet <strong>GEM<\/strong>, de page facebook <strong>GEM<\/strong>, voire m\u00eame de circulaire <strong>GEM<\/strong>. \u00a0Il s&#8217;agit en somme d&#8217;une banni\u00e8re d&#8217;approvisionnement qui permet au propri\u00e9taires acc\u00e8s \u00e0 des produits d&#8217;alimentation \u00e0 prix de grossiste.<\/p>\n<div class=\"incTinyMce\">\n<h4>Profil de la banni\u00e8re<\/h4>\n<\/div>\n\n<table id=\"tablepress-69\" class=\"tablepress tablepress-id-69\">\n<thead>\n<tr class=\"row-1\">\n\t<th class=\"column-1\">Nom:<\/th><th class=\"column-2\">GEM<\/th>\n<\/tr>\n<\/thead>\n<tbody class=\"row-striping row-hover\">\n<tr class=\"row-2\">\n\t<td class=\"column-1\"><a href=\"https:\/\/depquebec.com\/palmaresliste\/palmares-bannieres\/\">Rang (banni\u00e8res):<\/a><\/td><td class=\"column-2\">3e sur 63<\/td>\n<\/tr>\n<tr class=\"row-3\">\n\t<td class=\"column-1\"># de surfaces:<\/td><td class=\"column-2\">287<\/td>\n<\/tr>\n<tr class=\"row-4\">\n\t<td class=\"column-1\">Franchiseur:<\/td><td class=\"column-2\"><a href=\"https:\/\/depquebec.com\/profils-de-detaillants\/metro\/\">Metro<\/a><\/td>\n<\/tr>\n<tr class=\"row-5\">\n\t<td class=\"column-1\">Description:<\/td><td class=\"column-2\">Banni\u00e8re de d\u00e9panneurs ruraux<\/td>\n<\/tr>\n<tr class=\"row-6\">\n\t<td class=\"column-1\">Type de franchise:<\/td><td class=\"column-2\"><a href=\"https:\/\/depquebec.com\/a-propos-dep\/nomenclature\/\">Type D) Magasin ind\u00e9pendant affili\u00e9 (banni\u00e9r\u00e9)<\/a><\/td>\n<\/tr>\n<tr class=\"row-7\">\n\t<td class=\"column-1\">Si\u00e8ge social:<\/td><td class=\"column-2\">Montr\u00e9al<\/td>\n<\/tr>\n<\/tbody>\n<\/table>\n<!-- #tablepress-69 from cache -->\n","protected":false},"excerpt":{"rendered":"<p>GEM est la plus gran<\/p>\n","protected":false},"author":9,"featured_media":0,"parent":120316,"menu_order":11,"comment_status":"closed","ping_status":"closed","template":"","meta":{"footnotes":""},"class_list":["post-120340","page","type-page","status-publish","hentry"],"aioseo_notices":[],"jetpack_sharing_enabled":true,"_links":{"self":[{"href":"https:\/\/depquebec.com\/zh-hans\/wp-json\/wp\/v2\/pages\/120340","targetHints":{"allow":["GET"]}}],"collection":[{"href":"https:\/\/depquebec.com\/zh-hans\/wp-json\/wp\/v2\/pages"}],"about":[{"href":"https:\/\/depquebec.com\/zh-hans\/wp-json\/wp\/v2\/types\/page"}],"author":[{"embeddable":true,"href":"https:\/\/depquebec.com\/zh-hans\/wp-json\/wp\/v2\/users\/9"}],"replies":[{"embeddable":true,"href":"https:\/\/depquebec.com\/zh-hans\/wp-json\/wp\/v2\/comments?post=120340"}],"version-history":[{"count":0,"href":"https:\/\/depquebec.com\/zh-hans\/wp-json\/wp\/v2\/pages\/120340\/revisions"}],"up":[{"embeddable":true,"href":"https:\/\/depquebec.com\/zh-hans\/wp-json\/wp\/v2\/pages\/120316"}],"wp:attachment":[{"href":"https:\/\/depquebec.com\/zh-hans\/wp-json\/wp\/v2\/media?parent=120340"}],"curies":[{"name":"wp","href":"https:\/\/api.w.org\/{rel}","templated":true}]}}