{"id":120304,"date":"2016-12-15T09:35:06","date_gmt":"2016-12-15T14:35:06","guid":{"rendered":"https:\/\/depquebec.com\/palmaresdetaillechaine\/"},"modified":"2022-01-20T16:13:40","modified_gmt":"2022-01-20T21:13:40","slug":"palmaresdetaillechaine","status":"publish","type":"page","link":"https:\/\/depquebec.com\/zh-hans\/palmaresdetaillechaine\/","title":{"rendered":"Palmar\u00e8s des cha\u00eenes selon leur banni\u00e8res (toutes cat\u00e9gories)"},"content":{"rendered":"<p>Voici le tableau des <strong>grandes cha\u00eenes d&#8217;alimentation<\/strong>\u00a0<strong>et de\u00a0distribution p\u00e9troli\u00e8re<\/strong> selon le total de <strong>magasins par\u00a0banni\u00e8re<\/strong>\u00a0qu&#8217;elles exploitent ou approvisionnent au Qu\u00e9bec. Cliquez sur un nom pour acc\u00e9der \u00e0 sa fiche d&#8217;information.<\/p>\n\n<table id=\"tablepress-342\" class=\"tablepress tablepress-id-342 tbody-has-connected-cells\">\n<thead>\n<tr class=\"row-1\">\n\t<th class=\"column-1\"><center>RANG<\/center><\/th><th class=\"column-2\"><center>CHA\u00ceNE<\/center><\/th><th class=\"column-3\"><center>BANNI\u00c8RE<\/center><\/th><th class=\"column-4\"><center># MAG 2021<\/center><\/th><th class=\"column-5\"><center># MAG 2017<\/center><\/th><th class=\"column-6\"><center>DIFF<\/center><\/th><th class=\"column-7\"><center>TOTAL BANNI\u00c9R\u00c9S<\/center><\/th>\n<\/tr>\n<\/thead>\n<tbody class=\"row-striping row-hover\">\n<tr class=\"row-2\">\n\t<td rowspan=\"3\" class=\"column-1\"><center><strong>1er<\/strong><\/center><\/td><td rowspan=\"3\" class=\"column-2\"><center><a href=\"https:\/\/depquebec.com\/profils-chaines\/couche-tard\/\">Alimentation Couche-Tard<\/a><\/center><\/td><td class=\"column-3\"><center><a href=\"https:\/\/depquebec.com\/bannieres\/couche-tard\/\">Couche-Tard<\/a><\/center><\/td><td class=\"column-4\"><center>658<\/center><\/td><td class=\"column-5\"><center>576<\/center><\/td><td class=\"column-6\"><center><strong>+82<\/strong><\/center><\/td><td rowspan=\"3\" class=\"column-7\"><center><strong> 1116 (1079)<\/strong><\/center><\/td>\n<\/tr>\n<tr class=\"row-3\">\n\t<td class=\"column-3\"><center><a href=\"https:\/\/depquebec.com\/bannieres\/7-jours\/\">7 Jours<\/a><\/center><\/td><td class=\"column-4\"><center>379<\/center><\/td><td class=\"column-5\"><center>445<\/center><\/td><td class=\"column-6\"><center><strong>-66<\/strong><\/center><\/td>\n<\/tr>\n<tr class=\"row-4\">\n\t<td class=\"column-3\"><center><a href=\"https:\/\/depquebec.com\/bannieres\/provi-soir\/\">Provi-Soir<\/a><\/center><\/td><td class=\"column-4\"><center>79<\/center><\/td><td class=\"column-5\"><center>58<\/center><\/td><td class=\"column-6\"><center><strong>+21<\/strong><\/center><\/td>\n<\/tr>\n<tr class=\"row-5\">\n\t<td rowspan=\"11\" class=\"column-1\"><center><strong>2e<\/strong><\/center><\/td><td rowspan=\"11\" class=\"column-2\"><center><a href=\"https:\/\/depquebec.com\/profils-de-detaillants\/sobeys-quebec\/\">Sobeys Qu\u00e9bec<\/a><\/center><\/td><td class=\"column-3\"><center><a href=\"https:\/\/depquebec.com\/bannieres\/boni-soir\/\">Boni-Soir<\/a><\/center><\/td><td class=\"column-4\"><center>327<\/center><\/td><td class=\"column-5\"><center>240<\/center><\/td><td class=\"column-6\"><center><strong>+87<\/strong><\/center><\/td><td rowspan=\"11\" class=\"column-7\"><center><strong>949 (998)<\/strong><\/center><br \/>\n<\/td>\n<\/tr>\n<tr class=\"row-6\">\n\t<td class=\"column-3\"><center><a href=\"https:\/\/depquebec.com\/bannieres\/iga-igaextra\/\">IGA<\/a><\/center><\/td><td class=\"column-4\"><center>163<\/center><\/td><td class=\"column-5\"><center>156<\/center><\/td><td class=\"column-6\"><center><strong>+7<\/strong><\/center><\/td>\n<\/tr>\n<tr class=\"row-7\">\n\t<td class=\"column-3\"><center><a href=\"https:\/\/depquebec.com\/bannieres\/iga-igaextra\/\">IGA Extra<\/a><\/center><\/td><td class=\"column-4\"><center>130<\/center><\/td><td class=\"column-5\"><center>106<\/center><\/td><td class=\"column-6\"><center><strong>+24<\/strong><\/center><\/td>\n<\/tr>\n<tr class=\"row-8\">\n\t<td class=\"column-3\"><center><a href=\"https:\/\/depquebec.com\/bannieres\/boni-soir\/\">Voisin<\/a><\/center><\/td><td class=\"column-4\"><center>126<\/center><\/td><td class=\"column-5\"><center>95<\/center><\/td><td class=\"column-6\"><center><strong>+31<\/strong><\/center><\/td>\n<\/tr>\n<tr class=\"row-9\">\n\t<td class=\"column-3\"><center><a href=\"https:\/\/depquebec.com\/bannieres\/tradition\/\">March\u00e9 Tradition<\/a><\/center><\/td><td class=\"column-4\"><center>72<\/center><\/td><td class=\"column-5\"><center>43<\/center><\/td><td class=\"column-6\"><center><strong>+29<\/strong><\/center><\/td>\n<\/tr>\n<tr class=\"row-10\">\n\t<td class=\"column-3\"><center><a href=\"https:\/\/depquebec.com\/bannieres\/bonichoix\/\">March\u00e9 Bonichoix<\/a><\/center><\/td><td class=\"column-4\"><center>55<\/center><\/td><td class=\"column-5\"><center>86<\/center><\/td><td class=\"column-6\"><center><strong>-31<\/strong><\/center><\/td>\n<\/tr>\n<tr class=\"row-11\">\n\t<td class=\"column-3\"><center><a href=\"https:\/\/depquebec.com\/bannieres\/ledepanneur\/\">Le D\u00e9panneur<\/a><\/center><\/td><td class=\"column-4\"><center>41<\/center><\/td><td class=\"column-5\"><center>95<\/center><\/td><td class=\"column-6\"><center><strong>-54<\/strong><\/center><\/td>\n<\/tr>\n<tr class=\"row-12\">\n\t<td class=\"column-3\"><center><a href=\"https:\/\/depquebec.com\/bannieres\/marcheomni\/\">March\u00e9 Omni<\/a><\/center><\/td><td class=\"column-4\"><center>29<\/center><\/td><td class=\"column-5\"><center>49<\/center><\/td><td class=\"column-6\"><center><strong>-20<\/strong><\/center><\/td>\n<\/tr>\n<tr class=\"row-13\">\n\t<td class=\"column-3\"><center><a href=\"https:\/\/depquebec.com\/bannieres\/igaexpressmini\/\">IGA Express<\/a><\/center><\/td><td class=\"column-4\"><center>20<\/center><\/td><td class=\"column-5\"><center>20<\/center><\/td><td class=\"column-6\"><center><strong>Idem<\/strong><\/center><\/td>\n<\/tr>\n<tr class=\"row-14\">\n\t<td class=\"column-3\"><center><a href=\"https:\/\/depquebec.com\/bannieres\/rachellebery\/\">Rachelle-B\u00e9ry \u00e9picerie sant\u00e9 <\/a><\/center><\/td><td class=\"column-4\"><center>11<\/center><\/td><td class=\"column-5\"><center>13<\/center><\/td><td class=\"column-6\"><center><strong>-2<\/strong><\/center><\/td>\n<\/tr>\n<tr class=\"row-15\">\n\t<td class=\"column-3\"><center><a href=\"https:\/\/depquebec.com\/bannieres\/select\/\">Select<\/a><\/center><\/td><td class=\"column-4\"><center>4<\/center><\/td><td class=\"column-5\"><center>95<\/center><\/td><td class=\"column-6\"><center><strong>-91<\/strong><\/center><\/td>\n<\/tr>\n<tr class=\"row-16\">\n\t<td rowspan=\"10\" class=\"column-1\"><center><strong>3e<\/strong><\/center><\/td><td rowspan=\"10\" class=\"column-2\"><center><a href=\"https:\/\/depquebec.com\/profils-chaines\/metro\/\">Metro<\/a><\/center><\/td><td class=\"column-3\"><center><a href=\"https:\/\/depquebec.com\/bannieres\/metro\/\">Metro Plus<\/a><\/center><\/td><td class=\"column-4\"><center>117<\/center><\/td><td class=\"column-5\"><center>101<\/center><\/td><td class=\"column-6\"><center><strong>+16<\/strong><\/center><\/td><td rowspan=\"10\" class=\"column-7\"><center><strong>586 (940)<\/strong><\/center><\/td>\n<\/tr>\n<tr class=\"row-17\">\n\t<td class=\"column-3\"><center><a href=\"https:\/\/depquebec.com\/bannieres\/marcheami\/\">March\u00e9 Ami<\/a><\/center><\/td><td class=\"column-4\"><center>104<\/center><\/td><td class=\"column-5\"><center>95<\/center><\/td><td class=\"column-6\"><center><strong>+9<\/strong><\/center><\/td>\n<\/tr>\n<tr class=\"row-18\">\n\t<td class=\"column-3\"><center><a href=\"https:\/\/depquebec.com\/bannieres\/superc\/\">Super C<\/a><\/center><\/td><td class=\"column-4\"><center>98<\/center><\/td><td class=\"column-5\"><center>94<\/center><\/td><td class=\"column-6\"><center><strong>+4<\/strong><\/center><\/td>\n<\/tr>\n<tr class=\"row-19\">\n\t<td class=\"column-3\"><center><a href=\"https:\/\/depquebec.com\/bannieres\/service-serviexpress\/\">Servi Express<\/a><\/center><\/td><td class=\"column-4\"><center>91<\/center><\/td><td class=\"column-5\"><center>106<\/center><\/td><td class=\"column-6\"><center><strong>-15<\/strong><\/center><\/td>\n<\/tr>\n<tr class=\"row-20\">\n\t<td class=\"column-3\"><center><a href=\"https:\/\/depquebec.com\/bannieres\/metro\/\">Metro<\/a><\/center><\/td><td class=\"column-4\"><center>75<\/center><\/td><td class=\"column-5\"><center>98<\/center><\/td><td class=\"column-6\"><center><strong>-23<\/strong><\/center><\/td>\n<\/tr>\n<tr class=\"row-21\">\n\t<td class=\"column-3\"><center><a href=\"https:\/\/depquebec.com\/bannieres\/marcherichelieu\/\">March\u00e9 Richelieu<\/a><\/center><\/td><td class=\"column-4\"><center>52<\/center><\/td><td class=\"column-5\"><center>72<\/center><\/td><td class=\"column-6\"><center><strong>-20<\/strong><\/center><\/td>\n<\/tr>\n<tr class=\"row-22\">\n\t<td class=\"column-3\"><center><a href=\"https:\/\/depquebec.com\/bannieres\/gem\/\">GEM<\/a><\/center><\/td><td class=\"column-4\"><center>23<\/center><\/td><td class=\"column-5\"><center>287<\/center><\/td><td class=\"column-6\"><center><strong>-264*<\/strong><\/center><\/td>\n<\/tr>\n<tr class=\"row-23\">\n\t<td class=\"column-3\"><center><a href=\"https:\/\/depquebec.com\/bannieres\/service-serviexpress\/\">Service<\/a><\/center><\/td><td class=\"column-4\"><center>15<\/center><\/td><td class=\"column-5\"><center>29<\/center><\/td><td class=\"column-6\"><center><strong>-14<\/strong><\/center><\/td>\n<\/tr>\n<tr class=\"row-24\">\n\t<td class=\"column-3\"><center><a href=\"https:\/\/depquebec.com\/bannieres\/adonis\/\">Adonis<\/a><\/center><\/td><td class=\"column-4\"><center>11<\/center><\/td><td class=\"column-5\"><center>7<\/center><\/td><td class=\"column-6\"><center><strong>+4<\/strong><\/center><\/td>\n<\/tr>\n<tr class=\"row-25\">\n\t<td class=\"column-3\"><center><a href=\"https:\/\/depquebec.com\/bannieres\/marcheextra\/\">March\u00e9 Extra!<\/a><\/center><\/td><td class=\"column-4\"><center>0<\/center><\/td><td class=\"column-5\"><center>51<\/center><\/td><td class=\"column-6\"><center><strong>-51<\/strong><\/center><\/td>\n<\/tr>\n<tr class=\"row-26\">\n\t<td rowspan=\"9\" class=\"column-1\"><center><strong>4e<\/strong><\/center><\/td><td rowspan=\"9\" class=\"column-2\"><center><a href=\"https:\/\/depquebec.com\/profils-de-detaillants\/loblaws\/\">Loblaw<\/a><\/center><\/td><td class=\"column-3\"><center><a href=\"https:\/\/depquebec.com\/bannieres\/maxi\/\">Maxi<\/a><\/center><\/td><td class=\"column-4\"><center>93<\/center><\/td><td class=\"column-5\"><center>89<\/center><\/td><td class=\"column-6\"><center><strong>+4<\/strong><\/center><\/td><td rowspan=\"9\" class=\"column-7\"><center><strong>342 (430)<\/strong><\/center><\/td>\n<\/tr>\n<tr class=\"row-27\">\n\t<td class=\"column-3\"><center><a href=\"https:\/\/depquebec.com\/bannieres\/provigo\/\">Provigo<\/a><\/center><\/td><td class=\"column-4\"><center>69<\/center><\/td><td class=\"column-5\"><center>75<\/center><\/td><td class=\"column-6\"><center><strong>-6<\/strong><\/center><\/td>\n<\/tr>\n<tr class=\"row-28\">\n\t<td class=\"column-3\"><center><a href=\"https:\/\/depquebec.com\/bannieres\/intermarche\/\">L'intermarch\u00e9<\/a><\/center><\/td><td class=\"column-4\"><center>51<\/center><\/td><td class=\"column-5\"><center>61<\/center><\/td><td class=\"column-6\"><center><strong>-10<\/strong><\/center><\/td>\n<\/tr>\n<tr class=\"row-29\">\n\t<td class=\"column-3\"><center><a href=\"https:\/\/depquebec.com\/bannieres\/proprio\/\">Proprio<\/a><\/center><\/td><td class=\"column-4\"><center>36<\/center><\/td><td class=\"column-5\"><center>86<\/center><\/td><td class=\"column-6\"><center><strong>-50<\/strong><\/center><\/td>\n<\/tr>\n<tr class=\"row-30\">\n\t<td class=\"column-3\"><center><a href=\"https:\/\/depquebec.com\/bannieres\/maxi\/\">Maxi &amp; Cie<\/a><\/center><\/td><td class=\"column-4\"><center>22<\/center><\/td><td class=\"column-5\"><center>16<\/center><\/td><td class=\"column-6\"><center><strong>+4<\/strong><\/center><\/td>\n<\/tr>\n<tr class=\"row-31\">\n\t<td class=\"column-3\"><center><a href=\"https:\/\/depquebec.com\/bannieres\/axep\/\">Axep<\/a><\/center><\/td><td class=\"column-4\"><center>18<\/center><\/td><td class=\"column-5\"><center>79<\/center><\/td><td class=\"column-6\"><center><strong>-61<\/strong><\/center><\/td>\n<\/tr>\n<tr class=\"row-32\">\n\t<td class=\"column-3\"><center><a href=\"https:\/\/depquebec.com\/bannieres\/provigo\/\">Provigo Le March\u00e9<\/a><\/center><\/td><td class=\"column-4\"><center>14<\/center><\/td><td class=\"column-5\"><center>12<\/center><\/td><td class=\"column-6\"><center><strong>+2<\/strong><\/center><\/td>\n<\/tr>\n<tr class=\"row-33\">\n\t<td class=\"column-3\"><center><a href=\"https:\/\/depquebec.com\/bannieres\/costco-2\/\">Presto - Club Provigo<\/a><\/center><\/td><td class=\"column-4\"><center>10<\/center><\/td><td class=\"column-5\"><center>8<\/center><\/td><td class=\"column-6\"><center><strong>+2<\/strong><\/center><\/td>\n<\/tr>\n<tr class=\"row-34\">\n\t<td class=\"column-3\"><center>Freshmart<\/center><\/td><td class=\"column-4\"><center>3<\/center><\/td><td class=\"column-5\"><center>4<\/center><\/td><td class=\"column-6\"><center><strong>-1<\/strong><\/center><\/td>\n<\/tr>\n<tr class=\"row-35\">\n\t<td rowspan=\"8\" class=\"column-1\"><center><strong>5e<\/strong><\/center><\/td><td rowspan=\"8\" class=\"column-2\"><center><a href=\"https:\/\/depquebec.com\/profils-chaines\/beaudry-cadrin\/\">Beaudry &amp; Cadrin<\/a><\/center><\/td><td class=\"column-3\"><center><a href=\"https:\/\/depquebec.com\/bannieres\/beau-soir\/\">Beau-soir<\/a><\/center><\/td><td class=\"column-4\"><center>211<\/center><\/td><td class=\"column-5\"><center>155<\/center><\/td><td class=\"column-6\"><center><strong>+56<\/strong><\/center><\/td><td rowspan=\"8\" class=\"column-7\"><center><strong>334 (256)<\/strong><\/center><\/td>\n<\/tr>\n<tr class=\"row-36\">\n\t<td class=\"column-3\"><center><a href=\"https:\/\/depquebec.com\/bannieres\/depanneura-2\/\">D\u00e9panneur A+<\/a><\/center><\/td><td class=\"column-4\"><center>33<\/center><\/td><td class=\"column-5\"><center>9<\/center><\/td><td class=\"column-6\"><center><strong>+24<\/strong><\/center><\/td>\n<\/tr>\n<tr class=\"row-37\">\n\t<td class=\"column-3\"><center><a href=\"https:\/\/depquebec.com\/bannieres\/cinqbannieres\/\">Sermax<\/a><\/center><\/td><td class=\"column-4\"><center>24<\/center><\/td><td class=\"column-5\"><center>23<\/center><\/td><td class=\"column-6\"><center><strong>+1<\/strong><\/center><\/td>\n<\/tr>\n<tr class=\"row-38\">\n\t<td class=\"column-3\"><center><a href=\"https:\/\/depquebec.com\/bannieres\/cinqbannieres\/\">Point d'Aide<\/a><\/center><\/td><td class=\"column-4\"><center>22<\/center><\/td><td class=\"column-5\"><center>33<\/center><\/td><td class=\"column-6\"><center><strong>-11<\/strong><\/center><\/td>\n<\/tr>\n<tr class=\"row-39\">\n\t<td class=\"column-3\"><center><a href=\"https:\/\/depquebec.com\/bannieres\/cinqbannieres\/\">March\u00e9 \u00c9clair<\/a><\/center><\/td><td class=\"column-4\"><center>9<\/center><\/td><td class=\"column-5\"><center>10<\/center><\/td><td class=\"column-6\"><center><strong>-1<\/strong><\/center><\/td>\n<\/tr>\n<tr class=\"row-40\">\n\t<td class=\"column-3\"><center><a href=\"https:\/\/depquebec.com\/bannieres\/cinqbannieres\/\">Visez Juste!<\/a><\/center><\/td><td class=\"column-4\"><center>9<\/center><\/td><td class=\"column-5\"><center>5<\/center><\/td><td class=\"column-6\"><center><strong>+4<\/strong><\/center><\/td>\n<\/tr>\n<tr class=\"row-41\">\n\t<td class=\"column-3\"><center><a href=\"https:\/\/depquebec.com\/bannieres\/unisoir\/\">UniSoir<\/a><\/center><\/td><td class=\"column-4\"><center>8<\/center><\/td><td class=\"column-5\"><center>6<\/center><\/td><td class=\"column-6\"><center><strong>+2<\/strong><\/center><\/td>\n<\/tr>\n<tr class=\"row-42\">\n\t<td class=\"column-3\"><center><a href=\"https:\/\/depquebec.com\/bannieres\/cinqbannieres\/\">D\u00e9panneur Ultra<\/a><\/center><\/td><td class=\"column-4\"><center>0<\/center><\/td><td class=\"column-5\"><center>15<\/center><\/td><td class=\"column-6\"><center><strong>-15<\/strong><\/center><\/td>\n<\/tr>\n<tr class=\"row-43\">\n\t<td rowspan=\"3\" class=\"column-1\"><center><strong>6e<\/strong><\/center><\/td><td rowspan=\"3\" class=\"column-2\"><center><a href=\"https:\/\/depquebec.com\/profils-de-detaillants\/parkland-fuel-corporation\/\">Les P\u00e9troles Parkland<\/a><\/center><\/td><td class=\"column-3\"><center><a href=\"https:\/\/depquebec.com\/bannieres\/depan-express\/\">D\u00e9pan Express<\/a><\/center><\/td><td class=\"column-4\"><center>110<\/center><\/td><td class=\"column-5\"><center>131<\/center><\/td><td class=\"column-6\"><center><strong>-21<\/strong><\/center><\/td><td rowspan=\"3\" class=\"column-7\"><center><strong>233 (344)<\/strong><\/center><\/td>\n<\/tr>\n<tr class=\"row-44\">\n\t<td class=\"column-3\"><center><a href=\"https:\/\/depquebec.com\/bannieres\/depanneurducoin\/\">D\u00e9panneur du Coin<\/a><\/center><\/td><td class=\"column-4\"><center>77<\/center><\/td><td class=\"column-5\"><center>198<\/center><\/td><td class=\"column-6\"><center><strong>-121**<\/strong><\/center><\/td>\n<\/tr>\n<tr class=\"row-45\">\n\t<td class=\"column-3\"><center><a href=\"https:\/\/depquebec.com\/bannieres\/marcheexpress\/\">March\u00e9 Express<\/a><\/center><\/td><td class=\"column-4\"><center>46<\/center><\/td><td class=\"column-5\"><center>15<\/center><\/td><td class=\"column-6\"><center><strong>+31<\/strong><\/center><\/td>\n<\/tr>\n<tr class=\"row-46\">\n\t<td rowspan=\"2\" class=\"column-1\"><center><strong>7e<\/strong><\/center><\/td><td rowspan=\"2\" class=\"column-2\"><center><a href=\"https:\/\/depquebec.com\/profils-de-detaillants\/filgo\/\">Groupe Filgo-Sonic<\/a><\/center><\/td><td class=\"column-3\"><center><a href=\"https:\/\/depquebec.com\/bannieres\/supersoir-2\/\">Super Soir<\/a><\/center><\/td><td class=\"column-4\"><center>102<\/center><\/td><td class=\"column-5\"><center>58<\/center><\/td><td class=\"column-6\"><center><strong>+44<\/strong><\/center><\/td><td rowspan=\"2\" class=\"column-7\"><center><strong>135 (76)<\/strong><\/center><\/td>\n<\/tr>\n<tr class=\"row-47\">\n\t<td class=\"column-3\"><center><a href=\"https:\/\/depquebec.com\/bannieres\/sonichoix\/\">Sonichoix<\/a><\/center><\/td><td class=\"column-4\"><center>28<\/center><\/td><td class=\"column-5\"><center>15<\/center><\/td><td class=\"column-6\"><center><strong>+13<\/strong><\/center><\/td>\n<\/tr>\n<tr class=\"row-48\">\n\t<td class=\"column-1\"><center><strong>8e<\/strong><\/center><\/td><td class=\"column-2\"><center><a href=\"https:\/\/depquebec.com\/profils-de-detaillants\/harnois-groupe-petrolier\/\">Harnois \u00c9nergies<\/a><\/center><\/td><td class=\"column-3\"><center><a href=\"https:\/\/depquebec.com\/bannieres\/lemagasin\/\">Proxi et Proxi Extra (ex Le Magasin et March\u00e9 Express)<\/a><\/center><\/td><td class=\"column-4\"><center>129<\/center><\/td><td class=\"column-5\"><center>82<\/center><\/td><td class=\"column-6\"><center><strong>+47<\/strong><\/center><\/td><td class=\"column-7\"><center><strong>129 (42)<\/strong><\/center><\/td>\n<\/tr>\n<tr class=\"row-49\">\n\t<td class=\"column-1\"><center><strong>9e<\/strong><\/center><\/td><td class=\"column-2\"><center><a href=\"https:\/\/depquebec.com\/profils-de-detaillants\/suncor-energy\/\">Suncor \u00c9nergie<\/a><\/center><\/td><td class=\"column-3\"><center><a href=\"https:\/\/depquebec.com\/bannieres\/superrelais\/\">Super Relais<\/a><\/center><\/td><td class=\"column-4\"><center>124<\/center><\/td><td class=\"column-5\"><center>165<\/center><\/td><td class=\"column-6\"><center><strong>-41<\/strong><\/center><\/td><td class=\"column-7\"><center><strong>124 (165)<\/strong><\/center><\/td>\n<\/tr>\n<tr class=\"row-50\">\n\t<td class=\"column-1\"><center><strong>10e<\/strong><\/center><\/td><td class=\"column-2\"><center><a href=\"https:\/\/depquebec.com\/profils-de-detaillants\/groupe-saga\/\">Groupe Saga<\/a><\/center><\/td><td class=\"column-3\"><center><a href=\"https:\/\/depquebec.com\/bannieres\/supersagamie\/\">Super Sagamie<\/a> et al<\/center><\/td><td class=\"column-4\"><center>70<\/center><\/td><td class=\"column-5\"><center>68<\/center><\/td><td class=\"column-6\"><center><strong>+2<\/strong><\/center><\/td><td class=\"column-7\"><center><strong>70 (68)<\/strong><\/center><\/td>\n<\/tr>\n<tr class=\"row-51\">\n\t<td class=\"column-1\"><center><strong>11e<\/strong><\/center><\/td><td class=\"column-2\"><center><a href=\"https:\/\/depquebec.com\/profils-de-detaillants\/wal-mart\/\">Walmart Canada<\/a><\/center><\/td><td class=\"column-3\"><center><a href=\"https:\/\/depquebec.com\/profils-de-detaillants\/wal-mart\/\">Supercentre<\/a><\/center><\/td><td class=\"column-4\"><center>60<\/center><\/td><td class=\"column-5\"><center>53<\/center><\/td><td class=\"column-6\"><center><strong>+7<\/strong><\/center><\/td><td class=\"column-7\"><center><strong>60 (53)<\/strong><\/center><\/td>\n<\/tr>\n<tr class=\"row-52\">\n\t<td class=\"column-1\"><center><strong>12e<\/strong><\/center><\/td><td class=\"column-2\"><center><a href=\"https:\/\/depquebec.com\/profils-de-detaillants\/canadian-tire\/\">Canadian Tire<\/a><\/center><\/td><td class=\"column-3\"><center><a href=\"https:\/\/depquebec.com\/marques-dessence\/essencecantire\/\">Essence +<\/a><\/center><\/td><td class=\"column-4\"><center>56<\/center><\/td><td class=\"column-5\"><center>56<\/center><\/td><td class=\"column-6\"><center><strong>Idem<\/strong><\/center><\/td><td class=\"column-7\"><center><strong>56<\/strong><\/center><\/td>\n<\/tr>\n<tr class=\"row-53\">\n\t<td class=\"column-1\"><center><strong>12e<\/strong><\/center><\/td><td class=\"column-2\"><center><a href=\"https:\/\/depquebec.com\/profils-de-detaillants\/f-dufresne\/\">F. Dufresne<\/a><\/center><\/td><td class=\"column-3\"><center><a href=\"https:\/\/depquebec.com\/bannieres\/depanneur-2\/\">Sprint (ex d\u00e9panneur)<\/a><\/center><\/td><td class=\"column-4\"><center>56<\/center><\/td><td class=\"column-5\"><center>28<\/center><\/td><td class=\"column-6\"><center><strong>+28<\/strong><\/center><\/td><td class=\"column-7\"><center><strong>56 (28)<\/strong><\/center><\/td>\n<\/tr>\n<tr class=\"row-54\">\n\t<td class=\"column-1\"><center><strong>13e<\/strong><\/center><\/td><td class=\"column-2\"><center><a href=\"https:\/\/depquebec.com\/profils-de-detaillants\/costco\/\">Costco<\/a><\/center><\/td><td class=\"column-3\"><center><a href=\"https:\/\/depquebec.com\/profils-de-detaillants\/costco\/\">Costco<\/a><\/center><\/td><td class=\"column-4\"><center>23<\/center><\/td><td class=\"column-5\"><center>21<\/center><\/td><td class=\"column-6\"><center><strong>+2<\/strong><\/center><\/td><td class=\"column-7\"><center><strong>23 (21)<\/strong><\/center><\/td>\n<\/tr>\n<tr class=\"row-55\">\n\t<td class=\"column-1\"><center><strong>14e<\/strong><\/center><\/td><td class=\"column-2\"><center>Tite Frette<\/center><\/td><td class=\"column-3\"><center>Tite Frette<\/center><\/td><td class=\"column-4\"><center>21<\/center><\/td><td class=\"column-5\"><center>0<\/center><\/td><td class=\"column-6\"><center><strong>+21<\/strong><\/center><\/td><td class=\"column-7\"><center><strong>21 (0)<\/strong><\/center><\/td>\n<\/tr>\n<tr class=\"row-56\">\n\t<td class=\"column-1\"><center><strong>15e<\/strong><\/center><\/td><td class=\"column-2\"><center><a href=\"https:\/\/depquebec.com\/profils-de-detaillants\/maestro\/\">Maestro<\/a><\/center><\/td><td class=\"column-3\"><center><a href=\"https:\/\/depquebec.com\/profils-de-detaillants\/maestro\/\">Maestro<\/a><\/center><\/td><td class=\"column-4\"><center>15<\/center><\/td><td class=\"column-5\"><center>18<\/center><\/td><td class=\"column-6\"><center><strong>-3<\/strong><\/center><\/td><td class=\"column-7\"><center><strong>15 (18)<\/strong><\/center><\/td>\n<\/tr>\n<tr class=\"row-57\">\n\t<td class=\"column-1\"><center><strong>16e<\/strong><\/center><\/td><td class=\"column-2\"><center><a href=\"https:\/\/depquebec.com\/profils-de-detaillants\/quickie-stores\/\">Quickie<\/a><\/center><\/td><td class=\"column-3\"><center><a href=\"https:\/\/depquebec.com\/bannieres\/quickie\/\">Quickie<\/a><\/center><\/td><td class=\"column-4\"><center>12<\/center><\/td><td class=\"column-5\"><center>12<\/center><\/td><td class=\"column-6\"><center><strong>Idem<\/strong><\/center><\/td><td class=\"column-7\"><center><strong>12<\/strong><\/center><\/td>\n<\/tr>\n<\/tbody>\n<\/table>\n<!-- #tablepress-342 from cache -->\n<p>Mise \u00e0 jour: Janvier 2022<\/p>\n","protected":false},"excerpt":{"rendered":"<p>Voici le tableau des<\/p>\n","protected":false},"author":9,"featured_media":0,"parent":0,"menu_order":3,"comment_status":"closed","ping_status":"closed","template":"","meta":{"footnotes":""},"class_list":["post-120304","page","type-page","status-publish","hentry"],"aioseo_notices":[],"jetpack_sharing_enabled":true,"_links":{"self":[{"href":"https:\/\/depquebec.com\/zh-hans\/wp-json\/wp\/v2\/pages\/120304","targetHints":{"allow":["GET"]}}],"collection":[{"href":"https:\/\/depquebec.com\/zh-hans\/wp-json\/wp\/v2\/pages"}],"about":[{"href":"https:\/\/depquebec.com\/zh-hans\/wp-json\/wp\/v2\/types\/page"}],"author":[{"embeddable":true,"href":"https:\/\/depquebec.com\/zh-hans\/wp-json\/wp\/v2\/users\/9"}],"replies":[{"embeddable":true,"href":"https:\/\/depquebec.com\/zh-hans\/wp-json\/wp\/v2\/comments?post=120304"}],"version-history":[{"count":0,"href":"https:\/\/depquebec.com\/zh-hans\/wp-json\/wp\/v2\/pages\/120304\/revisions"}],"wp:attachment":[{"href":"https:\/\/depquebec.com\/zh-hans\/wp-json\/wp\/v2\/media?parent=120304"}],"curies":[{"name":"wp","href":"https:\/\/api.w.org\/{rel}","templated":true}]}}