{"id":120280,"date":"2016-12-22T16:38:49","date_gmt":"2016-12-22T21:38:49","guid":{"rendered":"https:\/\/depquebec.com\/%e8%bf%9e%e9%94%81%e9%9b%b6%e5%94%ae%e4%bc%81%e4%b8%9a%e7%ae%80%e4%bb%8b\/groupe-crevier\/"},"modified":"2016-12-22T16:38:49","modified_gmt":"2016-12-22T21:38:49","slug":"groupe-crevier","status":"publish","type":"page","link":"https:\/\/depquebec.com\/zh-hans\/%e8%bf%9e%e9%94%81%e9%9b%b6%e5%94%ae%e4%bc%81%e4%b8%9a%e7%ae%80%e4%bb%8b\/groupe-crevier\/","title":{"rendered":"Groupe Crevier"},"content":{"rendered":"<p><a href=\"http:\/\/crevier.ca\/\" rel=\"attachment wp-att-1327\"><img decoding=\"async\" class=\"alignright wp-image-1327 size-full\" src=\"https:\/\/depquebec.com\/wp-content\/uploads\/2016\/12\/crevier.png\" width=\"256\" height=\"197\" \/><\/a>Le <strong>Groupe Crevier<\/strong> se veut un guichet unique pour l&#8217;approvisionnement en produits p\u00e9troliers et fluides compl\u00e9mentaires. Bas\u00e9 \u00e0 Montr\u00e9al, le Groupe exploite quatre divisions : vente en gros, lubrifiants, aviation et stations service.<\/p>\n<p>Le <strong>Groupe Crevier<\/strong>\u00a0mise sur une marque d&#8217;essence forte, <a href=\"https:\/\/depquebec.com\/marques-dessence\/crevier-2\/\"><strong>Crevier<\/strong><\/a>, qu&#8217;elle propose \u00e0 des banni\u00e8res \u00e9tablies comme\u00a0\u00e0 des d\u00e9taillants ind\u00e9pendants. Toutefois, le Groupe exploite aussi quelques d\u00e9panneurs.<\/p>\n<h3>Profil du r\u00e9seau*<\/h3>\n\n<table id=\"tablepress-56\" class=\"tablepress tablepress-id-56\">\n<thead>\n<tr class=\"row-1\">\n\t<th class=\"column-1\"><center>BANNI\u00c8RE<\/center><\/th><th class=\"column-2\"><center>TYPE<\/center><\/th><th class=\"column-3\"><center>TOTAL<\/center><\/th><th class=\"column-4\"><center>SANS ESSENCE<\/center><\/th><th class=\"column-5\"><center>AVEC ESSENCE<\/center><\/th><th class=\"column-6\"><center>D\u00c9PANNEUR<\/center><\/th>\n<\/tr>\n<\/thead>\n<tbody class=\"row-striping row-hover\">\n<tr class=\"row-2\">\n\t<td class=\"column-1\"><strong><a href=\"https:\/\/depquebec.com\/marques-dessence\/crevier-2\/\">Crevier<\/a><\/strong><\/td><td class=\"column-2\">D\u00e9panneur<\/td><td class=\"column-3\"><center><strong>4<\/strong><\/center><\/td><td class=\"column-4\"><center>0<\/center><\/td><td class=\"column-5\"><center>4<\/center><\/td><td class=\"column-6\"><a href=\"https:\/\/depquebec.com\/marques-dessence\/crevier-2\/\">Crevier<\/a><\/td>\n<\/tr>\n<tr class=\"row-3\">\n\t<td class=\"column-1\"><strong><a href=\"https:\/\/depquebec.com\/marques-dessence\/crevier-2\/\">Crevier<\/a><\/strong><\/td><td class=\"column-2\">Marque d'essence<\/td><td class=\"column-3\"><center><strong>76<\/strong><\/center><\/td><td class=\"column-4\"><center>0<\/center><\/td><td class=\"column-5\"><center>76<\/center><\/td><td class=\"column-6\"><a href=\"https:\/\/depquebec.com\/bannieres\/boni-soir\/\">Boni-Soir<\/a> (7)<br \/>\n<a href=\"https:\/\/depquebec.com\/bannieres\/service-serviexpress\/\">Servi Express<\/a> (6)<br \/>\n<a href=\"https:\/\/depquebec.com\/bannieres\/beau-soir\/\">Beau-soir<\/a> (6), etc.<br \/>\n<\/td>\n<\/tr>\n<tr class=\"row-4\">\n\t<td class=\"column-1\"><strong>TOTAL<\/strong><\/td><td class=\"column-2\"><\/td><td class=\"column-3\"><center><strong>80<\/strong><\/center><\/td><td class=\"column-4\"><center>0<\/center><\/td><td class=\"column-5\"><center>80<\/center><\/td><td class=\"column-6\"><\/td>\n<\/tr>\n<\/tbody>\n<\/table>\n<!-- #tablepress-56 from cache -->\n<p>*Cette liste ne comprend pas les postes d&#8217;essence sans d\u00e9panneur (garages).<\/p>\n<h3>Marques de commerce<\/h3>\n<p>[FAG id=1329]<\/p>\n<h3>Profil de l&#8217;entreprise<\/h3>\n\n<table id=\"tablepress-57\" class=\"tablepress tablepress-id-57\">\n<thead>\n<tr class=\"row-1\">\n\t<th class=\"column-1\">Nom:<\/th><th class=\"column-2\">Groupe Crevier<\/th>\n<\/tr>\n<\/thead>\n<tbody class=\"row-striping row-hover\">\n<tr class=\"row-2\">\n\t<td class=\"column-1\"><a href=\"https:\/\/depquebec.com\/palmares\/palmaressommaire\/\">Rang (cha\u00eenes):<\/a><\/td><td class=\"column-2\">20e sur 20<\/td>\n<\/tr>\n<tr class=\"row-3\">\n\t<td class=\"column-1\"># d'enseignes:<\/td><td class=\"column-2\">80<\/td>\n<\/tr>\n<tr class=\"row-4\">\n\t<td class=\"column-1\">Description:<\/td><td class=\"column-2\">Distributeur de produits p\u00e9troliers<\/td>\n<\/tr>\n<tr class=\"row-5\">\n\t<td class=\"column-1\">Fondateur:<\/td><td class=\"column-2\">Fond\u00e9 par \u00c9mile Crevier en 1945<\/td>\n<\/tr>\n<tr class=\"row-6\">\n\t<td class=\"column-1\">Si\u00e8ge social:<\/td><td class=\"column-2\">Montr\u00e9al<\/td>\n<\/tr>\n<tr class=\"row-7\">\n\t<td class=\"column-1\">Site web:<\/td><td class=\"column-2\"><a href=\"http:\/\/crevier.ca\/fr\/\" target=\"_blank\">Groupe Crevier<\/a><\/td>\n<\/tr>\n<tr class=\"row-8\">\n\t<td class=\"column-1\">Page Facebook<\/td><td class=\"column-2\"><a href=\"https:\/\/www.facebook.com\/GroupeCrevier\/\" target=\"_blank\">Groupe Crevier sur Facebook<\/a><\/td>\n<\/tr>\n<\/tbody>\n<\/table>\n<!-- #tablepress-57 from cache -->\n<p>&nbsp;<\/p>\n","protected":false},"excerpt":{"rendered":"<p>Le Groupe Crevier se<\/p>\n","protected":false},"author":9,"featured_media":0,"parent":82653,"menu_order":6,"comment_status":"closed","ping_status":"closed","template":"","meta":{"footnotes":""},"class_list":["post-120280","page","type-page","status-publish","hentry"],"aioseo_notices":[],"jetpack_sharing_enabled":true,"_links":{"self":[{"href":"https:\/\/depquebec.com\/zh-hans\/wp-json\/wp\/v2\/pages\/120280","targetHints":{"allow":["GET"]}}],"collection":[{"href":"https:\/\/depquebec.com\/zh-hans\/wp-json\/wp\/v2\/pages"}],"about":[{"href":"https:\/\/depquebec.com\/zh-hans\/wp-json\/wp\/v2\/types\/page"}],"author":[{"embeddable":true,"href":"https:\/\/depquebec.com\/zh-hans\/wp-json\/wp\/v2\/users\/9"}],"replies":[{"embeddable":true,"href":"https:\/\/depquebec.com\/zh-hans\/wp-json\/wp\/v2\/comments?post=120280"}],"version-history":[{"count":0,"href":"https:\/\/depquebec.com\/zh-hans\/wp-json\/wp\/v2\/pages\/120280\/revisions"}],"up":[{"embeddable":true,"href":"https:\/\/depquebec.com\/zh-hans\/wp-json\/wp\/v2\/pages\/82653"}],"wp:attachment":[{"href":"https:\/\/depquebec.com\/zh-hans\/wp-json\/wp\/v2\/media?parent=120280"}],"curies":[{"name":"wp","href":"https:\/\/api.w.org\/{rel}","templated":true}]}}