{"id":58255,"date":"2017-03-09T19:47:17","date_gmt":"2017-03-10T00:47:17","guid":{"rendered":"https:\/\/depquebec.com\/?page_id=58255"},"modified":"2025-03-21T11:37:20","modified_gmt":"2025-03-21T15:37:20","slug":"real-wage-with-benefits","status":"publish","type":"page","link":"https:\/\/depquebec.com\/en\/real-wage-with-benefits\/","title":{"rendered":"2025 Real Wage (With Employer Contributions)"},"content":{"rendered":"<p>Here is the actual cost of an employee&#8217;s salary paid at the minimum wage in <strong>2025 vs 2010<\/strong> (<a href=\"https:\/\/www.emploiquebec.gouv.qc.ca\/guide_mesures_services\/02_Generalites\/02_2_Charges_sociales_imputees_yeur\/2_2_charges_sociales_employeur.pdf\" target=\"_blank\" rel=\"noopener noreferrer\">source: Emploi et Solidarit\u00e9 Sociale Qu\u00e9bec<\/a>). These benefits apply to a convenience store employee with less than 3 years of working experience in the store and to an employer with an overall store payroll of less than $1 million.<\/p>\n\n<table id=\"tablepress-155\" class=\"tablepress tablepress-id-155\">\n<thead>\n<tr class=\"row-1\">\n\t<th class=\"column-1\">No<\/th><th class=\"column-2\">Fee \/ Permit Name<\/th><th class=\"column-3\">2010 Costs<\/th><th class=\"column-4\">2010 Total<\/th><th class=\"column-5\">2025 Costs<\/th><th class=\"column-6\">2025 Total<\/th><th class=\"column-7\">Difference<\/th>\n<\/tr>\n<\/thead>\n<tbody class=\"row-striping row-hover\">\n<tr class=\"row-2\">\n\t<td class=\"column-1\">1<\/td><td class=\"column-2\"><a href=\"https:\/\/www.cnesst.gouv.qc.ca\/fr\/conditions-travail\/salaire-paye\/salaire\/salaire-minimum\" target=\"_blank\" rel=\"noopener noreferrer\">Minimum Wage<\/a><\/td><td class=\"column-3\"><a href=\"https:\/\/www.journaldemontreal.com\/2017\/05\/01\/historique-du-salaire-minimum-au-quebec\" target=\"_blank\" rel=\"noopener noreferrer\">$9.50\/hour on May 1st 2010<\/a><\/td><td class=\"column-4\">$9.50<\/td><td class=\"column-5\"><a href=\"https:\/\/www.quebec.ca\/nouvelles\/actualites\/details\/le-taux-general-du-salaire-minimum-passera-a-1610-lheure-le-1er-mai-2025-60745\" target=\"_blank\" rel=\"noopener noreferrer\">$16.10\/hour on May 1st 2025<\/a><\/td><td class=\"column-6\">$16.10<\/td><td class=\"column-7\">+ 69%<\/td>\n<\/tr>\n<tr class=\"row-3\">\n\t<td class=\"column-1\">2<\/td><td class=\"column-2\"><a href=\"http:\/\/www.emploiquebec.gouv.qc.ca\/guide_mesures_services\/02_Generalites\/02_2_Charges_sociales_imputees_yeur\/2_2_charges_sociales_employeur.pdf\" target=\"_blank\" rel=\"noopener noreferrer\">Commission des Normes du Travail: Contribution Rate<\/a><\/td><td class=\"column-3\">0.08% of gross salary<\/td><td class=\"column-4\">$0.0076<\/td><td class=\"column-5\"><a href=\"https:\/\/www.emploiquebec.gouv.qc.ca\/guide_mesures_services\/02_Generalites\/02_2_Charges_sociales_imputees_yeur\/2_2_charges_sociales_employeur.pdf\" target=\"_blank\" rel=\"noopener noreferrer\">0.06% of gross salary<\/a><\/td><td class=\"column-6\">$0.0096<\/td><td class=\"column-7\">+ 27%<\/td>\n<\/tr>\n<tr class=\"row-4\">\n\t<td class=\"column-1\">3<\/td><td class=\"column-2\"><a href=\"http:\/\/www.rrq.gouv.qc.ca\/fr\/employeur\/role_rrq\/Pages\/cotisations.aspx\" target=\"_blank\" rel=\"noopener noreferrer\">R\u00e9gime des Rentes: Contribution Rate<\/a><\/td><td class=\"column-3\">4.950%<\/td><td class=\"column-4\">$0.470<\/td><td class=\"column-5\"><a href=\"https:\/\/www.emploiquebec.gouv.qc.ca\/guide_mesures_services\/02_Generalites\/02_2_Charges_sociales_imputees_yeur\/2_2_charges_sociales_employeur.pdf\" target=\"_blank\" rel=\"noopener noreferrer\">6.40% of gross salary<\/a><\/td><td class=\"column-6\">$1.03<\/td><td class=\"column-7\">+ 119%<\/td>\n<\/tr>\n<tr class=\"row-5\">\n\t<td class=\"column-1\">4<\/td><td class=\"column-2\"><a href=\"https:\/\/www.rqap.gouv.qc.ca\/fr\/employeur\/cotisations-et-revenu-maximal-assurable\" target=\"_blank\" rel=\"noopener noreferrer\">R\u00e9gime qu\u00e9b\u00e9cois d'assurance parentale: Contribution Rate<\/a><\/td><td class=\"column-3\"><a href=\"http:\/\/www.rqap.gouv.qc.ca\/employeurs\/cotisations.asp\" target=\"_blank\" rel=\"noopener noreferrer\">0.767% of gross salary<\/a><\/td><td class=\"column-4\">$0.073<\/td><td class=\"column-5\"><a href=\"https:\/\/www.emploiquebec.gouv.qc.ca\/guide_mesures_services\/02_Generalites\/02_2_Charges_sociales_imputees_yeur\/2_2_charges_sociales_employeur.pdf\" target=\"_blank\" rel=\"noopener noreferrer\">0.692% of gross salary<\/a><\/td><td class=\"column-6\">$0.111412<\/td><td class=\"column-7\">+ 53%<\/td>\n<\/tr>\n<tr class=\"row-6\">\n\t<td class=\"column-1\">5<\/td><td class=\"column-2\"><a href=\"https:\/\/www.cnesst.gouv.qc.ca\/sites\/default\/files\/documents\/dc200-414-28web.pdf\" target=\"_blank\" rel=\"noopener noreferrer\">Commission Sant\u00e9 &amp; S\u00e9curit\u00e9 au travail: General Contribution Rate (convenience store)<\/a><\/td><td class=\"column-3\">2.170% of gross salary<\/td><td class=\"column-4\">$0.206<\/td><td class=\"column-5\"><a href=\"https:\/\/www.cnesst.gouv.qc.ca\/sites\/default\/files\/documents\/table-taux-2025.pdf\" target=\"_blank\" rel=\"noopener noreferrer\">1.21% of gross salary<\/a><\/td><td class=\"column-6\">$0.19481<\/td><td class=\"column-7\">- 5.4%<\/td>\n<\/tr>\n<tr class=\"row-7\">\n\t<td class=\"column-1\">6<\/td><td class=\"column-2\"><a href=\"https:\/\/www.canada.ca\/en\/revenue-agency\/services\/tax\/businesses\/topics\/payroll\/payroll-deductions-contributions\/employment-insurance-ei\/ei-premium-rate-maximum.html\" target=\"_blank\" rel=\"noopener noreferrer\">Employment Insurance (EI)<\/a><\/td><td class=\"column-3\"><a href=\"https:\/\/www.canada.ca\/en\/revenue-agency\/services\/tax\/businesses\/topics\/payroll\/payroll-deductions-contributions\/employment-insurance-ei\/ei-premium-rates-maximums.html\" target=\"_blank\" rel=\"noopener noreferrer\">1.36% of gross salary<\/a><\/td><td class=\"column-4\">$0.123<\/td><td class=\"column-5\"><a href=\"https:\/\/www.canada.ca\/en\/revenue-agency\/services\/tax\/businesses\/topics\/payroll\/payroll-deductions-contributions\/employment-insurance-ei\/ei-premium-rates-maximums.html\" target=\"_blank\" rel=\"noopener noreferrer\">1.31% of gross salary<\/a><\/td><td class=\"column-6\">$0.2093<\/td><td class=\"column-7\">+ 70%<\/td>\n<\/tr>\n<tr class=\"row-8\">\n\t<td class=\"column-1\">7<\/td><td class=\"column-2\"><a href=\"https:\/\/www.revenuquebec.ca\/en\/businesses\/source-deductions-and-employer-contributions\/calculating-source-deductions-and-employer-contributions\/contribution-to-the-health-services-fund\/\" target=\"_blank\" rel=\"noopener noreferrer\">Fonds des services de sant\u00e9: Minimum Contributions<\/a><\/td><td class=\"column-3\">2.70% if payroll expenditures are less than $1M<\/td><td class=\"column-4\">$0.257<\/td><td class=\"column-5\"><a href=\"https:\/\/www.emploiquebec.gouv.qc.ca\/guide_mesures_services\/02_Generalites\/02_2_Charges_sociales_imputees_yeur\/2_2_charges_sociales_employeur.pdf\" target=\"_blank\" rel=\"noopener noreferrer\">2.50% if payroll expenditures are less than $1M<\/a><\/td><td class=\"column-6\">$0.4025<\/td><td class=\"column-7\">+ 57%<\/td>\n<\/tr>\n<tr class=\"row-9\">\n\t<td class=\"column-1\">8<\/td><td class=\"column-2\"><a href=\"https:\/\/www.revenuquebec.ca\/en\/businesses\/source-deductions-and-employer-contributions\/special-cases-source-deductions-and-employer-contributions-in-certain-situations\/vacation-pay\/\" target=\"_blank\" rel=\"noopener noreferrer\">Vacancy Pay: Contribution Rate<\/a><\/td><td class=\"column-3\">4% (-5 years), 6% (5 years+)<\/td><td class=\"column-4\">$0.38<\/td><td class=\"column-5\"><a href=\"https:\/\/www.revenuquebec.ca\/en\/businesses\/source-deductions-and-employer-contributions\/special-cases-source-deductions-and-employer-contributions-in-certain-situations\/vacation-pay\/\" target=\"_blank\" rel=\"noopener noreferrer\">4% (-3 years), 6% (3 years+)<\/a><\/td><td class=\"column-6\">$0.644<\/td><td class=\"column-7\">+ 66%<\/td>\n<\/tr>\n<tr class=\"row-10\">\n\t<td class=\"column-1\">9<\/td><td class=\"column-2\"><a href=\"https:\/\/www2.gouv.qc.ca\/entreprises\/portail\/quebec\/ressourcesh?lang=fr&amp;g=ressourcesh&amp;sg=personnel&amp;t=o&amp;e=435444407\" target=\"_blank\" rel=\"noopener noreferrer\">Fond de d\u00e9vel. et de comp\u00e9tences de la main-d'oeuvre<\/a><\/td><td class=\"column-3\">1% if payroll expenditures are more than $1M<\/td><td class=\"column-4\">$0<\/td><td class=\"column-5\"><a href=\"https:\/\/www.revenuquebec.ca\/documents\/fr\/formulaires\/tp\/TP-1015.G%282024-01%29.pdf\" target=\"_blank\" rel=\"noopener noreferrer\">1% if payroll expenditures are more than $2M<\/a><\/td><td class=\"column-6\">$0<\/td><td class=\"column-7\"><\/td>\n<\/tr>\n<tr class=\"row-11\">\n\t<td class=\"column-1\"><\/td><td class=\"column-2\"><\/td><td class=\"column-3\"><strong>TOTAL GROSS SALARY<\/strong><\/td><td class=\"column-4\"><strong>$11.02\/hour<\/strong<\/td><td class=\"column-5\"><\/td><td class=\"column-6\"><strong>$18.70\/hour<\/strong<\/td><td class=\"column-7\"><strong>+ 70%<\/strong<\/td>\n<\/tr>\n<tr class=\"row-12\">\n\t<td class=\"column-1\"><\/td><td class=\"column-2\"><\/td><td class=\"column-3\">TOTAL EMPLOYER CONTRIBUTIONS<\/td><td class=\"column-4\">$1.52\/hour<\/td><td class=\"column-5\"><\/td><td class=\"column-6\">$2.60\/hour<\/td><td class=\"column-7\">+ 71%<\/td>\n<\/tr>\n<tr class=\"row-13\">\n\t<td class=\"column-1\"><\/td><td class=\"column-2\"><\/td><td class=\"column-3\">TOTAL % EMPLOYER CONTRIBUTIONS<\/td><td class=\"column-4\">16.0%<\/td><td class=\"column-5\"><\/td><td class=\"column-6\">16.15%<\/td><td class=\"column-7\">+ 0.1%<\/td>\n<\/tr>\n<\/tbody>\n<\/table>\n<!-- #tablepress-155 from cache -->\n<h5><\/h5>\n<h5><strong>Highlights:<\/strong><\/h5>\n<ul>\n<li>From May 1, 2010 to May 1, 2025, the all-inclusive hourly minimum wage<strong><span style=\"color: #ff0000;\"> went from $11.02 to $18.70, an increase of 70%<\/span><\/strong>;<\/li>\n<\/ul>\n<ul>\n<li>Benefits payable by c-store employers add <span style=\"color: #ff0000;\"><strong>16.15%<\/strong><\/span> to their salary.<\/li>\n<\/ul>\n<p>Among the payroll taxes that changed the most in 2025 are:<\/p>\n<ul>\n<li>the Healthcare contribution increased from <strong><span style=\"color: #ff0000;\">1.85% to 2.50%<\/span><\/strong><strong>;<\/strong><\/li>\n<\/ul>\n<ul>\n<li>the Employment Insurance contribution<strong> decreased from 1.65% to 1.31%;<\/strong><\/li>\n<\/ul>\n<ul>\n<li>the minimum wage increased modestly from <strong>$15.75 to $16.10<\/strong>.<\/li>\n<\/ul>\n","protected":false},"excerpt":{"rendered":"<p>Here is the actual cost of an employee&#8217;s salary paid at the minimum wage in 2025 vs 2010 (source: Emploi<\/p>\n","protected":false},"author":9,"featured_media":0,"parent":0,"menu_order":34,"comment_status":"closed","ping_status":"closed","template":"","meta":{"footnotes":""},"class_list":["post-58255","page","type-page","status-publish","hentry"],"aioseo_notices":[],"jetpack_sharing_enabled":true,"_links":{"self":[{"href":"https:\/\/depquebec.com\/en\/wp-json\/wp\/v2\/pages\/58255","targetHints":{"allow":["GET"]}}],"collection":[{"href":"https:\/\/depquebec.com\/en\/wp-json\/wp\/v2\/pages"}],"about":[{"href":"https:\/\/depquebec.com\/en\/wp-json\/wp\/v2\/types\/page"}],"author":[{"embeddable":true,"href":"https:\/\/depquebec.com\/en\/wp-json\/wp\/v2\/users\/9"}],"replies":[{"embeddable":true,"href":"https:\/\/depquebec.com\/en\/wp-json\/wp\/v2\/comments?post=58255"}],"version-history":[{"count":0,"href":"https:\/\/depquebec.com\/en\/wp-json\/wp\/v2\/pages\/58255\/revisions"}],"wp:attachment":[{"href":"https:\/\/depquebec.com\/en\/wp-json\/wp\/v2\/media?parent=58255"}],"curies":[{"name":"wp","href":"https:\/\/api.w.org\/{rel}","templated":true}]}}