{"id":58254,"date":"2017-03-09T19:46:37","date_gmt":"2017-03-10T00:46:37","guid":{"rendered":"https:\/\/depquebec.com\/?page_id=58254"},"modified":"2017-06-07T13:11:17","modified_gmt":"2017-06-07T17:11:17","slug":"8-miscellaneous-permits","status":"publish","type":"page","link":"https:\/\/depquebec.com\/en\/8-miscellaneous-permits\/","title":{"rendered":"8 &#8211; Miscellaneous Permits"},"content":{"rendered":"<p>Finally, certain specific products or activities also require a specific permit: sale of hunting and fishing permits, sale of pesticides, presence of amusement games, publicity contests or drawings, etc.<\/p>\n\n<table id=\"tablepress-153\" class=\"tablepress tablepress-id-153\">\n<thead>\n<tr class=\"row-1\">\n\t<th class=\"column-1\">No<\/th><th class=\"column-2\">Purpose<\/th><th class=\"column-3\">License \/ Permit Name<\/th><th class=\"column-4\">Department<\/th><th class=\"column-5\">Ministry<\/th><th class=\"column-6\">2010 Fees<\/th><th class=\"column-7\">2025 Fees<\/th><th class=\"column-8\">Frequency<\/th><th class=\"column-9\">Transaction Mode<\/th>\n<\/tr>\n<\/thead>\n<tbody class=\"row-striping row-hover\">\n<tr class=\"row-2\">\n\t<td class=\"column-1\">30<\/td><td class=\"column-2\">DIVERSES CAT\u00c9GORIES<\/td><td class=\"column-3\"><a href=\"http:\/\/www3.mffp.gouv.qc.ca\/faune\/permis\/pdf\/Informations-Agent-Vente.pdf\" target=\"_blank\" rel=\"noopener noreferrer\">Authorization to Sell Hunting, Fishing and Trapping Licenses<\/a><\/td><td class=\"column-4\"><a href=\"http:\/\/mffp.gouv.qc.ca\/\" target=\"_blank\" rel=\"noopener noreferrer\">Minist\u00e8re de la For\u00eat, Faune et Parc<\/a><\/td><td class=\"column-5\"><a href=\"http:\/\/mffp.gouv.qc.ca\/\" target=\"_blank\" rel=\"noopener noreferrer\">Minist\u00e8re de la For\u00eat, Faune et Parc<\/a><\/td><td class=\"column-6\">$0.00<\/td><td class=\"column-7\">$0.00<\/td><td class=\"column-8\">Once<\/td><td class=\"column-9\">By mail<\/td>\n<\/tr>\n<tr class=\"row-3\">\n\t<td class=\"column-1\">31<\/td><td class=\"column-2\">DIVERSES CAT\u00c9GORIES<\/td><td class=\"column-3\"><a href=\"https:\/\/www.racj.gouv.qc.ca\/fileadmin\/documents\/Accueil\/Formulaires_et_publications\/Formulaires\/Jeux\/RACJ-7010.pdf\" target=\"_blank\" rel=\"noopener noreferrer\">Licence to Operate or Market Amusement Machines<\/a><\/td><td class=\"column-4\"><a href=\"https:\/\/www.racj.gouv.qc.ca\/accueil.html\" target=\"_blank\" rel=\"noopener noreferrer\">R\u00e9gie des alcools, des courses et des jeux (RACJ)<\/a><\/td><td class=\"column-5\"><a href=\"http:\/\/www.securitepublique.gouv.qc.ca\/\" target=\"_blank\" rel=\"noopener noreferrer\">Minist\u00e8re de la S\u00e9curit\u00e9 publique<\/a><\/td><td class=\"column-6\"><a href=\"https:\/\/www.racj.gouv.qc.ca\/fileadmin\/documents\/Accueil\/Formulaires_et_publications\/Formulaires\/Jeux\/RACJ-1047J.pdf\" target=\"_blank\" rel=\"noopener noreferrer\">$219.00<\/a><\/td><td class=\"column-7\"><a href=\"https:\/\/www.racj.gouv.qc.ca\/formulaires-et-publications\/publications\/frais-et-droits-payables\/secteur-jeux\/appareils-damusement.html\" target=\"_blank\" rel=\"noopener noreferrer\">$265.00<\/a><\/td><td class=\"column-8\">Yearly<\/td><td class=\"column-9\">By mail<\/td>\n<\/tr>\n<tr class=\"row-4\">\n\t<td class=\"column-1\">32<\/td><td class=\"column-2\">DIVERSES CAT\u00c9GORIES<\/td><td class=\"column-3\"><a href=\"https:\/\/www.racj.gouv.qc.ca\/fileadmin\/documents\/Accueil\/Formulaires_et_publications\/Formulaires\/Jeux\/RACJ-7010.pdf\" target=\"_blank\" rel=\"noopener noreferrer\">Fees for Registration of Amusement Machine of Category B<\/a><\/td><td class=\"column-4\"><a href=\"https:\/\/www.racj.gouv.qc.ca\/accueil.html\" target=\"_blank\" rel=\"noopener noreferrer\">R\u00e9gie des alcools, des courses et des jeux (RACJ)<\/a><\/td><td class=\"column-5\"><a href=\"http:\/\/www.securitepublique.gouv.qc.ca\/\" target=\"_blank\" rel=\"noopener noreferrer\">Minist\u00e8re de la S\u00e9curit\u00e9 publique<\/a><\/td><td class=\"column-6\"><a href=\"https:\/\/www.racj.gouv.qc.ca\/fileadmin\/documents\/Accueil\/Formulaires_et_publications\/Formulaires\/Jeux\/RACJ-1047J.pdf\" target=\"_blank\" rel=\"noopener noreferrer\">$326.00<\/a><\/td><td class=\"column-7\"><a href=\"https:\/\/www.racj.gouv.qc.ca\/communications\/messages-aux-titulaires-de-permis-et-licences\/detail\/nouvelle-reglementation-sur-les-appareils-damusement.html\" target=\"_blank\" rel=\"noopener noreferrer\">PERMIT ABOLISHED IN 2020<\/a><\/td><td class=\"column-8\">Yearly<\/td><td class=\"column-9\">By mail<\/td>\n<\/tr>\n<tr class=\"row-5\">\n\t<td class=\"column-1\">33<\/td><td class=\"column-2\">DIVERSES CAT\u00c9GORIES<\/td><td class=\"column-3\"><a href=\"https:\/\/www.racj.gouv.qc.ca\/fileadmin\/documents\/Accueil\/Formulaires_et_publications\/Formulaires\/Jeux\/RACJ-8002-D.pdf\" target=\"_blank\" rel=\"noopener noreferrer\">Publicity Contest Notice<\/a><\/td><td class=\"column-4\"><a href=\"https:\/\/www.racj.gouv.qc.ca\/accueil.html\" target=\"_blank\" rel=\"noopener noreferrer\">R\u00e9gie des alcools, des courses et des jeux (RACJ)<\/a><\/td><td class=\"column-5\"><a href=\"http:\/\/www.securitepublique.gouv.qc.ca\/\" target=\"_blank\" rel=\"noopener noreferrer\">Minist\u00e8re de la S\u00e9curit\u00e9 publique<\/a><\/td><td class=\"column-6\"><a href=\"https:\/\/www.racj.gouv.qc.ca\/fileadmin\/documents\/Accueil\/Formulaires_et_publications\/Formulaires\/Jeux\/RACJ-1047J.pdf\" target=\"_blank\" rel=\"noopener noreferrer\">10 % of the value of the prizes<\/a><\/td><td class=\"column-7\"><a href=\"https:\/\/www.racj.gouv.qc.ca\/communications\/messages-aux-titulaires-de-permis-et-licences\/detail\/fin-de-lencadrement-des-concours-publicitaires-par-la-regie-a-compter-du-27-octobre-2023.html\" target=\"_blank\" rel=\"noopener noreferrer\">Regulation abolished on October 27, 2023<\/a><\/td><td class=\"column-8\">NIL<br \/>\n<\/td><td class=\"column-9\">NIL<\/td>\n<\/tr>\n<tr class=\"row-6\">\n\t<td class=\"column-1\">34<\/td><td class=\"column-2\">DIVERSES CAT\u00c9GORIES<\/td><td class=\"column-3\"><a href=\"http:\/\/www.mddelcc.gouv.qc.ca\/ministere\/tarification\/ministere.htm#pesticides\" target=\"_blank\" rel=\"noopener noreferrer\">License for the sale of pesticides of subcategory B2<\/a><\/td><td class=\"column-4\"><a href=\"http:\/\/www.mddelcc.gouv.qc.ca\/index.asp\" target=\"_blank\" rel=\"noopener noreferrer\">MDDELCC<\/a><\/td><td class=\"column-5\"><a href=\"http:\/\/www.mddelcc.gouv.qc.ca\/index.asp\" target=\"_blank\" rel=\"noopener noreferrer\">MDDELCC<\/a><\/td><td class=\"column-6\">$195.99<\/td><td class=\"column-7\"><a href=\"http:\/\/www.mddelcc.gouv.qc.ca\/ministere\/tarification\/ministere.htm#pesticides\" target=\"_blank\" rel=\"noopener noreferrer\">$275.00<\/a><\/td><td class=\"column-8\">Every 3 years<\/td><td class=\"column-9\">By mail<\/td>\n<\/tr>\n<\/tbody>\n<\/table>\n<!-- #tablepress-153 from cache -->\n","protected":false},"excerpt":{"rendered":"<p>Finally, certain specific products or activities also require a specific permit: sale of hunting and fishing permits, sale of pesticides,<\/p>\n","protected":false},"author":9,"featured_media":0,"parent":0,"menu_order":30,"comment_status":"closed","ping_status":"closed","template":"","meta":{"footnotes":""},"class_list":["post-58254","page","type-page","status-publish","hentry"],"aioseo_notices":[],"jetpack_sharing_enabled":true,"_links":{"self":[{"href":"https:\/\/depquebec.com\/en\/wp-json\/wp\/v2\/pages\/58254","targetHints":{"allow":["GET"]}}],"collection":[{"href":"https:\/\/depquebec.com\/en\/wp-json\/wp\/v2\/pages"}],"about":[{"href":"https:\/\/depquebec.com\/en\/wp-json\/wp\/v2\/types\/page"}],"author":[{"embeddable":true,"href":"https:\/\/depquebec.com\/en\/wp-json\/wp\/v2\/users\/9"}],"replies":[{"embeddable":true,"href":"https:\/\/depquebec.com\/en\/wp-json\/wp\/v2\/comments?post=58254"}],"version-history":[{"count":0,"href":"https:\/\/depquebec.com\/en\/wp-json\/wp\/v2\/pages\/58254\/revisions"}],"wp:attachment":[{"href":"https:\/\/depquebec.com\/en\/wp-json\/wp\/v2\/media?parent=58254"}],"curies":[{"name":"wp","href":"https:\/\/api.w.org\/{rel}","templated":true}]}}