{"id":58252,"date":"2017-03-09T19:45:43","date_gmt":"2017-03-10T00:45:43","guid":{"rendered":"https:\/\/depquebec.com\/?page_id=58252"},"modified":"2020-01-08T14:31:31","modified_gmt":"2020-01-08T19:31:31","slug":"6-alcohol","status":"publish","type":"page","link":"https:\/\/depquebec.com\/en\/6-alcohol\/","title":{"rendered":"6 &#8211; Alcohol"},"content":{"rendered":"<p>The sixth license section affects the sale of alcoholic beverages. It costs about $ 300 to obtain a license and almost $ 200 a year to renew it, all managed by the <a href=\"https:\/\/www.racj.gouv.qc.ca\/accueil.html\">R\u00e9gie des alcools, des courses et des jeux (RACJ)<\/a>. The process takes about 50 days. The forms to be completed are quite complicated and include many appendices in which you must enter information about company&#8217;s directors and others. If you want to acquire a convenience store that already has a license, the transfer of license costs about $ 400.<\/p>\n<p>&nbsp;<\/p>\n\n<table id=\"tablepress-151\" class=\"tablepress tablepress-id-151\">\n<thead>\n<tr class=\"row-1\">\n\t<th class=\"column-1\">No<\/th><th class=\"column-2\">Purpose<\/th><th class=\"column-3\">License \/ Permit Name<\/th><th class=\"column-4\">Department<\/th><th class=\"column-5\">Ministry<\/th><th class=\"column-6\">2010 Costs<\/th><th class=\"column-7\">2025 Costs<\/th><th class=\"column-8\">Frequency<\/th><th class=\"column-9\">Transaction Mode<\/th>\n<\/tr>\n<\/thead>\n<tbody class=\"row-striping row-hover\">\n<tr class=\"row-2\">\n\t<td class=\"column-1\">25<\/td><td class=\"column-2\">ALCOHOLIC BEVERAGES<\/td><td class=\"column-3\"><a href=\"https:\/\/www.racj.gouv.qc.ca\/secteurs-dactivite\/alcool\/detaillants\/permis-depicerie.html\" target=\"_blank\" rel=\"noopener noreferrer\">Permanent Liquor Permit for a Grocery<\/a><\/td><td class=\"column-4\"><a href=\"https:\/\/www.racj.gouv.qc.ca\/accueil.html\" target=\"_blank\" rel=\"noopener noreferrer\">R\u00e9gie des alcools, des courses et des jeux (RACJ)<\/a><\/td><td class=\"column-5\"><a href=\"http:\/\/www.securitepublique.gouv.qc.ca\/\" target=\"_blank\" rel=\"noopener noreferrer\">Minist\u00e8re de la S\u00e9curit\u00e9 publique<\/a><\/td><td class=\"column-6\">$148.00<\/td><td class=\"column-7\"><a href=\"https:\/\/www.racj.gouv.qc.ca\/formulaires-et-publications\/publications\/frais-et-droits-payables\/secteur-alcool\/detaillants.html#c2010\" target=\"_blank\" rel=\"noopener noreferrer\">$193.00<\/a><\/td><td class=\"column-8\">Yearly<\/td><td class=\"column-9\">By mail<\/td>\n<\/tr>\n<tr class=\"row-3\">\n\t<td class=\"column-1\">26<\/td><td class=\"column-2\">ALCOHOLIC BEVERAGES<\/td><td class=\"column-3\"><a href=\"https:\/\/www.racj.gouv.qc.ca\/formulaires-et-publications\/publications\/frais-et-droits-payables\/secteur-alcool\/detaillants.html\" target=\"_blank\" rel=\"noopener noreferrer\">Amount payable for the grocery liquor license application<\/a><\/td><td class=\"column-4\"><a href=\"https:\/\/www.racj.gouv.qc.ca\/accueil.html\" target=\"_blank\" rel=\"noopener noreferrer\">R\u00e9gie des alcools, des courses et des jeux (RACJ)<\/a><\/td><td class=\"column-5\"><a href=\"http:\/\/www.securitepublique.gouv.qc.ca\/\" target=\"_blank\" rel=\"noopener noreferrer\">Minist\u00e8re de la S\u00e9curit\u00e9 publique<\/a><\/td><td class=\"column-6\">$115.00<\/td><td class=\"column-7\"><a href=\"https:\/\/www.racj.gouv.qc.ca\/formulaires-et-publications\/publications\/frais-et-droits-payables\/secteur-alcool\/detaillants.html#c2010\" target=\"_blank\" rel=\"noopener noreferrer\">$162.00<\/a><\/td><td class=\"column-8\">Once<\/td><td class=\"column-9\">By mail<\/td>\n<\/tr>\n<tr class=\"row-4\">\n\t<td class=\"column-1\">27<\/td><td class=\"column-2\">ALCOHOLIC BEVERAGES<\/td><td class=\"column-3\"><a href=\"https:\/\/www.racj.gouv.qc.ca\/formulaires-et-publications\/publications\/frais-et-droits-payables\/secteur-alcool\/detaillants.html\" target=\"_blank\" rel=\"noopener noreferrer\">Montant \u00e0 joindre \u00e0 la demande de permis d'alcool pour \u00e9picerie<\/a><\/td><td class=\"column-4\"><a href=\"https:\/\/www.racj.gouv.qc.ca\/accueil.html\" target=\"_blank\" rel=\"noopener noreferrer\">R\u00e9gie des alcools, des courses et des jeux (RACJ)<\/a><\/td><td class=\"column-5\"><a href=\"http:\/\/www.securitepublique.gouv.qc.ca\/\" target=\"_blank\" rel=\"noopener noreferrer\">Minist\u00e8re de la S\u00e9curit\u00e9 publique<\/a><\/td><td class=\"column-6\">$345.00<\/td><td class=\"column-7\"><a href=\"https:\/\/www.racj.gouv.qc.ca\/formulaires-et-publications\/publications\/frais-et-droits-payables\/secteur-alcool\/detaillants.html#c2010\" target=\"_blank\" rel=\"noopener noreferrer\">$482.00<\/a><\/td><td class=\"column-8\">Once<\/td><td class=\"column-9\">By mail<\/td>\n<\/tr>\n<\/tbody>\n<\/table>\n<!-- #tablepress-151 from cache -->\n<p>&nbsp;<\/p>\n","protected":false},"excerpt":{"rendered":"<p>The sixth license section affects the sale of alcoholic beverages. It costs about $ 300 to obtain a license and<\/p>\n","protected":false},"author":9,"featured_media":0,"parent":0,"menu_order":25,"comment_status":"closed","ping_status":"closed","template":"","meta":{"footnotes":""},"class_list":["post-58252","page","type-page","status-publish","hentry"],"aioseo_notices":[],"jetpack_sharing_enabled":true,"_links":{"self":[{"href":"https:\/\/depquebec.com\/en\/wp-json\/wp\/v2\/pages\/58252","targetHints":{"allow":["GET"]}}],"collection":[{"href":"https:\/\/depquebec.com\/en\/wp-json\/wp\/v2\/pages"}],"about":[{"href":"https:\/\/depquebec.com\/en\/wp-json\/wp\/v2\/types\/page"}],"author":[{"embeddable":true,"href":"https:\/\/depquebec.com\/en\/wp-json\/wp\/v2\/users\/9"}],"replies":[{"embeddable":true,"href":"https:\/\/depquebec.com\/en\/wp-json\/wp\/v2\/comments?post=58252"}],"version-history":[{"count":0,"href":"https:\/\/depquebec.com\/en\/wp-json\/wp\/v2\/pages\/58252\/revisions"}],"wp:attachment":[{"href":"https:\/\/depquebec.com\/en\/wp-json\/wp\/v2\/media?parent=58252"}],"curies":[{"name":"wp","href":"https:\/\/api.w.org\/{rel}","templated":true}]}}