{"id":58251,"date":"2017-03-09T19:45:24","date_gmt":"2017-03-10T00:45:24","guid":{"rendered":"https:\/\/depquebec.com\/?page_id=58251"},"modified":"2020-01-08T14:30:53","modified_gmt":"2020-01-08T19:30:53","slug":"5-gas-propane","status":"publish","type":"page","link":"https:\/\/depquebec.com\/en\/5-gas-propane\/","title":{"rendered":"5 &#8211; Petroleum &#038; Propane"},"content":{"rendered":"<p>The fifth section of licenses involves the <strong>sale of gasoline<\/strong>. In the case of petroleum, a basic license is required as well as third-party verification of standards. In addition, the government is requiring retailers to have a quality control program that amounts to more than $ 600 a year. For propane, a license is required as well as well as the completion of mandatory training.<\/p>\n\n<table id=\"tablepress-150\" class=\"tablepress tablepress-id-150\">\n<thead>\n<tr class=\"row-1\">\n\t<th class=\"column-1\">No<\/th><th class=\"column-2\">Purpose<\/th><th class=\"column-3\">License \/ Permit Name<\/th><th class=\"column-4\">Department<\/th><th class=\"column-5\">Ministry<\/th><th class=\"column-6\">2010 Fees<\/th><th class=\"column-7\">2025 Fees<\/th><th class=\"column-8\">Frequency<\/th><th class=\"column-9\">Transaction Mode<\/th>\n<\/tr>\n<\/thead>\n<tbody class=\"row-striping row-hover\">\n<tr class=\"row-2\">\n\t<td class=\"column-1\">16<\/td><td class=\"column-2\">OIL &amp; PROPANE<\/td><td class=\"column-3\"><a href=\"https:\/\/www.rbq.gouv.qc.ca\/fileadmin\/medias\/pdf\/Formulaires\/francais\/demande-permis-utilisation-equipements-petroliers-risque-eleve.pdf\" target=\"_blank\" rel=\"noopener noreferrer\">High-risk petroleum equipment operation permit<\/a><\/td><td class=\"column-4\"><a href=\"https:\/\/www.rbq.gouv.qc.ca\/accueil.html\" target=\"_blank\" rel=\"noopener noreferrer\">R\u00e9gie du b\u00e2timent du Qu\u00e9bec<\/a><\/td><td class=\"column-5\"><a href=\"http:\/\/www.mess.gouv.qc.ca\/\" target=\"_blank\" rel=\"noopener noreferrer\">Minist\u00e8re du Travail, de l'Emploi et de la Solidarit\u00e9 sociale<\/a><\/td><td class=\"column-6\"><a href=\"https:\/\/www.rbq.gouv.qc.ca\/equipements-petroliers\/vos-obligations-envers-la-rbq\/tarification.html\" target=\"_blank\" rel=\"noopener noreferrer\">$197.19 min. (+ $46.40 pour chaque 10 000 litres supp.)<\/a><\/td><td class=\"column-7\"><a href=\"https:\/\/www.rbq.gouv.qc.ca\/domaines-dintervention\/equipements-petroliers\/tarification.html\" target=\"_blank\" rel=\"noopener noreferrer\">$182.30 minimum (+ $56,09 for each 10,000 add. liters )<\/a><\/td><td class=\"column-8\">Every 2 years<\/td><td class=\"column-9\">By mail<\/td>\n<\/tr>\n<tr class=\"row-3\">\n\t<td class=\"column-1\">17<\/td><td class=\"column-2\">OIL &amp; PROPANE<\/td><td class=\"column-3\"><a href=\"https:\/\/www.rbq.gouv.qc.ca\/fileadmin\/medias\/pdf\/Formulaires\/francais\/attestation-conformite-travaux-equipements-petroliers-risque-eleve.pdf\" target=\"_blank\" rel=\"noopener noreferrer\">Statement of compliance on a high-risk petroleum equipment installation<\/a><\/td><td class=\"column-4\"><a href=\"https:\/\/www.rbq.gouv.qc.ca\/accueil.html\" target=\"_blank\" rel=\"noopener noreferrer\">R\u00e9gie du b\u00e2timent du Qu\u00e9bec<\/a><\/td><td class=\"column-5\"><a href=\"http:\/\/www.mess.gouv.qc.ca\/\" target=\"_blank\" rel=\"noopener noreferrer\">Minist\u00e8re du Travail, de l'Emploi et de la Solidarit\u00e9 sociale<\/a><\/td><td class=\"column-6\">Variable, factur\u00e9 par un tiers agr\u00e9\u00e9<\/td><td class=\"column-7\">Variable, billed by an authorized third-party<\/td><td class=\"column-8\">Once<\/td><td class=\"column-9\">By mail<\/td>\n<\/tr>\n<tr class=\"row-4\">\n\t<td class=\"column-1\">18<\/td><td class=\"column-2\">OIL &amp; PROPANE<\/td><td class=\"column-3\"><a href=\"https:\/\/www.rbq.gouv.qc.ca\/equipements-petroliers\/vos-obligations-envers-la-rbq\/tarification.html\" target=\"_blank\" rel=\"noopener noreferrer\">Request for Approval of a Quality Control Program<\/a><\/td><td class=\"column-4\"><a href=\"https:\/\/www.rbq.gouv.qc.ca\/accueil.html\" target=\"_blank\" rel=\"noopener noreferrer\">R\u00e9gie du b\u00e2timent du Qu\u00e9bec<\/a><\/td><td class=\"column-5\"><a href=\"http:\/\/www.mess.gouv.qc.ca\/\" target=\"_blank\" rel=\"noopener noreferrer\">Minist\u00e8re du Travail, de l'Emploi et de la Solidarit\u00e9 sociale<\/a><\/td><td class=\"column-6\">N\/A<\/td><td class=\"column-7\"><a href=\"https:\/\/www.rbq.gouv.qc.ca\/domaines-dintervention\/equipements-petroliers\/tarification.html\" target=\"_blank\" rel=\"noopener noreferrer\">$2,512.74<\/a><\/td><td class=\"column-8\">Every 5 years<\/td><td class=\"column-9\">By mail<\/td>\n<\/tr>\n<tr class=\"row-5\">\n\t<td class=\"column-1\">19<\/td><td class=\"column-2\">OIL &amp; PROPANE<\/td><td class=\"column-3\"><a href=\"https:\/\/www.rbq.gouv.qc.ca\/fileadmin\/medias\/pdf\/Formulaires\/francais\/demande-permis-exploitation-installation-distribuer-gaz.pdf\" target=\"_blank\" rel=\"noopener noreferrer\">Propane Storage Operating License<\/a><\/td><td class=\"column-4\"><a href=\"https:\/\/www.rbq.gouv.qc.ca\/accueil.html\" target=\"_blank\" rel=\"noopener noreferrer\">R\u00e9gie du b\u00e2timent du Qu\u00e9bec<\/a><\/td><td class=\"column-5\"><a href=\"http:\/\/www.mess.gouv.qc.ca\/\" target=\"_blank\" rel=\"noopener noreferrer\">Minist\u00e8re du Travail, de l'Emploi et de la Solidarit\u00e9 sociale<\/a><\/td><td class=\"column-6\">$46.13<\/td><td class=\"column-7\"><a href=\"https:\/\/www.rbq.gouv.qc.ca\/domaines-dintervention\/gaz\/vos-obligations-envers-la-rbq\/tarification.html#c18398\" target=\"_blank\" rel=\"noopener noreferrer\">$59.09<\/a><\/td><td class=\"column-8\">Yearly<\/td><td class=\"column-9\">Online<\/td>\n<\/tr>\n<tr class=\"row-6\">\n\t<td class=\"column-1\">20<\/td><td class=\"column-2\">OIL &amp; PROPANE<\/td><td class=\"column-3\"><a href=\"https:\/\/www.rbq.gouv.qc.ca\/fileadmin\/medias\/pdf\/Formulaires\/francais\/demande-permis-exploitation-installation-distribuer-gaz.pdf\" target=\"_blank\" rel=\"noopener noreferrer\">Permit for a Propane Storage and Transfer Operation<\/a><\/td><td class=\"column-4\"><a href=\"http:\/\/www.emploiquebec.gouv.qc.ca\/\" target=\"_blank\" rel=\"noopener noreferrer\">Emploi Qu\u00e9bec<\/a><\/td><td class=\"column-5\"><a href=\"http:\/\/www.mess.gouv.qc.ca\/\" target=\"_blank\" rel=\"noopener noreferrer\">Minist\u00e8re du Travail, de l'Emploi et de la Solidarit\u00e9 sociale<\/a><\/td><td class=\"column-6\">$156.81<\/td><td class=\"column-7\"><a href=\"https:\/\/www.rbq.gouv.qc.ca\/domaines-dintervention\/gaz\/vos-obligations-envers-la-rbq\/tarification.html#c18398\" target=\"_blank\" rel=\"noopener noreferrer\">$206.30<\/a><\/td><td class=\"column-8\">Yearly<\/td><td class=\"column-9\">Online<\/td>\n<\/tr>\n<tr class=\"row-7\">\n\t<td class=\"column-1\">21<\/td><td class=\"column-2\">OIL &amp; PROPANE<\/td><td class=\"column-3\"><a href=\"https:\/\/propanequebec.com\/liste-cours-offerts\/\" target=\"_blank\" rel=\"noopener noreferrer\">Mandatory training on working with propane<\/a><\/td><td class=\"column-4\"><a href=\"http:\/\/www.emploiquebec.gouv.qc.ca\/\" target=\"_blank\" rel=\"noopener noreferrer\">Emploi Qu\u00e9bec<\/a><\/td><td class=\"column-5\"><a href=\"http:\/\/www.mess.gouv.qc.ca\/\" target=\"_blank\" rel=\"noopener noreferrer\">Minist\u00e8re du Travail, de l'Emploi et de la Solidarit\u00e9 sociale<\/a><\/td><td class=\"column-6\"><a href=\"http:\/\/formationpropane.com\/public\/fr\/catalogue\/catalogue.html\" target=\"_blank\" rel=\"noopener noreferrer\">Variable<\/a><\/td><td class=\"column-7\"><a href=\"http:\/\/formationpropane.com\/public\/fr\/catalogue\/catalogue.html\" target=\"_blank\" rel=\"noopener noreferrer\">Variable<\/a><\/td><td class=\"column-8\">Once<\/td><td class=\"column-9\">On site<\/td>\n<\/tr>\n<tr class=\"row-8\">\n\t<td class=\"column-1\">22<\/td><td class=\"column-2\">OIL &amp; PROPANE<\/td><td class=\"column-3\"><a href=\"http:\/\/www.emploiquebec.gouv.qc.ca\/fileadmin\/fichiers\/pdf\/Guide-qualif\/MP_guide_apprentissage.pdf\" target=\"_blank\" rel=\"noopener noreferrer\">Apprenticeship Registration and Card Issuance (Propane)<\/a><\/td><td class=\"column-4\"><a href=\"http:\/\/www.emploiquebec.gouv.qc.ca\/\" target=\"_blank\" rel=\"noopener noreferrer\">Emploi Qu\u00e9bec<\/a><\/td><td class=\"column-5\"><a href=\"http:\/\/www.mess.gouv.qc.ca\/\" target=\"_blank\" rel=\"noopener noreferrer\">Minist\u00e8re du Travail, de l'Emploi et de la Solidarit\u00e9 sociale<\/a><\/td><td class=\"column-6\">$102.00<\/td><td class=\"column-7\"><a href=\"http:\/\/www.emploiquebec.gouv.qc.ca\/fileadmin\/fichiers\/pdf\/Guide-qualif\/tarification.pdf\" target=\"_blank\" rel=\"noopener noreferrer\">$133.00 once, $64.50 yearly after <\/a><\/td><td class=\"column-8\">Yearly<\/td><td class=\"column-9\">Online<\/td>\n<\/tr>\n<tr class=\"row-9\">\n\t<td class=\"column-1\">23<\/td><td class=\"column-2\">OIL &amp; PROPANE<\/td><td class=\"column-3\"><a href=\"http:\/\/www.emploiquebec.gouv.qc.ca\/fileadmin\/fichiers\/pdf\/Guide-qualif\/tarification.pdf\" target=\"_blank\" rel=\"noopener noreferrer\">Qualification Examination Fees <\/a><\/td><td class=\"column-4\"><a href=\"http:\/\/www.emploiquebec.gouv.qc.ca\/\" target=\"_blank\" rel=\"noopener noreferrer\">Emploi Qu\u00e9bec<\/a><\/td><td class=\"column-5\"><a href=\"http:\/\/www.mess.gouv.qc.ca\/\" target=\"_blank\" rel=\"noopener noreferrer\">Minist\u00e8re du Travail, de l'Emploi et de la Solidarit\u00e9 sociale<\/a><\/td><td class=\"column-6\">$102.00<\/td><td class=\"column-7\"><a href=\"http:\/\/www.emploiquebec.gouv.qc.ca\/fileadmin\/fichiers\/pdf\/Guide-qualif\/tarification.pdf\" target=\"_blank\" rel=\"noopener noreferrer\">$133.00<\/a><\/td><td class=\"column-8\">Yearly<\/td><td class=\"column-9\">Online<\/td>\n<\/tr>\n<tr class=\"row-10\">\n\t<td class=\"column-1\">24<\/td><td class=\"column-2\">OIL &amp; PROPANE<\/td><td class=\"column-3\"><a href=\"http:\/\/www.emploiquebec.gouv.qc.ca\/citoyens\/developper-et-faire-reconnaitre-vos-competences\/qualification-professionnelle\/qualification-obligatoire\/liste-des-certificats\/certificat-en-manutention-de-propane-mp\/\" target=\"_blank\" rel=\"noopener noreferrer\">Certificate in Propane Handling<\/a><\/td><td class=\"column-4\"><a href=\"http:\/\/www.emploiquebec.gouv.qc.ca\/\" target=\"_blank\" rel=\"noopener noreferrer\">Emploi Qu\u00e9bec<\/a><\/td><td class=\"column-5\"><a href=\"http:\/\/www.mess.gouv.qc.ca\/\" target=\"_blank\" rel=\"noopener noreferrer\">Minist\u00e8re du Travail, de l'Emploi et de la Solidarit\u00e9 sociale<\/a><\/td><td class=\"column-6\">$51.00<\/td><td class=\"column-7\"><a href=\"http:\/\/www.emploiquebec.gouv.qc.ca\/fileadmin\/fichiers\/pdf\/Guide-qualif\/tarification.pdf\" target=\"_blank\" rel=\"noopener noreferrer\">$64.50<\/a><\/td><td class=\"column-8\">Yearly<\/td><td class=\"column-9\">Online<\/td>\n<\/tr>\n<\/tbody>\n<\/table>\n<!-- #tablepress-150 from cache -->\n<p>&nbsp;<\/p>\n","protected":false},"excerpt":{"rendered":"<p>The fifth section of licenses involves the sale of gasoline. In the case of petroleum, a basic license is required<\/p>\n","protected":false},"author":9,"featured_media":0,"parent":0,"menu_order":21,"comment_status":"closed","ping_status":"closed","template":"","meta":{"footnotes":""},"class_list":["post-58251","page","type-page","status-publish","hentry"],"aioseo_notices":[],"jetpack_sharing_enabled":true,"_links":{"self":[{"href":"https:\/\/depquebec.com\/en\/wp-json\/wp\/v2\/pages\/58251","targetHints":{"allow":["GET"]}}],"collection":[{"href":"https:\/\/depquebec.com\/en\/wp-json\/wp\/v2\/pages"}],"about":[{"href":"https:\/\/depquebec.com\/en\/wp-json\/wp\/v2\/types\/page"}],"author":[{"embeddable":true,"href":"https:\/\/depquebec.com\/en\/wp-json\/wp\/v2\/users\/9"}],"replies":[{"embeddable":true,"href":"https:\/\/depquebec.com\/en\/wp-json\/wp\/v2\/comments?post=58251"}],"version-history":[{"count":0,"href":"https:\/\/depquebec.com\/en\/wp-json\/wp\/v2\/pages\/58251\/revisions"}],"wp:attachment":[{"href":"https:\/\/depquebec.com\/en\/wp-json\/wp\/v2\/media?parent=58251"}],"curies":[{"name":"wp","href":"https:\/\/api.w.org\/{rel}","templated":true}]}}