{"id":58250,"date":"2017-03-09T19:44:54","date_gmt":"2017-03-10T00:44:54","guid":{"rendered":"https:\/\/depquebec.com\/?page_id=58250"},"modified":"2021-03-23T16:33:09","modified_gmt":"2021-03-23T20:33:09","slug":"4-video-renting","status":"publish","type":"page","link":"https:\/\/depquebec.com\/en\/4-video-renting\/","title":{"rendered":"4 &#8211; Video Rental"},"content":{"rendered":"<p>The fourth section of permits concerns the rental of video equipment, a sector in decline but still present particularly in remote regions. To rent, sell or exchange films or videos, one must obtain a valid permit from the R\u00e9gie du cin\u00e9ma du Qu\u00e9bec and pay an annual fee, all managed by the Ministry of Culture and Communications. The permit lasts for five years but the annual fee is payable each year. Note that since April 1, 2017, the activities of the R\u00e9gie du cin\u00e9ma have been integrated with those of the Minist\u00e8re de la Culture et des Communications.<\/p>\n\n<table id=\"tablepress-149\" class=\"tablepress tablepress-id-149\">\n<thead>\n<tr class=\"row-1\">\n\t<th class=\"column-1\">No<\/th><th class=\"column-2\">Purpose<\/th><th class=\"column-3\">License \/ Permit Name<\/th><th class=\"column-4\">Department<\/th><th class=\"column-5\">Ministry<\/th><th class=\"column-6\">2010 Fees<\/th><th class=\"column-7\">2025 Fees<\/th><th class=\"column-8\">Frequency<\/th><th class=\"column-9\">Transaction Mode<\/th>\n<\/tr>\n<\/thead>\n<tbody class=\"row-striping row-hover\">\n<tr class=\"row-2\">\n\t<td class=\"column-1\">14<\/td><td class=\"column-2\">VIDEO<\/td><td class=\"column-3\"><a href=\"https:\/\/services.cinema.mcc.gouv.qc.ca\/frais-et-droits-payables\/\" target=\"_blank\" rel=\"noopener noreferrer\">Retailer's license fee for video rental<\/a><\/td><td class=\"column-4\"><a href=\"https:\/\/www.mcc.gouv.qc.ca\/\" target=\"_blank\" rel=\"noopener noreferrer\">Minist\u00e8re de la Culture et des Communications<\/a><\/td><td class=\"column-5\"><a href=\"https:\/\/www.mcc.gouv.qc.ca\/\" target=\"_blank\" rel=\"noopener noreferrer\">Minist\u00e8re de la Culture et des Communications<\/a><\/td><td class=\"column-6\">28,00 $<\/td><td class=\"column-7\"><a href=\"https:\/\/services.cinema.mcc.gouv.qc.ca\/frais-et-droits-payables\/\" target=\"_blank\" rel=\"noopener noreferrer\">$36.25<\/a><\/td><td class=\"column-8\">Once<\/td><td class=\"column-9\">Online or by mail<\/td>\n<\/tr>\n<tr class=\"row-3\">\n\t<td class=\"column-1\">15<\/td><td class=\"column-2\">VIDEO<\/td><td class=\"column-3\"><a href=\"https:\/\/services.cinema.mcc.gouv.qc.ca\/frais-et-droits-payables\/\" target=\"_blank\" rel=\"noopener noreferrer\">Retail Video Rental License<\/a><\/td><td class=\"column-4\"><a href=\"https:\/\/www.mcc.gouv.qc.ca\/\" target=\"_blank\" rel=\"noopener noreferrer\">Minist\u00e8re de la Culture et des Communications<\/a><\/td><td class=\"column-5\"><a href=\"https:\/\/www.mcc.gouv.qc.ca\/\" target=\"_blank\" rel=\"noopener noreferrer\">Minist\u00e8re de la Culture et des Communications<\/a><\/td><td class=\"column-6\">61,25 $<\/td><td class=\"column-7\"><a href=\"https:\/\/services.cinema.mcc.gouv.qc.ca\/frais-et-droits-payables\/\" target=\"_blank\" rel=\"noopener noreferrer\">$72.25<\/a><\/td><td class=\"column-8\">Yearly<\/td><td class=\"column-9\">Online or by mail<\/td>\n<\/tr>\n<\/tbody>\n<\/table>\n<!-- #tablepress-149 from cache -->\n<p>&nbsp;<\/p>\n","protected":false},"excerpt":{"rendered":"<p>The fourth section of permits concerns the rental of video equipment, a sector in decline but still present particularly in<\/p>\n","protected":false},"author":9,"featured_media":0,"parent":0,"menu_order":18,"comment_status":"closed","ping_status":"closed","template":"","meta":{"footnotes":""},"class_list":["post-58250","page","type-page","status-publish","hentry"],"aioseo_notices":[],"jetpack_sharing_enabled":true,"_links":{"self":[{"href":"https:\/\/depquebec.com\/en\/wp-json\/wp\/v2\/pages\/58250","targetHints":{"allow":["GET"]}}],"collection":[{"href":"https:\/\/depquebec.com\/en\/wp-json\/wp\/v2\/pages"}],"about":[{"href":"https:\/\/depquebec.com\/en\/wp-json\/wp\/v2\/types\/page"}],"author":[{"embeddable":true,"href":"https:\/\/depquebec.com\/en\/wp-json\/wp\/v2\/users\/9"}],"replies":[{"embeddable":true,"href":"https:\/\/depquebec.com\/en\/wp-json\/wp\/v2\/comments?post=58250"}],"version-history":[{"count":0,"href":"https:\/\/depquebec.com\/en\/wp-json\/wp\/v2\/pages\/58250\/revisions"}],"wp:attachment":[{"href":"https:\/\/depquebec.com\/en\/wp-json\/wp\/v2\/media?parent=58250"}],"curies":[{"name":"wp","href":"https:\/\/api.w.org\/{rel}","templated":true}]}}