{"id":58237,"date":"2017-03-09T19:36:45","date_gmt":"2017-03-10T00:36:45","guid":{"rendered":"https:\/\/depquebec.com\/?page_id=58237"},"modified":"2019-08-08T08:24:00","modified_gmt":"2019-08-08T12:24:00","slug":"palmares-des-chaines-selon-leur-bannieres-toutes-categories","status":"publish","type":"page","link":"https:\/\/depquebec.com\/en\/ranking\/palmares-des-chaines-selon-leur-bannieres-toutes-categories\/","title":{"rendered":"Chain Ranking"},"content":{"rendered":"<p>Here is the ranking of the major retail and petroleum distribution chains according <strong>to their total number of stores<\/strong> that they either operate or supply in Quebec, per banner. Click on a brand to access its information sheet.<\/p>\n\n<table id=\"tablepress-144\" class=\"tablepress tablepress-id-144 tbody-has-connected-cells\">\n<thead>\n<tr class=\"row-1\">\n\t<th class=\"column-1\"><center>RANKING<\/center><\/th><th class=\"column-2\"><center>CHAIN<\/center><\/th><th class=\"column-3\"><center>BANNER<\/center><\/th><th class=\"column-4\"><center>STORE TOTAL<\/center><\/th><th class=\"column-5\"><center>TOTAL<\/center><\/th>\n<\/tr>\n<\/thead>\n<tbody class=\"row-striping row-hover\">\n<tr class=\"row-2\">\n\t<td rowspan=\"3\" class=\"column-1\"><center><strong>#1<\/strong><\/center><\/td><td rowspan=\"3\" class=\"column-2\"><center><a href=\"https:\/\/depquebec.com\/en\/chain-profiles\/couche-tard\/\">Alimentation Couche-Tard<\/a><\/center><\/td><td class=\"column-3\"><center><a href=\"https:\/\/depquebec.com\/en\/list-of-banners\/couche-tard\/\">Couche-Tard<\/a><\/center><\/td><td class=\"column-4\"><center>576<\/center><\/td><td rowspan=\"3\" class=\"column-5\"><center><strong>1079<\/strong><\/center><\/td>\n<\/tr>\n<tr class=\"row-3\">\n\t<td class=\"column-3\"><center><a href=\"https:\/\/depquebec.com\/en\/banner-profiles\/7-jours\/\">7 Jours<\/a><\/center><\/td><td class=\"column-4\"><center>445<\/center><\/td>\n<\/tr>\n<tr class=\"row-4\">\n\t<td class=\"column-3\"><center><a href=\"https:\/\/depquebec.com\/en\/banner-profiles\/provi-soir\/\">Provi-Soir<\/a><\/center><\/td><td class=\"column-4\"><center>58<\/center><\/td>\n<\/tr>\n<tr class=\"row-5\">\n\t<td rowspan=\"11\" class=\"column-1\"><center><strong>#2<\/strong><\/center><\/td><td rowspan=\"11\" class=\"column-2\"><center><a href=\"https:\/\/depquebec.com\/en\/chain-profiles\/metro\/\">Metro<\/a><\/center><\/td><td class=\"column-3\"><center><a href=\"https:\/\/depquebec.com\/en\/banner-profiles\/gem\/\">GEM<\/a><\/center><\/td><td class=\"column-4\"><center>287<\/center><\/td><td rowspan=\"11\" class=\"column-5\"><center><strong>1 068<\/strong><\/center><\/td>\n<\/tr>\n<tr class=\"row-6\">\n\t<td class=\"column-3\"><center><a href=\"https:\/\/depquebec.com\/en\/banner-profiles\/service-and-servi-express\/\">Servi Express<\/a><\/center><\/td><td class=\"column-4\"><center>106<\/center><\/td>\n<\/tr>\n<tr class=\"row-7\">\n\t<td class=\"column-3\"><center><a href=\"https:\/\/depquebec.com\/en\/banner-profiles\/metro-and-metro-plus\/\">Metro Plus<\/a><\/center><\/td><td class=\"column-4\"><center>101<\/center><\/td>\n<\/tr>\n<tr class=\"row-8\">\n\t<td class=\"column-3\"><center><a href=\"https:\/\/depquebec.com\/en\/banner-profiles\/metro-and-metro-plus\/\">Metro<\/a><\/center><\/td><td class=\"column-4\"><center>98<\/center><\/td>\n<\/tr>\n<tr class=\"row-9\">\n\t<td class=\"column-3\"><center><a href=\"https:\/\/depquebec.com\/en\/banner-profiles\/marcheami\/\">March\u00e9 Ami<\/a><\/center><\/td><td class=\"column-4\"><center>95<\/center><\/td>\n<\/tr>\n<tr class=\"row-10\">\n\t<td class=\"column-3\"><center><a href=\"https:\/\/depquebec.com\/en\/banner-profiles\/superc\/\">Super C<\/a><\/center><\/td><td class=\"column-4\"><center>94<\/center><\/td>\n<\/tr>\n<tr class=\"row-11\">\n\t<td class=\"column-3\"><center><a href=\"https:\/\/depquebec.com\/en\/banner-profiles\/marcherichelieu\/\">March\u00e9 Richelieu<\/a><\/center><\/td><td class=\"column-4\"><center>72<\/center><\/td>\n<\/tr>\n<tr class=\"row-12\">\n\t<td class=\"column-3\"><center><a href=\"https:\/\/depquebec.com\/en\/banner-profiles\/marcheextra\/\">March\u00e9 Extra!<\/a><\/center><\/td><td class=\"column-4\"><center>51<\/center><\/td>\n<\/tr>\n<tr class=\"row-13\">\n\t<td class=\"column-3\"><center><a href=\"https:\/\/depquebec.com\/en\/banner-profiles\/service-and-servi-express\/\">Service<\/a><\/center><\/td><td class=\"column-4\"><center>29<\/center><\/td>\n<\/tr>\n<tr class=\"row-14\">\n\t<td class=\"column-3\"><center><a href=\"https:\/\/depquebec.com\/en\/banner-profiles\/adonis\/\">Adonis<\/a><\/center><\/td><td class=\"column-4\"><center>7<\/center><\/td>\n<\/tr>\n<tr class=\"row-15\">\n\t<td class=\"column-3\"><center>Independents<\/center><\/td><td class=\"column-4\"><center>128<\/center><\/td>\n<\/tr>\n<tr class=\"row-16\">\n\t<td rowspan=\"13\" class=\"column-1\"><center><strong>#3<\/strong><\/center><\/td><td rowspan=\"13\" class=\"column-2\"><center><a href=\"https:\/\/depquebec.com\/en\/chain-profiles\/sobeys-quebec\/\">Sobeys Qu\u00e9bec<\/a><\/center><\/td><td class=\"column-3\"><center><a href=\"https:\/\/depquebec.com\/en\/banner-profiles\/boni-soir-and-voisin\/\">Boni-Soir<\/a><\/center><\/td><td class=\"column-4\"><center>240<\/center><\/td><td rowspan=\"13\" class=\"column-5\"><center><strong>1 020<\/strong><\/center><br \/>\n<\/td>\n<\/tr>\n<tr class=\"row-17\">\n\t<td class=\"column-3\"><center><a href=\"https:\/\/depquebec.com\/en\/banner-profiles\/iga-and-iga-extra\/\">IGA<\/a><\/center><\/td><td class=\"column-4\"><center>156<\/center><\/td>\n<\/tr>\n<tr class=\"row-18\">\n\t<td class=\"column-3\"><center><a href=\"https:\/\/depquebec.com\/en\/banner-profiles\/iga-and-iga-extra\/\">IGA Extra<\/a><\/center><\/td><td class=\"column-4\"><center>106<\/center><\/td>\n<\/tr>\n<tr class=\"row-19\">\n\t<td class=\"column-3\"><center><a href=\"https:\/\/depquebec.com\/en\/banner-profiles\/ledepanneur\/\">Le D\u00e9panneur<\/a><\/center><\/td><td class=\"column-4\"><center>95<\/center><\/td>\n<\/tr>\n<tr class=\"row-20\">\n\t<td class=\"column-3\"><center><a href=\"https:\/\/depquebec.com\/en\/banner-profiles\/select\/\">Select<\/a><\/center><\/td><td class=\"column-4\"><center>95<\/center><\/td>\n<\/tr>\n<tr class=\"row-21\">\n\t<td class=\"column-3\"><center><a href=\"https:\/\/depquebec.com\/en\/banner-profiles\/boni-soir\/\">Voisin<\/a><\/center><\/td><td class=\"column-4\"><center>95<\/center><\/td>\n<\/tr>\n<tr class=\"row-22\">\n\t<td class=\"column-3\"><center><a href=\"https:\/\/depquebec.com\/en\/banner-profiles\/bonichoix\/\">March\u00e9 Bonichoix<\/a><\/center><\/td><td class=\"column-4\"><center>86<\/center><\/td>\n<\/tr>\n<tr class=\"row-23\">\n\t<td class=\"column-3\"><center><a href=\"https:\/\/depquebec.com\/en\/banner-profiles\/marcheomni\/\">March\u00e9 Omni<\/a><\/center><\/td><td class=\"column-4\"><center>49<\/center><\/td>\n<\/tr>\n<tr class=\"row-24\">\n\t<td class=\"column-3\"><center><a href=\"https:\/\/depquebec.com\/en\/banner-profiles\/tradition\/\">March\u00e9 Tradition<\/a><\/center><\/td><td class=\"column-4\"><center>43<\/center><\/td>\n<\/tr>\n<tr class=\"row-25\">\n\t<td class=\"column-3\"><center><a href=\"https:\/\/depquebec.com\/en\/banner-profiles\/rachellebery\/\">Rachelle-B\u00e9ry \u00e9picerie sant\u00e9 <\/a><\/center><\/td><td class=\"column-4\"><center>13<\/center><\/td>\n<\/tr>\n<tr class=\"row-26\">\n\t<td class=\"column-3\"><center><a href=\"https:\/\/depquebec.com\/en\/banner-profiles\/igaexpressmini\/\">IGA Express<\/a><\/center><\/td><td class=\"column-4\"><center>11<\/center><\/td>\n<\/tr>\n<tr class=\"row-27\">\n\t<td class=\"column-3\"><center><a href=\"https:\/\/depquebec.com\/en\/banner-profiles\/igaexpressmini\/\">IGA Mini<\/a><\/center><\/td><td class=\"column-4\"><center>9<\/center><\/td>\n<\/tr>\n<tr class=\"row-28\">\n\t<td class=\"column-3\"><center>Independents<\/center><\/td><td class=\"column-4\"><center>22<\/center><\/td>\n<\/tr>\n<tr class=\"row-29\">\n\t<td rowspan=\"12\" class=\"column-1\"><center><strong>#4<\/strong><\/center><\/td><td rowspan=\"12\" class=\"column-2\"><center><a href=\"https:\/\/depquebec.com\/en\/chain-profiles\/loblaws\/\">Loblaw<\/a><\/center><\/td><td class=\"column-3\"><center><a href=\"https:\/\/depquebec.com\/en\/banner-profiles\/maxi\/\">Maxi<\/a><\/center><\/td><td class=\"column-4\"><center>89<\/center><\/td><td rowspan=\"12\" class=\"column-5\"><center><strong>471<\/strong><\/center><\/td>\n<\/tr>\n<tr class=\"row-30\">\n\t<td class=\"column-3\"><center><a href=\"https:\/\/depquebec.com\/en\/banner-profiles\/proprio\/\">Proprio<\/a><\/center><\/td><td class=\"column-4\"><center>86<\/center><\/td>\n<\/tr>\n<tr class=\"row-31\">\n\t<td class=\"column-3\"><center><a href=\"https:\/\/depquebec.com\/en\/banner-profiles\/axep\/\">Axep<\/a><\/center><\/td><td class=\"column-4\"><center>79<\/center><\/td>\n<\/tr>\n<tr class=\"row-32\">\n\t<td class=\"column-3\"><center><a href=\"https:\/\/depquebec.com\/en\/banner-profiles\/provigo\/\">Provigo<\/a><\/center><\/td><td class=\"column-4\"><center>75<\/center><\/td>\n<\/tr>\n<tr class=\"row-33\">\n\t<td class=\"column-3\"><center><a href=\"https:\/\/depquebec.com\/en\/banner-profiles\/intermarche\/\">L'intermarch\u00e9<\/a><\/center><\/td><td class=\"column-4\"><center>61<\/center><\/td>\n<\/tr>\n<tr class=\"row-34\">\n\t<td class=\"column-3\"><center><a href=\"https:\/\/depquebec.com\/en\/banner-profiles\/maxi\/\">Maxi &amp; Cie<\/a><\/center><\/td><td class=\"column-4\"><center>16<\/center><\/td>\n<\/tr>\n<tr class=\"row-35\">\n\t<td class=\"column-3\"><center><a href=\"https:\/\/depquebec.com\/en\/banner-profiles\/provigo\/\">Provigo Le March\u00e9<\/a><\/center><\/td><td class=\"column-4\"><center>12<\/center><\/td>\n<\/tr>\n<tr class=\"row-36\">\n\t<td class=\"column-3\"><center>\u00c0 plein gaz<\/center><\/td><td class=\"column-4\"><center>12<\/center><\/td>\n<\/tr>\n<tr class=\"row-37\">\n\t<td class=\"column-3\"><center><a href=\"https:\/\/depquebec.com\/en\/banner-profiles\/costco-2\/\">Presto - Club Provigo<\/a><\/center><\/td><td class=\"column-4\"><center>8<\/center><\/td>\n<\/tr>\n<tr class=\"row-38\">\n\t<td class=\"column-3\"><center>Freshmart<\/center><\/td><td class=\"column-4\"><center>4<\/center><\/td>\n<\/tr>\n<tr class=\"row-39\">\n\t<td class=\"column-3\"><center>Atout-prix<\/center><\/td><td class=\"column-4\"><center>4<\/center><\/td>\n<\/tr>\n<tr class=\"row-40\">\n\t<td class=\"column-3\"><center>Independents<\/center><\/td><td class=\"column-4\"><center>33<\/center><\/td>\n<\/tr>\n<tr class=\"row-41\">\n\t<td rowspan=\"3\" class=\"column-1\"><center><strong>#5<\/strong><\/center><\/td><td rowspan=\"3\" class=\"column-2\"><center><a href=\"https:\/\/depquebec.com\/en\/chain-profiles\/parkland-fuel-corporation\/\">Parkland Fuel Corporation<\/a><\/center><\/td><td class=\"column-3\"><center><a href=\"https:\/\/depquebec.com\/en\/banner-profiles\/depanneurducoin\/\">D\u00e9panneur du Coin<\/a><\/center><\/td><td class=\"column-4\"><center>198<\/center><\/td><td rowspan=\"3\" class=\"column-5\"><center><strong>344<\/strong><\/center><\/td>\n<\/tr>\n<tr class=\"row-42\">\n\t<td class=\"column-3\"><center><a href=\"https:\/\/depquebec.com\/en\/banner-profiles\/depan-express\/\">D\u00e9pan Express<\/a><\/center><\/td><td class=\"column-4\"><center>131<\/center><\/td>\n<\/tr>\n<tr class=\"row-43\">\n\t<td class=\"column-3\"><center><a href=\"https:\/\/depquebec.com\/en\/banner-profiles\/marcheexpress\/\">March\u00e9 Express<\/a><\/center><\/td><td class=\"column-4\"><center>15<\/center><\/td>\n<\/tr>\n<tr class=\"row-44\">\n\t<td rowspan=\"9\" class=\"column-1\"><center><strong>#6<\/strong><\/center><\/td><td rowspan=\"9\" class=\"column-2\"><center><a href=\"https:\/\/depquebec.com\/en\/chain-profiles\/beaudry-cadrin\/\">Beaudry &amp; Cadrin<\/a><\/center><\/td><td class=\"column-3\"><center><a href=\"https:\/\/depquebec.com\/en\/banner-profiles\/beau-soir\/\">Beau-soir<\/a><\/center><\/td><td class=\"column-4\"><center>155<\/center><\/td><td rowspan=\"9\" class=\"column-5\"><center><strong>314<\/strong><\/center><\/td>\n<\/tr>\n<tr class=\"row-45\">\n\t<td class=\"column-3\"><center><a href=\"https:\/\/depquebec.com\/en\/banner-profiles\/cinqbannieres\/\">Point d'Aide<\/a><\/center><\/td><td class=\"column-4\"><center>33<\/center><\/td>\n<\/tr>\n<tr class=\"row-46\">\n\t<td class=\"column-3\"><center><a href=\"https:\/\/depquebec.com\/en\/banner-profiles\/cinqbannieres\/\">Sermax<\/a><\/center><\/td><td class=\"column-4\"><center>23<\/center><\/td>\n<\/tr>\n<tr class=\"row-47\">\n\t<td class=\"column-3\"><center><a href=\"https:\/\/depquebec.com\/en\/banner-profiles\/cinqbannieres\/\">D\u00e9panneur Ultra<\/a><\/center><\/td><td class=\"column-4\"><center>15<\/center><\/td>\n<\/tr>\n<tr class=\"row-48\">\n\t<td class=\"column-3\"><center><a href=\"https:\/\/depquebec.com\/en\/banner-profiles\/cinqbannieres\/\">March\u00e9 \u00c9clair<\/a><\/center><\/td><td class=\"column-4\"><center>10<\/center><\/td>\n<\/tr>\n<tr class=\"row-49\">\n\t<td class=\"column-3\"><center><a href=\"https:\/\/depquebec.com\/en\/banner-profiles\/depanneura-2\/\">D\u00e9panneur A+<\/a><\/center><\/td><td class=\"column-4\"><center>9<\/center><\/td>\n<\/tr>\n<tr class=\"row-50\">\n\t<td class=\"column-3\"><center><a href=\"https:\/\/depquebec.com\/en\/banner-profiles\/unisoir\/\">UniSoir<\/a><\/center><\/td><td class=\"column-4\"><center>6<\/center><\/td>\n<\/tr>\n<tr class=\"row-51\">\n\t<td class=\"column-3\"><center><a href=\"https:\/\/depquebec.com\/en\/banner-profiles\/cinqbannieres\/\">Visez Juste!<\/a><\/center><\/td><td class=\"column-4\"><center>5<\/center><\/td>\n<\/tr>\n<tr class=\"row-52\">\n\t<td class=\"column-3\"><center>Independents<\/center><\/td><td class=\"column-4\"><center>58<\/center><\/td>\n<\/tr>\n<tr class=\"row-53\">\n\t<td class=\"column-1\"><center><strong>#7<\/strong><\/center><\/td><td class=\"column-2\"><center><a href=\"https:\/\/depquebec.com\/en\/chain-profiles\/suncor-energy\/\">Suncor Energy<\/a><\/center><\/td><td class=\"column-3\"><center><a href=\"https:\/\/depquebec.com\/en\/banner-profiles\/superrelais\/\">Super Relais<\/a><\/center><\/td><td class=\"column-4\"><center>165<\/center><\/td><td class=\"column-5\"><center><strong>162<\/strong><\/center><\/td>\n<\/tr>\n<tr class=\"row-54\">\n\t<td rowspan=\"3\" class=\"column-1\"><center><strong>#8<\/strong><\/center><\/td><td rowspan=\"3\" class=\"column-2\"><center><a href=\"https:\/\/depquebec.com\/en\/chain-profiles\/harnois-groupe-petrolier\/\">Harnois Groupe P\u00e9trolier<\/a><\/center><\/td><td class=\"column-3\"><center><a href=\"https:\/\/depquebec.com\/en\/banner-profiles\/lemagasin\/\">Le magasin<\/a><\/center><\/td><td class=\"column-4\"><center>42<\/center><\/td><td rowspan=\"3\" class=\"column-5\"><center><strong>87<\/strong><\/center><\/td>\n<\/tr>\n<tr class=\"row-55\">\n\t<td class=\"column-3\"><center><a href=\"https:\/\/depquebec.com\/en\/banner-profiles\/marcheexpress\/\">March\u00e9 Express<\/a><\/center><\/td><td class=\"column-4\"><center>37<\/center><\/td>\n<\/tr>\n<tr class=\"row-56\">\n\t<td class=\"column-3\"><center>Independents<\/center><\/td><td class=\"column-4\"><center>8<\/center><\/td>\n<\/tr>\n<tr class=\"row-57\">\n\t<td rowspan=\"4\" class=\"column-1\"><center><strong>#9<\/strong><\/center><\/td><td rowspan=\"4\" class=\"column-2\"><center><a href=\"https:\/\/depquebec.com\/en\/chain-profiles\/filgo\/\">Groupe Filgo-Sonic<\/a><\/center><\/td><td class=\"column-3\"><center><a href=\"https:\/\/depquebec.com\/en\/banner-profiles\/supersoir-2\/\">Super Soir<\/a><\/center><\/td><td class=\"column-4\"><center>58<\/center><\/td><td rowspan=\"4\" class=\"column-5\"><center><strong>85<\/strong><\/center><\/td>\n<\/tr>\n<tr class=\"row-58\">\n\t<td class=\"column-3\"><center><a href=\"https:\/\/depquebec.com\/en\/banner-profiles\/sonichoix\/\">Sonichoix<\/a><\/center><\/td><td class=\"column-4\"><center>15<\/center><\/td>\n<\/tr>\n<tr class=\"row-59\">\n\t<td class=\"column-3\"><center>Super 7<\/center><\/td><td class=\"column-4\"><center>3<\/center><\/td>\n<\/tr>\n<tr class=\"row-60\">\n\t<td class=\"column-3\"><center>Independents<\/center><\/td><td class=\"column-4\"><center>9<\/center><\/td>\n<\/tr>\n<tr class=\"row-61\">\n\t<td class=\"column-1\"><center><strong>#10<\/strong><\/center><\/td><td class=\"column-2\"><center><a href=\"https:\/\/depquebec.com\/en\/chain-profiles\/groupe-saga\/\">Groupe Saga<\/a><\/center><\/td><td class=\"column-3\"><center><a href=\"https:\/\/depquebec.com\/en\/banner-profiles\/supersagamie\/\">Super Sagamie<\/a> et al<\/center><\/td><td class=\"column-4\"><center>68<\/center><\/td><td class=\"column-5\"><center><strong>68<\/strong><\/center><\/td>\n<\/tr>\n<tr class=\"row-62\">\n\t<td class=\"column-1\"><center><strong>#11<\/strong><\/center><\/td><td class=\"column-2\"><center><a href=\"https:\/\/depquebec.com\/en\/chain-profiles\/f-dufresne\/\">F. Dufresne<\/a><\/center><\/td><td class=\"column-3\"><center><a href=\"https:\/\/depquebec.com\/en\/banner-profiles\/depanneur-2\/\">*d\u00e9panneur*<\/a><\/center><\/td><td class=\"column-4\"><center>28<\/center><\/td><td class=\"column-5\"><center><strong>56<\/strong><\/center><\/td>\n<\/tr>\n<tr class=\"row-63\">\n\t<td rowspan=\"2\" class=\"column-1\"><center><strong>#11<\/strong><\/center><\/td><td rowspan=\"2\" class=\"column-2\"><center><a href=\"https:\/\/depquebec.com\/en\/chain-profiles\/canadian-tire\/\">Canadian Tire<\/a><\/center><\/td><td class=\"column-3\"><center><a href=\"https:\/\/depquebec.com\/en\/banner-profiles\/essencecantire\/\">Essence +<\/a> de Canadian Tire <\/center><\/td><td class=\"column-4\"><center>56<\/center><\/td><td rowspan=\"2\" class=\"column-5\"><center><strong>56<\/strong><\/center><\/td>\n<\/tr>\n<tr class=\"row-64\">\n\t<td class=\"column-3\"><center><a href=\"https:\/\/depquebec.com\/en\/banner-profiles\/depanneurcadeko\/\">D\u00e9panneur (Cadeko)<\/a><\/center><\/td><td class=\"column-4\"><center>28<\/center><\/td>\n<\/tr>\n<tr class=\"row-65\">\n\t<td class=\"column-1\"><center><strong>#13<\/strong><\/center><\/td><td class=\"column-2\"><center><a href=\"https:\/\/depquebec.com\/en\/chain-profiles\/wal-mart\/\">Walmart Canada<\/a><\/center><\/td><td class=\"column-3\"><center><a href=\"https:\/\/depquebec.com\/en\/banner-profiles\/wal-mart\/\">Supercentre<\/a><\/center><\/td><td class=\"column-4\"><center>53<\/center><\/td><td class=\"column-5\"><center><strong>53<\/strong><\/center><\/td>\n<\/tr>\n<tr class=\"row-66\">\n\t<td class=\"column-1\"><center><strong>#14<\/strong><\/center><\/td><td class=\"column-2\"><center><a href=\"https:\/\/depquebec.com\/en\/chain-profiles\/presse-commerce\/\">Corporation Presse Commerce<\/a><\/center><\/td><td class=\"column-3\"><center><a href=\"https:\/\/depquebec.com\/bannieres\/\">MULTIMAGS<\/a><\/center><\/td><td class=\"column-4\"><center>29<\/center><\/td><td class=\"column-5\"><center><strong>29<\/strong><\/center><\/td>\n<\/tr>\n<tr class=\"row-67\">\n\t<td class=\"column-1\"><center><strong>#15<\/strong><\/center><\/td><td class=\"column-2\"><center><a href=\"https:\/\/depquebec.com\/en\/chain-profiles\/costco\/\">Costco<\/a><\/center><\/td><td class=\"column-3\"><center><a href=\"https:\/\/depquebec.com\/en\/banner-profiles\/costco\/\">Costco<\/a><\/center><\/td><td class=\"column-4\"><center>21<\/center><\/td><td class=\"column-5\"><center><strong>21<\/strong><\/center><\/td>\n<\/tr>\n<tr class=\"row-68\">\n\t<td rowspan=\"2\" class=\"column-1\"><center><strong>#16<\/strong><\/center><\/td><td rowspan=\"2\" class=\"column-2\"><center><a href=\"https:\/\/depquebec.com\/en\/chain-profiles\/paquet-fils\/\">Paquet &amp; Fils Lt\u00e9e<\/a><\/center><\/td><td class=\"column-3\"><center><a href=\"https:\/\/depquebec.com\/en\/banner-profiles\/icidepanneur\/\">ICI d\u00e9panneur<\/a><\/center><\/td><td class=\"column-4\"><center>7<\/center><\/td><td rowspan=\"2\" class=\"column-5\"><center><strong>19<\/strong><\/center><\/td>\n<\/tr>\n<tr class=\"row-69\">\n\t<td class=\"column-3\"><center>Independents<\/center><\/td><td class=\"column-4\"><center>12<\/center><\/td>\n<\/tr>\n<tr class=\"row-70\">\n\t<td class=\"column-1\"><center><strong>#17<\/strong><\/center><\/td><td class=\"column-2\"><center><a href=\"https:\/\/depquebec.com\/en\/chain-profiles\/maestro\/\">Maestro<\/a><\/center><\/td><td class=\"column-3\"><center><a href=\"https:\/\/depquebec.com\/en\/banner-profiles\/maestro\/\">Maestro<\/a><\/center><\/td><td class=\"column-4\"><center>18<\/center><\/td><td class=\"column-5\"><center><strong>18<\/strong><\/center><\/td>\n<\/tr>\n<tr class=\"row-71\">\n\t<td class=\"column-1\"><center><strong>#18<\/strong><\/center><\/td><td class=\"column-2\"><center><a href=\"https:\/\/depquebec.com\/en\/chain-profiles\/quickie-stores\/\">Quickie<\/a><\/center><\/td><td class=\"column-3\"><center><a href=\"https:\/\/depquebec.com\/en\/banner-profiles\/quickie\/\">Quickie<\/a><\/center><\/td><td class=\"column-4\"><center>12<\/center><\/td><td class=\"column-5\"><center><strong>12<\/strong><\/center><\/td>\n<\/tr>\n<tr class=\"row-72\">\n\t<td class=\"column-1\"><center><strong>#19<\/strong><\/center><\/td><td class=\"column-2\"><center><a href=\"https:\/\/depquebec.com\/en\/chain-profiles\/super-save\/\">Super Save Group<\/a><\/center><\/td><td class=\"column-3\"><center>Arr\u00eat-Pause Super Gaz<\/center><\/td><td class=\"column-4\"><center>8<\/center><\/td><td class=\"column-5\"><center><strong>8<\/strong><\/center><\/td>\n<\/tr>\n<\/tbody>\n<\/table>\n<!-- #tablepress-144 from cache -->\n<p>Updated: March 2017<\/p>\n","protected":false},"excerpt":{"rendered":"<p>Here is the ranking of the major retail and petroleum distribution chains according to their total number of stores that<\/p>\n","protected":false},"author":9,"featured_media":0,"parent":58238,"menu_order":0,"comment_status":"closed","ping_status":"closed","template":"","meta":{"footnotes":""},"class_list":["post-58237","page","type-page","status-publish","hentry"],"aioseo_notices":[],"jetpack_sharing_enabled":true,"_links":{"self":[{"href":"https:\/\/depquebec.com\/en\/wp-json\/wp\/v2\/pages\/58237","targetHints":{"allow":["GET"]}}],"collection":[{"href":"https:\/\/depquebec.com\/en\/wp-json\/wp\/v2\/pages"}],"about":[{"href":"https:\/\/depquebec.com\/en\/wp-json\/wp\/v2\/types\/page"}],"author":[{"embeddable":true,"href":"https:\/\/depquebec.com\/en\/wp-json\/wp\/v2\/users\/9"}],"replies":[{"embeddable":true,"href":"https:\/\/depquebec.com\/en\/wp-json\/wp\/v2\/comments?post=58237"}],"version-history":[{"count":0,"href":"https:\/\/depquebec.com\/en\/wp-json\/wp\/v2\/pages\/58237\/revisions"}],"up":[{"embeddable":true,"href":"https:\/\/depquebec.com\/en\/wp-json\/wp\/v2\/pages\/58238"}],"wp:attachment":[{"href":"https:\/\/depquebec.com\/en\/wp-json\/wp\/v2\/media?parent=58237"}],"curies":[{"name":"wp","href":"https:\/\/api.w.org\/{rel}","templated":true}]}}