{"id":58233,"date":"2017-03-09T19:35:10","date_gmt":"2017-03-10T00:35:10","guid":{"rendered":"https:\/\/depquebec.com\/?page_id=58233"},"modified":"2017-03-29T19:44:00","modified_gmt":"2017-03-30T00:44:00","slug":"shell","status":"publish","type":"page","link":"https:\/\/depquebec.com\/en\/list-of-gas-brands\/shell\/","title":{"rendered":"Shell"},"content":{"rendered":"<p><a href=\"http:\/\/www.shell.ca\/fr_ca.html#vanity-aHR0cDovL3d3dy5zaGVsbC5jYS9mci5odG1s\" target=\"_blank\" rel=\"attachment wp-att-1575\"><img decoding=\"async\" class=\"alignright wp-image-1575 size-medium\" src=\"https:\/\/depquebec.com\/wp-content\/uploads\/2017\/01\/z013-400x300.jpg\" width=\"400\" height=\"300\" srcset=\"https:\/\/depquebec.com\/wp-content\/uploads\/2017\/01\/z013-400x300.jpg 400w, https:\/\/depquebec.com\/wp-content\/uploads\/2017\/01\/z013-600x450.jpg 600w, https:\/\/depquebec.com\/wp-content\/uploads\/2017\/01\/z013-768x576.jpg 768w, https:\/\/depquebec.com\/wp-content\/uploads\/2017\/01\/z013.jpg 800w\" sizes=\"(max-width: 400px) 100vw, 400px\" \/><\/a><\/p>\n<p><span id=\"result_box\" class=\"\" lang=\"en\" tabindex=\"-1\"><span title=\"La marque d'essence Shell est la propri\u00e9t\u00e9 de Shell Canada qui est bas\u00e9e \u00e0 Calgary, en Ontario. \">The internationnally known\u00a0<strong><a href=\"http:\/\/www.shell.ca\/fr_ca\/motorists\/carburants-shell.html\" target=\"_blank\">Shell<\/a>\u00a0<\/strong>fuel\u00a0brand is owned in Canada by Calgary-based\u00a0<strong><a href=\"http:\/\/www.shell.ca\/fr_ca.html#vanity-aHR0cDovL3d3dy5zaGVsbC5jYS9mci5odG1s\" target=\"_blank\">Shell Canada<\/a><\/strong>.<\/span><\/span><\/p>\n<p><span title=\"La soci\u00e9t\u00e9 Shell (\u00e9galement appel\u00e9e Royal Dutch \/ Shell) est une compagnie p\u00e9troli\u00e8re anglo-n\u00e9erlandaise, l'une des plus importantes soci\u00e9t\u00e9s multinationales.\"><strong><a href=\"http:\/\/www.shell.ca\/fr_ca\/motorists\/carburants-shell.html\" target=\"_blank\">Shell<\/a>\u00a0<\/strong>(also known as Royal Dutch \/ Shell) is an Anglo-Dutch oil company, one of the largest multinational corporations in the world. In reality<\/span><span title=\"Comme dans les faits, il s'agit d'un groupe de soci\u00e9t\u00e9s qui sont d\u00e9tenues directement ou indirectement par la soci\u00e9t\u00e9-m\u00e8re Royal Dutch Petroleum, l'expression \u00ab groupe Shell \u00bb est couramment utilis\u00e9e en fran\u00e7ais pour d\u00e9signer l'ensemble de l'\">, this is a group of companies that are owned directly or indirectly by the parent company <em><strong>Royal Dutch Petroleum<\/strong><\/em>, so that the term &#8220;<strong>Shell Group<\/strong>&#8221; is commonly used\u00a0in English to refer to the entire <\/span><span title=\"entreprise. \">business.<\/span><\/p>\n<p><span title=\"Le nom Shell (\u00ab coquillage \u00bb en anglais) et le logo sont \u00e9troitement li\u00e9s aux origines de la compagnie Shell Transport and Trading Company, fond\u00e9e \u00e0 Londres en 1833 par le p\u00e8re de Marcus Samuel, \u00e0 l'origine une soci\u00e9t\u00e9 d'import-export\">The <strong><a href=\"http:\/\/www.shell.ca\/fr_ca\/motorists\/carburants-shell.html\" target=\"_blank\">Shell<\/a>\u00a0<\/strong>name and the logo are closely related to the origins of the Shell Transport and Trading Company, founded in London in 1833 by the father of Marcus Samuel, originally an import-export company named\u00a0<\/span><span title=\"baptis\u00e9e M. Samuel &amp; Co. : elle importait en effet des antiquit\u00e9s, des bibelots dont des coquillages orientaux destin\u00e9s \u00e0 fabriquer de petites bo\u00eetes d\u00e9coratives, en vogue \u00e0 l'\u00e9poque victorienne. \">M. Samuel &amp; Co. At its very beginning, it used to import antiquities, ornaments, including oriental shells destined to make small decorative boxes, fashionable in the Victorian era, hence today&#8217;s &#8220;shell&#8221; logo.<\/span><\/p>\n<p><span title=\"Shell met aussi de l'avant un marque d'essence haut de gamme appel\u00e9e V-Power NiTRO+ qui, selon la soci\u00e9t\u00e9, &quot;repr\u00e9sente plus de 100 ans d'engagement pour la production de carburants de haute qualit\u00e9&quot;.\">Nowadays,\u00a0<strong><a href=\"http:\/\/www.shell.ca\/fr_ca\/motorists\/carburants-shell.html\" target=\"_blank\">Shell<\/a>\u00a0<\/strong>offers\u00a0a premium gasoline brand called <strong>V-Power NiTRO +<\/strong> which, according to the company, &#8220;represents more than 100 years of commitment to the production of high quality fuels.&#8221; <\/span><span title=\"Pour satisfaire les besoins en constante \u00e9volution des conducteurs et de leurs v\u00e9hicules, les scientifiques de Shell ont men\u00e9 des essais novateurs en laboratoire, qui ont permis de d\u00e9montrer que l'ensemble d'additifs du supercarburant Shell V-Power NiTRO+ agit instantan\u00e9ment en formant une\">To meet the ever-changing needs of drivers and their vehicles, <strong><a href=\"http:\/\/www.shell.ca\/fr_ca\/motorists\/carburants-shell.html\" target=\"_blank\">Shell<\/a>\u00a0<\/strong>scientists conducted innovative laboratory tests that demonstrated that the <strong><a href=\"http:\/\/www.shell.ca\/fr_ca\/motorists\/carburants-shell.html\" target=\"_blank\">Shell<\/a>\u00a0<\/strong><strong>V-Power NiTRO +<\/strong> Super Fuel additive set instantly p<\/span><span title=\"barri\u00e8re protectrice contre l'encrassement, l'usure et la corrosion. \">rotective barrier against fouling, wear and corrosion.<\/span><\/p>\n<p><span title=\"La marque adh\u00e8re au programme de fid\u00e9lisation Air Miles, vend des cartes-cadeaux Shell et offre un carte MasterCard Shell offerte par BMO. \">The brand is part of the <a href=\"https:\/\/www.airmiles.ca\/arrow\/Splash?splashId=22800188&amp;changeLocale=en_CA\" target=\"_blank\"><strong>Air Miles<\/strong><\/a> loyalty program, sells <strong><a href=\"http:\/\/www.shell.ca\/fr_ca\/motorists\/carburants-shell.html\" target=\"_blank\">Shell<\/a>\u00a0<\/strong>gift cards and offers a <strong><a href=\"http:\/\/www.shell.ca\/fr_ca\/motorists\/carburants-shell.html\" target=\"_blank\">Shell<\/a>\u00a0<\/strong>MasterCard credit card offered by <a href=\"https:\/\/www.bmo.com\/main\/personal\" target=\"_blank\"><strong>BMO<\/strong><\/a>.<\/span><\/p>\n<h4><\/h4>\n<h4><span title=\"Mode de franchisage \">Type of Franchising<\/span><\/h4>\n<p><span title=\"Le r\u00e9seau de stations-service et d\u00e9panneur Shell Select a \u00e9t\u00e9 vendu \u00e0 Sobeys en 2011. En ce qui a trait aux franchise d'essence, Shell s'en remet \u00e0 Sobeys en tant que &quot;grossiste de marque&quot; de m\u00eame qu'\u00e0 d\"><strong><a href=\"http:\/\/www.shell.ca\/fr_ca\/motorists\/carburants-shell.html\" target=\"_blank\">Shell<\/a>\u00a0<\/strong>has been among the big oil companies to depart from retail distribution. Accordingly, the corporate\u00a0<strong><a href=\"https:\/\/depquebec.com\/en\/banner-profiles\/select\/\" target=\"_blank\">Shell Select<\/a>\u00a0<\/strong>gas stations network was sold to <a href=\"https:\/\/depquebec.com\/en\/chain-profiles\/sobeys-quebec\/\"><strong>Sobeys<\/strong> <\/a>in 2011. With respect to fuel franchises, <strong><a href=\"http:\/\/www.shell.ca\/fr_ca\/motorists\/carburants-shell.html\" target=\"_blank\">Shell<\/a>\u00a0<\/strong>relies on <a href=\"https:\/\/depquebec.com\/en\/chain-profiles\/sobeys-quebec\/\"><strong>Sobeys<\/strong> <\/a>as well as a &#8220;brand wholesaler&#8221; and o<\/span><span title=\"'autres groupes pour des territoires particulier comme le Groupe Filgo-Sonic pour la Beauce et Chaudi\u00e8re-Appalaches.\">ther groups for specific territories such as <a href=\"https:\/\/depquebec.com\/en\/chain-profiles\/groupe-filgo-sonic\/\"><strong>Groupe\u00a0Filgo-Sonic <\/strong><\/a>for the Beauce and Chaudi\u00e8re-Appalaches regions.<\/span><\/p>\n<div class=\"incTinyMce\">\n<h4><\/h4>\n<h4>Gas Brand Network<\/h4>\n<\/div>\n\n<table id=\"tablepress-251\" class=\"tablepress tablepress-id-251\">\n<thead>\n<tr class=\"row-1\">\n\t<th class=\"column-1\">Name:<\/th><th class=\"column-2\">Shell<\/th>\n<\/tr>\n<\/thead>\n<tbody class=\"row-striping row-hover\">\n<tr class=\"row-2\">\n\t<td class=\"column-1\"><a href=\"https:\/\/depquebec.com\/en\/ranking\/gas-brand-ranking\/\">Ranking (gas brand):<\/a><\/td><td class=\"column-2\">3rd of 19<\/td>\n<\/tr>\n<tr class=\"row-3\">\n\t<td class=\"column-1\">Number of gas stations:<\/td><td class=\"column-2\">284<\/td>\n<\/tr>\n<tr class=\"row-4\">\n\t<td class=\"column-1\">Description:<\/td><td class=\"column-2\">Global gasoline brand<\/td>\n<\/tr>\n<tr class=\"row-5\">\n\t<td class=\"column-1\">Franchisor:<\/td><td class=\"column-2\"><a href=\"http:\/\/www.shell.ca\/\" target=\"_blank\">Shell Canada<\/a><\/td>\n<\/tr>\n<tr class=\"row-6\">\n\t<td class=\"column-1\">Business Model:<\/td><td class=\"column-2\"><a href=\"https:\/\/depquebec.com\/en\/about-depquebec\/terminology\/\">Type B) Company-operated store \/ dealer-operated<\/a><br \/>\n<a href=\"https:\/\/depquebec.com\/en\/about-depquebec\/terminology\/\">Type D) Affiliated independent store (banner)<\/a><\/td>\n<\/tr>\n<tr class=\"row-7\">\n\t<td class=\"column-1\">Website:<\/td><td class=\"column-2\"><a href=\"http:\/\/www.shell.ca\/\" target=\"_blank\">Shell Canada<\/a><\/td>\n<\/tr>\n<tr class=\"row-8\">\n\t<td class=\"column-1\">Facebook:<\/td><td class=\"column-2\"><a href=\"https:\/\/www.facebook.com\/Shell\/?fref=ts\" target=\"_blank\">Shell on Facebook<\/a><\/td>\n<\/tr>\n<\/tbody>\n<\/table>\n<!-- #tablepress-251 from cache -->\n","protected":false},"excerpt":{"rendered":"<p>The internationnally known\u00a0Shell\u00a0fuel\u00a0brand is owned in Canada by Calgary-based\u00a0Shell Canada. Shell\u00a0(also known as Royal Dutch \/ Shell) is an Anglo-Dutch<\/p>\n","protected":false},"author":9,"featured_media":0,"parent":120319,"menu_order":19,"comment_status":"closed","ping_status":"closed","template":"","meta":{"footnotes":""},"class_list":["post-58233","page","type-page","status-publish","hentry"],"aioseo_notices":[],"jetpack_sharing_enabled":true,"_links":{"self":[{"href":"https:\/\/depquebec.com\/en\/wp-json\/wp\/v2\/pages\/58233","targetHints":{"allow":["GET"]}}],"collection":[{"href":"https:\/\/depquebec.com\/en\/wp-json\/wp\/v2\/pages"}],"about":[{"href":"https:\/\/depquebec.com\/en\/wp-json\/wp\/v2\/types\/page"}],"author":[{"embeddable":true,"href":"https:\/\/depquebec.com\/en\/wp-json\/wp\/v2\/users\/9"}],"replies":[{"embeddable":true,"href":"https:\/\/depquebec.com\/en\/wp-json\/wp\/v2\/comments?post=58233"}],"version-history":[{"count":0,"href":"https:\/\/depquebec.com\/en\/wp-json\/wp\/v2\/pages\/58233\/revisions"}],"up":[{"embeddable":true,"href":"https:\/\/depquebec.com\/en\/wp-json\/wp\/v2\/pages\/120319"}],"wp:attachment":[{"href":"https:\/\/depquebec.com\/en\/wp-json\/wp\/v2\/media?parent=58233"}],"curies":[{"name":"wp","href":"https:\/\/api.w.org\/{rel}","templated":true}]}}