{"id":58208,"date":"2017-03-09T19:24:21","date_gmt":"2017-03-10T00:24:21","guid":{"rendered":"https:\/\/depquebec.com\/?page_id=58208"},"modified":"2017-03-29T09:43:25","modified_gmt":"2017-03-29T14:43:25","slug":"super-sagamie","status":"publish","type":"page","link":"https:\/\/depquebec.com\/en\/list-of-banners\/super-sagamie\/","title":{"rendered":"Super Sagamie"},"content":{"rendered":"<p><a href=\"http:\/\/www.supersagamie.com\/\" rel=\"attachment wp-att-1609\"><img decoding=\"async\" class=\"alignright wp-image-1609 size-medium\" src=\"https:\/\/depquebec.com\/wp-content\/uploads\/2017\/01\/K001-400x300.jpg\" width=\"400\" height=\"300\" srcset=\"https:\/\/depquebec.com\/wp-content\/uploads\/2017\/01\/K001-400x300.jpg 400w, https:\/\/depquebec.com\/wp-content\/uploads\/2017\/01\/K001.jpg 600w\" sizes=\"(max-width: 400px) 100vw, 400px\" \/><\/a><span id=\"result_box\" class=\"\" lang=\"en\" tabindex=\"-1\"><span title=\"La banni\u00e8re Super Sagamie est la marque \u00e9tendard du Groupe Saga, une cha\u00eene r\u00e9gionale dynamique de d\u00e9panneurs situ\u00e9e au Saguenay - Lac-St-Jean et qui rayonne d\u00e9sormais un peu partout \u00e0 travers le Qu\u00e9bec. \">The <a href=\"http:\/\/www.supersagamie.com\/\" target=\"_blank\"><strong>Super Sagamie<\/strong><\/a>\u00a0banner is the flagship brand of the <a href=\"https:\/\/depquebec.com\/en\/chain-profiles\/groupe-saga\/\"><strong>Groupe Saga<\/strong><\/a>, a dynamic regional chain of convenience stores located in the Saguenay-Lac-St-Jean region, now extending its reach throughout the Quebec province.<\/span><\/span><\/p>\n<p><span title=\"Le nom Sagamie est bien connu dans la r\u00e9gion : il est utilis\u00e9 pour d\u00e9signer la r\u00e9gion et provient d'une combinaison de voyelles form\u00e9e \u00e0 partir des noms Saguenay et Pi\u00e9kouagami, qui est le nom montagnais donn\u00e9 au lac Saint-Jean. \">The name <strong>Sagamie<\/strong> is well known in its native\u00a0region: it designates the region and comes from a combination of vowels formed from the names <strong>Saguenay<\/strong> and <strong>Pi\u00e9kouagami<\/strong>, which is the Montagnais name given to the Lac-Saint-Jean.<\/span><\/p>\n<p><span title=\"La banni\u00e8re ma\u00eetresse a aussi des banni\u00e8res connexes telles que : Sagamie, March\u00e9 Sagamie, Super Sagamie Plus et QualiT. \"><strong><a href=\"https:\/\/depquebec.com\/en\/chain-profiles\/groupe-saga\/\">Groupe Saga<\/a> <\/strong>has\u00a0developed an array of secondary banners such as: <a href=\"http:\/\/www.supersagamie.com\/\" target=\"_blank\"><strong>Sagamie<\/strong><\/a>, <a href=\"http:\/\/www.supersagamie.com\/\" target=\"_blank\"><strong>March\u00e9 Sagamie<\/strong><\/a>, <a href=\"http:\/\/www.supersagamie.com\/\" target=\"_blank\"><strong>Super Sagamie Plus<\/strong><\/a>\u00a0and\u00a0<a href=\"http:\/\/www.supersagamie.com\/\" target=\"_blank\"><strong>QualiT<\/strong><\/a>.<\/span><\/p>\n<h4><span title=\"Mode de franchisage \">Type of Franchise<\/span><\/h4>\n<p><span title=\"Une franchise avec Super Sagamie va au-del\u00e0 d'une simple entente d'approvisionnement : elle englobe plusieurs aspects du marketing et des op\u00e9rations tels que : \">A franchise with <a href=\"http:\/\/www.supersagamie.com\/\" target=\"_blank\"><strong>Super Sagamie<\/strong><\/a>\u00a0encompasses several aspects of marketing and operations such as:<\/span><\/p>\n<ul>\n<li><span title=\"Suivi des ententes centralis\u00e9es permettant un suivi rigoureux des ententes et des n\u00e9gociations aupr\u00e8s des fournisseurs; \">Monitoring of centralized agreements that allow rigorous monitoring of agreements and negotiations with suppliers;<\/span><\/li>\n<li><span title=\"Plan de ristourne avantageux et proportionnel au volume d'achats; \">Discount pricing and rebates according\u00a0to\u00a0the purchase volume;<\/span><\/li>\n<li><span title=\"Syst\u00e8me de facturation centralis\u00e9e (DROP) qui simplifie l'administration du commerce, diminue les risques d'erreurs et permet un meilleur contr\u00f4le des ristournes; \">Centralized invoicing system (DROP)\u00a0that simplifies business administration, reduces the risk of errors and allows better rebate control;<\/span><\/li>\n<li><span title=\"Syst\u00e8me de caisse centralis\u00e9e en r\u00e9seau (SMS) permettant la centralisation des changements de prix et la diminution de la charge de travail des commer\u00e7ants ainsi que les erreurs de codification; \">Centralized network system of cash register (SMS) allowing for centralized price changes and reducing the retailer workload of merchants as well as coding errors;<\/span><\/li>\n<li><span title=\"Campagnes de publicit\u00e9 dynamiques ainsi que promotions d\u2019envergure.\">Dynamic advertising campaigns as well as major promotions.<\/span><\/li>\n<\/ul>\n<h4>Banner Profile<\/h4>\n\n<table id=\"tablepress-231\" class=\"tablepress tablepress-id-231\">\n<thead>\n<tr class=\"row-1\">\n\t<th class=\"column-1\">Name:<\/th><th class=\"column-2\">Super Sagamie and al (March\u00e9 Sagamie, QualiT, etc.)<\/th>\n<\/tr>\n<\/thead>\n<tbody class=\"row-striping row-hover\">\n<tr class=\"row-2\">\n\t<td class=\"column-1\"><a href=\"https:\/\/depquebec.com\/en\/ranking\/banner-ranking\/\">Ranking (banners):<\/a><\/td><td class=\"column-2\">25th of 63<\/td>\n<\/tr>\n<tr class=\"row-3\">\n\t<td class=\"column-1\">Number of stores:<\/td><td class=\"column-2\">64<\/td>\n<\/tr>\n<tr class=\"row-4\">\n\t<td class=\"column-1\">Description:<\/td><td class=\"column-2\">Regional network of franchised convenience stores (Saguenay-Lac-St-Jean)<\/td>\n<\/tr>\n<tr class=\"row-5\">\n\t<td class=\"column-1\">Franchisor:<\/td><td class=\"column-2\"><a href=\"https:\/\/depquebec.com\/en\/chain-profiles\/groupe-saga\/\">Groupe Saga<\/a><\/td>\n<\/tr>\n<tr class=\"row-6\">\n\t<td class=\"column-1\">Business Model:<\/td><td class=\"column-2\"><a href=\"https:\/\/depquebec.com\/en\/a-propos-de-depquebec\/terminology\/\">Type C) Store franchisee<\/a><\/td>\n<\/tr>\n<tr class=\"row-7\">\n\t<td class=\"column-1\">Foundation date:<\/td><td class=\"column-2\">1981<\/td>\n<\/tr>\n<tr class=\"row-8\">\n\t<td class=\"column-1\">Website:<\/td><td class=\"column-2\"><a href=\"http:\/\/www.supersagamie.com\/\" target=\"_blank\">Super Sagamie<\/a><\/td>\n<\/tr>\n<\/tbody>\n<\/table>\n<!-- #tablepress-231 from cache -->\n","protected":false},"excerpt":{"rendered":"<p>The Super Sagamie\u00a0banner is the flagship brand of the Groupe Saga, a dynamic regional chain of convenience stores located in<\/p>\n","protected":false},"author":9,"featured_media":0,"parent":120317,"menu_order":41,"comment_status":"closed","ping_status":"closed","template":"","meta":{"footnotes":""},"class_list":["post-58208","page","type-page","status-publish","hentry"],"aioseo_notices":[],"jetpack_sharing_enabled":true,"_links":{"self":[{"href":"https:\/\/depquebec.com\/en\/wp-json\/wp\/v2\/pages\/58208","targetHints":{"allow":["GET"]}}],"collection":[{"href":"https:\/\/depquebec.com\/en\/wp-json\/wp\/v2\/pages"}],"about":[{"href":"https:\/\/depquebec.com\/en\/wp-json\/wp\/v2\/types\/page"}],"author":[{"embeddable":true,"href":"https:\/\/depquebec.com\/en\/wp-json\/wp\/v2\/users\/9"}],"replies":[{"embeddable":true,"href":"https:\/\/depquebec.com\/en\/wp-json\/wp\/v2\/comments?post=58208"}],"version-history":[{"count":0,"href":"https:\/\/depquebec.com\/en\/wp-json\/wp\/v2\/pages\/58208\/revisions"}],"up":[{"embeddable":true,"href":"https:\/\/depquebec.com\/en\/wp-json\/wp\/v2\/pages\/120317"}],"wp:attachment":[{"href":"https:\/\/depquebec.com\/en\/wp-json\/wp\/v2\/media?parent=58208"}],"curies":[{"name":"wp","href":"https:\/\/api.w.org\/{rel}","templated":true}]}}