{"id":58204,"date":"2017-03-09T19:23:01","date_gmt":"2017-03-10T00:23:01","guid":{"rendered":"https:\/\/depquebec.com\/?page_id=58204"},"modified":"2017-05-17T11:48:51","modified_gmt":"2017-05-17T16:48:51","slug":"sonichoix","status":"publish","type":"page","link":"https:\/\/depquebec.com\/en\/list-of-banners\/sonichoix\/","title":{"rendered":"Sonichoix"},"content":{"rendered":"<p><strong><a href=\"http:\/\/www.sonic.coop\/fr\/stations-service\/depanneur-sonichoix\" rel=\"attachment wp-att-1607\"><img decoding=\"async\" class=\"alignright wp-image-1607 size-full\" src=\"https:\/\/depquebec.com\/wp-content\/uploads\/2017\/01\/c001.jpg\" width=\"400\" height=\"300\" \/><\/a><\/strong><\/p>\n<p><span id=\"result_box\" class=\"\" lang=\"en\" tabindex=\"-1\"><span title=\"Sonichoix est la banni\u00e8re de d\u00e9panneurs de Sonic, membre de la Coop\u00e9rative F\u00e9d\u00e9r\u00e9e et r\u00e9cemment fusionn\u00e9e avec Filgo pour cr\u00e9er le Groupe Filgo-Sonic.\"><strong><a href=\"http:\/\/www.sonic.coop\/fr\/stations-service\/depanneur-sonichoix\" target=\"_blank\" rel=\"noopener noreferrer\">Sonichoix<\/a>\u00a0<\/strong>is \u200b\u200bthe convenience store banner associated with <a href=\"https:\/\/depquebec.com\/en\/gas-brand-profiles\/sonic\/\"><strong>Sonic<\/strong><\/a>, a Quebec gas brand and subsidiairy of giant agro-food <strong><a href=\"http:\/\/web.lacoop.coop\/en\/\" target=\"_blank\" rel=\"noopener noreferrer\">Coop\u00e9rative F\u00e9d\u00e9r\u00e9e<\/a>. <\/strong>With the latter blessing, the <strong><a href=\"https:\/\/depquebec.com\/en\/gas-brand-profiles\/sonic\/\">Sonic<\/a>\u00a0<\/strong>division\u00a0recently merged with <a href=\"http:\/\/www.filgo.ca\/\"><strong>Filgo<\/strong> <\/a>to become the <a href=\"https:\/\/depquebec.com\/en\/chain-profiles\/groupe-filgo-sonic\/\"><strong>Groupe Filgo-Sonic<\/strong><\/a>. <\/span><\/span><\/p>\n<p><span id=\"result_box\" class=\"\" lang=\"en\" tabindex=\"-1\"><span title=\"Sonichoix compte une quinzaine de d\u00e9panneurs tous franchis\u00e9s mais Sonic, pour sa part, compte pr\u00e8s de 200 enseignes d'essence aupr\u00e8s de diverses banni\u00e8res de d\u00e9panneur ainsi que de centres d'entretien automobile. \"><strong><a href=\"http:\/\/www.sonic.coop\/fr\/stations-service\/depanneur-sonichoix\" target=\"_blank\" rel=\"noopener noreferrer\">Sonichoix<\/a>\u00a0<\/strong>has about fifteen franchised stores while <strong><a href=\"https:\/\/depquebec.com\/en\/gas-brand-profiles\/sonic\/\">Sonic<\/a>\u00a0<\/strong>is the brand of nearly 200 gas stations with various convenience stores banners as well as automotive service centers.<\/span><\/span><\/p>\n<p><span title=\"Les d\u00e9panneurs Sonichoix disent offrir une gamme de produits \u00e9tendue de tr\u00e8s bonne qualit\u00e9 qui r\u00e9pondent aux besoins de tous les clients.\">The <strong><a href=\"http:\/\/www.sonic.coop\/fr\/stations-service\/depanneur-sonichoix\" target=\"_blank\" rel=\"noopener noreferrer\">Sonichoix<\/a>\u00a0<\/strong>convenience stores pride themselves on offering a wide range of high quality products that meet the needs of all customers. <\/span><span title=\"Le service offert par le personnel est &quot;courtois, rapide et pr\u00e9cis&quot;.\">The service provided by the staff is &#8220;courteous, fast and accurate&#8221;. <\/span><span title=\"Toujours avec le sourire, on vous promet &quot;un service \u00e0 la client\u00e8le exemplaire&quot;. \">Always with a smile, <strong><a href=\"http:\/\/www.sonic.coop\/fr\/stations-service\/depanneur-sonichoix\" target=\"_blank\" rel=\"noopener noreferrer\">Sonichoix<\/a><\/strong><strong>\u00a0<\/strong>promises\u00a0nothing less but a\u00a0&#8220;stellar customer service&#8221;.<\/span><\/p>\n<h4><span title=\"Mode de franchisage \">Type of Franchise<\/span><\/h4>\n<p><span title=\"Les avantages offerts par Sonic aux d\u00e9taillants ind\u00e9pendants comprennent (source : Sonic): \">Following the recent merger, the set of conditions to become a <strong><a href=\"http:\/\/www.sonic.coop\/fr\/stations-service\/depanneur-sonichoix\" target=\"_blank\" rel=\"noopener noreferrer\">Sonichoix<\/a><\/strong> franchisee are currently being updated.<\/span><\/p>\n<h4>Banner Profile<\/h4>\n\n<table id=\"tablepress-229\" class=\"tablepress tablepress-id-229\">\n<thead>\n<tr class=\"row-1\">\n\t<th class=\"column-1\">Name:<\/th><th class=\"column-2\">Sonichoix<\/th>\n<\/tr>\n<\/thead>\n<tbody class=\"row-striping row-hover\">\n<tr class=\"row-2\">\n\t<td class=\"column-1\"><a href=\"https:\/\/depquebec.com\/en\/ranking\/banner-ranking\/\">Ranking (banners):<\/a><\/td><td class=\"column-2\">45th of 63<\/td>\n<\/tr>\n<tr class=\"row-3\">\n\t<td class=\"column-1\">Number of stores:<\/td><td class=\"column-2\">15<\/td>\n<\/tr>\n<tr class=\"row-4\">\n\t<td class=\"column-1\">Description:<\/td><td class=\"column-2\">Convenience store banner<\/td>\n<\/tr>\n<tr class=\"row-5\">\n\t<td class=\"column-1\">Franchisor:<\/td><td class=\"column-2\"><a href=\"https:\/\/depquebec.com\/en\/chain-profiles\/groupe-filgo-sonic\/\">Groupe Filgo-Sonic<\/a><\/td>\n<\/tr>\n<tr class=\"row-6\">\n\t<td class=\"column-1\">Business Model:<\/td><td class=\"column-2\"><a href=\"https:\/\/depquebec.com\/en\/a-propos-de-depquebec\/terminology\/\">Type C) Store franchisee:<\/a><\/td>\n<\/tr>\n<tr class=\"row-7\">\n\t<td class=\"column-1\">Website:<\/td><td class=\"column-2\"><a href=\"http:\/\/www.sonic.coop\/fr\/stations-service\/depanneur-sonichoix\" target=\"_blank\">Sonichoix<\/a><\/td>\n<\/tr>\n<\/tbody>\n<\/table>\n<!-- #tablepress-229 from cache -->\n","protected":false},"excerpt":{"rendered":"<p>Sonichoix\u00a0is \u200b\u200bthe convenience store banner associated with Sonic, a Quebec gas brand and subsidiairy of giant agro-food Coop\u00e9rative F\u00e9d\u00e9r\u00e9e. With<\/p>\n","protected":false},"author":9,"featured_media":0,"parent":120317,"menu_order":37,"comment_status":"closed","ping_status":"closed","template":"","meta":{"footnotes":""},"class_list":["post-58204","page","type-page","status-publish","hentry"],"aioseo_notices":[],"jetpack_sharing_enabled":true,"_links":{"self":[{"href":"https:\/\/depquebec.com\/en\/wp-json\/wp\/v2\/pages\/58204","targetHints":{"allow":["GET"]}}],"collection":[{"href":"https:\/\/depquebec.com\/en\/wp-json\/wp\/v2\/pages"}],"about":[{"href":"https:\/\/depquebec.com\/en\/wp-json\/wp\/v2\/types\/page"}],"author":[{"embeddable":true,"href":"https:\/\/depquebec.com\/en\/wp-json\/wp\/v2\/users\/9"}],"replies":[{"embeddable":true,"href":"https:\/\/depquebec.com\/en\/wp-json\/wp\/v2\/comments?post=58204"}],"version-history":[{"count":0,"href":"https:\/\/depquebec.com\/en\/wp-json\/wp\/v2\/pages\/58204\/revisions"}],"up":[{"embeddable":true,"href":"https:\/\/depquebec.com\/en\/wp-json\/wp\/v2\/pages\/120317"}],"wp:attachment":[{"href":"https:\/\/depquebec.com\/en\/wp-json\/wp\/v2\/media?parent=58204"}],"curies":[{"name":"wp","href":"https:\/\/api.w.org\/{rel}","templated":true}]}}