{"id":58202,"date":"2017-03-09T19:22:30","date_gmt":"2017-03-10T00:22:30","guid":{"rendered":"https:\/\/depquebec.com\/?page_id=58202"},"modified":"2017-03-29T09:04:49","modified_gmt":"2017-03-29T14:04:49","slug":"rachelle-bery-epiceries-sante","status":"publish","type":"page","link":"https:\/\/depquebec.com\/en\/list-of-banners\/rachelle-bery-epiceries-sante\/","title":{"rendered":"Rachelle-B\u00e9ry \u00e9piceries sant\u00e9"},"content":{"rendered":"<p class=\"intro\"><a href=\"http:\/\/www.rachellebery.ca\/fr\/\" rel=\"attachment wp-att-1603\"><img decoding=\"async\" class=\"alignright wp-image-1603 size-medium\" src=\"https:\/\/depquebec.com\/wp-content\/uploads\/2017\/01\/t010-400x300.jpg\" width=\"400\" height=\"300\" srcset=\"https:\/\/depquebec.com\/wp-content\/uploads\/2017\/01\/t010-400x300.jpg 400w, https:\/\/depquebec.com\/wp-content\/uploads\/2017\/01\/t010-600x450.jpg 600w, https:\/\/depquebec.com\/wp-content\/uploads\/2017\/01\/t010-768x576.jpg 768w, https:\/\/depquebec.com\/wp-content\/uploads\/2017\/01\/t010.jpg 800w\" sizes=\"(max-width: 400px) 100vw, 400px\" \/><\/a><\/p>\n<p class=\"intro\"><span id=\"result_box\" class=\"\" lang=\"en\" tabindex=\"-1\"><span title=\"La banni\u00e8re Rachelle-B\u00e9ry a \u00e9t\u00e9 lanc\u00e9e en 1984. La premi\u00e8re succursale a ouvert ses portes au coin des rues Rachel et Berri, ce qui lui a inspir\u00e9 son nom.\">The <a href=\"http:\/\/www.rachellebery.ca\/fr\/\" target=\"_blank\"><strong>Rachelle-B\u00e9ry<\/strong><\/a>\u00a0banner was launched in Montreal in 1984. The first branch opened at the corner of Rachel and Berri streets, which inspired its name. <\/span><span title=\"\u00c0 l'\u00e9poque, il \u00e9tait tr\u00e8s audacieux d'ouvrir une \u00e9picerie de produits naturels pr\u00f4nant l'alimentation saine sous toutes ses formes.\">At the time, it was quite\u00a0visionary\u00a0to open a grocery store specialized in natural products and promoting healthy eating. <\/span><span title=\"En 2005, Sobeys annon\u00e7ait l'acquisition des sept magasins de la banni\u00e8re (source : TVA).\">In 2005 however, it was becoming so trendy that\u00a0<a href=\"https:\/\/depquebec.com\/en\/chain-profiles\/sobeys-quebec\/\"><strong>Sobeys<\/strong><\/a>\u00a0decided to acquire the banner&#8217;s seven existing stores (source: <a href=\"http:\/\/www.tvanouvelles.ca\/2005\/09\/29\/sobeys-achete-les-magasins-rachelle-bery\" target=\"_blank\">TVA<\/a>) and brand recipe to integrate it\u00a0into its own network of supermarkets. <\/span><span title=\"On compte aujourd'hui 12 \u00e9piceries Rachelle-B\u00e9ry et 20 boutiques situ\u00e9es \u00e0 l'int\u00e9rieur des supermarch\u00e9s IGA Extra \u00e0 travers le Qu\u00e9bec.\">There are now 12 <a href=\"http:\/\/www.rachellebery.ca\/fr\/\" target=\"_blank\"><strong>Rachelle-B\u00e9ry<\/strong><\/a>\u00a0grocery stores and 20 additional boutique storeslocated within\u00a0IGA Extra supermarkets across Quebec. <\/span><span title=\"Apr\u00e8s plus de 30 ans d'existence, Rachelle-B\u00e9ry poursuit la m\u00eame mission : offrir seulement des produits biologiques et naturels. \">After more than 30 years of existence, <a href=\"http:\/\/www.rachellebery.ca\/fr\/\" target=\"_blank\"><strong>Rachelle-B\u00e9ry<\/strong><\/a>\u00a0pursues the same mission: to offer only organic and natural products.<\/span><\/span><\/p>\n<p><span title=\"La banni\u00e8re qui se qualifie &quot;d'\u00e9picerie sant\u00e9&quot; se veut aussi l\u2019endroit id\u00e9al pour faire une \u00e9picerie compl\u00e8te au quotidien.\">The banner that positions itself as a &#8220;healthy grocery store&#8221; is also a place where one could make a complete daily grocery. <\/span><span title=\"Elle met en vedette des fruits et l\u00e9gumes frais et biologiques, des mets pr\u00e9par\u00e9s certifi\u00e9s biologiques, des produits d\u2019\u00e9picerie naturels et biologiques, des produits de nettoyage et d\u2019entretien biod\u00e9gradables ainsi que des th\u00e9s et des tisanes. \">It features fresh and organic fruits and vegetables, certified organic prepared meals, natural and organic groceries, biodegradable cleaning and maintenance products\u00a0as well as teas and herbal teas.<\/span><\/p>\n<p><span title=\"De plus, dans chaque \u00e9picerie sant\u00e9 Rachelle-B\u00e9ry se trouve une section boutique o\u00f9 le mieux-\u00eatre fleurit de toutes les formes naturelles : \">In addition, in every <a href=\"http:\/\/www.rachellebery.ca\/fr\/\" target=\"_blank\"><strong>Rachelle-B\u00e9ry<\/strong><\/a>\u00a0store, there is a boutique section where wellness flourishes from all natural forms:<\/span><\/p>\n<ul>\n<li><span title=\"cosm\u00e9tiques et produits de soins pour le corps naturels; \">Cosmetics and natural body care products;<\/span><\/li>\n<li><span title=\"vitamines et suppl\u00e9ments; \">Vitamins and supplements;<\/span><\/li>\n<li><span title=\"th\u00e9s et tisanes; \">Teas and herbal teas;<\/span><\/li>\n<li><span title=\"aromath\u00e9rapie, hom\u00e9opathie et herboristerie et plus. \">Aromatherapy, homeopathy and herbalism and more.<\/span><\/li>\n<li><span title=\"Magasins et boutiques corporatives \">Corporate stores and boutiques<\/span><\/li>\n<\/ul>\n<p><span title=\"Sobeys est propri\u00e9taire des magasins et boutiques et exploite celles-ci sous le mode corporatif.\"><a href=\"https:\/\/depquebec.com\/en\/chain-profiles\/sobeys-quebec\/\"><strong>Sobeys<\/strong><\/a>\u00a0owns the banner and stores and operates them in the corporate mode.<\/span><\/p>\n<h4>Banner Profile<\/h4>\n\n<table id=\"tablepress-226\" class=\"tablepress tablepress-id-226\">\n<thead>\n<tr class=\"row-1\">\n\t<th class=\"column-1\">Name:<\/th><th class=\"column-2\">Rachelle-B\u00e9ry \u00e9piceries sant\u00e9<\/th>\n<\/tr>\n<\/thead>\n<tbody class=\"row-striping row-hover\">\n<tr class=\"row-2\">\n\t<td class=\"column-1\"><a href=\"https:\/\/depquebec.com\/en\/ranking\/banner-ranking\/\">Ranking (banners):<\/a><\/td><td class=\"column-2\">47th of 63<br \/>\n<\/td>\n<\/tr>\n<tr class=\"row-3\">\n\t<td class=\"column-1\">Number of stores:<\/td><td class=\"column-2\">13<\/td>\n<\/tr>\n<tr class=\"row-4\">\n\t<td class=\"column-1\">Description:<\/td><td class=\"column-2\">Healthy grocery stores banner<\/td>\n<\/tr>\n<tr class=\"row-5\">\n\t<td class=\"column-1\">Franchisor:<\/td><td class=\"column-2\"><a href=\"https:\/\/depquebec.com\/en\/chain-profiles\/sobeys-quebec\/\">Sobeys Qu\u00e9bec<\/a><\/td>\n<\/tr>\n<tr class=\"row-6\">\n\t<td class=\"column-1\">Business Model:<\/td><td class=\"column-2\"><a href=\"https:\/\/depquebec.com\/en\/a-propos-de-depquebec\/terminology\/\">Type A) Company-operated store \/ employee-operated<\/a><\/td>\n<\/tr>\n<tr class=\"row-7\">\n\t<td class=\"column-1\">Foundation date:<\/td><td class=\"column-2\">1984<\/td>\n<\/tr>\n<tr class=\"row-8\">\n\t<td class=\"column-1\">Website:<\/td><td class=\"column-2\"><a href=\"http:\/\/www.rachellebery.ca\/fr\/\" target=\"_blank\">Rachelle-B\u00e9ry<\/a><\/td>\n<\/tr>\n<tr class=\"row-9\">\n\t<td class=\"column-1\">Facebook page:<\/td><td class=\"column-2\"><a href=\"https:\/\/www.facebook.com\/epiceriesrachellebery\" target=\"_blank\">Rachelle-B\u00e9ry on Facebook<\/a><\/td>\n<\/tr>\n<\/tbody>\n<\/table>\n<!-- #tablepress-226 from cache -->\n","protected":false},"excerpt":{"rendered":"<p>The Rachelle-B\u00e9ry\u00a0banner was launched in Montreal in 1984. The first branch opened at the corner of Rachel and Berri streets,<\/p>\n","protected":false},"author":9,"featured_media":0,"parent":120317,"menu_order":35,"comment_status":"closed","ping_status":"closed","template":"","meta":{"footnotes":""},"class_list":["post-58202","page","type-page","status-publish","hentry"],"aioseo_notices":[],"jetpack_sharing_enabled":true,"_links":{"self":[{"href":"https:\/\/depquebec.com\/en\/wp-json\/wp\/v2\/pages\/58202","targetHints":{"allow":["GET"]}}],"collection":[{"href":"https:\/\/depquebec.com\/en\/wp-json\/wp\/v2\/pages"}],"about":[{"href":"https:\/\/depquebec.com\/en\/wp-json\/wp\/v2\/types\/page"}],"author":[{"embeddable":true,"href":"https:\/\/depquebec.com\/en\/wp-json\/wp\/v2\/users\/9"}],"replies":[{"embeddable":true,"href":"https:\/\/depquebec.com\/en\/wp-json\/wp\/v2\/comments?post=58202"}],"version-history":[{"count":0,"href":"https:\/\/depquebec.com\/en\/wp-json\/wp\/v2\/pages\/58202\/revisions"}],"up":[{"embeddable":true,"href":"https:\/\/depquebec.com\/en\/wp-json\/wp\/v2\/pages\/120317"}],"wp:attachment":[{"href":"https:\/\/depquebec.com\/en\/wp-json\/wp\/v2\/media?parent=58202"}],"curies":[{"name":"wp","href":"https:\/\/api.w.org\/{rel}","templated":true}]}}