{"id":58191,"date":"2017-03-09T19:18:54","date_gmt":"2017-03-10T00:18:54","guid":{"rendered":"https:\/\/depquebec.com\/?page_id=58191"},"modified":"2017-03-29T08:37:13","modified_gmt":"2017-03-29T13:37:13","slug":"marche-richelieu","status":"publish","type":"page","link":"https:\/\/depquebec.com\/en\/marche-richelieu\/","title":{"rendered":"March\u00e9 Richelieu"},"content":{"rendered":"<p><strong><a href=\"http:\/\/www.marcherichelieu.ca\/fr\/circulaire.html\" rel=\"attachment wp-att-1601\"><img decoding=\"async\" class=\"alignright wp-image-1601 size-full\" src=\"https:\/\/depquebec.com\/wp-content\/uploads\/2017\/01\/o004.jpg\" width=\"400\" height=\"300\" \/><\/a><\/strong><\/p>\n<p><strong><a href=\"http:\/\/www.marcherichelieu.ca\/fr\/circulaire.html\" target=\"_blank\">March\u00e9 Richelieu<\/a><\/strong> is one of <strong><a href=\"https:\/\/depquebec.com\/en\/chain-profiles\/metro\/\">Metro<\/a><\/strong>&#8216;s\u00a0three grocery banners with\u00a0<a href=\"https:\/\/depquebec.com\/en\/banner-profiles\/marche-extra\/\"><strong>March\u00e9 Extra!<\/strong><\/a>\u00a0and\u00a0<a href=\"https:\/\/depquebec.com\/en\/banner-profiles\/marche-ami\/\"><strong>March\u00e9 Ami<\/strong><\/a>.<\/p>\n<p>According to <strong><a href=\"https:\/\/depquebec.com\/en\/chain-profiles\/metro\/\">Metro<\/a><\/strong>, the 72 <strong><a href=\"http:\/\/www.marcherichelieu.ca\/fr\/circulaire.html\">March\u00e9 Richelieu<\/a>\u00a0<\/strong>stores in Quebec focus on a personalized service, fresh produce such as fruits and vegetables, bakery products, prepared meals and premium meats prepared by experienced butchers.<\/p>\n<p><span title=\"Les propri\u00e9taires ind\u00e9pendants affili\u00e9s sont aliment\u00e9s en produits par l'entrep\u00f4t Distagro de Metro \u00e0 St-Jean-Port-Joli, qui appartient toujours \u00e0 Metro (l'autre, l'entrep\u00f4t de Distagro de Boucherville, a \u00e9t\u00e9 vendu par Metro en 2012 \u00e0\">Affiliated independent owners are supplied by Distagro\u2019s <strong><a href=\"https:\/\/depquebec.com\/en\/chain-profiles\/metro\/\">Metro<\/a>\u00a0<\/strong>warehouse in St-Jean-Port-Joli, which is still owned by <strong><a href=\"https:\/\/depquebec.com\/en\/chain-profiles\/metro\/\">Metro<\/a><\/strong><strong>\u00a0<\/strong>(the other, the <strong>Distagro<\/strong> warehouse in Boucherville, was sold by <strong><a href=\"https:\/\/depquebec.com\/en\/chain-profiles\/metro\/\">Metro<\/a>\u00a0<\/strong>in 2012 to t<\/span><span title=\"la compagnie am\u00e9ricaine Sysco et ce, quelques mois seulement apr\u00e8s que les employ\u00e9s de cet entrep\u00f4t aient choisis de se syndicaliser et de s'affilier \u00e0 la CSN).\">he American company Sysco \u2013 source : <a href=\"http:\/\/ici.radio-canada.ca\/nouvelle\/583917\/metro-vente-distagro-sysco-canada\">Radio-Canada<\/a>).\u00a0Approximately 80% of <strong><a href=\"http:\/\/www.marcherichelieu.ca\/fr\/circulaire.html\" target=\"_blank\">March\u00e9 Richelieu<\/a><\/strong>\u00a0groceries are located in remote regions. Very few are located in urban areas such as Montreal or Quebec City.<\/span><\/p>\n<h4>Type of Franchise<\/h4>\n<p>Retailers opting for this banner remain independent while benefiting from several services and advantages. The banner is actively supported marketing-wise: the banner has its own website, a weekly flyer, promotions, etc.<\/p>\n<h4>Banner Profile<\/h4>\n\n<table id=\"tablepress-217\" class=\"tablepress tablepress-id-217\">\n<thead>\n<tr class=\"row-1\">\n\t<th class=\"column-1\">Nom:<\/th><th class=\"column-2\">March\u00e9 Richelieu<\/th>\n<\/tr>\n<\/thead>\n<tbody class=\"row-striping row-hover\">\n<tr class=\"row-2\">\n\t<td class=\"column-1\"><a href=\"https:\/\/depquebec.com\/en\/ranking\/banner-ranking\/\">Ranking (banners):<\/a><\/td><td class=\"column-2\">24th of 63<\/td>\n<\/tr>\n<tr class=\"row-3\">\n\t<td class=\"column-1\">Number of stores:<\/td><td class=\"column-2\">72<\/td>\n<\/tr>\n<tr class=\"row-4\">\n\t<td class=\"column-1\">Franchisor:<\/td><td class=\"column-2\"><a href=\"https:\/\/depquebec.com\/en\/chain-profiles\/metro\/\">Metro<\/a><\/td>\n<\/tr>\n<tr class=\"row-5\">\n\t<td class=\"column-1\">Description:<\/td><td class=\"column-2\">Medium-size grocery banner<\/td>\n<\/tr>\n<tr class=\"row-6\">\n\t<td class=\"column-1\">Type of Franchise:<\/td><td class=\"column-2\"><a href=\"https:\/\/depquebec.com\/en\/a-propos-de-depquebec\/terminology\/\">Type D) Affiliated independent store (banner)<\/a><\/td>\n<\/tr>\n<tr class=\"row-7\">\n\t<td class=\"column-1\">Head Office:<\/td><td class=\"column-2\">Montreal<\/td>\n<\/tr>\n<tr class=\"row-8\">\n\t<td class=\"column-1\">Website:<\/td><td class=\"column-2\"><a href=\"http:\/\/www.marcherichelieu.ca\/fr\/index.html\" target=\"_blank\">March\u00e9 Richelieu<\/a><\/td>\n<\/tr>\n<\/tbody>\n<\/table>\n<!-- #tablepress-217 from cache -->\n","protected":false},"excerpt":{"rendered":"<p>March\u00e9 Richelieu is one of Metro&#8216;s\u00a0three grocery banners with\u00a0March\u00e9 Extra!\u00a0and\u00a0March\u00e9 Ami. According to Metro, the 72 March\u00e9 Richelieu\u00a0stores in Quebec<\/p>\n","protected":false},"author":9,"featured_media":0,"parent":0,"menu_order":60,"comment_status":"closed","ping_status":"closed","template":"","meta":{"footnotes":""},"class_list":["post-58191","page","type-page","status-publish","hentry"],"aioseo_notices":[],"jetpack_sharing_enabled":true,"_links":{"self":[{"href":"https:\/\/depquebec.com\/en\/wp-json\/wp\/v2\/pages\/58191","targetHints":{"allow":["GET"]}}],"collection":[{"href":"https:\/\/depquebec.com\/en\/wp-json\/wp\/v2\/pages"}],"about":[{"href":"https:\/\/depquebec.com\/en\/wp-json\/wp\/v2\/types\/page"}],"author":[{"embeddable":true,"href":"https:\/\/depquebec.com\/en\/wp-json\/wp\/v2\/users\/9"}],"replies":[{"embeddable":true,"href":"https:\/\/depquebec.com\/en\/wp-json\/wp\/v2\/comments?post=58191"}],"version-history":[{"count":0,"href":"https:\/\/depquebec.com\/en\/wp-json\/wp\/v2\/pages\/58191\/revisions"}],"wp:attachment":[{"href":"https:\/\/depquebec.com\/en\/wp-json\/wp\/v2\/media?parent=58191"}],"curies":[{"name":"wp","href":"https:\/\/api.w.org\/{rel}","templated":true}]}}