{"id":58190,"date":"2017-03-09T19:18:36","date_gmt":"2017-03-10T00:18:36","guid":{"rendered":"https:\/\/depquebec.com\/?page_id=58190"},"modified":"2017-03-29T08:34:54","modified_gmt":"2017-03-29T13:34:54","slug":"marche-extra","status":"publish","type":"page","link":"https:\/\/depquebec.com\/en\/banner-profiles\/marche-extra\/","title":{"rendered":"March\u00e9 Extra!"},"content":{"rendered":"<p><strong><a href=\"http:\/\/marcheextra.ca\/\" rel=\"attachment wp-att-1600\"><img decoding=\"async\" class=\"alignright wp-image-1600 size-medium\" src=\"https:\/\/depquebec.com\/wp-content\/uploads\/2017\/01\/o003.jpg\" width=\"400\" height=\"300\" srcset=\"https:\/\/depquebec.com\/wp-content\/uploads\/2017\/01\/o003.jpg 800w, https:\/\/depquebec.com\/wp-content\/uploads\/2017\/01\/o003-600x450.jpg 600w, https:\/\/depquebec.com\/wp-content\/uploads\/2017\/01\/o003-400x300.jpg 400w, https:\/\/depquebec.com\/wp-content\/uploads\/2017\/01\/o003-768x576.jpg 768w\" sizes=\"(max-width: 400px) 100vw, 400px\" \/><\/a><\/strong><\/p>\n<p><span id=\"result_box\" class=\"\" lang=\"en\" tabindex=\"-1\"><span title=\"est l'une des trois banni\u00e8res de d\u00e9panneurs de Metro. \"><strong><a href=\"http:\/\/marcheextra.ca\/\" target=\"_blank\">March\u00e9 Extra!<\/a>\u00a0<\/strong>is one of <a href=\"https:\/\/depquebec.com\/en\/chain-profiles\/metro\/\"><strong>Metro<\/strong><\/a>&#8216;s three convenience store banners.<\/span><\/span><\/p>\n<p><span title=\"Selon Metro, ce concept de march\u00e9s de d\u00e9panneurs ind\u00e9pendants et flexible correspond aux besoins d'exploitation du marchand.\">According to <a href=\"https:\/\/depquebec.com\/en\/chain-profiles\/metro\/\"><strong>Metro<\/strong><\/a>, this concept of independent and flexible convenience stores corresponds to the retailer&#8217;s operating needs. Most\u00a0<\/span><span title=\"Dans certains magasins, on peut retrouver des services de boulangerie, de charcuteries, de p\u00e2tisseries, de plats cuisin\u00e9s, de fruits et l\u00e9gumes et des produits surgel\u00e9s. \">stores\u00a0offer bakery, delicatessen items, pastries, prepared meals, fruit and vegetables and frozen products.<\/span><\/p>\n<p><span title=\"Les propri\u00e9taires ind\u00e9pendants affili\u00e9s sont aliment\u00e9s en produits par l'entrep\u00f4t Distagro de Metro \u00e0 St-Jean-Port-Joli, qui appartient toujours \u00e0 Metro (l'autre, l'entrep\u00f4t de Distagro de Boucherville, a \u00e9t\u00e9 vendu par Metro en 2012 \u00e0\">Affiliated independent owners are supplied by Distagro&#8217;s <strong><a href=\"https:\/\/depquebec.com\/en\/chain-profiles\/metro\/\">Metro<\/a>\u00a0<\/strong>warehouse in St-Jean-Port-Joli, which is still owned by <strong><a href=\"https:\/\/depquebec.com\/en\/chain-profiles\/metro\/\">Metro<\/a>\u00a0<\/strong>(the other, the <strong>Distagro<\/strong> warehouse in Boucherville, was sold by <strong><a href=\"https:\/\/depquebec.com\/en\/chain-profiles\/metro\/\">Metro<\/a>\u00a0<\/strong>in 2012 to t<\/span><span title=\"la compagnie am\u00e9ricaine Sysco et ce, quelques mois seulement apr\u00e8s que les employ\u00e9s de cet entrep\u00f4t aient choisis de se syndicaliser et de s'affilier \u00e0 la CSN).\">he American company Sysco &#8211; source : <a href=\"http:\/\/ici.radio-canada.ca\/nouvelle\/583917\/metro-vente-distagro-sysco-canada\" target=\"_blank\">Radio-Canada<\/a>).<\/span><\/p>\n<h4><span title=\"Entente de franchise \">Type of Franchise<\/span><\/h4>\n<p><span title=\"Malgr\u00e9 que Metro dise compter 104 March\u00e9 Extra!\"><strong><a href=\"https:\/\/depquebec.com\/en\/chain-profiles\/metro\/\">Metro<\/a>\u00a0<\/strong>says there are 104 <strong><a href=\"http:\/\/marcheextra.ca\/\" target=\"_blank\">March\u00e9 Extra!<\/a><\/strong>\u00a0i<\/span><span title=\"au Qu\u00e9bec, seulement la moiti\u00e9 s'affiche comme tel.\">n Quebec. However, only 96 are displayed as such, according to our estimates.\u00a0<span class=\"\">As with its other banners (<a href=\"https:\/\/depquebec.com\/en\/banner-profiles\/gem\/\"><strong>GEM <\/strong><\/a>and<strong><a href=\"https:\/\/depquebec.com\/en\/banner-profiles\/marche-ami\/\"> March\u00e9 Ami<\/a>)<\/strong>, the banner display does not appear to be an obligation to adhere to it, although here, unlike <a href=\"https:\/\/depquebec.com\/en\/banner-profiles\/gem\/\"><strong>GEM<\/strong><\/a>, <strong><a href=\"https:\/\/depquebec.com\/en\/chain-profiles\/metro\/\">Metro<\/a>\u00a0<\/strong>makes commendable marketing efforts. <strong><a href=\"http:\/\/marcheextra.ca\/\" target=\"_blank\">March\u00e9 Extra!<\/a><\/strong><strong>\u00a0<\/strong>has indeed its own website<\/span>\u00a0and weekly\u00a0flyer<span class=\"\">, which are a carbon copy of <a href=\"https:\/\/depquebec.com\/en\/banner-profiles\/marche-ami\/\"><strong>March\u00e9 Ami<\/strong><\/a>\u2018s material<\/span>:\u00a0<span class=\"\">same marketing is used for both banners.<\/span><\/span><\/p>\n<div class=\"incTinyMce\">\n<h4>Banner Profile<\/h4>\n<\/div>\n\n<table id=\"tablepress-215\" class=\"tablepress tablepress-id-215\">\n<thead>\n<tr class=\"row-1\">\n\t<th class=\"column-1\">Name:<\/th><th class=\"column-2\">March\u00e9 Extra!<\/th>\n<\/tr>\n<\/thead>\n<tbody class=\"row-striping row-hover\">\n<tr class=\"row-2\">\n\t<td class=\"column-1\"><a href=\"https:\/\/depquebec.com\/en\/ranking\/banner-ranking\/\">Ranking (banners):<\/a><\/td><td class=\"column-2\">31th of 63<\/td>\n<\/tr>\n<tr class=\"row-3\">\n\t<td class=\"column-1\">Number of stores:<\/td><td class=\"column-2\">51<\/td>\n<\/tr>\n<tr class=\"row-4\">\n\t<td class=\"column-1\">Description:<\/td><td class=\"column-2\">Banner of rural convenience stores<\/td>\n<\/tr>\n<tr class=\"row-5\">\n\t<td class=\"column-1\">Franchisor:<\/td><td class=\"column-2\"><a href=\"https:\/\/depquebec.com\/en\/chain-profiles\/metro\/\">Metro<\/a><\/td>\n<\/tr>\n<tr class=\"row-6\">\n\t<td class=\"column-1\">Type of Franchise:<\/td><td class=\"column-2\"><a href=\"https:\/\/depquebec.com\/en\/a-propos-de-depquebec\/terminology\/\">Type C) Store franchisee<\/a><\/td>\n<\/tr>\n<tr class=\"row-7\">\n\t<td class=\"column-1\">Website:<\/td><td class=\"column-2\"><a href=\"http:\/\/marcheextra.ca\/Accueil.php\" target=\"_blank\">March\u00e9 Extra!<\/a><\/td>\n<\/tr>\n<\/tbody>\n<\/table>\n<!-- #tablepress-215 from cache -->\n","protected":false},"excerpt":{"rendered":"<p>March\u00e9 Extra!\u00a0is one of Metro&#8216;s three convenience store banners. According to Metro, this concept of independent and flexible convenience stores<\/p>\n","protected":false},"author":9,"featured_media":0,"parent":58169,"menu_order":6,"comment_status":"closed","ping_status":"closed","template":"","meta":{"footnotes":""},"class_list":["post-58190","page","type-page","status-publish","hentry"],"aioseo_notices":[],"jetpack_sharing_enabled":true,"_links":{"self":[{"href":"https:\/\/depquebec.com\/en\/wp-json\/wp\/v2\/pages\/58190","targetHints":{"allow":["GET"]}}],"collection":[{"href":"https:\/\/depquebec.com\/en\/wp-json\/wp\/v2\/pages"}],"about":[{"href":"https:\/\/depquebec.com\/en\/wp-json\/wp\/v2\/types\/page"}],"author":[{"embeddable":true,"href":"https:\/\/depquebec.com\/en\/wp-json\/wp\/v2\/users\/9"}],"replies":[{"embeddable":true,"href":"https:\/\/depquebec.com\/en\/wp-json\/wp\/v2\/comments?post=58190"}],"version-history":[{"count":0,"href":"https:\/\/depquebec.com\/en\/wp-json\/wp\/v2\/pages\/58190\/revisions"}],"up":[{"embeddable":true,"href":"https:\/\/depquebec.com\/en\/wp-json\/wp\/v2\/pages\/58169"}],"wp:attachment":[{"href":"https:\/\/depquebec.com\/en\/wp-json\/wp\/v2\/media?parent=58190"}],"curies":[{"name":"wp","href":"https:\/\/api.w.org\/{rel}","templated":true}]}}