{"id":58189,"date":"2017-03-09T19:18:21","date_gmt":"2017-03-10T00:18:21","guid":{"rendered":"https:\/\/depquebec.com\/?page_id=58189"},"modified":"2018-07-12T13:48:20","modified_gmt":"2018-07-12T17:48:20","slug":"marche-express","status":"publish","type":"page","link":"https:\/\/depquebec.com\/en\/list-of-banners\/marche-express\/","title":{"rendered":"March\u00e9 Express"},"content":{"rendered":"<p><a href=\"\/wordpress?p=1599\" rel=\"attachment wp-att-1599\"><img decoding=\"async\" class=\"size-medium wp-image-1599 alignright\" src=\"https:\/\/depquebec.com\/wp-content\/uploads\/2017\/01\/f003.jpg\" alt=\"\" width=\"400\" height=\"300\" srcset=\"https:\/\/depquebec.com\/wp-content\/uploads\/2017\/01\/f003.jpg 800w, https:\/\/depquebec.com\/wp-content\/uploads\/2017\/01\/f003-600x450.jpg 600w, https:\/\/depquebec.com\/wp-content\/uploads\/2017\/01\/f003-400x300.jpg 400w, https:\/\/depquebec.com\/wp-content\/uploads\/2017\/01\/f003-768x576.jpg 768w\" sizes=\"(max-width: 400px) 100vw, 400px\" \/><\/a><\/p>\n<p><span title=\"La banni\u00e8re March\u00e9 Express Esso regroupait 100 stations-services corporatives affili\u00e9es \u00e0 Esso et exploit\u00e9es par La P\u00e9troli\u00e8re Imp\u00e9riale.\">The <strong><a href=\"https:\/\/www.esso.ca\/fr-ca\/gas-stations\" target=\"_blank\" rel=\"noopener\">March\u00e9 Express<\/a><\/strong> banner (named\u00a0<strong>On the Run<\/strong> in English Canada and in the U.S.) consists of 100 corporate service stations in Quebec affiliated with <strong><a href=\"https:\/\/depquebec.com\/en\/gas-brand-profiles\/esso\/\">Esso<\/a>\u00a0<\/strong>and owned by <a href=\"http:\/\/www.imperialoil.ca\/\" target=\"_blank\" rel=\"noopener\"><strong>Imperial Oil<\/strong><\/a>\u00a0as of the Fall of 2016. That&#8217;s when\u00a0it\u00a0<\/span><span title=\"Celle-ci est toutefois en pleine transformation depuis qu'elle a \u00e9t\u00e9 c\u00e9d\u00e9e en plusieurs morceaux \u00e0 plusieurs d\u00e9taillants d'Esso en 2016. \">sold its distribution network in several pieces to various retail chains across Canada (source: <a href=\"http:\/\/ici.radio-canada.ca\/nouvelle\/769422\/imperiale-esso-vente-stations-couche-tard\">Radio-Canada<\/a>).<\/span><\/p>\n<p><span id=\"result_box\" class=\"\" lang=\"en\" tabindex=\"-1\"><span title=\"Ainsi, 50 stations-service ont \u00e9t\u00e9 vendues \u00e0 Alimentation Couche-Tard dans la r\u00e9gion de Montr\u00e9al, tous des sites de premi\u00e8re qualit\u00e9 et la plupart avec des Tim Hortons et\/ou lave-autos.\">For example, 50 service stations were sold to\u00a0<a href=\"https:\/\/depquebec.com\/en\/chain-profiles\/couche-tard\/\"><strong>Alimentation Couche-Tard<\/strong><\/a> in the Montreal area, all of which are top-quality sites, and most of which have <strong>Tim Hortons<\/strong> and\/or car washes. <\/span><span title=\"Les banni\u00e8res March\u00e9 Express de ces stations ont bien entendu \u00e9t\u00e9 toutes remplac\u00e9es par la banni\u00e8re Couche-Tard et ce, tr\u00e8s rapidement. \">The <strong><a href=\"https:\/\/www.esso.ca\/fr-ca\/gas-stations\" target=\"_blank\" rel=\"noopener\">March\u00e9 Express<\/a><\/strong>\u00a0banners of these stations have quickly\u00a0been replaced by the <a href=\"https:\/\/depquebec.com\/en\/chain-profiles\/alimentation-couche-tard\/\"><strong>Couche-Tard<\/strong><\/a>\u00a0banner.<\/span><\/span><\/p>\n<p><span title=\"Un autre groupe de 36 stations est all\u00e9 \u00e0 Harnois Groupe P\u00e9trolier, qui semble vouloir garder la banni\u00e8re March\u00e9 Express pour l'instant). \">Another group of 36 stations went to <strong><a href=\"https:\/\/depquebec.com\/en\/chain-profiles\/harnois-groupe-petrolier\/\">Harnois Groupe P\u00e9trolier<\/a><\/strong>, which seems to be keeping the <strong><a href=\"https:\/\/www.esso.ca\/fr-ca\/gas-stations\" target=\"_blank\" rel=\"noopener\">March\u00e9 Express<\/a><\/strong>\u00a0banner for now.<\/span><\/p>\n<p><span title=\"Les 14 stations restantes sont vraisemblablement entre les mains de Parkland Fuel Corporation, qui a obtenu par ailleurs tous les droits sur la marque de commerce et une centaine de contrats d'approvisionnement \u00e0 travers l'Ontario et le Qu\u00e9bec. \">The remaining 14 stations are likely to be in the hands of <a href=\"https:\/\/depquebec.com\/en\/chain-profiles\/parkland-fuel-corporation\/\"><strong>Parkland Fuel Corporation<\/strong><\/a>, which also purchased the <strong>On the Run<\/strong> and <strong><a href=\"https:\/\/www.esso.ca\/fr-ca\/gas-stations\" target=\"_blank\" rel=\"noopener\">March\u00e9 Express<\/a><\/strong>\u00a0trademarks in Canada plus about 100 supply contracts across Ontario and Quebec (in the U.S., there are 300 convenience stores <strong>On the Run<\/strong>\u00a0selling Mobil gas and these\u00a0are owned and operated by <a href=\"https:\/\/depquebec.com\/en\/chain-profiles\/alimentation-couche-tard\/\"><strong>Couche-Tard<\/strong><\/a>\u00a0since 2009).<\/span><\/p>\n<p><span title=\"La P\u00e9troli\u00e8re Imp\u00e9riale s'est ainsi d\u00e9lest\u00e9e en 2016 de l'ensemble de son r\u00e9seau de d\u00e9tail et de distribution, soit tant les d\u00e9panneurs que les stations-services avec leurs ententes de distribution (source : Radio-Canada).\">But even though<a href=\"http:\/\/www.imperialoil.ca\/\" target=\"_blank\" rel=\"noopener\"><strong> Imperial Oil<\/strong><\/a> sold its entire retail and distribution network, <\/span><span title=\"Elle a toutefois conclut des ententes d'approvisionnement \u00e0 long terme pour continuer de vendre son produit par le biais du r\u00e9seau. \">it has secured its\u00a0gas sales volume\u00a0through long-term supply agreements.<\/span><\/p>\n<p><span title=\"Le concept March\u00e9 Express (qui est appel\u00e9 'On the Run' au Canada anglais) mise sur la juxtaposition d'un d\u00e9panneur, d'un lave-auto et de pompes \u00e0 essence Esso.\">The <strong><a href=\"https:\/\/www.esso.ca\/fr-ca\/gas-stations\" target=\"_blank\" rel=\"noopener\">March\u00e9 Express<\/a><\/strong>\u00a0and <strong><a href=\"https:\/\/depquebec.com\/en\/gas-brand-profiles\/esso\/\">Esso<\/a>\u00a0<\/strong>gas offering almost always include a car wash. <\/span><span title=\"De plus, un partenariat avec Tim Hortons \u00e9tait en cours pour instaurer 175 restaurants au sein du r\u00e9seau canadien avec des guichets automatiques de la Banque Royale.\">In addition, a partnership with <strong>Tim Hortons<\/strong> was concluded to open 175 restaurants within the <strong>On the Run \/ <a href=\"https:\/\/www.esso.ca\/fr-ca\/gas-stations\" target=\"_blank\" rel=\"noopener\">March\u00e9 Express<\/a><\/strong>\u00a0network that also comprise <strong>Royal Bank<\/strong> ATMs. <\/span><span title=\"Selon l'entreprise, cette strat\u00e9gie visait \u00e0 miser sur une concentration de grandes marques connues est fort appr\u00e9ci\u00e9e par la client\u00e8le et s'av\u00e8re une formule gagnante (source : Ccentral.ca).\">According to the company, this strategy of creating hubs of well-known brands is highly attractive to\u00a0customers and is a proven winning formula (source: <a href=\"http:\/\/ccentral.ca\/fr\/la-marque-marche-express-place-la-barre-haute-dans-lindustrie-des-depanneurs\/\">Ccentral.ca<\/a>). <\/span><span title=\"Suite \u00e0 la vente, l'entreprise a d\u00e9clar\u00e9 : \">Following the sale of its network, the company said:<\/span><\/p>\n<blockquote><p><span title=\"&quot;La marque Esso ne dispara\u00eetra pas. Les stations seront simplement exploit\u00e9es selon un mod\u00e8le de grossistes sous marque, comme c'est d\u00e9j\u00e0 le cas d'un grand nombre de nos stations partout au Canada (le grossiste sous marque est l'entreprise qui poss\u00e8de\">&#8220;The <strong><a href=\"https:\/\/depquebec.com\/en\/gas-brand-profiles\/esso\/\">Esso<\/a>\u00a0<\/strong>brand will not disappear, and the stations will be operated on a branded wholesaler basis, as is already the case with many of our stations across Canada (the branded wholesaler is the company that owns a<\/span><span title=\"et exploite la station et qui s'approvisionne en carburant aupr\u00e8s de P\u00e9troli\u00e8re Imp\u00e9riale, propri\u00e9taire de la marque Esso). C'est le grossiste sous marque qui g\u00e8re les op\u00e9rations courantes des stations Esso. Le traditionnel ovale bleu est l\u00e0 pour rester.&quot;\">nd operates the station and is supplied with fuel from <strong>Imperial Oil<\/strong>, owner of the <strong><a href=\"https:\/\/depquebec.com\/en\/gas-brand-profiles\/esso\/\">Esso<\/a>\u00a0<\/strong>brand). It is the brand-name wholesaler that manages the current operations of the <strong><a href=\"https:\/\/depquebec.com\/en\/gas-brand-profiles\/esso\/\">Esso<\/a>\u00a0<\/strong>stations and the traditional blue oval is here to stay.&#8221;\u00a0<\/span><span title=\"- Imperial\">&#8211; Imperial<\/span><\/p><\/blockquote>\n<h4>Type of Franchise<\/h4>\n<p><span id=\"result_box\" class=\"\" lang=\"en\" tabindex=\"-1\"><span class=\"\">The <strong><a href=\"https:\/\/www.esso.ca\/fr-ca\/gas-stations\" target=\"_blank\" rel=\"noopener\">March\u00e9 Express<\/a><\/strong>\u00a0service stations with <strong><a href=\"https:\/\/depquebec.com\/en\/gas-brand-profiles\/esso\/\">Esso<\/a>\u00a0<\/strong>are operated under a concession model in which the franchisee owns the inventory while the franchisor owns gasoline, real estate, land and equipment.<\/span> <span class=\"\">Both parties receive compensation through a system of sales commissions and rental fees.<\/span><\/span><\/p>\n<h4>Profil de la banni\u00e8re<\/h4>\n\n<table id=\"tablepress-214\" class=\"tablepress tablepress-id-214\">\n<thead>\n<tr class=\"row-1\">\n\t<th class=\"column-1\">Name:<\/th><th class=\"column-2\">March\u00e9 Express<\/th>\n<\/tr>\n<\/thead>\n<tbody class=\"row-striping row-hover\">\n<tr class=\"row-2\">\n\t<td class=\"column-1\"><a href=\"https:\/\/depquebec.com\/en\/ranking\/banner-ranking\/\">Ranking (banners):<\/a><\/td><td class=\"column-2\">29th sur 63<\/td>\n<\/tr>\n<tr class=\"row-3\">\n\t<td class=\"column-1\">Number of stores:<\/td><td class=\"column-2\">53<\/td>\n<\/tr>\n<tr class=\"row-4\">\n\t<td class=\"column-1\">Branded Wholesalers:<\/td><td class=\"column-2\"><a href=\"https:\/\/depquebec.com\/en\/chain-profiles\/harnois-groupe-petrolier\/\">Harnois Groupe P\u00e9trolier<\/a><br \/>\n<a href=\"https:\/\/depquebec.com\/en\/chain-profiles\/parkland-fuel-corporation\/\">Parkland Fuel Corporation<\/a><\/td>\n<\/tr>\n<tr class=\"row-5\">\n\t<td class=\"column-1\">Description:<\/td><td class=\"column-2\">Esso gas station network with convenience store, restaurant and car wash<\/td>\n<\/tr>\n<tr class=\"row-6\">\n\t<td class=\"column-1\">Type of Franchise:<\/td><td class=\"column-2\"><a href=\"https:\/\/depquebec.com\/en\/a-propos-de-depquebec\/terminology\/\">Type B) Company-operated store \/ dealer-operated<\/a><\/td>\n<\/tr>\n<tr class=\"row-7\">\n\t<td class=\"column-1\">Head Office:<\/td><td class=\"column-2\">Red Deer Alb.<br \/>\nSaint-Thomas<\/td>\n<\/tr>\n<tr class=\"row-8\">\n\t<td class=\"column-1\">Website:<\/td><td class=\"column-2\"><a href=\"http:\/\/www.imperialoil.ca\/\" target=\"_blank\">March\u00e9 Express<\/a><\/td>\n<\/tr>\n<\/tbody>\n<\/table>\n<!-- #tablepress-214 from cache -->\n","protected":false},"excerpt":{"rendered":"<p>The March\u00e9 Express banner (named\u00a0On the Run in English Canada and in the U.S.) consists of 100 corporate service stations<\/p>\n","protected":false},"author":9,"featured_media":0,"parent":120317,"menu_order":22,"comment_status":"closed","ping_status":"closed","template":"","meta":{"footnotes":""},"class_list":["post-58189","page","type-page","status-publish","hentry"],"aioseo_notices":[],"jetpack_sharing_enabled":true,"_links":{"self":[{"href":"https:\/\/depquebec.com\/en\/wp-json\/wp\/v2\/pages\/58189","targetHints":{"allow":["GET"]}}],"collection":[{"href":"https:\/\/depquebec.com\/en\/wp-json\/wp\/v2\/pages"}],"about":[{"href":"https:\/\/depquebec.com\/en\/wp-json\/wp\/v2\/types\/page"}],"author":[{"embeddable":true,"href":"https:\/\/depquebec.com\/en\/wp-json\/wp\/v2\/users\/9"}],"replies":[{"embeddable":true,"href":"https:\/\/depquebec.com\/en\/wp-json\/wp\/v2\/comments?post=58189"}],"version-history":[{"count":0,"href":"https:\/\/depquebec.com\/en\/wp-json\/wp\/v2\/pages\/58189\/revisions"}],"up":[{"embeddable":true,"href":"https:\/\/depquebec.com\/en\/wp-json\/wp\/v2\/pages\/120317"}],"wp:attachment":[{"href":"https:\/\/depquebec.com\/en\/wp-json\/wp\/v2\/media?parent=58189"}],"curies":[{"name":"wp","href":"https:\/\/api.w.org\/{rel}","templated":true}]}}