{"id":58179,"date":"2017-03-09T12:50:28","date_gmt":"2017-03-09T17:50:28","guid":{"rendered":"https:\/\/depquebec.com\/?page_id=58179"},"modified":"2017-03-29T09:58:16","modified_gmt":"2017-03-29T14:58:16","slug":"ici-depanneur","status":"publish","type":"page","link":"https:\/\/depquebec.com\/en\/list-of-banners\/ici-depanneur\/","title":{"rendered":"Ici D\u00e9panneur"},"content":{"rendered":"<p><a href=\"http:\/\/www.paquetetfilsltee.com\/fr\/depanneurs\/\" rel=\"attachment wp-att-1590\"><img decoding=\"async\" class=\"alignright wp-image-1590 size-full\" src=\"https:\/\/depquebec.com\/wp-content\/uploads\/2017\/01\/p001.jpg\" width=\"400\" height=\"300\" \/><\/a><\/p>\n<p><span id=\"result_box\" class=\"\" lang=\"en\" tabindex=\"-1\"><span title=\"La banni\u00e8re Ici D\u00e9panneur a \u00e9t\u00e9 lanc\u00e9e par Paquet et fils, distributeur de produits et d'\u00e9quipements p\u00e9troliers pour la grande r\u00e9gion de Qu\u00e9bec et propri\u00e9taire de la marque d'essence Paquet. \">The <a href=\"http:\/\/www.paquetetfilsltee.com\/fr\/depanneurs\/\" target=\"_blank\"><strong>Ici D\u00e9panneur<\/strong><\/a>\u00a0banner was launched by <strong><a href=\"https:\/\/depquebec.com\/en\/chain-profiles\/paquet-fils\/\">Paquet &amp; fils<\/a><\/strong>, a distributor of petroleum products and equipment for the greater Quebec region and owner of the <strong><a href=\"https:\/\/depquebec.com\/en\/gas-brand-profiles\/paquet\/\">Paquet<\/a>\u00a0<\/strong>gasoline brand.<\/span><\/span><\/p>\n<p><span title=\"Dans les ann\u00e9es 1980, l'entreprise a lanc\u00e9 un r\u00e9seau d'une quarantaine de stations-service avec sa propre essence de marque OLCO.\">In the 1980s, the company launched a network of about 40 service stations with its own <strong>OLCO<\/strong> brand gasoline. <\/span><span title=\"En 2012, elle rapatriait la gestion de son r\u00e9seau et son enti\u00e8re op\u00e9ration sous la nouvelle banni\u00e8re Paquet.\">In 2012, it repatriated the management of its network and its entire operation under the new banner <strong><a href=\"https:\/\/depquebec.com\/en\/gas-brand-profiles\/paquet\/\">Paquet<\/a><\/strong>. <\/span><span title=\"De plus, l'entreprise lan\u00e7ait en 2011 un r\u00e9seau de d\u00e9panneurs sous la marque ICI. \">In addition, in 2011, the company launched a network of convenience stores under the <a href=\"http:\/\/www.paquetetfilsltee.com\/fr\/depanneurs\/\" target=\"_blank\"><strong>Ici<\/strong><\/a><strong>\u00a0<\/strong>brand.<\/span><\/p>\n<p><span title=\"Pour Paquet et fils, &quot;le service \u00e0 la client\u00e8le repr\u00e9sente un \u00e9l\u00e9ment crucial de la r\u00e9ussite de notre entreprise. Chaque contact avec nos clients repr\u00e9sente une occasion pour nous de mieux r\u00e9pondre \u00e0 leurs besoins. Il implique la mise en place de syst\u00e8mes visant \u00e0 maximiser\">According to <strong><a href=\"https:\/\/depquebec.com\/en\/chain-profiles\/paquet-fils\/\">Paquet &amp; fils<\/a><\/strong>, &#8220;<em>customer service is a critical part of our success<\/em>.&#8221; Each contact with customers represents an opportunity for them to better meet their needs and involves the development of systems to maximize\u00a0<\/span><span title=\"la satisfaction de nos clients car il s'agit en fait de notre consid\u00e9ration principale. \">customer satisfaction as this is actually their main priority.<\/span><\/p>\n<p><span title=\"L'entreprise jouit ainsi d\u2019une niche bien int\u00e9gr\u00e9e de stations-service et d\u00e9panneurs dans les r\u00e9gions de Qu\u00e9bec, Chaudi\u00e8re-Appalaches et du Bas-Saint-Laurent.\">The company has a well-integrated niche of service stations and convenience stores in the Quebec City, Chaudi\u00e8re-Appalaches and Bas-Saint-Laurent regions.<\/span><\/p>\n<p>&nbsp;<\/p>\n<h4>Banner Profile<\/h4>\n\n<table id=\"tablepress-205\" class=\"tablepress tablepress-id-205\">\n<thead>\n<tr class=\"row-1\">\n\t<th class=\"column-1\">Name:<\/th><th class=\"column-2\">Ici D\u00e9panneur<\/th>\n<\/tr>\n<\/thead>\n<tbody class=\"row-striping row-hover\">\n<tr class=\"row-2\">\n\t<td class=\"column-1\"><a href=\"https:\/\/depquebec.com\/en\/ranking\/banner-ranking\/\">Ranking (banners):<\/a><\/td><td class=\"column-2\">55th of 63<\/td>\n<\/tr>\n<tr class=\"row-3\">\n\t<td class=\"column-1\">Number of stores:<\/td><td class=\"column-2\">8<\/td>\n<\/tr>\n<tr class=\"row-4\">\n\t<td class=\"column-1\">Description:<\/td><td class=\"column-2\">Banner of corporate convenience stores<\/td>\n<\/tr>\n<tr class=\"row-5\">\n\t<td class=\"column-1\">Franchisor:<\/td><td class=\"column-2\"><a href=\"https:\/\/depquebec.com\/en\/chain-profiles\/paquet-fils\/\">Paquet &amp; Fils<\/a><\/td>\n<\/tr>\n<tr class=\"row-6\">\n\t<td class=\"column-1\">Business Model:<\/td><td class=\"column-2\"><a href=\"https:\/\/depquebec.com\/en\/a-propos-de-depquebec\/terminology\/\">Type A) Company-operated store \/ employee-operated<\/a><\/td>\n<\/tr>\n<tr class=\"row-7\">\n\t<td class=\"column-1\">Head Office:<\/td><td class=\"column-2\">L\u00e9vis<\/td>\n<\/tr>\n<tr class=\"row-8\">\n\t<td class=\"column-1\">Website:<\/td><td class=\"column-2\"><a href=\"http:\/\/www.paquetetfilsltee.com\/fr\/depanneurs\/reseau\/\" target=\"_blank\">Ici d\u00e9panneur<\/a><\/td>\n<\/tr>\n<\/tbody>\n<\/table>\n\n","protected":false},"excerpt":{"rendered":"<p>The Ici D\u00e9panneur\u00a0banner was launched by Paquet &amp; fils, a distributor of petroleum products and equipment for the greater Quebec<\/p>\n","protected":false},"author":9,"featured_media":0,"parent":120317,"menu_order":12,"comment_status":"closed","ping_status":"closed","template":"","meta":{"footnotes":""},"class_list":["post-58179","page","type-page","status-publish","hentry"],"aioseo_notices":[],"jetpack_sharing_enabled":true,"_links":{"self":[{"href":"https:\/\/depquebec.com\/en\/wp-json\/wp\/v2\/pages\/58179","targetHints":{"allow":["GET"]}}],"collection":[{"href":"https:\/\/depquebec.com\/en\/wp-json\/wp\/v2\/pages"}],"about":[{"href":"https:\/\/depquebec.com\/en\/wp-json\/wp\/v2\/types\/page"}],"author":[{"embeddable":true,"href":"https:\/\/depquebec.com\/en\/wp-json\/wp\/v2\/users\/9"}],"replies":[{"embeddable":true,"href":"https:\/\/depquebec.com\/en\/wp-json\/wp\/v2\/comments?post=58179"}],"version-history":[{"count":0,"href":"https:\/\/depquebec.com\/en\/wp-json\/wp\/v2\/pages\/58179\/revisions"}],"up":[{"embeddable":true,"href":"https:\/\/depquebec.com\/en\/wp-json\/wp\/v2\/pages\/120317"}],"wp:attachment":[{"href":"https:\/\/depquebec.com\/en\/wp-json\/wp\/v2\/media?parent=58179"}],"curies":[{"name":"wp","href":"https:\/\/api.w.org\/{rel}","templated":true}]}}