{"id":58178,"date":"2017-03-09T12:50:09","date_gmt":"2017-03-09T17:50:09","guid":{"rendered":"https:\/\/depquebec.com\/?page_id=58178"},"modified":"2017-03-29T07:53:17","modified_gmt":"2017-03-29T12:53:17","slug":"gem","status":"publish","type":"page","link":"https:\/\/depquebec.com\/en\/banner-profiles\/gem\/","title":{"rendered":"GEM"},"content":{"rendered":"<p class=\"intro\"><a href=\"\/wordpress?p=1589\" rel=\"attachment wp-att-1589\"><img decoding=\"async\" class=\"size-full wp-image-1589 alignright\" src=\"https:\/\/depquebec.com\/wp-content\/uploads\/2017\/01\/o001.jpg\" alt=\"\" width=\"400\" height=\"300\" \/><\/a><\/p>\n<p><span id=\"result_box\" class=\"\" lang=\"en\" tabindex=\"-1\"><span title=\"GEM est la plus grande banni\u00e8re de d\u00e9panneurs de Metro, la plupart \u00e9tant situ\u00e9s en r\u00e9gion, dans l'est de la province. \"><strong>GEM<\/strong> is <a href=\"https:\/\/depquebec.com\/en\/chain-profiles\/metro\/\"><strong>Metro<\/strong><\/a>&#8216;s largest convenience store banner, with most of them located in the Quebec regions, especially in the eastern part of the province.<\/span><\/span><\/p>\n<p><span title=\"Selon Metro, ce concept de march\u00e9s de d\u00e9panneurs ind\u00e9pendants et flexible correspond aux besoins d'exploitation du marchand.\">According to <a href=\"https:\/\/depquebec.com\/en\/chain-profiles\/metro\/\"><strong>Metro<\/strong><\/a>,\u00a0this concept of independent convenience stores offers a grocery section designed to meet the special needs of customers. The banner has flexible guidelines to meet retailers&#8217; operating requirements. Some stores offer bakery products, delicatessen items, pastries, prepared meals, fruits and vegetables, and frozen products.\u00a0<\/span><\/p>\n<p><span title=\"Les propri\u00e9taires ind\u00e9pendants affili\u00e9s sont aliment\u00e9s en produits par l'entrep\u00f4t Distagro de Metro \u00e0 St-Jean-Port-Joli, qui appartient toujours \u00e0 Metro (l'autre, l'entrep\u00f4t de Distagro de Boucherville, a \u00e9t\u00e9 vendu par Metro en 2012 \u00e0\">Affiliated independent owners are supplied by Distagro&#8217;s <strong><a href=\"https:\/\/depquebec.com\/en\/chain-profiles\/metro\/\">Metro<\/a>\u00a0<\/strong>warehouse in St-Jean-Port-Joli, which is still owned by <strong><a href=\"https:\/\/depquebec.com\/en\/chain-profiles\/metro\/\">Metro<\/a>\u00a0<\/strong>(the other, the Distagro warehouse in Boucherville, was sold by <strong><a href=\"https:\/\/depquebec.com\/en\/chain-profiles\/metro\/\">Metro<\/a>\u00a0<\/strong>in 2012 to the U.S. based\u00a0<\/span><span title=\"la compagnie am\u00e9ricaine Sysco selon Radio-Canada). \">Sysco, according to <a href=\"http:\/\/ici.radio-canada.ca\/nouvelle\/583917\/metro-vente-distagro-sysco-canada\">Radio-Canada<\/a>).<\/span><\/p>\n<h4><span title=\"Mode de franchisage \">Type of Franchise<\/span><\/h4>\n<p><span title=\"Bien que la quantit\u00e9 de d\u00e9panneurs GEM au Qu\u00e9bec soit \u00e9lev\u00e9e (pr\u00e8s de 300), la plupart ne s'affichent pas GEM, sans rien perdre de leurs droits et privil\u00e8ges en terme de promotions et rabais.\">Although the number of <strong>GEM<\/strong>\u00a0depanneurs in Quebec is quite high (almost 300), most of them do not display the GEM brand and that, without losing any of their rights and privileges in terms of promotions and discounts. <\/span><span title=\"En effet, GEM n'exige pas que le propri\u00e9taire affili\u00e9 affiche sa banni\u00e8re et, cons\u00e9quemment, n'investit pas dans la notori\u00e9t\u00e9 de celle-ci.\">Indeed, <strong>GEM<\/strong> does not require that the affiliated owner display its banner and, consequently, does not invest in its equity. <\/span><span title=\"C'est ce qu'on appelle dans le jargon une &quot;banni\u00e8re fant\u00f4me&quot;.\">This is called a &#8220;ghost\u00a0banner&#8221; in retail jargon. <\/span><span title=\"Ainsi, il n'existe pas de site internet GEM, de page facebook GEM, voire m\u00eame de circulaire GEM.\">Thus, there is no <strong>GEM<\/strong> website, <strong>GEM<\/strong> facebook page, or even a <strong>GEM<\/strong>\u00a0weekly flyer. <strong>GEM\u00a0<\/strong><\/span><span title=\"Il s'agit en somme d'une banni\u00e8re d'approvisionnement qui permet au propri\u00e9taires acc\u00e8s \u00e0 des produits d'alimentation \u00e0 prix de grossiste.\">is therefore basically a supply banner that allows independant retailers access to food products at wholesale prices.<\/span><\/p>\n<div class=\"incTinyMce\">\n<h4>Banner Profile<\/h4>\n<\/div>\n\n<table id=\"tablepress-204\" class=\"tablepress tablepress-id-204\">\n<thead>\n<tr class=\"row-1\">\n\t<th class=\"column-1\">Name:<\/th><th class=\"column-2\">GEM<\/th>\n<\/tr>\n<\/thead>\n<tbody class=\"row-striping row-hover\">\n<tr class=\"row-2\">\n\t<td class=\"column-1\"><a href=\"https:\/\/depquebec.com\/en\/ranking\/banner-ranking\/\">Ranking (banners):<\/a><\/td><td class=\"column-2\">3th of 63<\/td>\n<\/tr>\n<tr class=\"row-3\">\n\t<td class=\"column-1\">Number of stores:<\/td><td class=\"column-2\">287<\/td>\n<\/tr>\n<tr class=\"row-4\">\n\t<td class=\"column-1\">Franchisor:<\/td><td class=\"column-2\"><a href=\"https:\/\/depquebec.com\/en\/chain-profiles\/metro\/\">Metro<\/a><\/td>\n<\/tr>\n<tr class=\"row-5\">\n\t<td class=\"column-1\">Description:<\/td><td class=\"column-2\">Banner of rural convenience stores<\/td>\n<\/tr>\n<tr class=\"row-6\">\n\t<td class=\"column-1\">Business Model:<\/td><td class=\"column-2\"><a href=\"https:\/\/depquebec.com\/en\/a-propos-de-depquebec\/terminology\/\">Type D) Affiliated independent store (banner)<\/a><\/td>\n<\/tr>\n<tr class=\"row-7\">\n\t<td class=\"column-1\">Head Office:<\/td><td class=\"column-2\">Montr\u00e9al<\/td>\n<\/tr>\n<\/tbody>\n<\/table>\n<!-- #tablepress-204 from cache -->\n","protected":false},"excerpt":{"rendered":"<p>GEM is Metro&#8216;s largest convenience store banner, with most of them located in the Quebec regions, especially in the eastern<\/p>\n","protected":false},"author":9,"featured_media":0,"parent":58169,"menu_order":3,"comment_status":"closed","ping_status":"closed","template":"","meta":{"footnotes":""},"class_list":["post-58178","page","type-page","status-publish","hentry"],"aioseo_notices":[],"jetpack_sharing_enabled":true,"_links":{"self":[{"href":"https:\/\/depquebec.com\/en\/wp-json\/wp\/v2\/pages\/58178","targetHints":{"allow":["GET"]}}],"collection":[{"href":"https:\/\/depquebec.com\/en\/wp-json\/wp\/v2\/pages"}],"about":[{"href":"https:\/\/depquebec.com\/en\/wp-json\/wp\/v2\/types\/page"}],"author":[{"embeddable":true,"href":"https:\/\/depquebec.com\/en\/wp-json\/wp\/v2\/users\/9"}],"replies":[{"embeddable":true,"href":"https:\/\/depquebec.com\/en\/wp-json\/wp\/v2\/comments?post=58178"}],"version-history":[{"count":0,"href":"https:\/\/depquebec.com\/en\/wp-json\/wp\/v2\/pages\/58178\/revisions"}],"up":[{"embeddable":true,"href":"https:\/\/depquebec.com\/en\/wp-json\/wp\/v2\/pages\/58169"}],"wp:attachment":[{"href":"https:\/\/depquebec.com\/en\/wp-json\/wp\/v2\/media?parent=58178"}],"curies":[{"name":"wp","href":"https:\/\/api.w.org\/{rel}","templated":true}]}}