{"id":58152,"date":"2017-03-09T12:21:46","date_gmt":"2017-03-09T17:21:46","guid":{"rendered":"https:\/\/depquebec.com\/?page_id=58152"},"modified":"2019-05-02T16:48:53","modified_gmt":"2019-05-02T20:48:53","slug":"groupe-filgo-sonic","status":"publish","type":"page","link":"https:\/\/depquebec.com\/en\/chain-profiles\/groupe-filgo-sonic\/","title":{"rendered":"GROUPE FILGO-SONIC"},"content":{"rendered":"<figure id=\"attachment_1246\" aria-describedby=\"caption-attachment-1246\" style=\"width: 267px\" class=\"wp-caption alignleft\"><a href=\"http:\/\/www.filgo-sonic.com\/\" rel=\"attachment wp-att-1246\"><img decoding=\"async\" class=\"wp-image-1246 size-medium\" src=\"https:\/\/depquebec.com\/wp-content\/uploads\/2016\/12\/v008-1-267x200.png\" width=\"267\" height=\"200\" srcset=\"https:\/\/depquebec.com\/wp-content\/uploads\/2016\/12\/v008-1-267x200.png 267w, https:\/\/depquebec.com\/wp-content\/uploads\/2016\/12\/v008-1-600x450.png 600w, https:\/\/depquebec.com\/wp-content\/uploads\/2016\/12\/v008-1-768x576.png 768w, https:\/\/depquebec.com\/wp-content\/uploads\/2016\/12\/v008-1.png 800w\" sizes=\"(max-width: 267px) 100vw, 267px\" \/><\/a><figcaption id=\"caption-attachment-1246\" class=\"wp-caption-text\">Decided in 2015 and completed in 2016, the union of the two chains promises to boost the growth of the group.<\/figcaption><\/figure>\n<p>The <a href=\"http:\/\/www.filgo-sonic.com\/\"><strong>Groupe Filgo-Sonic<\/strong><\/a> is the result of a very recent merger (2016) of\u00a0<strong><a href=\"http:\/\/web.lacoop.coop\/fr\/\" target=\"_blank\" rel=\"noopener noreferrer\">Coop F\u00e9d\u00e9r\u00e9e<\/a>&#8216;s<\/strong> <a href=\"http:\/\/www.sonic.coop\/\" target=\"_blank\" rel=\"noopener noreferrer\"><strong>\u00c9nergie Sonic<\/strong><\/a>\u00a0and <a href=\"http:\/\/www.filgo.ca\/\" target=\"_blank\" rel=\"noopener noreferrer\"><strong>Filgo<\/strong><\/a>, a distributor of heating oil from the Beauce region, founded in 1956 under the initial name of Philippe Gosselin &amp; Ass.. In 1983, <strong><a href=\"http:\/\/www.filgo.ca\/\" target=\"_blank\" rel=\"noopener noreferrer\">Filgo<\/a>\u00a0<\/strong>decided to diversify from the heating oil business by acquiring gas stations and in 1999, launched the <a href=\"https:\/\/depquebec.com\/en\/banner-profiles\/super-soir\/\"><strong>Super Soir<\/strong><\/a> banner.<\/p>\n<figure id=\"attachment_1245\" aria-describedby=\"caption-attachment-1245\" style=\"width: 345px\" class=\"wp-caption alignright\"><a href=\"http:\/\/www.filgo.ca\/fr\/essence-et-depanneur\/essence-et-depanneurs\" rel=\"attachment wp-att-1245\"><img decoding=\"async\" class=\"wp-image-1245\" src=\"https:\/\/depquebec.com\/wp-content\/uploads\/2016\/12\/granby-image-300x148.jpg\" width=\"345\" height=\"170\" srcset=\"https:\/\/depquebec.com\/wp-content\/uploads\/2016\/12\/granby-image-300x148.jpg 300w, https:\/\/depquebec.com\/wp-content\/uploads\/2016\/12\/granby-image-600x295.jpg 600w, https:\/\/depquebec.com\/wp-content\/uploads\/2016\/12\/granby-image-768x378.jpg 768w, https:\/\/depquebec.com\/wp-content\/uploads\/2016\/12\/granby-image-1024x504.jpg 1024w, https:\/\/depquebec.com\/wp-content\/uploads\/2016\/12\/granby-image.jpg 1632w\" sizes=\"(max-width: 345px) 100vw, 345px\" \/><\/a><figcaption id=\"caption-attachment-1245\" class=\"wp-caption-text\"><strong>Filgo<\/strong> invested until recently in the opening of new <strong>Super Soir<\/strong> convenience stores like this one in Granby, in 2015.<\/figcaption><\/figure>\n<p>Founded in 1922, <a href=\"http:\/\/web.lacoop.coop\/fr\/\" target=\"_blank\" rel=\"noopener noreferrer\"><strong>Coop F\u00e9d\u00e9r\u00e9e<\/strong><\/a> is the largest agri-food company in Quebec and the 24th largest agri-food cooperative in the world. It represents more than 90,000 members in 72 cooperatives in several Canadian provinces. Its <a href=\"http:\/\/www.sonic.coop\/\" target=\"_blank\" rel=\"noopener noreferrer\"><strong>\u00c9nergie Sonic<\/strong><\/a> division is responsible for the operation of the <a href=\"https:\/\/depquebec.com\/en\/gas-brand-profiles\/sonic\/\"><strong>Sonic<\/strong> <\/a>brand and the <strong><a href=\"https:\/\/depquebec.com\/en\/banner-profiles\/sonichoix\/\">Sonichoix<\/a>\u00a0<\/strong>banner of convenience stores.<\/p>\n<p>The combining forces\u00a0of the two companies specialized in the distribution of energy products and the scale of their footprint in the region are key assets that the <a href=\"http:\/\/www.filgo-sonic.com\/\" target=\"_blank\" rel=\"noopener noreferrer\"><strong>Groupe Filgo-Sonic<\/strong><\/a>\u00a0can count on to support its growth. The Group, which already distributes 1.6 billion liters of fuel per year, operates or supplies 300 service stations, has 775 employees, 24 business offices and 166 distributors and delivery agents. Its annual revenue is about $ 1.5 billion.<\/p>\n<h4>Qu\u00e9bec Network Profile*<\/h4>\n\n<table id=\"tablepress-166\" class=\"tablepress tablepress-id-166\">\n<thead>\n<tr class=\"row-1\">\n\t<th class=\"column-1\"><center>BANNER<\/center><\/th><th class=\"column-2\"><center>TYPE<\/center><\/th><th class=\"column-3\"><center>WITHOUT GAS<\/center><\/th><th class=\"column-4\"><center>WITH GAS<\/center><\/th><th class=\"column-5\"><center>TOTAL<\/center><\/th><th class=\"column-6\"><center>GAS BRANDS\/ DEPANNEUR<\/center><\/th>\n<\/tr>\n<\/thead>\n<tbody class=\"row-striping row-hover\">\n<tr class=\"row-2\">\n\t<td class=\"column-1\"><center><strong><a href=\"https:\/\/depquebec.com\/en\/banner-profiles\/super-soir\/\">Super Soir<\/a><\/strong><\/center><\/td><td class=\"column-2\"><center>Depanneur<\/center><\/td><td class=\"column-3\"><center>14<\/center><\/td><td class=\"column-4\"><center>44<\/center><\/td><td class=\"column-5\"><center><strong>58<\/strong><\/center><\/td><td class=\"column-6\"><a href=\"https:\/\/depquebec.com\/en\/gas-brand-profiles\/shell\/\">Shell<\/a> (27)<br \/>\n<a href=\"https:\/\/depquebec.com\/en\/gas-brand-profiles\/miraco\/\">Miraco<\/a> (6)<br \/>\n<a href=\"https:\/\/depquebec.com\/en\/gas-brand-profiles\/esso\/\">Esso<\/a> (1), <a href=\"https:\/\/depquebec.com\/en\/gas-brand-profiles\/eko\/\">Eko<\/a> (1), etc.<br \/>\n<\/td>\n<\/tr>\n<tr class=\"row-3\">\n\t<td class=\"column-1\"><center><strong><a href=\"https:\/\/depquebec.com\/en\/banner-profiles\/sonichoix\/\">Sonichoix<\/a><\/strong><\/center><\/td><td class=\"column-2\"><center>Depanneur<\/center><\/td><td class=\"column-3\"><center>0<\/center><\/td><td class=\"column-4\"><center>15<\/center><\/td><td class=\"column-5\"><center><strong>15<\/strong><\/center><\/td><td class=\"column-6\"><a href=\"https:\/\/depquebec.com\/en\/gas-brand-profiles\/sonic\/\">Sonic<\/a> (15)<br \/>\n<\/td>\n<\/tr>\n<tr class=\"row-4\">\n\t<td class=\"column-1\"><center><strong><a href=\"https:\/\/depquebec.com\/en\/gas-brand-profiles\/sonic\/\">Sonic<\/a><\/strong><\/center><\/td><td class=\"column-2\"><center>Gas Brand<\/center><\/td><td class=\"column-3\"><\/td><td class=\"column-4\"><\/td><td class=\"column-5\"><center><strong>141<\/strong><\/center><\/td><td class=\"column-6\"><a href=\"https:\/\/depquebec.com\/en\/banner-profiles\/gem\/\">GEM<\/a> (36)<br \/>\n<a href=\"https:\/\/depquebec.com\/en\/banner-profiles\/sonichoix\/\">Sonichoix<\/a> (15)<br \/>\n<a href=\"https:\/\/depquebec.com\/en\/banner-profiles\/boni-soir-et-voisin\/\">Boni-Soir<\/a> (11)<br \/>\n<a href=\"https:\/\/depquebec.com\/en\/banner-profiles\/super-sagamie\/\">Super Sagamie<\/a> (7)<br \/>\nIndependents (40), etc.<\/td>\n<\/tr>\n<tr class=\"row-5\">\n\t<td class=\"column-1\"><center><strong><a href=\"https:\/\/depquebec.com\/en\/gas-brand-profiles\/miraco\/\">Miraco<\/a><\/strong><\/center><\/td><td class=\"column-2\"><center>Gas Brand<\/center><\/td><td class=\"column-3\"><\/td><td class=\"column-4\"><\/td><td class=\"column-5\"><center><strong>9<\/strong><\/center><\/td><td class=\"column-6\"><a href=\"https:\/\/depquebec.com\/en\/banner-profiles\/unisoir\/\">UniSoir<\/a> (1)<br \/>\n<a href=\"https:\/\/depquebec.com\/en\/banner-profiles\/marche-ami\/\">March\u00e9 Ami<\/a> (1)<\/td>\n<\/tr>\n<tr class=\"row-6\">\n\t<td class=\"column-1\"><center><strong>TOTAL<\/strong><\/center><\/td><td class=\"column-2\"><\/td><td class=\"column-3\"><strong><center>14<\/center><\/strong><\/td><td class=\"column-4\"><center><strong>59<\/strong><\/center><\/td><td class=\"column-5\"><center><strong>223<\/strong><\/center><\/td><td class=\"column-6\"><a href=\"https:\/\/depquebec.com\/en\/gas-brand-profiles\/sonic\/\">Sonic<\/a> (141)<br \/>\n<a href=\"https:\/\/depquebec.com\/en\/gas-brand-profiles\/shell\/\">Shell <\/a>(27)<br \/>\n<a href=\"https:\/\/depquebec.com\/en\/gas-brand-profiles\/miraco\/\">Miraco<\/a> (8)<br \/>\n<a href=\"https:\/\/depquebec.com\/en\/gas-brand-profiles\/esso\/\">Esso<\/a> (1), <a href=\"https:\/\/depquebec.com\/en\/gas-brand-profiles\/eko\/\">Eko<\/a> (1), etc.<\/td>\n<\/tr>\n<\/tbody>\n<\/table>\n<!-- #tablepress-166 from cache -->\n<p>* This list does not include gas stations attached to garages and other automotive service centers.<\/p>\n<h4><strong>Banner Brands<\/strong><\/h4>\n\t<style>\n\t\t.entry-content a,\n\t\t.entry-summary a,\n\t\t.taxonomy-description a,\n\t\t.logged-in-as a,\n\t\t.comment-content a,\n\t\t.pingback .comment-body>a,\n\t\t.textwidget a,\n\t\t.entry-footer a:hover,\n\t\t.site-info a:hover {\n\t\t\tbox-shadow: none !important;\n\t\t}\n\n\t\t.single-photostream-128793 {\n\t\t\tpadding-bottom: 15px;\n\t\t}\n\t<\/style>\n\t\t\t<p class=\"awp-flickr-post-title\"\n\t\t\tstyle=\"margin-right: 15px; margin-left: 10px; color:#000000; font-size: 16px ; text-align:left;\">\n\t\t\t\t\t<\/p>\n\t\t<div id=\"awp-flickr-album-128793\"\n\tclass=\"awp-flickr-album-128793\">\n\t\t<style>\n\t\t\/* --- FRONTEND PREMIUM ENVATO CARD STYLE (ALBUM) --- *\/\n\n\t\t\/* Grid Item Container *\/\n\t\t#awp-flickr-album-128793 .single-album-128793 {\n\t\t\tmargin-bottom: 30px !important;\n\t\t\tpadding: 0 10px !important;\n\t\t\tbackground: transparent !important;\n\t\t\tborder: none !important;\n\t\t\tbox-shadow: none !important;\n\t\t}\n\n\t\t\/* Inner Card Wrapper *\/\n\t\t.awp-flickr-album-128793 .awl-hm-card-inner {\n\t\t\tposition: relative !important;\n\t\t\tborder-radius: 12px !important;\n\t\t\toverflow: hidden !important;\n\t\t\tbackground: #fff !important;\n\t\t\tbox-shadow: 0 10px 30px -5px rgba(0, 0, 0, 0.1) !important;\n\t\t\ttransition: all 0.4s cubic-bezier(0.175, 0.885, 0.32, 1.275) !important;\n\t\t\ttransform: translateY(0);\n\t\t}\n\n\t\t\/* Hover Lift *\/\n\t\t.awp-flickr-album-128793 .single-album-128793:hover .awl-hm-card-inner {\n\t\t\ttransform: translateY(-8px) !important;\n\t\t\tbox-shadow: 0 20px 40px -5px rgba(0, 0, 0, 0.2) !important;\n\t\t}\n\n\t\t\/* Image Force Full Width *\/\n\t\t.awp-flickr-album-128793 img,\n\t\t.awp-flickr-album-128793 .img-thumbnail {\n\t\t\twidth: 100% !important;\n\t\t\tmin-width: 100% !important;\n\t\t\theight: auto !important;\n\t\t\tdisplay: block !important;\n\t\t\tmargin: 0 !important;\n\t\t\tpadding: 0 !important;\n\t\t\tborder-radius: 0 !important;\n\t\t\tborder: none !important;\n\t\t\ttransition: transform 0.6s ease !important;\n\t\t}\n\n\t\t\/* Image Zoom *\/\n\t\t.awp-flickr-album-128793 .single-album-128793:hover img {\n\t\t\ttransform: scale(1.15) !important;\n\t\t}\n\n\t\t\/* Overlay *\/\n\t\t.awl-hm-overlay {\n\t\t\tposition: absolute !important;\n\t\t\ttop: 0;\n\t\t\tleft: 0;\n\t\t\tright: 0;\n\t\t\tbottom: 0;\n\t\t\tbackground: linear-gradient(to top, rgba(0, 0, 0, 0.85) 0%, rgba(0, 0, 0, 0.2) 60%, rgba(0, 0, 0, 0) 100%) !important;\n\t\t\topacity: 0 !important;\n\t\t\ttransition: all 0.3s ease !important;\n\t\t\tdisplay: flex !important;\n\t\t\tflex-direction: column !important;\n\t\t\tjustify-content: flex-end !important;\n\t\t\tpadding: 20px !important;\n\t\t\tz-index: 10 !important;\n\t\t\tpointer-events: none !important;\n\t\t}\n\n\t\t.awp-flickr-album-128793 .single-album-128793:hover .awl-hm-overlay {\n\t\t\topacity: 1 !important;\n\t\t}\n\n\t\t\/* Content Styling *\/\n\t\t.awl-hm-content {\n\t\t\ttransform: translateY(20px) !important;\n\t\t\ttransition: transform 0.4s ease !important;\n\t\t}\n\n\t\t.awp-flickr-album-128793 .single-album-128793:hover .awl-hm-content {\n\t\t\ttransform: translateY(0) !important;\n\t\t}\n\n\t\t.awl-hm-title {\n\t\t\tcolor: #fff !important;\n\t\t\tfont-size: 16px !important;\n\t\t\tfont-weight: 600 !important;\n\t\t\tmargin: 0 0 5px 0 !important;\n\t\t\tline-height: 1.3 !important;\n\t\t\tdisplay: block !important;\n\t\t\ttext-shadow: 0 2px 4px rgba(0, 0, 0, 0.3) !important;\n\t\t}\n\n\t\t.awl-hm-icon {\n\t\t\tcolor: rgba(255, 255, 255, 0.8) !important;\n\t\t\tfont-size: 13px !important;\n\t\t\tfont-weight: 400 !important;\n\t\t\ttext-transform: uppercase !important;\n\t\t\tletter-spacing: 0.5px !important;\n\t\t}\n\n\t\t.awl-hm-plus {\n\t\t\tposition: absolute;\n\t\t\ttop: 50%;\n\t\t\tleft: 50%;\n\t\t\ttransform: translate(-50%, -50%) scale(0);\n\t\t\twidth: 50px;\n\t\t\theight: 50px;\n\t\t\tbackground: rgba(255, 255, 255, 0.2);\n\t\t\tborder-radius: 50%;\n\t\t\tbackdrop-filter: blur(5px);\n\t\t\tdisplay: flex;\n\t\t\talign-items: center;\n\t\t\tjustify-content: center;\n\t\t\tcolor: #fffbox;\n\t\t\ttransition: transform 0.4s cubic-bezier(0.175, 0.885, 0.32, 1.275) !important;\n\t\t}\n\n\t\t.awl-hm-plus::before {\n\t\t\tcontent: '+';\n\t\t\tcolor: #fff;\n\t\t\tfont-size: 28px;\n\t\t\tfont-weight: 300;\n\t\t}\n\n\t\t.awp-flickr-album-128793 .single-album-128793:hover .awl-hm-plus {\n\t\t\ttransform: translate(-50%, -50%) scale(1);\n\t\t}\n\t<\/style>\n\t\t\t\t\t<div\n\t\t\t\t\tclass=\"img-responsive text-center single-album-128793 col-md-3\">\n\t\t\t\t\t<a href=\"https:\/\/live.staticflickr.com\/695\/30698259733_234a78fbfc.jpg\" class=\"awl-hm-card-inner\" style=\"display: block;\"\n\t\t\t\t\t\tdata-sub-html=\"h001\"\n\t\t\t\t\t\tdata-rel=\"lightcase-128793:myCollection:slideshow\">\n\n\t\t\t\t\t\t<div class=\"awl-hm-overlay\">\n\t\t\t\t\t\t\t<div class=\"awl-hm-plus\"><\/div>\n\t\t\t\t\t\t\t<div class=\"awl-hm-content\">\n\t\t\t\t\t\t\t\t<h4 class=\"awl-hm-title\">h001<\/h4>\n\t\t\t\t\t\t\t\t<span class=\"awl-hm-icon\">View Photo<\/span>\n\t\t\t\t\t\t\t<\/div>\n\t\t\t\t\t\t<\/div>\n\n\t\t\t\t\t\t<img decoding=\"async\" class=\"img-responsive img-thumbnail photo loading\" src=\"https:\/\/live.staticflickr.com\/695\/30698259733_234a78fbfc_q.jpg\"\n\t\t\t\t\t\t\talt=\"h001\" width=\"100%\" height=\"auto\">\n\t\t\t\t\t<\/a>\n\t\t\t\t<\/div>\n\t\t\t\t\t\t\t\t<div\n\t\t\t\t\tclass=\"img-responsive text-center single-album-128793 col-md-3\">\n\t\t\t\t\t<a href=\"https:\/\/live.staticflickr.com\/353\/31361082852_6cda7a4f46.jpg\" class=\"awl-hm-card-inner\" style=\"display: block;\"\n\t\t\t\t\t\tdata-sub-html=\"z015\"\n\t\t\t\t\t\tdata-rel=\"lightcase-128793:myCollection:slideshow\">\n\n\t\t\t\t\t\t<div class=\"awl-hm-overlay\">\n\t\t\t\t\t\t\t<div class=\"awl-hm-plus\"><\/div>\n\t\t\t\t\t\t\t<div class=\"awl-hm-content\">\n\t\t\t\t\t\t\t\t<h4 class=\"awl-hm-title\">z015<\/h4>\n\t\t\t\t\t\t\t\t<span class=\"awl-hm-icon\">View Photo<\/span>\n\t\t\t\t\t\t\t<\/div>\n\t\t\t\t\t\t<\/div>\n\n\t\t\t\t\t\t<img decoding=\"async\" class=\"img-responsive img-thumbnail photo loading\" src=\"https:\/\/live.staticflickr.com\/353\/31361082852_6cda7a4f46_q.jpg\"\n\t\t\t\t\t\t\talt=\"z015\" width=\"100%\" height=\"auto\">\n\t\t\t\t\t<\/a>\n\t\t\t\t<\/div>\n\t\t\t\t<\/div>\n<script>\n\t\t\t\/\/light case lightbox js\n\t\tjQuery(window).load(function () {\n\t\t\tjQuery(document).ready(function (jQuery) {\n\t\t\t\tjQuery('a[data-rel^=lightcase-128793]').lightcase({\n\n\t\t\t\t});\n\t\t\t});\n\t\t});\n\t\n\t\/\/ masonary effect\n\tjQuery(document).ready(function () {\n\t\t\/\/ isotope effect function\n\t\t\/\/ Method 1 - Initialize Isotope, then trigger layout after each image loads.\n\t\tvar fg_isotope = jQuery('.awp-flickr-album-128793').isotope({\n\t\t\t\/\/ options...\n\t\t\titemSelector: '.single-album-128793',\n\t\t});\n\t\t\/\/ layout Isotope after each image loads\n\t\tfg_isotope.imagesLoaded().progress(function () {\n\t\t\tfg_isotope.isotope('layout');\n\t\t});\n\t});\t\n<\/script>\n<h4>Corporate Profile<\/h4>\n\n<table id=\"tablepress-167\" class=\"tablepress tablepress-id-167\">\n<thead>\n<tr class=\"row-1\">\n\t<th class=\"column-1\">Name:<\/th><th class=\"column-2\">Groupe Filgo-Sonic<\/th>\n<\/tr>\n<\/thead>\n<tbody class=\"row-striping row-hover\">\n<tr class=\"row-2\">\n\t<td class=\"column-1\"><a href=\"https:\/\/depquebec.com\/en\/ranking\/chain-ranking-summary\/\">Ranking (chains):<\/a><\/td><td class=\"column-2\">9th of 20<\/td>\n<\/tr>\n<tr class=\"row-3\">\n\t<td class=\"column-1\">Description:<\/td><td class=\"column-2\">Petroleum distributor, franchisor and operator of a convenience store network.<\/td>\n<\/tr>\n<tr class=\"row-4\">\n\t<td class=\"column-1\">Number of stores:<\/td><td class=\"column-2\">85<\/td>\n<\/tr>\n<tr class=\"row-5\">\n\t<td class=\"column-1\">Number of employees:<\/td><td class=\"column-2\">775<\/td>\n<\/tr>\n<tr class=\"row-6\">\n\t<td class=\"column-1\">Foundation date:<\/td><td class=\"column-2\">1956 by Philippe Gosselin (FILGO)<br \/>\n1922 for the Coop F\u00e9d\u00e9r\u00e9e following the adoption of a provincial legislation<\/td>\n<\/tr>\n<tr class=\"row-7\">\n\t<td class=\"column-1\">Main Executive:<\/td><td class=\"column-2\">Michel Lehoux, President<\/td>\n<\/tr>\n<tr class=\"row-8\">\n\t<td class=\"column-1\">Head Office:<\/td><td class=\"column-2\">Montreal<\/td>\n<\/tr>\n<tr class=\"row-9\">\n\t<td class=\"column-1\">Website:<\/td><td class=\"column-2\"><a href=\"http:\/\/www.filgo-sonic.com\/\" target=\"_blank\">New website of the Filgo-Sonic Group<\/a><br \/>\n<a href=\"http:\/\/www.filgo.ca\" target=\"_blank\">Filgo website<\/a> et <br \/>\n<a href=\"http:\/\/www.sonic.coop\/\" target=\"_blank\">\u00c9nergie Sonic website<\/a><\/td>\n<\/tr>\n<\/tbody>\n<\/table>\n<!-- #tablepress-167 from cache -->\n","protected":false},"excerpt":{"rendered":"<p>The Groupe Filgo-Sonic is the result of a very recent merger (2016) of\u00a0Coop F\u00e9d\u00e9r\u00e9e&#8216;s \u00c9nergie Sonic\u00a0and Filgo, a distributor of<\/p>\n","protected":false},"author":9,"featured_media":0,"parent":58168,"menu_order":7,"comment_status":"closed","ping_status":"closed","template":"","meta":{"footnotes":""},"class_list":["post-58152","page","type-page","status-publish","hentry"],"aioseo_notices":[],"jetpack_sharing_enabled":true,"_links":{"self":[{"href":"https:\/\/depquebec.com\/en\/wp-json\/wp\/v2\/pages\/58152","targetHints":{"allow":["GET"]}}],"collection":[{"href":"https:\/\/depquebec.com\/en\/wp-json\/wp\/v2\/pages"}],"about":[{"href":"https:\/\/depquebec.com\/en\/wp-json\/wp\/v2\/types\/page"}],"author":[{"embeddable":true,"href":"https:\/\/depquebec.com\/en\/wp-json\/wp\/v2\/users\/9"}],"replies":[{"embeddable":true,"href":"https:\/\/depquebec.com\/en\/wp-json\/wp\/v2\/comments?post=58152"}],"version-history":[{"count":0,"href":"https:\/\/depquebec.com\/en\/wp-json\/wp\/v2\/pages\/58152\/revisions"}],"up":[{"embeddable":true,"href":"https:\/\/depquebec.com\/en\/wp-json\/wp\/v2\/pages\/58168"}],"wp:attachment":[{"href":"https:\/\/depquebec.com\/en\/wp-json\/wp\/v2\/media?parent=58152"}],"curies":[{"name":"wp","href":"https:\/\/api.w.org\/{rel}","templated":true}]}}