{"id":58147,"date":"2017-03-09T12:19:28","date_gmt":"2017-03-09T17:19:28","guid":{"rendered":"https:\/\/depquebec.com\/?page_id=58147"},"modified":"2019-05-02T16:32:40","modified_gmt":"2019-05-02T20:32:40","slug":"beaudry-cadrin","status":"publish","type":"page","link":"https:\/\/depquebec.com\/en\/chain-profiles\/beaudry-cadrin\/","title":{"rendered":"Beaudry &#038; Cadrin"},"content":{"rendered":"<p><strong><a href=\"\/wordpress?p=1147\" rel=\"attachment wp-att-1147\"><img decoding=\"async\" class=\"size-medium wp-image-1147 alignright\" src=\"https:\/\/depquebec.com\/wp-content\/uploads\/2016\/12\/v001-267x200.png\" alt=\"beaudry cadrin distributeur\" width=\"267\" height=\"200\" srcset=\"https:\/\/depquebec.com\/wp-content\/uploads\/2016\/12\/v001-267x200.png 267w, https:\/\/depquebec.com\/wp-content\/uploads\/2016\/12\/v001-600x450.png 600w, https:\/\/depquebec.com\/wp-content\/uploads\/2016\/12\/v001-768x576.png 768w, https:\/\/depquebec.com\/wp-content\/uploads\/2016\/12\/v001.png 800w\" sizes=\"(max-width: 267px) 100vw, 267px\" \/><\/a><\/strong><\/p>\n<figure id=\"attachment_1161\" aria-describedby=\"caption-attachment-1161\" style=\"width: 298px\" class=\"wp-caption alignright\"><a href=\"\/wordpress?p=1161\" rel=\"attachment wp-att-1161\"><img decoding=\"async\" class=\"size-medium wp-image-1161\" src=\"https:\/\/depquebec.com\/wp-content\/uploads\/2016\/12\/entrepot-sans-plafond-298x200.jpg\" alt=\"\" width=\"298\" height=\"200\" srcset=\"https:\/\/depquebec.com\/wp-content\/uploads\/2016\/12\/entrepot-sans-plafond-298x200.jpg 298w, https:\/\/depquebec.com\/wp-content\/uploads\/2016\/12\/entrepot-sans-plafond-600x403.jpg 600w, https:\/\/depquebec.com\/wp-content\/uploads\/2016\/12\/entrepot-sans-plafond-768x516.jpg 768w, https:\/\/depquebec.com\/wp-content\/uploads\/2016\/12\/entrepot-sans-plafond.jpg 800w\" sizes=\"(max-width: 298px) 100vw, 298px\" \/><\/a><figcaption id=\"caption-attachment-1161\" class=\"wp-caption-text\">110,000 square foot B&amp;C warehouse in eastern Montreal.<\/figcaption><\/figure>\n<p><a href=\"http:\/\/www.beaudrycadrin.com\/\" target=\"_blank\" rel=\"noopener noreferrer\"><strong>Beaudry &amp; Cadrin<\/strong><\/a> is an important wholesaler and food distributor that manages several convenience store banners. A Quebec company that is more than a century old, it was born of the union in February 2013 of distributors <strong>J.B. Cadrin Inc.<\/strong> (wholesaler well established in Qu\u00e9bec City) and <strong>Jean-Paul Beaudry Lt\u00e9e<\/strong> (creator of the <a href=\"https:\/\/depquebec.com\/en\/banner-profiles\/beau-soir\/\"><strong>Beau-soir<\/strong><\/a>\u00a0banner in 1977).<\/p>\n<p>The history of these two family businesses has been marked by several generations who, in turn, have been able to distinguish themselves and stay abreast of new technologies and trends. One year after their merger, the duo acquired all the rights and ancillary agreements on the trademarks of the <strong><a href=\"http:\/\/www.colabor.com\/\">Colabor <\/a><\/strong>Group&#8217;s convenience store banners, namely <strong>Point d&#8217;Aide, Visez Juste!, D\u00e9panneur Ultra, March\u00e9 \u00c9clair, \u00c9clair Plus and the Affiliated Group,<\/strong> which today total 86 convenience stores at the last count.<\/p>\n<h4>Network Profile<\/h4>\n\n<table id=\"tablepress-158\" class=\"tablepress tablepress-id-158\">\n<thead>\n<tr class=\"row-1\">\n\t<th class=\"column-1\"><center>BANNERS<\/center><\/th><th class=\"column-2\"><center>TYPE<\/center><\/th><th class=\"column-3\"><center>TOTAL<\/center><\/th><th class=\"column-4\"><center>WITHOUT GAS<\/center><\/th><th class=\"column-5\"><center>WITH GAS<\/center><\/th><th class=\"column-6\"><center>GAS BRANDS<\/center><\/th>\n<\/tr>\n<\/thead>\n<tbody class=\"row-striping row-hover\">\n<tr class=\"row-2\">\n\t<td class=\"column-1\"><center><strong><a href=\"https:\/\/depquebec.com\/en\/banner-profiles\/beau-soir\/\">Beau-soir<\/a><\/strong><\/center><\/td><td class=\"column-2\"><center>Depanneur<\/center><\/td><td class=\"column-3\"><center><strong>156<\/strong><\/center><\/td><td class=\"column-4\"><center>85<\/center><\/td><td class=\"column-5\"><center>71<\/center><\/td><td class=\"column-6\"><a href=\"https:\/\/depquebec.com\/en\/gas-brand-profiles\/petro-canada\/\">Petro-Canada<\/a> (24)<br \/>\n<a href=\"https:\/\/depquebec.com\/en\/gas-brand-profiles\/ultramar\/\">Ultramar<\/a> (7) <br \/>\n<a href=\"https:\/\/depquebec.com\/en\/gas-brand-profiles\/shell\/\">Shell<\/a> (7)<br \/>\nCrevier (6), Sonic (6), etc.<\/td>\n<\/tr>\n<tr class=\"row-3\">\n\t<td class=\"column-1\"><center><strong><a href=\"https:\/\/depquebec.com\/en\/banner-profiles\/marche-eclair-point-daide-sermax-ultra-visez-juste\/\">Point d'Aide<\/a><\/strong><\/center><\/td><td class=\"column-2\"><center>Depanneur<\/center><\/td><td class=\"column-3\"><center><strong>33<\/strong><\/center><\/td><td class=\"column-4\"><center>25<\/center><\/td><td class=\"column-5\"><center>8<\/center><\/td><td class=\"column-6\"><a href=\"https:\/\/depquebec.com\/en\/gas-brand-profiles\/petro-canada\/\">Petro-Canada<\/a> (2)<br \/>\n<a href=\"https:\/\/depquebec.com\/en\/gas-brand-profiles\/esso\/\">Esso<\/a> (2)<br \/>\n<a href=\"https:\/\/depquebec.com\/en\/gas-brand-profiles\/eko\/\">Eko<\/a> (1), <a href=\"https:\/\/depquebec.com\/en\/gas-brand-profiles\/petro-t\/\">P\u00e9tro-T<\/a> (1), etc.<\/td>\n<\/tr>\n<tr class=\"row-4\">\n\t<td class=\"column-1\"><center><strong><a href=\"https:\/\/depquebec.com\/en\/banner-profiles\/marche-eclair-point-daide-sermax-ultra-visez-juste\/\">Sermax<\/a><\/strong><\/center><\/td><td class=\"column-2\"><center>Depanneur<\/center><\/td><td class=\"column-3\"><center><strong>23<\/strong><\/center><\/td><td class=\"column-4\"><center>14<\/center><\/td><td class=\"column-5\"><center>9<\/center><\/td><td class=\"column-6\"><a href=\"https:\/\/depquebec.com\/en\/gas-brand-profiles\/shell\/\">Shell<\/a>(2)<br \/>\n<a href=\"https:\/\/depquebec.com\/en\/gas-brand-profiles\/sonic\/\">Sonic<\/a> (2), etc.<br \/>\n<\/td>\n<\/tr>\n<tr class=\"row-5\">\n\t<td class=\"column-1\"><center><strong><a href=\"https:\/\/depquebec.com\/en\/banner-profiles\/marche-eclair-point-daide-sermax-ultra-visez-juste\/\">D\u00e9panneur Ultra<\/a><\/strong><\/center><\/td><td class=\"column-2\"><center>Depanneur<\/center><\/td><td class=\"column-3\"><center><strong>15<\/strong><\/center><\/td><td class=\"column-4\"><center>9<\/center><\/td><td class=\"column-5\"><center>6<\/center><\/td><td class=\"column-6\">Misc. (<a href=\"https:\/\/depquebec.com\/en\/gas-brand-profiles\/shell\/\">Shell<\/a>, <a href=\"https:\/\/depquebec.com\/en\/gas-brand-profiles\/esso\/\">Esso<\/a>, etc.)<\/td>\n<\/tr>\n<tr class=\"row-6\">\n\t<td class=\"column-1\"><center><strong><a href=\"https:\/\/depquebec.com\/en\/banner-profiles\/marche-eclair-point-daide-sermax-ultra-visez-juste\/\">March\u00e9 \u00c9clair<\/a><\/strong><\/center><\/td><td class=\"column-2\"><center>Depanneur<\/center><\/td><td class=\"column-3\"><center><strong>10<\/strong><\/center><\/td><td class=\"column-4\"><center>10<\/center><\/td><td class=\"column-5\"><center>0<\/center><\/td><td class=\"column-6\"><\/td>\n<\/tr>\n<tr class=\"row-7\">\n\t<td class=\"column-1\"><center><strong><a href=\"https:\/\/depquebec.com\/en\/banner-profiles\/depanneur-a\/\">D\u00e9panneur A+<\/a><\/strong><\/center><\/td><td class=\"column-2\"><center>Depanneur<\/center><\/td><td class=\"column-3\"><center><strong>9<\/strong><\/center><\/td><td class=\"column-4\"><center>2<\/center><\/td><td class=\"column-5\"><center>7<\/center><\/td><td class=\"column-6\"><a href=\"https:\/\/depquebec.com\/en\/gas-brand-profiles\/petro-canada\/\">Petro-Canada<\/a> (2), etc.<\/td>\n<\/tr>\n<tr class=\"row-8\">\n\t<td class=\"column-1\"><center><strong><a href=\"https:\/\/depquebec.com\/en\/banner-profiles\/unisoir\/\">UniSoir<\/a><\/strong><\/center><\/td><td class=\"column-2\"><center>Depanneur<\/center><\/td><td class=\"column-3\"><center><strong>6<\/strong><\/center><\/td><td class=\"column-4\"><center>5<\/center><\/td><td class=\"column-5\"><center>1<\/center><\/td><td class=\"column-6\"><a href=\"https:\/\/depquebec.com\/en\/gas-brand-profiles\/miraco\/\">Miraco<\/a><\/td>\n<\/tr>\n<tr class=\"row-9\">\n\t<td class=\"column-1\"><center><strong><a href=\"https:\/\/depquebec.com\/en\/banner-profiles\/marche-eclair-point-daide-sermax-ultra-visez-juste\/\">Visez Juste!<\/a><\/strong><\/center><\/td><td class=\"column-2\"><center>Depanneur<\/center><\/td><td class=\"column-3\"><center><strong>5<\/strong><\/center><\/td><td class=\"column-4\"><center>5<\/center><\/td><td class=\"column-5\"><center>0<\/center><\/td><td class=\"column-6\"><\/td>\n<\/tr>\n<tr class=\"row-10\">\n\t<td class=\"column-1\"><center><strong>Ind\u00e9pendants<\/strong><\/center><\/td><td class=\"column-2\"><\/td><td class=\"column-3\"><center><strong>58<\/strong><\/center><\/td><td class=\"column-4\"><center>44<\/center><\/td><td class=\"column-5\"><center>14<\/center><\/td><td class=\"column-6\"><\/td>\n<\/tr>\n<tr class=\"row-11\">\n\t<td class=\"column-1\"><center><strong>TOTAL<\/strong><\/center><\/td><td class=\"column-2\"><\/td><td class=\"column-3\"><center><strong>315<\/strong><\/center><\/td><td class=\"column-4\"><center><strong>199<\/strong><\/center><\/td><td class=\"column-5\"><center><strong>116<\/strong><\/center><\/td><td class=\"column-6\"><\/td>\n<\/tr>\n<\/tbody>\n<\/table>\n<!-- #tablepress-158 from cache -->\n<h4>Banner Brands<\/h4>\n\t<style>\n\t\t.entry-content a,\n\t\t.entry-summary a,\n\t\t.taxonomy-description a,\n\t\t.logged-in-as a,\n\t\t.comment-content a,\n\t\t.pingback .comment-body>a,\n\t\t.textwidget a,\n\t\t.entry-footer a:hover,\n\t\t.site-info a:hover {\n\t\t\tbox-shadow: none !important;\n\t\t}\n\n\t\t.single-photostream-128791 {\n\t\t\tpadding-bottom: 15px;\n\t\t}\n\t<\/style>\n\t\t\t<p class=\"awp-flickr-post-title\"\n\t\t\tstyle=\"margin-right: 15px; margin-left: 10px; color:#000000; font-size: 16px ; text-align:left;\">\n\t\t\t\t\t<\/p>\n\t\t<div id=\"awp-flickr-album-128791\"\n\tclass=\"awp-flickr-album-128791\">\n\t\t<style>\n\t\t\/* --- FRONTEND PREMIUM ENVATO CARD STYLE (ALBUM) --- *\/\n\n\t\t\/* Grid Item Container *\/\n\t\t#awp-flickr-album-128791 .single-album-128791 {\n\t\t\tmargin-bottom: 30px !important;\n\t\t\tpadding: 0 10px !important;\n\t\t\tbackground: transparent !important;\n\t\t\tborder: none !important;\n\t\t\tbox-shadow: none !important;\n\t\t}\n\n\t\t\/* Inner Card Wrapper *\/\n\t\t.awp-flickr-album-128791 .awl-hm-card-inner {\n\t\t\tposition: relative !important;\n\t\t\tborder-radius: 12px !important;\n\t\t\toverflow: hidden !important;\n\t\t\tbackground: #fff !important;\n\t\t\tbox-shadow: 0 10px 30px -5px rgba(0, 0, 0, 0.1) !important;\n\t\t\ttransition: all 0.4s cubic-bezier(0.175, 0.885, 0.32, 1.275) !important;\n\t\t\ttransform: translateY(0);\n\t\t}\n\n\t\t\/* Hover Lift *\/\n\t\t.awp-flickr-album-128791 .single-album-128791:hover .awl-hm-card-inner {\n\t\t\ttransform: translateY(-8px) !important;\n\t\t\tbox-shadow: 0 20px 40px -5px rgba(0, 0, 0, 0.2) !important;\n\t\t}\n\n\t\t\/* Image Force Full Width *\/\n\t\t.awp-flickr-album-128791 img,\n\t\t.awp-flickr-album-128791 .img-thumbnail {\n\t\t\twidth: 100% !important;\n\t\t\tmin-width: 100% !important;\n\t\t\theight: auto !important;\n\t\t\tdisplay: block !important;\n\t\t\tmargin: 0 !important;\n\t\t\tpadding: 0 !important;\n\t\t\tborder-radius: 0 !important;\n\t\t\tborder: none !important;\n\t\t\ttransition: transform 0.6s ease !important;\n\t\t}\n\n\t\t\/* Image Zoom *\/\n\t\t.awp-flickr-album-128791 .single-album-128791:hover img {\n\t\t\ttransform: scale(1.15) !important;\n\t\t}\n\n\t\t\/* Overlay *\/\n\t\t.awl-hm-overlay {\n\t\t\tposition: absolute !important;\n\t\t\ttop: 0;\n\t\t\tleft: 0;\n\t\t\tright: 0;\n\t\t\tbottom: 0;\n\t\t\tbackground: linear-gradient(to top, rgba(0, 0, 0, 0.85) 0%, rgba(0, 0, 0, 0.2) 60%, rgba(0, 0, 0, 0) 100%) !important;\n\t\t\topacity: 0 !important;\n\t\t\ttransition: all 0.3s ease !important;\n\t\t\tdisplay: flex !important;\n\t\t\tflex-direction: column !important;\n\t\t\tjustify-content: flex-end !important;\n\t\t\tpadding: 20px !important;\n\t\t\tz-index: 10 !important;\n\t\t\tpointer-events: none !important;\n\t\t}\n\n\t\t.awp-flickr-album-128791 .single-album-128791:hover .awl-hm-overlay {\n\t\t\topacity: 1 !important;\n\t\t}\n\n\t\t\/* Content Styling *\/\n\t\t.awl-hm-content {\n\t\t\ttransform: translateY(20px) !important;\n\t\t\ttransition: transform 0.4s ease !important;\n\t\t}\n\n\t\t.awp-flickr-album-128791 .single-album-128791:hover .awl-hm-content {\n\t\t\ttransform: translateY(0) !important;\n\t\t}\n\n\t\t.awl-hm-title {\n\t\t\tcolor: #fff !important;\n\t\t\tfont-size: 16px !important;\n\t\t\tfont-weight: 600 !important;\n\t\t\tmargin: 0 0 5px 0 !important;\n\t\t\tline-height: 1.3 !important;\n\t\t\tdisplay: block !important;\n\t\t\ttext-shadow: 0 2px 4px rgba(0, 0, 0, 0.3) !important;\n\t\t}\n\n\t\t.awl-hm-icon {\n\t\t\tcolor: rgba(255, 255, 255, 0.8) !important;\n\t\t\tfont-size: 13px !important;\n\t\t\tfont-weight: 400 !important;\n\t\t\ttext-transform: uppercase !important;\n\t\t\tletter-spacing: 0.5px !important;\n\t\t}\n\n\t\t.awl-hm-plus {\n\t\t\tposition: absolute;\n\t\t\ttop: 50%;\n\t\t\tleft: 50%;\n\t\t\ttransform: translate(-50%, -50%) scale(0);\n\t\t\twidth: 50px;\n\t\t\theight: 50px;\n\t\t\tbackground: rgba(255, 255, 255, 0.2);\n\t\t\tborder-radius: 50%;\n\t\t\tbackdrop-filter: blur(5px);\n\t\t\tdisplay: flex;\n\t\t\talign-items: center;\n\t\t\tjustify-content: center;\n\t\t\tcolor: #fffbox;\n\t\t\ttransition: transform 0.4s cubic-bezier(0.175, 0.885, 0.32, 1.275) !important;\n\t\t}\n\n\t\t.awl-hm-plus::before {\n\t\t\tcontent: '+';\n\t\t\tcolor: #fff;\n\t\t\tfont-size: 28px;\n\t\t\tfont-weight: 300;\n\t\t}\n\n\t\t.awp-flickr-album-128791 .single-album-128791:hover .awl-hm-plus {\n\t\t\ttransform: translate(-50%, -50%) scale(1);\n\t\t}\n\t<\/style>\n\t\t\t\t\t<div\n\t\t\t\t\tclass=\"img-responsive text-center single-album-128791 col-md-3\">\n\t\t\t\t\t<a href=\"https:\/\/live.staticflickr.com\/84\/31391943661_882335e8c7.jpg\" class=\"awl-hm-card-inner\" style=\"display: block;\"\n\t\t\t\t\t\tdata-sub-html=\"Beau-Soir\"\n\t\t\t\t\t\tdata-rel=\"lightcase-128791:myCollection:slideshow\">\n\n\t\t\t\t\t\t<div class=\"awl-hm-overlay\">\n\t\t\t\t\t\t\t<div class=\"awl-hm-plus\"><\/div>\n\t\t\t\t\t\t\t<div class=\"awl-hm-content\">\n\t\t\t\t\t\t\t\t<h4 class=\"awl-hm-title\">Beau-Soir<\/h4>\n\t\t\t\t\t\t\t\t<span class=\"awl-hm-icon\">View Photo<\/span>\n\t\t\t\t\t\t\t<\/div>\n\t\t\t\t\t\t<\/div>\n\n\t\t\t\t\t\t<img decoding=\"async\" class=\"img-responsive img-thumbnail photo loading\" src=\"https:\/\/live.staticflickr.com\/84\/31391943661_882335e8c7_q.jpg\"\n\t\t\t\t\t\t\talt=\"Beau-Soir\" width=\"100%\" height=\"auto\">\n\t\t\t\t\t<\/a>\n\t\t\t\t<\/div>\n\t\t\t\t\t\t\t\t<div\n\t\t\t\t\tclass=\"img-responsive text-center single-album-128791 col-md-3\">\n\t\t\t\t\t<a href=\"https:\/\/live.staticflickr.com\/117\/30698259523_654a42a2f1.jpg\" class=\"awl-hm-card-inner\" style=\"display: block;\"\n\t\t\t\t\t\tdata-sub-html=\"March\u00e9 \u00c9clair\"\n\t\t\t\t\t\tdata-rel=\"lightcase-128791:myCollection:slideshow\">\n\n\t\t\t\t\t\t<div class=\"awl-hm-overlay\">\n\t\t\t\t\t\t\t<div class=\"awl-hm-plus\"><\/div>\n\t\t\t\t\t\t\t<div class=\"awl-hm-content\">\n\t\t\t\t\t\t\t\t<h4 class=\"awl-hm-title\">March\u00e9 \u00c9clair<\/h4>\n\t\t\t\t\t\t\t\t<span class=\"awl-hm-icon\">View Photo<\/span>\n\t\t\t\t\t\t\t<\/div>\n\t\t\t\t\t\t<\/div>\n\n\t\t\t\t\t\t<img decoding=\"async\" class=\"img-responsive img-thumbnail photo loading\" src=\"https:\/\/live.staticflickr.com\/117\/30698259523_654a42a2f1_q.jpg\"\n\t\t\t\t\t\t\talt=\"March\u00e9 \u00c9clair\" width=\"100%\" height=\"auto\">\n\t\t\t\t\t<\/a>\n\t\t\t\t<\/div>\n\t\t\t\t\t\t\t\t<div\n\t\t\t\t\tclass=\"img-responsive text-center single-album-128791 col-md-3\">\n\t\t\t\t\t<a href=\"https:\/\/live.staticflickr.com\/5566\/31391943701_871e62bf4e.jpg\" class=\"awl-hm-card-inner\" style=\"display: block;\"\n\t\t\t\t\t\tdata-sub-html=\"UniSoir\"\n\t\t\t\t\t\tdata-rel=\"lightcase-128791:myCollection:slideshow\">\n\n\t\t\t\t\t\t<div class=\"awl-hm-overlay\">\n\t\t\t\t\t\t\t<div class=\"awl-hm-plus\"><\/div>\n\t\t\t\t\t\t\t<div class=\"awl-hm-content\">\n\t\t\t\t\t\t\t\t<h4 class=\"awl-hm-title\">UniSoir<\/h4>\n\t\t\t\t\t\t\t\t<span class=\"awl-hm-icon\">View Photo<\/span>\n\t\t\t\t\t\t\t<\/div>\n\t\t\t\t\t\t<\/div>\n\n\t\t\t\t\t\t<img decoding=\"async\" class=\"img-responsive img-thumbnail photo loading\" src=\"https:\/\/live.staticflickr.com\/5566\/31391943701_871e62bf4e_q.jpg\"\n\t\t\t\t\t\t\talt=\"UniSoir\" width=\"100%\" height=\"auto\">\n\t\t\t\t\t<\/a>\n\t\t\t\t<\/div>\n\t\t\t\t<\/div>\n<script>\n\t\t\t\/\/light case lightbox js\n\t\tjQuery(window).load(function () {\n\t\t\tjQuery(document).ready(function (jQuery) {\n\t\t\t\tjQuery('a[data-rel^=lightcase-128791]').lightcase({\n\n\t\t\t\t});\n\t\t\t});\n\t\t});\n\t\n\t\/\/ masonary effect\n\tjQuery(document).ready(function () {\n\t\t\/\/ isotope effect function\n\t\t\/\/ Method 1 - Initialize Isotope, then trigger layout after each image loads.\n\t\tvar fg_isotope = jQuery('.awp-flickr-album-128791').isotope({\n\t\t\t\/\/ options...\n\t\t\titemSelector: '.single-album-128791',\n\t\t});\n\t\t\/\/ layout Isotope after each image loads\n\t\tfg_isotope.imagesLoaded().progress(function () {\n\t\t\tfg_isotope.isotope('layout');\n\t\t});\n\t});\t\n<\/script>\n<h4>Corporate Profile<\/h4>\n\n<table id=\"tablepress-159\" class=\"tablepress tablepress-id-159\">\n<thead>\n<tr class=\"row-1\">\n\t<th class=\"column-1\">Name:<\/th><th class=\"column-2\">Beaudry &amp; Cadrin<\/th>\n<\/tr>\n<\/thead>\n<tbody class=\"row-striping row-hover\">\n<tr class=\"row-2\">\n\t<td class=\"column-1\"><a href=\"https:\/\/depquebec.com\/en\/ranking\/chain-ranking-summary\/\">Ranking (chains):<\/a><\/td><td class=\"column-2\">6th of 20<\/td>\n<\/tr>\n<tr class=\"row-3\">\n\t<td class=\"column-1\">Description:<\/td><td class=\"column-2\">Wholesaler, distributor and franchisor<\/td>\n<\/tr>\n<tr class=\"row-4\">\n\t<td class=\"column-1\">Number of depanneurs:<\/td><td class=\"column-2\">314<\/td>\n<\/tr>\n<tr class=\"row-5\">\n\t<td class=\"column-1\">Foundation date:<\/td><td class=\"column-2\">1899 by J.-B. Cadrin Senior in Saint-Anselme.<br \/>\n1917 for the first Beaudry grocery in Montr\u00e9al-Est.<\/td>\n<\/tr>\n<tr class=\"row-6\">\n\t<td class=\"column-1\">Number of employees:<\/td><td class=\"column-2\">150<\/td>\n<\/tr>\n<tr class=\"row-7\">\n\t<td class=\"column-1\">Main Executives:<\/td><td class=\"column-2\">Jacques Beaudry, President<br \/>\nFran\u00e7ois Beaudry, Vice-President<br \/>\nJean-Philippe Beaudry, Vice-President<br \/>\n<\/td>\n<\/tr>\n<tr class=\"row-8\">\n\t<td class=\"column-1\">Head Office:<\/td><td class=\"column-2\">Montr\u00e9al<\/td>\n<\/tr>\n<tr class=\"row-9\">\n\t<td class=\"column-1\">Installations:<\/td><td class=\"column-2\">110,000 square foot B&amp;C warehouse in Montr\u00e9al-Est.<\/td>\n<\/tr>\n<tr class=\"row-10\">\n\t<td class=\"column-1\">Website:<\/td><td class=\"column-2\"><a href=\"http:\/\/www.beaudrycadrin.com\/\" target=\"_blank\">Beaudry-Cadrin<\/a><\/td>\n<\/tr>\n<tr class=\"row-11\">\n\t<td class=\"column-1\">Facebook Page:<\/td><td class=\"column-2\"><a href=\"https:\/\/fr-ca.facebook.com\/people\/Beaudry-Cadrin\/100007380795891\" target=\"_blank\">Beaudry-Cadrin L\u00e9vis<\/a><\/td>\n<\/tr>\n<\/tbody>\n<\/table>\n<!-- #tablepress-159 from cache -->\n","protected":false},"excerpt":{"rendered":"<p>Beaudry &amp; Cadrin is an important wholesaler and food distributor that manages several convenience store banners. A Quebec company that<\/p>\n","protected":false},"author":9,"featured_media":0,"parent":58168,"menu_order":2,"comment_status":"closed","ping_status":"closed","template":"","meta":{"footnotes":""},"class_list":["post-58147","page","type-page","status-publish","hentry"],"aioseo_notices":[],"jetpack_sharing_enabled":true,"_links":{"self":[{"href":"https:\/\/depquebec.com\/en\/wp-json\/wp\/v2\/pages\/58147","targetHints":{"allow":["GET"]}}],"collection":[{"href":"https:\/\/depquebec.com\/en\/wp-json\/wp\/v2\/pages"}],"about":[{"href":"https:\/\/depquebec.com\/en\/wp-json\/wp\/v2\/types\/page"}],"author":[{"embeddable":true,"href":"https:\/\/depquebec.com\/en\/wp-json\/wp\/v2\/users\/9"}],"replies":[{"embeddable":true,"href":"https:\/\/depquebec.com\/en\/wp-json\/wp\/v2\/comments?post=58147"}],"version-history":[{"count":0,"href":"https:\/\/depquebec.com\/en\/wp-json\/wp\/v2\/pages\/58147\/revisions"}],"up":[{"embeddable":true,"href":"https:\/\/depquebec.com\/en\/wp-json\/wp\/v2\/pages\/58168"}],"wp:attachment":[{"href":"https:\/\/depquebec.com\/en\/wp-json\/wp\/v2\/media?parent=58147"}],"curies":[{"name":"wp","href":"https:\/\/api.w.org\/{rel}","templated":true}]}}