{"id":58140,"date":"2017-03-09T12:14:03","date_gmt":"2017-03-09T17:14:03","guid":{"rendered":"https:\/\/depquebec.com\/?page_id=58140"},"modified":"2017-03-22T10:21:48","modified_gmt":"2017-03-22T15:21:48","slug":"welcome","status":"publish","type":"page","link":"https:\/\/depquebec.com\/en\/welcome\/","title":{"rendered":"Welcome"},"content":{"rendered":"<p><span id=\"result_box\" class=\"\" lang=\"en\" tabindex=\"-1\"><span title=\"Bienvenue sur DepQu\u00e9bec, le premier portail web au Qu\u00e9bec totalement d\u00e9di\u00e9 \u00e0 l'industrie des d\u00e9panneurs. \"><strong>Welcome to DepQuebec<\/strong>, the first web portal in Quebec totally dedicated to its convenience store industry, generally referred as the &#8220;depanneur industry&#8221;.<\/span><\/span><\/p>\n<p>Fully developed on the WordPress platform, <strong>DepQuebec<\/strong>\u00a0proposes five major content areas to explore:<\/p>\n<ul>\n<li><span id=\"result_box\" class=\"\" lang=\"en\" tabindex=\"-1\"><span title=\"Articles : enjeux de l'industrie (Zoom Dep) actualit\u00e9s (Actulidep), portraits (En Vedep) et Conseils (Dep Expert) sont les grandes sections qui couvrent le spectre des sujets d'int\u00e9r\u00eats du site.\"><strong>Articles:<\/strong> industry issues (Zoom Dep), news (News Dep), portraits (Dep Stars) and expert advice (Dep Advice) sections are covering the spectrum of topics of interest of the site. <\/span><span title=\"Plusieurs des articles et photos font appel \u00e0 des sources externes et lorsque c'est le cas, nous nous faisons toujours un devoir de nommer les sources et donner le cr\u00e9dit \u00e0 qui de droit.\">Many of the articles and photos use external sources and when this is the case, we always make a point of naming the sources and giving credit to whoever is right. <\/span><span title=\"Toutefois, si une erreur ou une omission se glissait, veuillez nous en excuser d'avance et nous aviser d\u00e8s que possible pour que nous rectifiions la situation rapidement. \">However, should an error or omission occur, please excuse us in advance and notify us as soon as possible so that we can rectify the situation quickly.<\/span><\/span><\/li>\n<\/ul>\n<ul>\n<li><span id=\"result_box\" class=\"\" lang=\"en\" tabindex=\"-1\"><span title=\"Conformit\u00e9 Dep : tous les permis et formulaires accessibles en un clic!... et tout ce qu'il faut savoir pour \u00eatre conforme aux lois et r\u00e8glements, tr\u00e8s nombreux, qui encadrent l'industrie, de m\u00eame que les salaires, charges sociales et\"><strong>Compliance Dep:<\/strong> all permits and forms available in one click! &#8230; and everything you need to know to comply with the many laws and regulations that regulate the industry, as well as salaries and o<\/span><span title=\"autres r\u00e9glementations sp\u00e9cifiques dans des cat\u00e9gories cl\u00e9s de produits; \">ther specific regulations in key product categories;<\/span><\/span><\/li>\n<\/ul>\n<ul>\n<li><span id=\"result_box\" class=\"\" lang=\"en\" tabindex=\"-1\"><span title=\"Palmar\u00e8s : ce volet l\u00e8ve le voile sur les joueurs de l'industrie : qui sont-ils, quelle position occupent-ils et qui est avec qui (cha\u00eene, banni\u00e8re et marques d'essence)... tout un \u00e9cheveau \u00e0 d\u00e9m\u00ealer! \"><strong>2017 Ranking:<\/strong> this section lifts the veil of the industry players: who they are, what position they occupy and who works with whom (chain, banner and gasoline brands) &#8230; a\u00a0key tool to deconstructs this complex channel.<\/span><\/span><\/li>\n<\/ul>\n<ul>\n<li><span id=\"result_box\" class=\"\" lang=\"en\" tabindex=\"-1\"><span title=\"G\u00e9ocarte d\u00e9taillants : premier r\u00e9pertoire interactif des d\u00e9panneurs au Qu\u00e9bec : amusez-vous \u00e0 la d\u00e9couvrir et voyez la r\u00e9partition des diff\u00e9rents acteurs de l'industrie; \"><strong>Retailer <a href=\"https:\/\/depquebec.com\/en\/gd-location\/?customize_changeset_uuid=a0ad2ae8-a26f-4b64-ab4b-912e98998b6e&amp;customize_messenger_channel=preview-0\">GEOMAP<\/a><\/strong>: the first and complete online directory of convenience stores in Qu\u00e9bec. Have fun discovering it and seeing the distribution of the various industry players;<\/span><\/span><\/li>\n<\/ul>\n<ul>\n<li><span id=\"result_box\" class=\"\" lang=\"en\" tabindex=\"-1\"><span title=\"G\u00e9ocarte fournisseurs : r\u00e9pertoire payant des fournisseurs de d\u00e9panneurs et autres magasins alimentaires au Qu\u00e9bec, qu'il s'agisse de fabricants alimentaires, d'\u00e9quipement ou de fournisseurs de services. \"><strong>Supplier <a href=\"https:\/\/depquebec.com\/en\/gd-location\/?customize_changeset_uuid=a0ad2ae8-a26f-4b64-ab4b-912e98998b6e&amp;customize_messenger_channel=preview-0\">GEOMAP<\/a><\/strong>: this paying directory of c-store suppliers, whether they are food manufacturers, equipment builders or service providers.<\/span><\/span><\/li>\n<\/ul>\n<p><span id=\"result_box\" class=\"\" lang=\"en\" tabindex=\"-1\"><span title=\"Les articles contenus dans DepQu\u00e9bec peuvent recevoir vos commentaires (sujets \u00e0 mod\u00e9ration), tout comme les commerces pr\u00e9sent\u00e9s dans les fiches de d\u00e9panneurs.\">The articles contained in <strong>DepQuebec<\/strong> can receive your comments (subject to\u00a0moderation), and the same goes for convenience store listings. Each store\u00a0<\/span><span title=\"Ces derniers peuvent aussi \u00eatre not\u00e9s selon une \u00e9chelle comportant cinq \u00e9toiles.\">can also be rated on a five-star scale. <\/span><span title=\"Pour laisser un commentaire, vous n'avez qu'\u00e0 inscrire votre nom et courriel et suivre les instructions. \">To leave a comment, simply enter your name and email and follow the instructions.<\/span><\/span><\/p>\n<p><span id=\"result_box\" class=\"\" lang=\"en\" tabindex=\"-1\"><span title=\"Bonne lecture! \">Good reading!<\/span><\/span><\/p>\n<p>&nbsp;<\/p>\n<p><strong><span title=\"L'\u00e9quipe de DepQu\u00e9bec \">The DepQu\u00e9bec team<\/span><\/strong><\/p>\n<p>&nbsp;<\/p>\n<p><span title=\"PS : Nous vous invitons \u00e0 prendre connaissance des Termes et conditions d'utilisation se rattachant au site DepQu\u00e9bec ainsi que de la D\u00e9claration de confidentialit\u00e9.\">PS: Feel free to read the <a href=\"\/wordpress?page_id=58262&amp;customize_changeset_uuid=a0ad2ae8-a26f-4b64-ab4b-912e98998b6e&amp;customize_messenger_channel=preview-0\">Terms and Conditions<\/a> associated to the DepQuebec site as well as its <a href=\"\/wordpress?page_id=58263&amp;customize_changeset_uuid=a0ad2ae8-a26f-4b64-ab4b-912e98998b6e&amp;customize_messenger_channel=preview-0\">Declaration of Confidentiality<\/a>. Those two sections can be accessed on this page or through links located in\u00a0<\/span><span title=\"Des hyperliens donnant acc\u00e8s \u00e0 ces deux sujets se trouvent \u00e9galement en bas de la page frontispice du site.\">the footer of the site&#8217;s front page.<\/span><\/p>\n","protected":false},"excerpt":{"rendered":"<p>Welcome to DepQuebec, the first web portal in Quebec totally dedicated to its convenience store industry, generally referred as the<\/p>\n","protected":false},"author":9,"featured_media":0,"parent":0,"menu_order":1,"comment_status":"closed","ping_status":"closed","template":"","meta":{"footnotes":""},"class_list":["post-58140","page","type-page","status-publish","hentry"],"aioseo_notices":[],"jetpack_sharing_enabled":true,"_links":{"self":[{"href":"https:\/\/depquebec.com\/en\/wp-json\/wp\/v2\/pages\/58140","targetHints":{"allow":["GET"]}}],"collection":[{"href":"https:\/\/depquebec.com\/en\/wp-json\/wp\/v2\/pages"}],"about":[{"href":"https:\/\/depquebec.com\/en\/wp-json\/wp\/v2\/types\/page"}],"author":[{"embeddable":true,"href":"https:\/\/depquebec.com\/en\/wp-json\/wp\/v2\/users\/9"}],"replies":[{"embeddable":true,"href":"https:\/\/depquebec.com\/en\/wp-json\/wp\/v2\/comments?post=58140"}],"version-history":[{"count":0,"href":"https:\/\/depquebec.com\/en\/wp-json\/wp\/v2\/pages\/58140\/revisions"}],"wp:attachment":[{"href":"https:\/\/depquebec.com\/en\/wp-json\/wp\/v2\/media?parent=58140"}],"curies":[{"name":"wp","href":"https:\/\/api.w.org\/{rel}","templated":true}]}}