{"id":120373,"date":"2018-07-11T20:28:21","date_gmt":"2018-07-12T00:28:21","guid":{"rendered":"https:\/\/depquebec.com\/?page_id=120373"},"modified":"2018-07-11T20:28:21","modified_gmt":"2018-07-12T00:28:21","slug":"sonic","status":"publish","type":"page","link":"https:\/\/depquebec.com\/en\/list-of-gas-brands\/sonic\/","title":{"rendered":"Sonic"},"content":{"rendered":"<p><a href=\"\/wordpress?p=1580\" rel=\"attachment wp-att-1580\"><img decoding=\"async\" class=\"size-medium wp-image-1580 alignright\" src=\"https:\/\/depquebec.com\/wp-content\/uploads\/2016\/12\/z015.jpg\" alt=\"\" width=\"400\" height=\"300\" srcset=\"https:\/\/depquebec.com\/wp-content\/uploads\/2016\/12\/z015.jpg 800w, https:\/\/depquebec.com\/wp-content\/uploads\/2016\/12\/z015-600x450.jpg 600w, https:\/\/depquebec.com\/wp-content\/uploads\/2016\/12\/z015-400x300.jpg 400w, https:\/\/depquebec.com\/wp-content\/uploads\/2016\/12\/z015-768x576.jpg 768w\" sizes=\"(max-width: 400px) 100vw, 400px\" \/><\/a><\/p>\n<p>The <strong>Sonic\u00a0<\/strong>brand of gasoline originated from <a href=\"http:\/\/www.sonic.coop\/\" target=\"_blank\"><strong>Sonic<\/strong><\/a>, a division of\u00a0<a href=\"http:\/\/web.lacoop.coop\/en\/\" target=\"_blank\"><strong>La Coop F\u00e9d\u00e9r\u00e9e<\/strong><\/a>. Founded in 1958, it distributes over 900 million liters of energy products\u00a0annually (gasoline, propane, diesel, heating oil, lubricants, DEF and forest biomass) and supplies 152 gas stations in Quebec.<\/p>\n<p>It also operates 21 self-service depots and sites for trucks. It also provides sales, installation and maintenance services of heating and storage equipment.<\/p>\n<p>According to the company,<strong> <a href=\"http:\/\/www.sonic.coop\/\" target=\"_blank\">Sonic<\/a>&#8216;s<\/strong> gasoline\u00a0meets the rigors of the seasons and all government standards in force. <strong>Regular<\/strong> gasoline can contain up to 10% ethanol, thus meeting the criteria of major automotive manufacturers and ensuring superior cleaning of injectors and allowing improved performance. <strong>Super<\/strong> gasoline does not contain ethanol but has an octane rating of 91 which is ideal for sports cars, luxury cars and small engines such as saws, mowers and 2-stroke engines.<\/p>\n<p><strong><a href=\"http:\/\/www.sonic.coop\/\" target=\"_blank\">Sonic<\/a>\u00a0<\/strong>service stations offer four types of unleaded gasoline:<\/p>\n<ul>\n<li>Regular, having a minimum octane rating of 87;<\/li>\n<li>Lead-free plus, with an octane rating of 89;<\/li>\n<li>super, with an octane rating of 91;<\/li>\n<li>Ethanol, with an octane rating\u00a0ranging between 88 and 89.<\/li>\n<\/ul>\n<h4>Type of Franchising<\/h4>\n<p><strong><a href=\"http:\/\/www.sonic.coop\/\" target=\"_blank\">Sonic<\/a>\u00a0<\/strong>gasoline is available in an affiliated mode based on a supply agreement or a franchise coming with a whole range of marketing, administrative and other tools and support programs.<\/p>\n<h4>Gas Brand Network<\/h4>\n\n<table id=\"tablepress-252\" class=\"tablepress tablepress-id-252\">\n<thead>\n<tr class=\"row-1\">\n\t<th class=\"column-1\">Name:<\/th><th class=\"column-2\">Sonic<\/th>\n<\/tr>\n<\/thead>\n<tbody class=\"row-striping row-hover\">\n<tr class=\"row-2\">\n\t<td class=\"column-1\"><a href=\"https:\/\/depquebec.com\/en\/ranking\/gas-brand-ranking\/\">Ranking (gas brands):<\/a><\/td><td class=\"column-2\">5th of 19<\/td>\n<\/tr>\n<tr class=\"row-3\">\n\t<td class=\"column-1\">Number of gas stations:<\/td><td class=\"column-2\">141<\/td>\n<\/tr>\n<tr class=\"row-4\">\n\t<td class=\"column-1\">Description:<\/td><td class=\"column-2\">Quebec original fuel brand<\/td>\n<\/tr>\n<tr class=\"row-5\">\n\t<td class=\"column-1\">Franchisor:<\/td><td class=\"column-2\"><a href=\"https:\/\/depquebec.com\/profils-de-detaillants\/filgo-2\/\">Groupe Filgo-Sonic<\/a><\/td>\n<\/tr>\n<tr class=\"row-6\">\n\t<td class=\"column-1\">Business Model:<\/td><td class=\"column-2\"><a href=\"https:\/\/depquebec.com\/en\/about-depquebec\/terminology\/\">Type C) Store franchisee<\/a><br \/>\n<a href=\"https:\/\/depquebec.com\/en\/about-depquebec\/terminology\/\">Type D) Affiliated independent store (banner)<\/a><br \/>\n<\/td>\n<\/tr>\n<tr class=\"row-7\">\n\t<td class=\"column-1\">Website:<\/td><td class=\"column-2\"><a href=\"http:\/\/www.sonic.coop\/fr\/produits\/essence\" target=\"_blank\">Essence Sonic<\/a><\/td>\n<\/tr>\n<\/tbody>\n<\/table>\n<!-- #tablepress-252 from cache -->\n","protected":false},"excerpt":{"rendered":"<p>The Sonic\u00a0brand of gasoline originated from Sonic, a division of\u00a0La Coop F\u00e9d\u00e9r\u00e9e. Founded in 1958, it distributes over 900 million<\/p>\n","protected":false},"author":13,"featured_media":0,"parent":120319,"menu_order":20,"comment_status":"closed","ping_status":"closed","template":"","meta":{"footnotes":""},"class_list":["post-120373","page","type-page","status-publish","hentry"],"aioseo_notices":[],"jetpack_sharing_enabled":true,"_links":{"self":[{"href":"https:\/\/depquebec.com\/en\/wp-json\/wp\/v2\/pages\/120373","targetHints":{"allow":["GET"]}}],"collection":[{"href":"https:\/\/depquebec.com\/en\/wp-json\/wp\/v2\/pages"}],"about":[{"href":"https:\/\/depquebec.com\/en\/wp-json\/wp\/v2\/types\/page"}],"author":[{"embeddable":true,"href":"https:\/\/depquebec.com\/en\/wp-json\/wp\/v2\/users\/13"}],"replies":[{"embeddable":true,"href":"https:\/\/depquebec.com\/en\/wp-json\/wp\/v2\/comments?post=120373"}],"version-history":[{"count":0,"href":"https:\/\/depquebec.com\/en\/wp-json\/wp\/v2\/pages\/120373\/revisions"}],"up":[{"embeddable":true,"href":"https:\/\/depquebec.com\/en\/wp-json\/wp\/v2\/pages\/120319"}],"wp:attachment":[{"href":"https:\/\/depquebec.com\/en\/wp-json\/wp\/v2\/media?parent=120373"}],"curies":[{"name":"wp","href":"https:\/\/api.w.org\/{rel}","templated":true}]}}