{"id":120361,"date":"2018-07-11T20:09:54","date_gmt":"2018-07-12T00:09:54","guid":{"rendered":"https:\/\/depquebec.com\/?page_id=120361"},"modified":"2018-07-11T20:11:19","modified_gmt":"2018-07-12T00:11:19","slug":"service-and-servi-express","status":"publish","type":"page","link":"https:\/\/depquebec.com\/en\/list-of-banners\/service-and-servi-express\/","title":{"rendered":"Service and Servi Express"},"content":{"rendered":"<p class=\"intro\"><a href=\"\/wordpress?p=1412\" rel=\"attachment wp-att-1412\"><img decoding=\"async\" class=\"size-medium wp-image-1412 alignright\" src=\"https:\/\/depquebec.com\/wp-content\/uploads\/2017\/01\/o006.jpg\" alt=\"\" width=\"267\" height=\"200\" srcset=\"https:\/\/depquebec.com\/wp-content\/uploads\/2017\/01\/o006.jpg 600w, https:\/\/depquebec.com\/wp-content\/uploads\/2017\/01\/o006-267x200.jpg 267w\" sizes=\"(max-width: 267px) 100vw, 267px\" \/><\/a> <a href=\"\/wordpress?p=1413\" rel=\"attachment wp-att-1413\"><img decoding=\"async\" class=\"size-medium wp-image-1413 alignright\" src=\"https:\/\/depquebec.com\/wp-content\/uploads\/2017\/01\/o007.jpg\" alt=\"\" width=\"267\" height=\"200\" srcset=\"https:\/\/depquebec.com\/wp-content\/uploads\/2017\/01\/o007.jpg 400w, https:\/\/depquebec.com\/wp-content\/uploads\/2017\/01\/o007-267x200.jpg 267w\" sizes=\"(max-width: 267px) 100vw, 267px\" \/><\/a><\/p>\n<div class=\"brand metro_plus\">\n<div class=\"grid_moit\">\n<p><span id=\"result_box\" class=\"\" lang=\"en\" tabindex=\"-1\"><span title=\"Exploit\u00e9e par le g\u00e9ant alimentaire Metro, les banni\u00e8res Service et Servi Express forment avec GEM un concept de march\u00e9s de d\u00e9panneurs ind\u00e9pendants offrant un service d'\u00e9picerie adapt\u00e9 aux exigences particuli\u00e8res de la client\u00e8le.\">Owned by food giant <a href=\"https:\/\/depquebec.com\/en\/chain-profiles\/metro\/\"><strong>Metro<\/strong><\/a>, <strong>Service <\/strong>and<strong> Servi Express<\/strong> banners bring together independent c-store owners offering a\u00a0customized grocery service adapted to the specific needs of their customers. Both banners\u00a0believe flexibility is key to better\u00a0<\/span><span title=\"Il s'agit d'un concept de banni\u00e8res flexibles qui correspond aux besoins d'exploitation du marchand.\">meet every retailer&#8217;s needs. <\/span><span title=\"Dans certains magasins, on peut retrouver des services de boulangerie, de charcuteries, de p\u00e2tisseries, de plats cuisin\u00e9s, de fruits et l\u00e9gumes et des produits surgel\u00e9s.\">In some stores, the offering will include bakery, delicatessen items, pastries, prepared meals, fruit and vegetables and frozen products. <\/span><span title=\"Avec GEM, on en compte pr\u00e8s de 430 au Qu\u00e9bec. \">With <a href=\"https:\/\/depquebec.com\/en\/banner-profiles\/gem\/\"><strong>GEM<\/strong><\/a>, there are nearly 430 in Quebec according to <a href=\"https:\/\/depquebec.com\/en\/chain-profiles\/metro\/\"><strong>Metro<\/strong><\/a>.<\/span><\/span><\/p>\n<h4><span title=\"Mode de franchisage \">Type of Franchise<\/span><\/h4>\n<p><span title=\"L'adh\u00e9sion \u00e0 l'une des deux banni\u00e8res repose essentiellement sur une entente d'approvisionnement de sorte que le marchand demeure totalement ind\u00e9pendant quant \u00e0 son marchandisage, marketing, op\u00e9rations et autres.\">Membership in one of the two banners is essentially based on a supply agreement so that the retailer remains totally independent in merchandising, marketing, operations and others. <\/span><span title=\"Et comme ceux qui arborent la banni\u00e8re GEM, les d\u00e9taillants March\u00e9 Extra!\">And like those who post the <strong><a href=\"https:\/\/depquebec.com\/en\/banner-profiles\/gem\/\">GEM<\/a>\u00a0<\/strong>banner, <a href=\"\/wordpress?page_id=1404\"><strong>March\u00e9 Extra!<\/strong><\/a>\u00a0and\u00a0<strong><a href=\"https:\/\/depquebec.com\/en\/banner-profiles\/marche-ami\/\">March\u00e9 Ami<\/a><\/strong><\/span><span title=\"et March\u00e9 Ami sont approvisionn\u00e9s pour la plupart par l'entrep\u00f4t Metro de St-Jean-Port-Joli, ce qui renforce leur pr\u00e9sence dans les r\u00e9gions limitrophes telles que le Bas-St-Laurent, Chaudi\u00e8re-Appalaches et la Capitale-Nationale.\">\u00a0are mostly supplied by the <strong><a href=\"https:\/\/depquebec.com\/en\/chain-profiles\/metro\/\">Metro<\/a>\u00a0<\/strong>warehouse in St-Jean-Port-Joli, which strengthens their presence in neighboring regions such as Bas-St-Laurent, Chaudi\u00e8re-Appalaches and the Capitale-Nationale.<\/span><\/p>\n<h4>Banner Profile<\/h4>\n<\/div>\n<\/div>\n\n<table id=\"tablepress-228\" class=\"tablepress tablepress-id-228\">\n<thead>\n<tr class=\"row-1\">\n\t<th class=\"column-1\">Names:<\/th><th class=\"column-2\">Servi-Express and Service<\/th>\n<\/tr>\n<\/thead>\n<tbody class=\"row-striping row-hover\">\n<tr class=\"row-2\">\n\t<td class=\"column-1\"><a href=\"https:\/\/depquebec.com\/en\/ranking\/banner-ranking\/\">Ranking (banners):<\/a><\/td><td class=\"column-2\">Servi-Express: 10th of 63<br \/>\nService: 37th of 63<\/td>\n<\/tr>\n<tr class=\"row-3\">\n\t<td class=\"column-1\">Number of stores:<\/td><td class=\"column-2\">106 Servi-Express<br \/>\n29 Service<\/td>\n<\/tr>\n<tr class=\"row-4\">\n\t<td class=\"column-1\">Description:<\/td><td class=\"column-2\">Banner of independent convenience stores<\/td>\n<\/tr>\n<tr class=\"row-5\">\n\t<td class=\"column-1\">Franchisor:<\/td><td class=\"column-2\"><a href=\"https:\/\/depquebec.com\/en\/chain-profiles\/metro\/\">Metro<\/a><\/td>\n<\/tr>\n<tr class=\"row-6\">\n\t<td class=\"column-1\">Type of Franchise:<\/td><td class=\"column-2\"><a href=\"https:\/\/depquebec.com\/en\/a-propos-de-depquebec\/terminology\/\">Type D) Affiliated independent store (banner)<\/a><\/td>\n<\/tr>\n<tr class=\"row-7\">\n\t<td class=\"column-1\">Head Office:<\/td><td class=\"column-2\">Montreal<\/td>\n<\/tr>\n<\/tbody>\n<\/table>\n<!-- #tablepress-228 from cache -->\n","protected":false},"excerpt":{"rendered":"<p>Owned by food giant Metro, Service and Servi Express banners bring together independent c-store owners offering a\u00a0customized grocery service adapted<\/p>\n","protected":false},"author":13,"featured_media":0,"parent":120317,"menu_order":38,"comment_status":"closed","ping_status":"closed","template":"","meta":{"footnotes":""},"class_list":["post-120361","page","type-page","status-publish","hentry"],"aioseo_notices":[],"jetpack_sharing_enabled":true,"_links":{"self":[{"href":"https:\/\/depquebec.com\/en\/wp-json\/wp\/v2\/pages\/120361","targetHints":{"allow":["GET"]}}],"collection":[{"href":"https:\/\/depquebec.com\/en\/wp-json\/wp\/v2\/pages"}],"about":[{"href":"https:\/\/depquebec.com\/en\/wp-json\/wp\/v2\/types\/page"}],"author":[{"embeddable":true,"href":"https:\/\/depquebec.com\/en\/wp-json\/wp\/v2\/users\/13"}],"replies":[{"embeddable":true,"href":"https:\/\/depquebec.com\/en\/wp-json\/wp\/v2\/comments?post=120361"}],"version-history":[{"count":0,"href":"https:\/\/depquebec.com\/en\/wp-json\/wp\/v2\/pages\/120361\/revisions"}],"up":[{"embeddable":true,"href":"https:\/\/depquebec.com\/en\/wp-json\/wp\/v2\/pages\/120317"}],"wp:attachment":[{"href":"https:\/\/depquebec.com\/en\/wp-json\/wp\/v2\/media?parent=120361"}],"curies":[{"name":"wp","href":"https:\/\/api.w.org\/{rel}","templated":true}]}}