{"id":120358,"date":"2018-07-11T20:01:49","date_gmt":"2018-07-12T00:01:49","guid":{"rendered":"https:\/\/depquebec.com\/?page_id=120358"},"modified":"2018-07-12T13:41:18","modified_gmt":"2018-07-12T17:41:18","slug":"provigo-and-provigo-le-marche","status":"publish","type":"page","link":"https:\/\/depquebec.com\/en\/list-of-banners\/provigo-and-provigo-le-marche\/","title":{"rendered":"Provigo and Provigo Le March\u00e9"},"content":{"rendered":"<p><strong> <a href=\"http:\/\/www.provigo.ca\/fr_CA\/home.html\" rel=\"attachment wp-att-1440\"><img decoding=\"async\" class=\"alignright wp-image-1440 size-medium\" src=\"https:\/\/depquebec.com\/wp-content\/uploads\/2017\/01\/m005.jpg\" width=\"267\" height=\"200\" srcset=\"https:\/\/depquebec.com\/wp-content\/uploads\/2017\/01\/m005.jpg 800w, https:\/\/depquebec.com\/wp-content\/uploads\/2017\/01\/m005-600x450.jpg 600w, https:\/\/depquebec.com\/wp-content\/uploads\/2017\/01\/m005-267x200.jpg 267w, https:\/\/depquebec.com\/wp-content\/uploads\/2017\/01\/m005-768x576.jpg 768w\" sizes=\"(max-width: 267px) 100vw, 267px\" \/><\/a> <a href=\"http:\/\/www.provigo.ca\/fr_CA\/home.html\" rel=\"attachment wp-att-1441\"><img decoding=\"async\" class=\"alignright wp-image-1441 size-medium\" src=\"https:\/\/depquebec.com\/wp-content\/uploads\/2017\/01\/m005b.jpg\" width=\"267\" height=\"200\" srcset=\"https:\/\/depquebec.com\/wp-content\/uploads\/2017\/01\/m005b.jpg 400w, https:\/\/depquebec.com\/wp-content\/uploads\/2017\/01\/m005b-267x200.jpg 267w\" sizes=\"(max-width: 267px) 100vw, 267px\" \/><\/a><\/strong><\/p>\n<p><span id=\"result_box\" class=\"\" lang=\"en\" tabindex=\"-1\"><span title=\"Provigo et Provigo Le March\u00e9 sont les deux grandes banni\u00e8res de supermarch\u00e9 de Loblaw au Qu\u00e9bec, la troisi\u00e8me \u00e9tant la banni\u00e8re de march\u00e9 d'escompte Maxi. \"><strong><a href=\"http:\/\/www.provigo.ca\/fr_CA\/home.html\" target=\"_blank\" rel=\"noopener\">Provigo<\/a><\/strong>\u00a0and\u00a0<strong><a href=\"http:\/\/www.provigo.ca\/fr_CA\/home.html\" target=\"_blank\" rel=\"noopener\">Provigo Le March\u00e9<\/a><\/strong>\u00a0represent the two major <strong><a href=\"https:\/\/depquebec.com\/en\/chain-profiles\/loblaw\/\">Loblaw<\/a>\u00a0<\/strong>supermarket banners in Quebec, the others being discount supermarkets\u00a0<strong><a href=\"https:\/\/depquebec.com\/en\/banner-profiles\/maxi-and-maxi-cie\/\">Maxi<\/a>\u00a0<\/strong>and<strong> <a href=\"https:\/\/depquebec.com\/en\/banner-profiles\/maxi-and-maxi-cie\/\">Maxi &amp; Cie<\/a><\/strong>.<\/span><\/span><\/p>\n<p><span title=\"L'acquisition du fleuron qu\u00e9b\u00e9cois Provigo dans les ann\u00e9es 1990 par la torontoise Loblaw a donn\u00e9 lieu \u00e0 plusieurs moutures et valses-h\u00e9sitations dont l'apparition des supermarch\u00e9s Loblaws au Qu\u00e9bec dans les ann\u00e9es 2000, au d\u00e9triment du d\u00e9veloppement de la banni\u00e8re Provigo.\">The acquisition of Quebec&#8217;s <strong><a href=\"http:\/\/www.provigo.ca\/fr_CA\/home.html\" target=\"_blank\" rel=\"noopener\">Provigo<\/a><\/strong>\u00a0in the 1990s by Toronto-based <strong><a href=\"https:\/\/depquebec.com\/en\/chain-profiles\/loblaw\/\">Loblaw<\/a>\u00a0<\/strong>led to\u00a0some marketing hesitations\u00a0and back-and-forth decisions over the next two decades. At the beginning, the food giant decided to install\u00a0the\u00a0<a href=\"https:\/\/depquebec.com\/en\/chain-profiles\/loblaw\/\"><strong>Loblaws<\/strong><\/a>\u00a0brand in Quebec and leave <strong><a href=\"http:\/\/www.provigo.ca\/fr_CA\/home.html\" target=\"_blank\" rel=\"noopener\">Provigo<\/a><\/strong>\u00a0on the side. <\/span><span title=\"Apr\u00e8s plusieurs ann\u00e9es toutefois, Loblaw faisait marche arri\u00e8re et d\u00e9cidait en 2015 de miser r\u00e9solument sur la marque Provigo, qui d\u00e9tient un capital de notori\u00e9t\u00e9 important et un enracinement bien qu\u00e9b\u00e9cois (Source : La Presse). \">After several years of rebranding <strong><a href=\"http:\/\/www.provigo.ca\/fr_CA\/home.html\" target=\"_blank\" rel=\"noopener\">Provigo<\/a>\u00a0<\/strong>stores to the <strong><a href=\"https:\/\/depquebec.com\/en\/chain-profiles\/loblaw\/\">Loblaws<\/a>\u00a0<\/strong>\u00a0colors at great costs, <strong><a href=\"https:\/\/depquebec.com\/en\/chain-profiles\/loblaw\/\">Loblaw<\/a>\u00a0<\/strong>realized its mistake,\u00a0backtracked and, in 2015, replaced all <strong><a href=\"https:\/\/depquebec.com\/en\/chain-profiles\/loblaw\/\">Loblaws<\/a>\u00a0<\/strong>logos for <strong><a href=\"http:\/\/www.provigo.ca\/fr_CA\/home.html\" target=\"_blank\" rel=\"noopener\">Provigo<\/a><\/strong>, a brand that still enjoys\u00a0a significant\u00a0equity and a positive image in Quebec (Source: <a href=\"http:\/\/affaires.lapresse.ca\/economie\/commerce-de-detail\/201510\/20\/01-4912143-lenseigne-loblaws-disparait-du-quebec.php\" target=\"_blank\" rel=\"noopener\">La Presse<\/a>).<\/span><\/p>\n<p><span title=\"En juillet 2013, Loblaw a pr\u00e9sent\u00e9 son nouveau concept Provigo Le March\u00e9 en utilisant le \u00ab L \u00bb stylis\u00e9 de Loblaws.\">In July 2013, <strong><a href=\"https:\/\/depquebec.com\/en\/chain-profiles\/loblaw\/\">Loblaw<\/a>\u00a0<\/strong>introduced\u00a0<a href=\"http:\/\/www.provigo.ca\/fr_CA\/home.html\" target=\"_blank\" rel=\"noopener\"><b>Provigo Le March\u00e9<\/b><\/a> using the stylized &#8220;L&#8221; of Loblaws. <\/span><span title=\"Ces magasins occupent le cr\u00e9neau des hypermarch\u00e9s de type Metro Plus et IGA Extra.\">These stores occupy the same hypermarket niche as <a href=\"https:\/\/depquebec.com\/en\/banner-profiles\/metro-and-metro-plus\/\"><strong>Metro Plus<\/strong><\/a>\u00a0and\u00a0<a href=\"https:\/\/depquebec.com\/en\/banner-profiles\/iga-igaextra\/\"><strong>IGA Extra<\/strong><\/a>. <\/span><span title=\"Les premiers Provigo Le March\u00e9 ont ouvert leurs portes en 2013 et on en compte plus d'une dizaine d'aujourd'hui. \">The first <strong><a href=\"http:\/\/www.provigo.ca\/fr_CA\/home.html\" target=\"_blank\" rel=\"noopener\">Provigo Le March\u00e9<\/a><\/strong>\u00a0opened its doors in 2013 and there are more than a dozen of them today.<\/span><\/p>\n<p><span title=\"On retrouve dans chacune des succursales plusieurs produits novateurs dont du b\u0153uf vieilli, un bar \u00e0 jus fra\u00eechement press\u00e9s chaque matin, un bar \u00e0 salade, des sushis pr\u00e9par\u00e9s sur demande et une vaste s\u00e9lection de produits d\u2019\u00e9picerie d\u2019origine ethnique vari\u00e9e.\">There are a number of innovative products in each of these hypermarkets including aged beef, juice bar freshly squeezed each morning, salad bar, sushi ready on demand and a wide choice of grocery products of various ethnic origins. <\/span><span title=\"La section des fromage propose pas moins de 400 fromages dont 300 du Qu\u00e9bec, \u00e0 proximit\u00e9 d'une impressionnante s\u00e9lection de prosciutto import\u00e9 et de p\u00e2t\u00e9s et terrines d'ici. \">The cheese section offers no fewer than 400 cheeses, including 300 from Quebec, an impressive choice of imported prosciutto as well as local\u00a0p\u00e2t\u00e9s and terrines.<\/span><\/p>\n<p><span title=\"Avec une centaine supermarch\u00e9s Provigo et Provigo Le March\u00e9, la banni\u00e8re est en train de retrouver sa place de choix sur le march\u00e9 qu\u00e9b\u00e9cois.\">With a hundred <strong><a href=\"http:\/\/www.provigo.ca\/fr_CA\/home.html\" target=\"_blank\" rel=\"noopener\">Provigo<\/a><\/strong>\u00a0and <strong><a href=\"http:\/\/www.provigo.ca\/fr_CA\/home.html\" target=\"_blank\" rel=\"noopener\">Provigo Le March\u00e9<\/a><\/strong>\u00a0supermarkets, the banner is carving a place of choice on the Quebec market. <\/span><span title=\"De plus, elle compte parmi ses atouts l'excellente marque maison &quot;Le Choix du Pr\u00e9sident&quot; qui pr\u00e9sente un excellent rapport qualit\u00e9-prix. \">In addition, it can rely on the excellent <strong>&#8220;President&#8217;s Choice&#8221;<\/strong> house brand\u00a0which offers great value and quality.<\/span><\/p>\n<h4><\/h4>\n<h4><span title=\"Magasins corporatifs principalement \">Type of Franchise<\/span><\/h4>\n<p><span title=\"Contrairement \u00e0 Sobeys et Metro, Loblaw se fie davantage au mod\u00e8le de gestion de magasins corporatifs plut\u00f4t que de s'en remettre \u00e0 des marchands ind\u00e9pendants.\">Unlike <strong><a href=\"https:\/\/depquebec.com\/en\/chain-profiles\/sobeys-quebec\/\">Sobeys<\/a>\u00a0<\/strong>and\u00a0<strong><a href=\"https:\/\/depquebec.com\/en\/chain-profiles\/metro\/\">Metro<\/a><\/strong>, <strong><a href=\"https:\/\/depquebec.com\/en\/chain-profiles\/loblaw\/\">Loblaw<\/a>\u00a0<\/strong>relies less on independant retailers and more on the corporate store management model. <\/span><span title=\"Ainsi, les Provigo, Maxi et cie sont exploit\u00e9s en g\u00e9n\u00e9ral par des g\u00e9rants salari\u00e9s qui ne sont pas propri\u00e9taire du fonds de commerce.\">Thus, the <strong><a href=\"http:\/\/www.provigo.ca\/fr_CA\/home.html\" target=\"_blank\" rel=\"noopener\">Provigo<\/a><\/strong>, <strong><a href=\"https:\/\/depquebec.com\/en\/banner-profiles\/maxi-and-maxi-cie\/\">Maxi<\/a>\u00a0<\/strong>and others\u00a0are generally operated by <strong><a href=\"https:\/\/depquebec.com\/en\/chain-profiles\/loblaw\/\">Loblaw<\/a>\u00a0<\/strong>managers\u00a0who do not own the goods they sell.<\/span><\/p>\n<p>&nbsp;<\/p>\n<h4>Banner Profile<\/h4>\n\n<table id=\"tablepress-223\" class=\"tablepress tablepress-id-223\">\n<thead>\n<tr class=\"row-1\">\n\t<th class=\"column-1\">Names:<\/th><th class=\"column-2\">Provigo et Provigo Le March\u00e9<\/th>\n<\/tr>\n<\/thead>\n<tbody class=\"row-striping row-hover\">\n<tr class=\"row-2\">\n\t<td class=\"column-1\"><a href=\"https:\/\/depquebec.com\/en\/ranking\/banner-ranking\/\">Ranking (banners):<\/a><\/td><td class=\"column-2\">Provigo: 23th of 63 <br \/>\nProvigo Le March\u00e9: 48th of 63<\/td>\n<\/tr>\n<tr class=\"row-3\">\n\t<td class=\"column-1\">Number of stores:<\/td><td class=\"column-2\">75 Provigo<br \/>\n12 Provigo Le March\u00e9<\/td>\n<\/tr>\n<tr class=\"row-4\">\n\t<td class=\"column-1\">Franchisor:<\/td><td class=\"column-2\"><a href=\"https:\/\/depquebec.com\/en\/chain-profiles\/loblaw\/\">Loblaw<\/a><\/td>\n<\/tr>\n<tr class=\"row-5\">\n\t<td class=\"column-1\">Description:<\/td><td class=\"column-2\">Supermarket banner<\/td>\n<\/tr>\n<tr class=\"row-6\">\n\t<td class=\"column-1\">Type of Franchise:<\/td><td class=\"column-2\"><a href=\"https:\/\/depquebec.com\/en\/a-propos-de-depquebec\/terminology\/\">Type A) Company-operated store \/ employee-operated<\/a><\/td>\n<\/tr>\n<tr class=\"row-7\">\n\t<td class=\"column-1\">Website:<\/td><td class=\"column-2\"><a href=\"http:\/\/www.provigo.ca\/fr_CA\/home.html\" target=\"_blank\">Provigo et Provigo Le March\u00e9<\/a><\/td>\n<\/tr>\n<\/tbody>\n<\/table>\n<!-- #tablepress-223 from cache -->\n","protected":false},"excerpt":{"rendered":"<p>Provigo\u00a0and\u00a0Provigo Le March\u00e9\u00a0represent the two major Loblaw\u00a0supermarket banners in Quebec, the others being discount supermarkets\u00a0Maxi\u00a0and Maxi &amp; Cie. The acquisition<\/p>\n","protected":false},"author":13,"featured_media":0,"parent":120317,"menu_order":31,"comment_status":"closed","ping_status":"closed","template":"","meta":{"footnotes":""},"class_list":["post-120358","page","type-page","status-publish","hentry"],"aioseo_notices":[],"jetpack_sharing_enabled":true,"_links":{"self":[{"href":"https:\/\/depquebec.com\/en\/wp-json\/wp\/v2\/pages\/120358","targetHints":{"allow":["GET"]}}],"collection":[{"href":"https:\/\/depquebec.com\/en\/wp-json\/wp\/v2\/pages"}],"about":[{"href":"https:\/\/depquebec.com\/en\/wp-json\/wp\/v2\/types\/page"}],"author":[{"embeddable":true,"href":"https:\/\/depquebec.com\/en\/wp-json\/wp\/v2\/users\/13"}],"replies":[{"embeddable":true,"href":"https:\/\/depquebec.com\/en\/wp-json\/wp\/v2\/comments?post=120358"}],"version-history":[{"count":0,"href":"https:\/\/depquebec.com\/en\/wp-json\/wp\/v2\/pages\/120358\/revisions"}],"up":[{"embeddable":true,"href":"https:\/\/depquebec.com\/en\/wp-json\/wp\/v2\/pages\/120317"}],"wp:attachment":[{"href":"https:\/\/depquebec.com\/en\/wp-json\/wp\/v2\/media?parent=120358"}],"curies":[{"name":"wp","href":"https:\/\/api.w.org\/{rel}","templated":true}]}}