{"id":120343,"date":"2018-07-11T19:34:44","date_gmt":"2018-07-11T23:34:44","guid":{"rendered":"https:\/\/depquebec.com\/?page_id=120343"},"modified":"2018-07-14T08:30:14","modified_gmt":"2018-07-14T12:30:14","slug":"iga-and-iga-extra","status":"publish","type":"page","link":"https:\/\/depquebec.com\/en\/list-of-banners\/iga-and-iga-extra\/","title":{"rendered":"IGA and IGA Extra"},"content":{"rendered":"<p><strong> <a href=\"https:\/\/www.iga.net\/fr\" rel=\"attachment wp-att-1434\"><img decoding=\"async\" class=\"alignright wp-image-1434 size-medium\" src=\"https:\/\/depquebec.com\/wp-content\/uploads\/2017\/01\/t002.jpg\" width=\"267\" height=\"200\" srcset=\"https:\/\/depquebec.com\/wp-content\/uploads\/2017\/01\/t002.jpg 400w, https:\/\/depquebec.com\/wp-content\/uploads\/2017\/01\/t002-267x200.jpg 267w\" sizes=\"(max-width: 267px) 100vw, 267px\" \/><\/a> <a href=\"https:\/\/www.iga.net\/fr\" rel=\"attachment wp-att-1435\"><img decoding=\"async\" class=\"alignright wp-image-1435 size-medium\" src=\"https:\/\/depquebec.com\/wp-content\/uploads\/2017\/01\/t003c.jpg\" width=\"267\" height=\"200\" srcset=\"https:\/\/depquebec.com\/wp-content\/uploads\/2017\/01\/t003c.jpg 800w, https:\/\/depquebec.com\/wp-content\/uploads\/2017\/01\/t003c-600x450.jpg 600w, https:\/\/depquebec.com\/wp-content\/uploads\/2017\/01\/t003c-267x200.jpg 267w, https:\/\/depquebec.com\/wp-content\/uploads\/2017\/01\/t003c-768x576.jpg 768w\" sizes=\"(max-width: 267px) 100vw, 267px\" \/><\/a><\/strong><\/p>\n<p><span id=\"result_box\" class=\"\" lang=\"en\" tabindex=\"-1\"><span title=\"IGA et IGA Extra sont les deux grandes banni\u00e8res \u00e9tendards de Sobeys Qu\u00e9bec en terme de supermarch\u00e9 d'alimentation. \"><strong><a href=\"https:\/\/www.iga.net\/fr\" target=\"_blank\" rel=\"noopener\">IGA<\/a>\u00a0<\/strong>and\u00a0<a href=\"https:\/\/www.iga.net\/fr\" target=\"_blank\" rel=\"noopener\"><strong>IGA Extra<\/strong><\/a> are the two major banners of <a href=\"https:\/\/depquebec.com\/en\/chain-profiles\/sobeys-quebec\/\"><strong>Sobeys Qu\u00e9bec<\/strong><\/a>\u00a0in terms of supermarket power.<\/span><\/span><\/p>\n<p><span title=\"D'origine am\u00e9ricaine, IGA est une banni\u00e8re d'une tr\u00e8s grande notori\u00e9t\u00e9 pr\u00e9sente dans une trentaine de pays et enracin\u00e9e au Qu\u00e9bec depuis des d\u00e9cennies.\">Of American origin, <strong><a href=\"https:\/\/www.iga.net\/fr\" target=\"_blank\" rel=\"noopener\">IGA<\/a>\u00a0<\/strong>is a well-known brand currently present in thirty countries and rooted in Quebec for decades. <\/span><span title=\"Elle a \u00e9t\u00e9 fond\u00e9e en mai 1926 par une centaine de d\u00e9taillants ind\u00e9pendants de l'\u00c9tat de New York du Connecticut qui se sont dot\u00e9s ensemble d'un syst\u00e8me de commercialisation unique, de marketing et d'acc\u00e8s \u00e0 une cha\u00eene d'approvisionnement coh\u00e9rente (fait\">It was founded in May 1926 by a hundred independent retailers in the state of New York and Connecticut who have developed a unique concept, marketing and access to a more efficient supply chain (few know also that <strong><a href=\"https:\/\/www.iga.net\/fr\" target=\"_blank\" rel=\"noopener\">IGA<\/a>\u00a0<\/strong><\/span><span title=\"peu connu, IGA est l'acronyme de 'Independant Grocers Alliance').\">stands for Independent Grocers Alliance). <\/span><span title=\"Apr\u00e8s quelques ann\u00e9es, la soci\u00e9t\u00e9 a commenc\u00e9 \u00e0 commercialiser sa propre marque de produits en conserve.\">After a few years, the company began to market its own brand of canned products. <\/span><span title=\"Aujourd'hui, le si\u00e8ge social de la banni\u00e8re se trouve \u00e0 Chicago. \">Today, the head office of the banner resides in Chicago.<\/span><\/p>\n<p><span title=\"Au Qu\u00e9bec, c'est le 1er juin 1953 que Hudon &amp; Orsali obtient d\u2019IGA Chicago l\u2019exclusivit\u00e9 de la banni\u00e8re IGA pour plusieurs r\u00e9gions du Qu\u00e9bec.\">In Quebec, on June 1, 1953, <strong>Hudon &amp; Orsali<\/strong> obtained from <strong><a href=\"https:\/\/www.iga.net\/fr\" target=\"_blank\" rel=\"noopener\">IGA<\/a>\u00a0<\/strong>Chicago the exclusivity of the <strong><a href=\"https:\/\/www.iga.net\/fr\" target=\"_blank\" rel=\"noopener\">IGA<\/a>\u00a0<\/strong>banner for several regions of Quebec. <\/span><span title=\"Cette association arrive \u00e0 un moment o\u00f9 les \u00e9piciers ind\u00e9pendants ressentent le besoin de se regrouper afin de consolider leur pouvoir d\u2019achat et de mise en march\u00e9 face \u00e0 l\u2019arriv\u00e9e des grandes cha\u00eenes corporatives.\">This association came at a time when independent grocers feel the need to regroup in order to consolidate their purchasing power and marketing in the face of the arrival of major corporate chains. <strong><a href=\"https:\/\/www.iga.net\/fr\" target=\"_blank\" rel=\"noopener\">IGA<\/a>\u00a0<\/strong><\/span><span title=\"IGA devient alors le seul regroupement volontaire.\">then became the first voluntary grouping. <\/span><span title=\"En novembre 1953, IGA compte d\u00e9j\u00e0 plus de 50 \u00e9piciers sous sa banni\u00e8re \">In November 1953, <strong><a href=\"https:\/\/www.iga.net\/fr\" target=\"_blank\" rel=\"noopener\">IGA<\/a>\u00a0<\/strong>already had more than 50 grocers under its banner<\/span><\/p>\n<p><span title=\"De nos jours au pays (\u00e0 l'exception de la Colombie-Britannique), IGA est une marque exploit\u00e9e par Sobeys, acquise dans le cadre de son acquisition du Groupe Oshawa Lt\u00e9e, et principalement pr\u00e9sente au Qu\u00e9bec.\">Today in Canada (excluding British Columbia), <strong><a href=\"https:\/\/www.iga.net\/fr\" target=\"_blank\" rel=\"noopener\">IGA<\/a>\u00a0<\/strong>is a trademark owned by <strong><a href=\"https:\/\/depquebec.com\/en\/chain-profiles\/sobeys-quebec\/\">Sobeys<\/a>\u00a0<\/strong>, acquired as part of its acquisition of the <strong>Oshawa Group Ltd<\/strong>., with stores\u00a0mostly based in Quebec. <strong><a href=\"https:\/\/www.iga.net\/fr\" target=\"_blank\" rel=\"noopener\">IGA<\/a><\/strong><\/span><span title=\"Les activit\u00e9s d'IGA dans le Canada atlantique ont \u00e9t\u00e9 vendues \u00e0 Loblaw Companies Limited et restructur\u00e9es sous ses marques existantes.\">&#8216;s operations in Atlantic Canada were sold to <a href=\"https:\/\/depquebec.com\/en\/chain-profiles\/loblaw\/\"><strong>Loblaw<\/strong><\/a> and restructured under its existing brands. <\/span><span title=\"En Ontario, Sobeys a converti les IGA en Foodland.\">In Ontario, <strong><a href=\"https:\/\/depquebec.com\/en\/chain-profiles\/sobeys-quebec\/\">Sobeys<\/a>\u00a0<\/strong>converted the <strong><a href=\"https:\/\/www.iga.net\/fr\" target=\"_blank\" rel=\"noopener\">IGA<\/a>\u00a0<\/strong>stores to another banner, <strong>Foodland<\/strong>. <\/span><span title=\"Cependant, de nombreux magasins IGA sont encore en activit\u00e9 au Manitoba, en Saskatchewan et en Alberta. \">However, many <strong><a href=\"https:\/\/www.iga.net\/fr\" target=\"_blank\" rel=\"noopener\">IGA<\/a>\u00a0<\/strong>stores are still active in Manitoba, Saskatchewan and Alberta.<\/span><\/p>\n<p><span title=\"Au d\u00e9but du nouveau mill\u00e9naire, la banni\u00e8re IGA Extra voit le jour.\">At the beginning of the new millennium, the <a href=\"https:\/\/www.iga.net\/fr\" target=\"_blank\" rel=\"noopener\"><strong>IGA Extra<\/strong><\/a>\u00a0banner was born. <\/span><span title=\"Celle-ci offre \u00e0 ses clients un environnement boutique, une vari\u00e9t\u00e9 de produits et un service \u00e0 la client\u00e8le hors pair dans des supermarch\u00e9s de plus grande superficie que les magasins IGA.\">It offers a boutique environment comprising of a variety of products and superior customer service in larger floor areas\u00a0than <strong><a href=\"https:\/\/www.iga.net\/fr\" target=\"_blank\" rel=\"noopener\">IGA<\/a>\u00a0<\/strong>stores. <\/span><span title=\"L\u2019apparition de la banni\u00e8re IGA Extra au Qu\u00e9bec permet \u00e0 Sobeys de hausser la barre de l\u2019exp\u00e9rience client dans un supermarch\u00e9. \">The appearance of the\u00a0<a href=\"https:\/\/www.iga.net\/fr\" target=\"_blank\" rel=\"noopener\"><strong>IGA Extra<\/strong><\/a>\u00a0banner in Quebec allowed <strong><a href=\"https:\/\/depquebec.com\/en\/chain-profiles\/sobeys-quebec\/\">Sobeys<\/a>\u00a0<\/strong>to raise the bar of its supermarket shopping experience.<\/span><\/p>\n<p><span title=\"L'environnement de magasinage IGA est particuli\u00e8rement soign\u00e9 et la banni\u00e8re mise beaucoup sur l'\u00e9ducation du consommateur au bien manger (avec pour th\u00e8me : Le plaisir de mieux manger), d'o\u00f9 l'embauche au Qu\u00e9bec de trois personnalit\u00e9s bien connues dans le\">The <strong><a href=\"https:\/\/www.iga.net\/fr\" target=\"_blank\" rel=\"noopener\">IGA<\/a>\u00a0<\/strong>shopping environment is particularly well-cared for and the banner places great emphasis on educating its customers\u00a0to eat well (with the following slogan: <strong>The joy\u00a0of eating better<\/strong>), hence the hiring in Quebec of three well-known foodie personalities<\/span><span title=\"monde de la gastronomie et des recettes culinaires. \">.<\/span><\/p>\n<p><span title=\"Avec plus de 250 supermarch\u00e9s IGA et IGA Extra, la banni\u00e8re est le leader incontest\u00e9 au Qu\u00e9bec sur le plan du nombre de surfaces de supermarch\u00e9s.\">With more than 250 <strong><a href=\"https:\/\/www.iga.net\/fr\" target=\"_blank\" rel=\"noopener\">IGA<\/a>\u00a0<\/strong>and <a href=\"https:\/\/www.iga.net\/fr\" target=\"_blank\" rel=\"noopener\"><strong>IGA Extra<\/strong><\/a>\u00a0supermarkets, the banner is the undisputed leader in Quebec in terms of supermarket market share.<\/span><\/p>\n<h4><\/h4>\n<h4>Type of Franchise<\/h4>\n<p><span id=\"result_box\" class=\"\" lang=\"en\" tabindex=\"-1\"><span class=\"\">Like <a href=\"https:\/\/depquebec.com\/en\/chain-profiles\/metro\/\"><strong>Metro<\/strong><\/a> and <a href=\"http:\/\/x8hr5lp475.cstorecan.com\/en\/banner-profiles\/metro-and-metro-plus\/\"><strong>Metro<\/strong> <strong>Plus<\/strong><\/a>, <a href=\"https:\/\/www.iga.net\/fr\"><strong>IGA<\/strong><\/a> supermarkets are managed by independent retailers, a model that favors the consumer according to the company.<\/span> <strong><a href=\"https:\/\/depquebec.com\/en\/chain-profiles\/sobeys-quebec\/\">Sobeys<\/a><\/strong><span class=\"\">, on its website, explains that &#8220;the independent retailer owns its store, has a supply contract with a distributor and responsibilities are divided between the two partners. The distributor is often responsible for negotiating with suppliers and<\/span>\u00a0for a<span class=\"\">dvertising, among other things, while the retailer is responsible for the day-to-day management of the store, such as purchasing and personnel management, to name just two.<\/span>\u00a0He can then better adapt its food offers to local tastes and needs\u00a0<span class=\"\">while enjoying the support of a large\u00a0player. &#8220;<\/span><\/span><\/p>\n<p>&nbsp;<\/p>\n<h4>Banner Profile<\/h4>\n\n<table id=\"tablepress-206\" class=\"tablepress tablepress-id-206\">\n<thead>\n<tr class=\"row-1\">\n\t<th class=\"column-1\">Names:<\/th><th class=\"column-2\">IGA and IGA Extra<\/th>\n<\/tr>\n<\/thead>\n<tbody class=\"row-striping row-hover\">\n<tr class=\"row-2\">\n\t<td class=\"column-1\"><a href=\"https:\/\/depquebec.com\/en\/ranking\/banner-ranking\/\">Ranking (banners):<\/a><\/td><td class=\"column-2\">IGA: 7th of 63 <br \/>\nIGA Extra: 10th of 63<\/td>\n<\/tr>\n<tr class=\"row-3\">\n\t<td class=\"column-1\">Number of stores:<\/td><td class=\"column-2\">156 IGA<br \/>\n106 IGA Extra<\/td>\n<\/tr>\n<tr class=\"row-4\">\n\t<td class=\"column-1\">Franchisor:<\/td><td class=\"column-2\"><a href=\"https:\/\/depquebec.com\/en\/chain-profiles\/sobeys-quebec\/\">Sobeys Qu\u00e9bec<\/a><\/td>\n<\/tr>\n<tr class=\"row-5\">\n\t<td class=\"column-1\">Description:<\/td><td class=\"column-2\">Supermarket banners<\/td>\n<\/tr>\n<tr class=\"row-6\">\n\t<td class=\"column-1\">Business Model:<\/td><td class=\"column-2\"><a href=\"https:\/\/depquebec.com\/en\/a-propos-de-depquebec\/terminology\/\">Type A) Company-operated store \/ employee-operated<\/a> (5% of the stores)<br \/>\n<a href=\"https:\/\/depquebec.com\/en\/a-propos-de-depquebec\/terminology\/\">Type C) Store franchisee<\/a> (95% of the stores)<\/td>\n<\/tr>\n<tr class=\"row-7\">\n\t<td class=\"column-1\">Head Office:<\/td><td class=\"column-2\">Montreal<\/td>\n<\/tr>\n<tr class=\"row-8\">\n\t<td class=\"column-1\">Website:<\/td><td class=\"column-2\"><a href=\"https:\/\/www.iga.net\/fr\" target=\"_blank\">IGA and IGA Extra<\/a><\/td>\n<\/tr>\n<tr class=\"row-9\">\n\t<td class=\"column-1\">Facebook:<\/td><td class=\"column-2\"><a href=\"https:\/\/www.facebook.com\/vivelabouffe\/\" target=\"_blank\">IGA Vive la Bouffe<\/a><\/td>\n<\/tr>\n<\/tbody>\n<\/table>\n<!-- #tablepress-206 from cache -->\n","protected":false},"excerpt":{"rendered":"<p>IGA\u00a0and\u00a0IGA Extra are the two major banners of Sobeys Qu\u00e9bec\u00a0in terms of supermarket power. Of American origin, IGA\u00a0is a well-known<\/p>\n","protected":false},"author":13,"featured_media":0,"parent":120317,"menu_order":13,"comment_status":"closed","ping_status":"closed","template":"","meta":{"footnotes":""},"class_list":["post-120343","page","type-page","status-publish","hentry"],"aioseo_notices":[],"jetpack_sharing_enabled":true,"_links":{"self":[{"href":"https:\/\/depquebec.com\/en\/wp-json\/wp\/v2\/pages\/120343","targetHints":{"allow":["GET"]}}],"collection":[{"href":"https:\/\/depquebec.com\/en\/wp-json\/wp\/v2\/pages"}],"about":[{"href":"https:\/\/depquebec.com\/en\/wp-json\/wp\/v2\/types\/page"}],"author":[{"embeddable":true,"href":"https:\/\/depquebec.com\/en\/wp-json\/wp\/v2\/users\/13"}],"replies":[{"embeddable":true,"href":"https:\/\/depquebec.com\/en\/wp-json\/wp\/v2\/comments?post=120343"}],"version-history":[{"count":0,"href":"https:\/\/depquebec.com\/en\/wp-json\/wp\/v2\/pages\/120343\/revisions"}],"up":[{"embeddable":true,"href":"https:\/\/depquebec.com\/en\/wp-json\/wp\/v2\/pages\/120317"}],"wp:attachment":[{"href":"https:\/\/depquebec.com\/en\/wp-json\/wp\/v2\/media?parent=120343"}],"curies":[{"name":"wp","href":"https:\/\/api.w.org\/{rel}","templated":true}]}}